{"id":112737,"date":"2025-12-15T11:30:50","date_gmt":"2025-12-15T16:30:50","guid":{"rendered":"https:\/\/www.skillscompetencescanada.com\/?page_id=112737"},"modified":"2025-12-23T12:43:47","modified_gmt":"2025-12-23T17:43:47","slug":"faire-un-don","status":"publish","type":"page","link":"https:\/\/www.skillscompetencescanada.com\/fr\/faire-un-don\/","title":{"rendered":"Faire un don"},"content":{"rendered":"<div id=\"pl-112737\"  class=\"panel-layout\" ><div id=\"pg-112737-0\"  class=\"panel-grid panel-no-style\" ><div id=\"pgc-112737-0-0\"  class=\"panel-grid-cell\" ><div id=\"panel-112737-0-0-0\" class=\"so-panel widget widget_sow-tabs panel-first-child panel-last-child\" data-index=\"0\" ><div\n\t\t\t\n\t\t\tclass=\"so-widget-sow-tabs so-widget-sow-tabs-default-2a322c0cca2d-112737\"\n\t\t\t\n\t\t><div class=\"sow-tabs sow-tabs-custom\">\n\t<div class=\"sow-tabs-tab-container\" role=\"tablist\">\n\t\t\t<div class=\"sow-tabs-tab sow-tabs-tab-selected\"\n\t\t\t role=\"tab\" data-anchor=\"faire-un-don\"\n\t\t\t aria-selected=\"true\" tabindex=\"0\">\n\t\t\t<div class=\"sow-tabs-title sow-tabs-title-icon-left\">\n\t\t\t\t\t\t\t\tFaire un don\t\t\t\t\t\t\t<\/div>\n\t\t<\/div>\n\t\t<\/div>\n\t\n\t<div class=\"sow-tabs-tab-container-mobile\" role=\"tablist\">\n\t\t<select name=\"tab-select\" id=\"tab-select\">\n\t\t\t\t\t\t<option value=\"faire-un-don\" selected>\n\t\t\t\tFaire un don<\/option>\n\t\t\t\t\t<\/select>\n\t<\/div>\n\t\n\t<div class=\"sow-tabs-panel-container\">\n\t\t\t<div class=\"sow-tabs-panel\">\n\t\t\t<div class=\"sow-tabs-panel-content\" role=\"tabpanel\" tabindex=\"0\">\n\t\t\t\t<h3>Faites un don \u00e0 Skills\/Comp\u00e9tences Canada.<\/h3>\nVous pouvez aider la prochaine g\u00e9n\u00e9ration de travailleurs et travailleuses du pays \u00e0 d\u00e9couvrir des carri\u00e8res sp\u00e9cialis\u00e9es qui assureront leur avenir!\n\nChaque ann\u00e9e, Skills\/Comp\u00e9tences Canada et ses organismes membres de chaque province et territoire encouragent des milliers d\u2019\u00e9l\u00e8ves \u00e0 explorer les carri\u00e8res des m\u00e9tiers sp\u00e9cialis\u00e9s et des technologies.\n\nVotre soutien produit des retomb\u00e9es consid\u00e9rables parmi les jeunes de l\u2019ensemble du pays\u202f:\n&nbsp; \n<ul>\n \t<li>Des programmes qui permettent aux \u00e9l\u00e8ves d'explorer de mani\u00e8re constructive les carri\u00e8res des m\u00e9tiers sp\u00e9cialis\u00e9s et des technologies dans le cadre d\u2019un apprentissage pratique et exp\u00e9rientiel;<\/li>\n \t<li>Des comp\u00e9titions qui r\u00e9compensent l'excellence de l\u2019\u00e9lite des travailleurs et travailleuses des secteurs des m\u00e9tiers sp\u00e9cialis\u00e9s et des technologies, \u00e0 l'instar de celles en usage dans le domaine du sport de haut niveau et des \u00e9tudes sup\u00e9rieures;<\/li>\n \t<li>Des initiatives qui sensibilisent les jeunes aux carri\u00e8res bien r\u00e9mun\u00e9r\u00e9es et tr\u00e8s demand\u00e9es des m\u00e9tiers sp\u00e9cialis\u00e9s et des technologies, qui offrent \u00e9galement d\u2019innombrables possibilit\u00e9s.<\/li>\n \t<li>Des efforts visant \u00e0 d\u00e9truire les pr\u00e9jug\u00e9s touchant les m\u00e9tiers sp\u00e9cialis\u00e9s et \u00e0 \u00e9lever ces derniers au statut qu'ils m\u00e9ritent, \u00e0 savoir celui de possibilit\u00e9s d\u2019emploi de premier choix.<\/li>\n<\/ul>\n<p style=\"text-align: center\"><a class=\"btn\" href=\"https:\/\/donate.stripe.com\/9B68wP47O4SK5CTdZY0oM0b\">FAITES UN DON D\u00c8S AUJOURD'HUI <\/a><\/p>\t\t\t<\/div>\n\t\t<\/div>\n\t\t<\/div>\n<\/div><\/div><\/div><\/div><\/div><\/div>","protected":false},"excerpt":{"rendered":"<p>Faire un don Faire un don Faites un don \u00e0 Skills\/Comp\u00e9tences Canada. Vous pouvez aider la prochaine g\u00e9n\u00e9ration de travailleurs et travailleuses du pays \u00e0 d\u00e9couvrir des carri\u00e8res sp\u00e9cialis\u00e9es qui<\/p>\n","protected":false},"author":3,"featured_media":112742,"parent":0,"menu_order":0,"comment_status":"closed","ping_status":"closed","template":"","meta":{"_acf_changed":false,"site-sidebar-layout":"default","site-content-layout":"","ast-site-content-layout":"default","site-content-style":"default","site-sidebar-style":"default","ast-global-header-display":"","ast-banner-title-visibility":"","ast-main-header-display":"","ast-hfb-above-header-display":"","ast-hfb-below-header-display":"","ast-hfb-mobile-header-display":"","site-post-title":"","ast-breadcrumbs-content":"","ast-featured-img":"","footer-sml-layout":"","ast-disable-related-posts":"","theme-transparent-header-meta":"default","adv-header-id-meta":"","stick-header-meta":"default","header-above-stick-meta":"","header-main-stick-meta":"","header-below-stick-meta":"","astra-migrate-meta-layouts":"set","ast-page-background-enabled":"default","ast-page-background-meta":{"desktop":{"background-color":"","background-image":"","background-repeat":"repeat","background-position":"center center","background-size":"auto","background-attachment":"scroll","background-type":"","background-media":"","overlay-type":"","overlay-color":"","overlay-opacity":"","overlay-gradient":""},"tablet":{"background-color":"","background-image":"","background-repeat":"repeat","background-position":"center center","background-size":"auto","background-attachment":"scroll","background-type":"","background-media":"","overlay-type":"","overlay-color":"","overlay-opacity":"","overlay-gradient":""},"mobile":{"background-color":"","background-image":"","background-repeat":"repeat","background-position":"center center","background-size":"auto","background-attachment":"scroll","background-type":"","background-media":"","overlay-type":"","overlay-color":"","overlay-opacity":"","overlay-gradient":""}},"ast-content-background-meta":{"desktop":{"background-color":"var(--ast-global-color-5)","background-image":"","background-repeat":"repeat","background-position":"center center","background-size":"auto","background-attachment":"scroll","background-type":"","background-media":"","overlay-type":"","overlay-color":"","overlay-opacity":"","overlay-gradient":""},"tablet":{"background-color":"var(--ast-global-color-5)","background-image":"","background-repeat":"repeat","background-position":"center center","background-size":"auto","background-attachment":"scroll","background-type":"","background-media":"","overlay-type":"","overlay-color":"","overlay-opacity":"","overlay-gradient":""},"mobile":{"background-color":"var(--ast-global-color-5)","background-image":"","background-repeat":"repeat","background-position":"center center","background-size":"auto","background-attachment":"scroll","background-type":"","background-media":"","overlay-type":"","overlay-color":"","overlay-opacity":"","overlay-gradient":""}},"footnotes":""},"class_list":["post-112737","page","type-page","status-publish","has-post-thumbnail","hentry"],"acf":[],"yoast_head":"<!-- This site is optimized with the Yoast SEO plugin v27.1.1 - https:\/\/yoast.com\/product\/yoast-seo-wordpress\/ -->\n<title>Faire un don - Skills Competences Canada<\/title>\n<meta name=\"robots\" content=\"index, follow, max-snippet:-1, max-image-preview:large, max-video-preview:-1\" \/>\n<link rel=\"canonical\" href=\"https:\/\/www.skillscompetencescanada.com\/fr\/faire-un-don\/\" \/>\n<script type=\"application\/ld+json\" class=\"yoast-schema-graph\">{\"@context\":\"https:\/\/schema.org\",\"@graph\":[{\"@type\":\"WebPage\",\"@id\":\"https:\/\/www.skillscompetencescanada.com\/fr\/faire-un-don\/\",\"url\":\"https:\/\/www.skillscompetencescanada.com\/fr\/faire-un-don\/\",\"name\":\"Faire un don - Skills Competences Canada\",\"isPartOf\":{\"@id\":\"https:\/\/www.skillscompetencescanada.com\/fr\/#website\"},\"primaryImageOfPage\":{\"@id\":\"https:\/\/www.skillscompetencescanada.com\/fr\/faire-un-don\/#primaryimage\"},\"image\":{\"@id\":\"https:\/\/www.skillscompetencescanada.com\/fr\/faire-un-don\/#primaryimage\"},\"thumbnailUrl\":\"https:\/\/www.skillscompetencescanada.com\/wp-content\/uploads\/2025\/12\/Screenshot-2025-12-15-at-11.34.14-AM.png\",\"datePublished\":\"2025-12-15T16:30:50+00:00\",\"dateModified\":\"2025-12-23T17:43:47+00:00\",\"breadcrumb\":{\"@id\":\"https:\/\/www.skillscompetencescanada.com\/fr\/faire-un-don\/#breadcrumb\"},\"inLanguage\":\"fr-FR\",\"potentialAction\":[{\"@type\":\"ReadAction\",\"target\":[\"https:\/\/www.skillscompetencescanada.com\/fr\/faire-un-don\/\"]}]},{\"@type\":\"ImageObject\",\"inLanguage\":\"fr-FR\",\"@id\":\"https:\/\/www.skillscompetencescanada.com\/fr\/faire-un-don\/#primaryimage\",\"url\":\"https:\/\/www.skillscompetencescanada.com\/wp-content\/uploads\/2025\/12\/Screenshot-2025-12-15-at-11.34.14-AM.png\",\"contentUrl\":\"https:\/\/www.skillscompetencescanada.com\/wp-content\/uploads\/2025\/12\/Screenshot-2025-12-15-at-11.34.14-AM.png\",\"width\":1990,\"height\":1058},{\"@type\":\"BreadcrumbList\",\"@id\":\"https:\/\/www.skillscompetencescanada.com\/fr\/faire-un-don\/#breadcrumb\",\"itemListElement\":[{\"@type\":\"ListItem\",\"position\":1,\"name\":\"Home\",\"item\":\"https:\/\/www.skillscompetencescanada.com\/fr\/\"},{\"@type\":\"ListItem\",\"position\":2,\"name\":\"Faire un don\"}]},{\"@type\":\"WebSite\",\"@id\":\"https:\/\/www.skillscompetencescanada.com\/fr\/#website\",\"url\":\"https:\/\/www.skillscompetencescanada.com\/fr\/\",\"name\":\"Skills Competences Canada\",\"description\":\"\",\"publisher\":{\"@id\":\"https:\/\/www.skillscompetencescanada.com\/fr\/#organization\"},\"potentialAction\":[{\"@type\":\"SearchAction\",\"target\":{\"@type\":\"EntryPoint\",\"urlTemplate\":\"https:\/\/www.skillscompetencescanada.com\/fr\/?s={search_term_string}\"},\"query-input\":{\"@type\":\"PropertyValueSpecification\",\"valueRequired\":true,\"valueName\":\"search_term_string\"}}],\"inLanguage\":\"fr-FR\"},{\"@type\":\"Organization\",\"@id\":\"https:\/\/www.skillscompetencescanada.com\/fr\/#organization\",\"name\":\"skills competences canada\",\"url\":\"https:\/\/www.skillscompetencescanada.com\/fr\/\",\"logo\":{\"@type\":\"ImageObject\",\"inLanguage\":\"fr-FR\",\"@id\":\"https:\/\/www.skillscompetencescanada.com\/fr\/#\/schema\/logo\/image\/\",\"url\":\"http:\/\/skillscompetencescanada.com\/wp-content\/uploads\/2016\/09\/avatar-admin-96x96-1.jpg\",\"contentUrl\":\"http:\/\/skillscompetencescanada.com\/wp-content\/uploads\/2016\/09\/avatar-admin-96x96-1.jpg\",\"width\":96,\"height\":96,\"caption\":\"skills competences canada\"},\"image\":{\"@id\":\"https:\/\/www.skillscompetencescanada.com\/fr\/#\/schema\/logo\/image\/\"}}]}<\/script>\n<!-- \/ Yoast SEO plugin. -->","yoast_head_json":{"title":"Faire un don - Skills Competences Canada","robots":{"index":"index","follow":"follow","max-snippet":"max-snippet:-1","max-image-preview":"max-image-preview:large","max-video-preview":"max-video-preview:-1"},"canonical":"https:\/\/www.skillscompetencescanada.com\/fr\/faire-un-don\/","schema":{"@context":"https:\/\/schema.org","@graph":[{"@type":"WebPage","@id":"https:\/\/www.skillscompetencescanada.com\/fr\/faire-un-don\/","url":"https:\/\/www.skillscompetencescanada.com\/fr\/faire-un-don\/","name":"Faire un don - Skills Competences Canada","isPartOf":{"@id":"https:\/\/www.skillscompetencescanada.com\/fr\/#website"},"primaryImageOfPage":{"@id":"https:\/\/www.skillscompetencescanada.com\/fr\/faire-un-don\/#primaryimage"},"image":{"@id":"https:\/\/www.skillscompetencescanada.com\/fr\/faire-un-don\/#primaryimage"},"thumbnailUrl":"https:\/\/www.skillscompetencescanada.com\/wp-content\/uploads\/2025\/12\/Screenshot-2025-12-15-at-11.34.14-AM.png","datePublished":"2025-12-15T16:30:50+00:00","dateModified":"2025-12-23T17:43:47+00:00","breadcrumb":{"@id":"https:\/\/www.skillscompetencescanada.com\/fr\/faire-un-don\/#breadcrumb"},"inLanguage":"fr-FR","potentialAction":[{"@type":"ReadAction","target":["https:\/\/www.skillscompetencescanada.com\/fr\/faire-un-don\/"]}]},{"@type":"ImageObject","inLanguage":"fr-FR","@id":"https:\/\/www.skillscompetencescanada.com\/fr\/faire-un-don\/#primaryimage","url":"https:\/\/www.skillscompetencescanada.com\/wp-content\/uploads\/2025\/12\/Screenshot-2025-12-15-at-11.34.14-AM.png","contentUrl":"https:\/\/www.skillscompetencescanada.com\/wp-content\/uploads\/2025\/12\/Screenshot-2025-12-15-at-11.34.14-AM.png","width":1990,"height":1058},{"@type":"BreadcrumbList","@id":"https:\/\/www.skillscompetencescanada.com\/fr\/faire-un-don\/#breadcrumb","itemListElement":[{"@type":"ListItem","position":1,"name":"Home","item":"https:\/\/www.skillscompetencescanada.com\/fr\/"},{"@type":"ListItem","position":2,"name":"Faire un don"}]},{"@type":"WebSite","@id":"https:\/\/www.skillscompetencescanada.com\/fr\/#website","url":"https:\/\/www.skillscompetencescanada.com\/fr\/","name":"Skills Competences Canada","description":"","publisher":{"@id":"https:\/\/www.skillscompetencescanada.com\/fr\/#organization"},"potentialAction":[{"@type":"SearchAction","target":{"@type":"EntryPoint","urlTemplate":"https:\/\/www.skillscompetencescanada.com\/fr\/?s={search_term_string}"},"query-input":{"@type":"PropertyValueSpecification","valueRequired":true,"valueName":"search_term_string"}}],"inLanguage":"fr-FR"},{"@type":"Organization","@id":"https:\/\/www.skillscompetencescanada.com\/fr\/#organization","name":"skills competences canada","url":"https:\/\/www.skillscompetencescanada.com\/fr\/","logo":{"@type":"ImageObject","inLanguage":"fr-FR","@id":"https:\/\/www.skillscompetencescanada.com\/fr\/#\/schema\/logo\/image\/","url":"http:\/\/skillscompetencescanada.com\/wp-content\/uploads\/2016\/09\/avatar-admin-96x96-1.jpg","contentUrl":"http:\/\/skillscompetencescanada.com\/wp-content\/uploads\/2016\/09\/avatar-admin-96x96-1.jpg","width":96,"height":96,"caption":"skills competences canada"},"image":{"@id":"https:\/\/www.skillscompetencescanada.com\/fr\/#\/schema\/logo\/image\/"}}]}},"_links":{"self":[{"href":"https:\/\/www.skillscompetencescanada.com\/fr\/wp-json\/wp\/v2\/pages\/112737","targetHints":{"allow":["GET"]}}],"collection":[{"href":"https:\/\/www.skillscompetencescanada.com\/fr\/wp-json\/wp\/v2\/pages"}],"about":[{"href":"https:\/\/www.skillscompetencescanada.com\/fr\/wp-json\/wp\/v2\/types\/page"}],"author":[{"embeddable":true,"href":"https:\/\/www.skillscompetencescanada.com\/fr\/wp-json\/wp\/v2\/users\/3"}],"replies":[{"embeddable":true,"href":"https:\/\/www.skillscompetencescanada.com\/fr\/wp-json\/wp\/v2\/comments?post=112737"}],"version-history":[{"count":7,"href":"https:\/\/www.skillscompetencescanada.com\/fr\/wp-json\/wp\/v2\/pages\/112737\/revisions"}],"predecessor-version":[{"id":112815,"href":"https:\/\/www.skillscompetencescanada.com\/fr\/wp-json\/wp\/v2\/pages\/112737\/revisions\/112815"}],"wp:featuredmedia":[{"embeddable":true,"href":"https:\/\/www.skillscompetencescanada.com\/fr\/wp-json\/wp\/v2\/media\/112742"}],"wp:attachment":[{"href":"https:\/\/www.skillscompetencescanada.com\/fr\/wp-json\/wp\/v2\/media?parent=112737"}],"curies":[{"name":"wp","href":"https:\/\/api.w.org\/{rel}","templated":true}]}}