{"id":2548,"date":"2016-10-31T14:11:49","date_gmt":"2016-10-31T18:11:49","guid":{"rendered":"http:\/\/skillsdev.ifpt.org\/?page_id=2548"},"modified":"2016-10-31T14:17:20","modified_gmt":"2016-10-31T18:17:20","slug":"stations-interactives-essaie-un-metier","status":"publish","type":"page","link":"https:\/\/www.skillscompetencescanada.com\/fr\/stations-interactives-essaie-un-metier\/","title":{"rendered":"Stations interactives &#8211; Essaie un m\u00e9tier!"},"content":{"rendered":"<p>Rien de tel pour apprendre qu\u2019une exp\u00e9rience pratique ! Voici l\u2019occasion de permettre aux jeunes de mieux comprendre les m\u00e9tiers et les technologies en tenant une activit\u00e9 interactive <i>Essaie un m\u00e9tier ou une technologie<\/i> aux Olympiades canadiennes des m\u00e9tiers et des technologies. Il s\u2019agit d\u2019une excellente fa\u00e7on pour les organisations de mettre en vue leurs produits, services et initiatives et de rencontrer d\u2019autres chefs de file de l\u2019industrie, des \u00e9tudiants, des enseignants et le grand public.<\/p>\n<p>En outre, les domaines de comp\u00e9tition suivants proposaient aussi des <a href=\"\/wp-content\/uploads\/v1\/2013\/05\/TAT-Descriptions.pdf\" target=\"_blank\">activit\u00e9s interactives de m\u00e9tiers et de technologies<\/a> :<\/p>\n<p>M\u00e9catronique | Dessin industriel \u2013 CDAO | Usinage CNC | TI \u2013 Applications de logiciels bureautiques | Soudage | Techniques d\u2019impression | T\u00f4lerie \u2013 Carrosserie | Plomberie | Installation \u00e9lectrique | Contr\u00f4le et automatisation | Briquetage \u2013 Ma\u00e7onnerie | \u00c9b\u00e9nisterie | Charpenterie | Coiffure | Esth\u00e9tique | Mode et cr\u00e9ation | P\u00e2tisserie | M\u00e9canique automobile | Cuisine | Jardinier-paysagiste | R\u00e9frig\u00e9ration et climatisation | TI \u2013 Soutien de r\u00e9seaux | Infographie | M\u00e9canicien-monteur industriel| Technologie de l\u2019architecture et conception | M\u00e9canique de v\u00e9hicules de loisir et d\u2019entretien| Production t\u00e9l\u00e9visuelle et vid\u00e9o | Entrevue d\u2019emploi | Animation informatis\u00e9e 3D | Animation informatis\u00e9e 2D| Entretien d\u2019a\u00e9ronefs| S\u00e9curit\u00e9 sur le lieu de travail| Robotique | M\u00e9canique de machinerie lourde| Peinture automobile | Abilympiques \u2013 Photographie en plein air<\/p>\n<p><a title=\"Essaie un m\u00e9tier ou une technologie\" href=\"\/wp-content\/uploads\/v1\/2011\/12\/Essaie-un-m%C3%A9tier-ou-une-technologie.pdf\" target=\"_blank\">Essaie un m\u00e9tier ou une technologie<\/a><\/p>\n<p><b>D\u00e9fi des comp\u00e9tences essentielles<br \/>\n<\/b>Les Olympiades canadiennes des m\u00e9tiers et des technologies 2014 mettront en relief l\u2019importance des diverses comp\u00e9tences essentielles dans les m\u00e9tiers sp\u00e9cialis\u00e9s. Les comp\u00e9tences essentielles sont celles dont les gens ont besoin pour travailler, apprendre, vivre et pour retenir les concepts enseign\u00e9s dans le cadre d\u2019une formation technique. En outre, elles sont n\u00e9cessaires \u00e0 l\u2019apprentissage des autres comp\u00e9tences. On compte neuf comp\u00e9tences essentielles cl\u00e9s en milieu de travail\u00a0: <i>le calcul, la communication orale, le travail en \u00e9quipe, la formation continue, la lecture, la r\u00e9daction, la capacit\u00e9 de raisonnement, l\u2019utilisation de documents et l\u2019informatique.<\/i> Ces comp\u00e9tences sont utilis\u00e9es, \u00e0 divers niveaux de complexit\u00e9, dans pratiquement tous les emplois. Elles permettent aux gens d\u2019\u00e9voluer avec leur emploi et de s\u2019adapter aux changements en milieu de travail. Une aire sera consacr\u00e9e \u00e0 un excitant D\u00e9fi des comp\u00e9tences essentielles \u00e0 cette comp\u00e9tition de deux jours. Les \u00e9l\u00e8ves et les autres spectateurs pourront prendre part \u00e0 des \u00e9preuves bien pratiques qui les sensibiliseront aux neuf comp\u00e9tences essentielles.<\/p>\n","protected":false},"excerpt":{"rendered":"<p>Rien de tel pour apprendre qu\u2019une exp\u00e9rience pratique ! Voici l\u2019occasion de permettre aux jeunes de mieux comprendre les m\u00e9tiers et les technologies en tenant une activit\u00e9 interactive Essaie un<\/p>\n","protected":false},"author":1,"featured_media":77775,"parent":0,"menu_order":0,"comment_status":"closed","ping_status":"closed","template":"","meta":{"_acf_changed":false,"site-sidebar-layout":"default","site-content-layout":"","ast-site-content-layout":"default","site-content-style":"default","site-sidebar-style":"default","ast-global-header-display":"","ast-banner-title-visibility":"","ast-main-header-display":"","ast-hfb-above-header-display":"","ast-hfb-below-header-display":"","ast-hfb-mobile-header-display":"","site-post-title":"","ast-breadcrumbs-content":"","ast-featured-img":"","footer-sml-layout":"","ast-disable-related-posts":"","theme-transparent-header-meta":"","adv-header-id-meta":"","stick-header-meta":"","header-above-stick-meta":"","header-main-stick-meta":"","header-below-stick-meta":"","astra-migrate-meta-layouts":"default","ast-page-background-enabled":"default","ast-page-background-meta":{"desktop":{"background-color":"","background-image":"","background-repeat":"repeat","background-position":"center center","background-size":"auto","background-attachment":"scroll","background-type":"","background-media":"","overlay-type":"","overlay-color":"","overlay-opacity":"","overlay-gradient":""},"tablet":{"background-color":"","background-image":"","background-repeat":"repeat","background-position":"center center","background-size":"auto","background-attachment":"scroll","background-type":"","background-media":"","overlay-type":"","overlay-color":"","overlay-opacity":"","overlay-gradient":""},"mobile":{"background-color":"","background-image":"","background-repeat":"repeat","background-position":"center center","background-size":"auto","background-attachment":"scroll","background-type":"","background-media":"","overlay-type":"","overlay-color":"","overlay-opacity":"","overlay-gradient":""}},"ast-content-background-meta":{"desktop":{"background-color":"var(--ast-global-color-5)","background-image":"","background-repeat":"repeat","background-position":"center center","background-size":"auto","background-attachment":"scroll","background-type":"","background-media":"","overlay-type":"","overlay-color":"","overlay-opacity":"","overlay-gradient":""},"tablet":{"background-color":"var(--ast-global-color-5)","background-image":"","background-repeat":"repeat","background-position":"center center","background-size":"auto","background-attachment":"scroll","background-type":"","background-media":"","overlay-type":"","overlay-color":"","overlay-opacity":"","overlay-gradient":""},"mobile":{"background-color":"var(--ast-global-color-5)","background-image":"","background-repeat":"repeat","background-position":"center center","background-size":"auto","background-attachment":"scroll","background-type":"","background-media":"","overlay-type":"","overlay-color":"","overlay-opacity":"","overlay-gradient":""}},"footnotes":""},"class_list":["post-2548","page","type-page","status-publish","has-post-thumbnail","hentry"],"acf":[],"yoast_head":"<!-- This site is optimized with the Yoast SEO plugin v27.4 - https:\/\/yoast.com\/product\/yoast-seo-wordpress\/ -->\n<title>Stations interactives - Essaie un m\u00e9tier! - Skills Competences Canada<\/title>\n<meta name=\"robots\" content=\"index, follow, max-snippet:-1, max-image-preview:large, max-video-preview:-1\" \/>\n<link rel=\"canonical\" href=\"https:\/\/www.skillscompetencescanada.com\/fr\/stations-interactives-essaie-un-metier\/\" \/>\n<meta name=\"twitter:label1\" content=\"Dur\u00e9e de lecture estim\u00e9e\" \/>\n\t<meta name=\"twitter:data1\" content=\"2 minutes\" \/>\n<script type=\"application\/ld+json\" class=\"yoast-schema-graph\">{\"@context\":\"https:\\\/\\\/schema.org\",\"@graph\":[{\"@type\":\"WebPage\",\"@id\":\"https:\\\/\\\/www.skillscompetencescanada.com\\\/fr\\\/stations-interactives-essaie-un-metier\\\/\",\"url\":\"https:\\\/\\\/www.skillscompetencescanada.com\\\/fr\\\/stations-interactives-essaie-un-metier\\\/\",\"name\":\"Stations interactives - Essaie un m\u00e9tier! - Skills Competences Canada\",\"isPartOf\":{\"@id\":\"https:\\\/\\\/www.skillscompetencescanada.com\\\/fr\\\/#website\"},\"primaryImageOfPage\":{\"@id\":\"https:\\\/\\\/www.skillscompetencescanada.com\\\/fr\\\/stations-interactives-essaie-un-metier\\\/#primaryimage\"},\"image\":{\"@id\":\"https:\\\/\\\/www.skillscompetencescanada.com\\\/fr\\\/stations-interactives-essaie-un-metier\\\/#primaryimage\"},\"thumbnailUrl\":\"https:\\\/\\\/www.skillscompetencescanada.com\\\/wp-content\\\/uploads\\\/2021\\\/03\\\/default_grey.png\",\"datePublished\":\"2016-10-31T18:11:49+00:00\",\"dateModified\":\"2016-10-31T18:17:20+00:00\",\"breadcrumb\":{\"@id\":\"https:\\\/\\\/www.skillscompetencescanada.com\\\/fr\\\/stations-interactives-essaie-un-metier\\\/#breadcrumb\"},\"inLanguage\":\"fr-FR\",\"potentialAction\":[{\"@type\":\"ReadAction\",\"target\":[\"https:\\\/\\\/www.skillscompetencescanada.com\\\/fr\\\/stations-interactives-essaie-un-metier\\\/\"]}]},{\"@type\":\"ImageObject\",\"inLanguage\":\"fr-FR\",\"@id\":\"https:\\\/\\\/www.skillscompetencescanada.com\\\/fr\\\/stations-interactives-essaie-un-metier\\\/#primaryimage\",\"url\":\"https:\\\/\\\/www.skillscompetencescanada.com\\\/wp-content\\\/uploads\\\/2021\\\/03\\\/default_grey.png\",\"contentUrl\":\"https:\\\/\\\/www.skillscompetencescanada.com\\\/wp-content\\\/uploads\\\/2021\\\/03\\\/default_grey.png\",\"width\":1087,\"height\":540},{\"@type\":\"BreadcrumbList\",\"@id\":\"https:\\\/\\\/www.skillscompetencescanada.com\\\/fr\\\/stations-interactives-essaie-un-metier\\\/#breadcrumb\",\"itemListElement\":[{\"@type\":\"ListItem\",\"position\":1,\"name\":\"Home\",\"item\":\"https:\\\/\\\/www.skillscompetencescanada.com\\\/fr\\\/\"},{\"@type\":\"ListItem\",\"position\":2,\"name\":\"Stations interactives &#8211; Essaie un m\u00e9tier!\"}]},{\"@type\":\"WebSite\",\"@id\":\"https:\\\/\\\/www.skillscompetencescanada.com\\\/fr\\\/#website\",\"url\":\"https:\\\/\\\/www.skillscompetencescanada.com\\\/fr\\\/\",\"name\":\"Skills Competences Canada\",\"description\":\"\",\"publisher\":{\"@id\":\"https:\\\/\\\/www.skillscompetencescanada.com\\\/fr\\\/#organization\"},\"potentialAction\":[{\"@type\":\"SearchAction\",\"target\":{\"@type\":\"EntryPoint\",\"urlTemplate\":\"https:\\\/\\\/www.skillscompetencescanada.com\\\/fr\\\/?s={search_term_string}\"},\"query-input\":{\"@type\":\"PropertyValueSpecification\",\"valueRequired\":true,\"valueName\":\"search_term_string\"}}],\"inLanguage\":\"fr-FR\"},{\"@type\":\"Organization\",\"@id\":\"https:\\\/\\\/www.skillscompetencescanada.com\\\/fr\\\/#organization\",\"name\":\"skills competences canada\",\"url\":\"https:\\\/\\\/www.skillscompetencescanada.com\\\/fr\\\/\",\"logo\":{\"@type\":\"ImageObject\",\"inLanguage\":\"fr-FR\",\"@id\":\"https:\\\/\\\/www.skillscompetencescanada.com\\\/fr\\\/#\\\/schema\\\/logo\\\/image\\\/\",\"url\":\"http:\\\/\\\/skillscompetencescanada.com\\\/wp-content\\\/uploads\\\/2016\\\/09\\\/avatar-admin-96x96-1.jpg\",\"contentUrl\":\"http:\\\/\\\/skillscompetencescanada.com\\\/wp-content\\\/uploads\\\/2016\\\/09\\\/avatar-admin-96x96-1.jpg\",\"width\":96,\"height\":96,\"caption\":\"skills competences canada\"},\"image\":{\"@id\":\"https:\\\/\\\/www.skillscompetencescanada.com\\\/fr\\\/#\\\/schema\\\/logo\\\/image\\\/\"}}]}<\/script>\n<!-- \/ Yoast SEO plugin. -->","yoast_head_json":{"title":"Stations interactives - Essaie un m\u00e9tier! - Skills Competences Canada","robots":{"index":"index","follow":"follow","max-snippet":"max-snippet:-1","max-image-preview":"max-image-preview:large","max-video-preview":"max-video-preview:-1"},"canonical":"https:\/\/www.skillscompetencescanada.com\/fr\/stations-interactives-essaie-un-metier\/","twitter_misc":{"Dur\u00e9e de lecture estim\u00e9e":"2 minutes"},"schema":{"@context":"https:\/\/schema.org","@graph":[{"@type":"WebPage","@id":"https:\/\/www.skillscompetencescanada.com\/fr\/stations-interactives-essaie-un-metier\/","url":"https:\/\/www.skillscompetencescanada.com\/fr\/stations-interactives-essaie-un-metier\/","name":"Stations interactives - Essaie un m\u00e9tier! - Skills Competences Canada","isPartOf":{"@id":"https:\/\/www.skillscompetencescanada.com\/fr\/#website"},"primaryImageOfPage":{"@id":"https:\/\/www.skillscompetencescanada.com\/fr\/stations-interactives-essaie-un-metier\/#primaryimage"},"image":{"@id":"https:\/\/www.skillscompetencescanada.com\/fr\/stations-interactives-essaie-un-metier\/#primaryimage"},"thumbnailUrl":"https:\/\/www.skillscompetencescanada.com\/wp-content\/uploads\/2021\/03\/default_grey.png","datePublished":"2016-10-31T18:11:49+00:00","dateModified":"2016-10-31T18:17:20+00:00","breadcrumb":{"@id":"https:\/\/www.skillscompetencescanada.com\/fr\/stations-interactives-essaie-un-metier\/#breadcrumb"},"inLanguage":"fr-FR","potentialAction":[{"@type":"ReadAction","target":["https:\/\/www.skillscompetencescanada.com\/fr\/stations-interactives-essaie-un-metier\/"]}]},{"@type":"ImageObject","inLanguage":"fr-FR","@id":"https:\/\/www.skillscompetencescanada.com\/fr\/stations-interactives-essaie-un-metier\/#primaryimage","url":"https:\/\/www.skillscompetencescanada.com\/wp-content\/uploads\/2021\/03\/default_grey.png","contentUrl":"https:\/\/www.skillscompetencescanada.com\/wp-content\/uploads\/2021\/03\/default_grey.png","width":1087,"height":540},{"@type":"BreadcrumbList","@id":"https:\/\/www.skillscompetencescanada.com\/fr\/stations-interactives-essaie-un-metier\/#breadcrumb","itemListElement":[{"@type":"ListItem","position":1,"name":"Home","item":"https:\/\/www.skillscompetencescanada.com\/fr\/"},{"@type":"ListItem","position":2,"name":"Stations interactives &#8211; Essaie un m\u00e9tier!"}]},{"@type":"WebSite","@id":"https:\/\/www.skillscompetencescanada.com\/fr\/#website","url":"https:\/\/www.skillscompetencescanada.com\/fr\/","name":"Skills Competences Canada","description":"","publisher":{"@id":"https:\/\/www.skillscompetencescanada.com\/fr\/#organization"},"potentialAction":[{"@type":"SearchAction","target":{"@type":"EntryPoint","urlTemplate":"https:\/\/www.skillscompetencescanada.com\/fr\/?s={search_term_string}"},"query-input":{"@type":"PropertyValueSpecification","valueRequired":true,"valueName":"search_term_string"}}],"inLanguage":"fr-FR"},{"@type":"Organization","@id":"https:\/\/www.skillscompetencescanada.com\/fr\/#organization","name":"skills competences canada","url":"https:\/\/www.skillscompetencescanada.com\/fr\/","logo":{"@type":"ImageObject","inLanguage":"fr-FR","@id":"https:\/\/www.skillscompetencescanada.com\/fr\/#\/schema\/logo\/image\/","url":"http:\/\/skillscompetencescanada.com\/wp-content\/uploads\/2016\/09\/avatar-admin-96x96-1.jpg","contentUrl":"http:\/\/skillscompetencescanada.com\/wp-content\/uploads\/2016\/09\/avatar-admin-96x96-1.jpg","width":96,"height":96,"caption":"skills competences canada"},"image":{"@id":"https:\/\/www.skillscompetencescanada.com\/fr\/#\/schema\/logo\/image\/"}}]}},"_links":{"self":[{"href":"https:\/\/www.skillscompetencescanada.com\/fr\/wp-json\/wp\/v2\/pages\/2548","targetHints":{"allow":["GET"]}}],"collection":[{"href":"https:\/\/www.skillscompetencescanada.com\/fr\/wp-json\/wp\/v2\/pages"}],"about":[{"href":"https:\/\/www.skillscompetencescanada.com\/fr\/wp-json\/wp\/v2\/types\/page"}],"author":[{"embeddable":true,"href":"https:\/\/www.skillscompetencescanada.com\/fr\/wp-json\/wp\/v2\/users\/1"}],"replies":[{"embeddable":true,"href":"https:\/\/www.skillscompetencescanada.com\/fr\/wp-json\/wp\/v2\/comments?post=2548"}],"version-history":[{"count":0,"href":"https:\/\/www.skillscompetencescanada.com\/fr\/wp-json\/wp\/v2\/pages\/2548\/revisions"}],"wp:featuredmedia":[{"embeddable":true,"href":"https:\/\/www.skillscompetencescanada.com\/fr\/wp-json\/wp\/v2\/media\/77775"}],"wp:attachment":[{"href":"https:\/\/www.skillscompetencescanada.com\/fr\/wp-json\/wp\/v2\/media?parent=2548"}],"curies":[{"name":"wp","href":"https:\/\/api.w.org\/{rel}","templated":true}]}}