{"id":2719,"date":"2016-11-07T10:17:15","date_gmt":"2016-11-07T15:17:15","guid":{"rendered":"http:\/\/skillsdev.ifpt.org\/?page_id=2719"},"modified":"2019-05-03T14:51:22","modified_gmt":"2019-05-03T18:51:22","slug":"enregistement-pour-groupes-scolaires","status":"publish","type":"page","link":"https:\/\/www.skillscompetencescanada.com\/fr\/enregistement-pour-groupes-scolaires\/","title":{"rendered":"Enregistement pour groupes scolaires"},"content":{"rendered":"<h4>L\u2019inscription est ouverte pour les Olympiades canadiennes des m\u00e9tiers et des technologies qui auront lieu le 28 et 29 mai\u00a0: vous pouvez vous inscrire <a href=\"https:\/\/scnc.skillscompetencescanada.com\/groupe-ecole\" target=\"_blank\">ici<\/a>.<\/h4>\n<h4>LA DATE DE TOMB\u00c9E POUR LES INSCRIPTIONS DES GROUPES SCOLAIRES EST LE 17 MAI 2019<\/h4>\n<h4>Les subventions pour le transport en autobus sont disponibles\u00a0<a href=\"https:\/\/www.skillscompetencescanada.com\/fr\/visites-scolaire-subvention-offerte-par-le-ministere-de-education\/\" target=\"_blank\">ici<\/a>.<\/h4>\n<p><a href=\"https:\/\/www.skillscompetencescanada.com\/fr\/ocmt\/ocmt-halifax-2019\/\">Les Olympiades canadiennes des m\u00e9tiers et des technologies<\/a>\u00a0sont une excellente fa\u00e7on de faire d\u00e9couvrir aux \u00e9l\u00e8ves les possibilit\u00e9s de carri\u00e8re dans ces domaines gr\u00e2ce aux activit\u00e9s pratiques et aux pr\u00e9sentations stimulantes qui y sont propos\u00e9es.<\/p>\n<p>En effet, la formation technique et professionnelle m\u00e8ne \u00e0 une multitude d\u2019emplois int\u00e9ressants et bien r\u00e9mun\u00e9r\u00e9s dont d\u00e9pend l\u2019\u00e9conomie du Canada. En fait, il y a une grande demande de main-d\u2019\u0153uvre dans nombre des secteurs sp\u00e9cialis\u00e9s.<\/p>\n<p>En pr\u00e9sentant ces possibilit\u00e9s aux jeunes, on peut contribuer \u00e0 \u00e9largir leurs possibilit\u00e9s de carri\u00e8re et \u00e0 leur faire comprendre l\u2019importance d\u2019acqu\u00e9rir les\u00a0<a href=\"https:\/\/www.skillscompetencescanada.com\/fr\/competences-essentielles\/\">comp\u00e9tences essentielles<\/a>\u00a0pendant leur \u00e9ducation.<\/p>\n<h3>POINTS SAILLANTS DES OLYMPIADES CANADIENNES<\/h3>\n<p>\u00c9v\u00e9nement gratuit\u00a0: ouvert au public les jours de comp\u00e9tition (28 et 29 mai)<br \/>\nDes milliers d\u2019\u00e9tudiants visiteurs et de spectateurs.<br \/>\nPlus de 40 concours, r\u00e9partis en six secteurs.<br \/>\nPlus de 550 concurrents et concurrentes.<br \/>\nDes c\u00e9l\u00e9brit\u00e9s de l\u2019industrie seront sur place.<br \/>\nSc\u00e8ne des comp\u00e9tences essentielles \u2013 Des d\u00e9monstrations interactives, par des parties prenantes et des personnalit\u00e9s, mettant en relief l\u2019importance des comp\u00e9tences essentielles.<br \/>\nL\u2019Espace carri\u00e8res, qui r\u00e9unit des exposants et des stations Essaie un m\u00e9tier et une technologie commandit\u00e9es.<\/p>\n<p>Plus de 50 stations Essaie un m\u00e9tier et une technologie.\u00a0Ces activit\u00e9s permettent aux visiteurs de mettre leurs comp\u00e9tences \u00e0 l\u2019\u00e9preuve et de mieux conna\u00eetre certaines professions. Les participants r\u00e9alisent de petits projets qui leur font d\u00e9couvrir les diff\u00e9rentes facettes de certains m\u00e9tiers, dont le briquetage, l\u2019installation \u00e9lectrique et la cuisine.<\/p>\n<p><strong>T\u00e9moignages ;<\/strong><\/p>\n<blockquote><p>C\u2019\u00e9tait plus int\u00e9ressant que ce \u00e0 quoi je m\u2019attendais. Et maintenant, j\u2019examine diverses options pour mon propre avenir.<\/p>\n<p>&nbsp;<\/p><\/blockquote>\n<blockquote><p>C\u2019\u00e9tait int\u00e9ressant et j\u2019ai pris connaissance d\u2019options que je ne connaissais pas du tout et j\u2019ai vu des choses que je n\u2019avais jamais vues.<\/p><\/blockquote>\n<p>\u2013 \u00c9l\u00e8ves visiteurs aux Olympiades<\/p>\n<p>Nous esp\u00e9rons que vous serez des n\u00f4tres aux Olympiades!<\/p>\n<p><strong><a href=\"https:\/\/scnc.skillscompetencescanada.com\/groupe-ecole\" target=\"_blank\">Inscrivez<\/a>\u00a0votre groupe scolaire en ligne d\u00e8s aujourd\u2019hui !<\/strong><\/p>\n<ul>\n<li>Visites scolaires : Subvention pour le transport en autobus,\u00a0<a href=\"https:\/\/www.skillscompetencescanada.com\/wp-content\/uploads\/2018\/12\/SCNC19_Entente-De-Renonciation-TAT-FR.pdf\" target=\"_blank\">Entente de renonciation<\/a><\/li>\n<li><a href=\"https:\/\/www.skillscompetencescanada.com\/wp-content\/uploads\/2018\/09\/SCNC2019-School-tour-poster-WEB-FR.pdf\" target=\"_blank\">T\u00e9l\u00e9charger l\u2019affiche pour les visites scolaire<\/a><\/li>\n<\/ul>\n<p>Les entreprises Ambassatours et Stock Transportation offrent des tarifs r\u00e9duits pour le transport des groupes scolaires aux Olympiades canadiennes des m\u00e9tiers et des technologies.<\/p>\n<p>Pour obtenir une estimation ou pour r\u00e9server les services de transport d\u2019Ambassatours, <a href=\"https:\/\/www.ambassatours.com\/request-a-quote\" target=\"_blank\">cliquez ici<\/a>. Ambassatours offre un rabais de 10 % aux groupes se rendant aux Olympiades. Pour obtenir d\u2019autres renseignements, veuillez \u00e9crire \u00e0:<\/p>\n<p><img decoding=\"async\" class=\"alignnone wp-image-62348\" src=\"https:\/\/www.skillscompetencescanada.com\/wp-content\/uploads\/2018\/11\/ambassatour.png\" alt=\"\" width=\"239\" height=\"106\" \/><\/p>\n<p><strong>Andrew Dart,\u00a0Senior Sales Manager\u00a0<\/strong><br \/>\nDirect:\u00a0902.423.5738\u00a0\u00a0|\u00a0\u00a0Mobile:\u00a0902.499.8560\u00a0\u00a0|\u00a0\u00a0\u00a0Fax:\u00a0902.423.5522<br \/>\nEmail:\u00a0<a href=\"mailto:adart@ambassatours.com\">adart@ambassatours.com<\/a><br \/>\nWebsites:\u00a0<a href=\"http:\/\/www.ambassatours.com\">www.ambassatours.com\u00a0<\/a>\u00a0|\u00a0\u00a0\u00a0<a href=\"http:\/\/www.mtcw.ca\/\">www.mtcw.ca<\/a><br \/>\nAddress:\u00a06575\u00a0Bayne St., Halifax, NS\u00a0 B3K 2V6<\/p>\n<p><a href=\"http:\/\/www.stocktransportation.com\/Pages\/default.aspx\" target=\"_blank\">Stock Transportation<\/a> offre aussi des rabais sur les services de transport aux Olympiades. Pour effectuer une r\u00e9servation, veuillez appeler au 902-481-8400 ou r\u00e9servez en ligne au <a href=\"https:\/\/hrce.mybusplanner.ca\" target=\"_blank\">hrce.mybusplanner.ca<\/a>.<\/p>\n<p><img decoding=\"async\" class=\"alignleft wp-image-62852\" src=\"https:\/\/www.skillscompetencescanada.com\/wp-content\/uploads\/2019\/01\/Dal-Event-Conference-Logo-Black-640x180.png\" alt=\"\" width=\"345\" height=\"97\" srcset=\"https:\/\/www.skillscompetencescanada.com\/wp-content\/uploads\/2019\/01\/Dal-Event-Conference-Logo-Black-640x180.png 640w, https:\/\/www.skillscompetencescanada.com\/wp-content\/uploads\/2019\/01\/Dal-Event-Conference-Logo-Black.png 742w\" sizes=\"(max-width: 345px) 100vw, 345px\" \/><\/p>\n<p>&nbsp;<\/p>\n<p>&nbsp;<\/p>\n<p>&nbsp;<\/p>\n<p><strong><br \/>\nH\u00c9BERGEMENT SUR LE CAMPUS<\/strong><br \/>\nOlympiades canadiennes des m\u00e9tiers et des technologies (OCMT) de Skills\/Comp\u00e9tencesCanada 2019<br \/>\nDu 27 au 30\u00a0mai\u00a02019<\/p>\n<p>L\u2019Universit\u00e9 Dalhousie offre des logements en r\u00e9sidence classiques et de type \u00ab\u00a0suites\u00a0\u00bb comprenant les commodit\u00e9s que vous voudrez \u00e0 des tarifs pour une nuit\u00e9e tellement bas que vous aurez du mal \u00e0 les croire, de fa\u00e7on \u00e0 ce que vous puissiez \u00e9conomiser pour vous offrir les choses que vous aimez vraiment\u00a0\u00e0 Halifax.<\/p>\n<p><strong>R\u00e9servations individuelles<\/strong><br \/>\nLorsque vous faites votre r\u00e9servation, veuillez employer le code promotionnel SCNC19. Les r\u00e9servations peuvent \u00eatre effectu\u00e9es en employant l\u2019un ou l\u2019autre des moyens suivants\u00a0:<\/p>\n<p>Site Web\u00a0:\u00a0<a href=\"http:\/\/stay.dal.ca\/\" target=\"_blank\">http:\/\/stay.dal.ca\/<\/a><br \/>\nCourriel\u00a0:\u00a0<a href=\"mailto:stay@dal.ca\">stay@dal.ca<\/a><br \/>\nT\u00e9l\u00e9phone\u00a0:\u00a0902-494-8840 ou 1-855-DAL-STAY<\/p>\n<p>Veuillez noter que des chambres seront disponibles en ligne jusqu\u2019au <strong>27\u00a0avril\u00a02019<\/strong>. Apr\u00e8s cette date, les r\u00e9servations seront accept\u00e9es en fonction de la disponibilit\u00e9. Veuillez communiquer avec nous par t\u00e9l\u00e9phone ou par courriel pour effectuer votre r\u00e9servation.<\/p>\n<p><strong>R\u00e9servations de groupe<\/strong><br \/>\nVous voulez r\u00e9server plus de 10 chambres?\u00a0Communiquez avec Natalie Gibbs au 902-494-8876 ou \u00e0 l\u2019adresse\u00a0<a href=\"mailto:natalie.gibbs@dal.ca\">natalie.gibbs@dal.ca<\/a>. \u00a0<a href=\"https:\/\/www.skillscompetencescanada.com\/wp-content\/uploads\/2019\/01\/2014-LeMarchant-Place-Room-3.jpg\" target=\"_blank\"><img decoding=\"async\" class=\"alignleft wp-image-62853\" src=\"https:\/\/www.skillscompetencescanada.com\/wp-content\/uploads\/2019\/01\/2014-LeMarchant-Place-Room-3-540x360.jpg\" alt=\"\" width=\"377\" height=\"251\" srcset=\"https:\/\/www.skillscompetencescanada.com\/wp-content\/uploads\/2019\/01\/2014-LeMarchant-Place-Room-3-540x360.jpg 540w, https:\/\/www.skillscompetencescanada.com\/wp-content\/uploads\/2019\/01\/2014-LeMarchant-Place-Room-3-768x512.jpg 768w, https:\/\/www.skillscompetencescanada.com\/wp-content\/uploads\/2019\/01\/2014-LeMarchant-Place-Room-3-1080x720.jpg 1080w, https:\/\/www.skillscompetencescanada.com\/wp-content\/uploads\/2019\/01\/2014-LeMarchant-Place-Room-3-1200x800.jpg 1200w, https:\/\/www.skillscompetencescanada.com\/wp-content\/uploads\/2019\/01\/2014-LeMarchant-Place-Room-3-272x182.jpg 272w\" sizes=\"(max-width: 377px) 100vw, 377px\" \/><\/a><a href=\"https:\/\/www.skillscompetencescanada.com\/wp-content\/uploads\/2019\/01\/2014-LeMarchant-Place-Kitchenette-3.jpg\" target=\"_blank\"><img decoding=\"async\" class=\"alignleft wp-image-62854\" src=\"https:\/\/www.skillscompetencescanada.com\/wp-content\/uploads\/2019\/01\/2014-LeMarchant-Place-Kitchenette-3-540x360.jpg\" alt=\"\" width=\"386\" height=\"257\" srcset=\"https:\/\/www.skillscompetencescanada.com\/wp-content\/uploads\/2019\/01\/2014-LeMarchant-Place-Kitchenette-3-540x360.jpg 540w, https:\/\/www.skillscompetencescanada.com\/wp-content\/uploads\/2019\/01\/2014-LeMarchant-Place-Kitchenette-3-768x512.jpg 768w, https:\/\/www.skillscompetencescanada.com\/wp-content\/uploads\/2019\/01\/2014-LeMarchant-Place-Kitchenette-3-1080x720.jpg 1080w, https:\/\/www.skillscompetencescanada.com\/wp-content\/uploads\/2019\/01\/2014-LeMarchant-Place-Kitchenette-3-1200x800.jpg 1200w, https:\/\/www.skillscompetencescanada.com\/wp-content\/uploads\/2019\/01\/2014-LeMarchant-Place-Kitchenette-3-272x182.jpg 272w\" sizes=\"(max-width: 386px) 100vw, 386px\" \/><\/a><\/p>\n","protected":false},"excerpt":{"rendered":"<p>L\u2019inscription est ouverte pour les Olympiades canadiennes des m\u00e9tiers et des technologies qui auront lieu le 28 et 29 mai\u00a0: vous pouvez vous inscrire ici. LA DATE DE TOMB\u00c9E POUR<\/p>\n","protected":false},"author":1,"featured_media":77775,"parent":0,"menu_order":0,"comment_status":"closed","ping_status":"closed","template":"","meta":{"_acf_changed":false,"site-sidebar-layout":"default","site-content-layout":"","ast-site-content-layout":"default","site-content-style":"default","site-sidebar-style":"default","ast-global-header-display":"","ast-banner-title-visibility":"","ast-main-header-display":"","ast-hfb-above-header-display":"","ast-hfb-below-header-display":"","ast-hfb-mobile-header-display":"","site-post-title":"","ast-breadcrumbs-content":"","ast-featured-img":"","footer-sml-layout":"","ast-disable-related-posts":"","theme-transparent-header-meta":"","adv-header-id-meta":"","stick-header-meta":"","header-above-stick-meta":"","header-main-stick-meta":"","header-below-stick-meta":"","astra-migrate-meta-layouts":"default","ast-page-background-enabled":"default","ast-page-background-meta":{"desktop":{"background-color":"","background-image":"","background-repeat":"repeat","background-position":"center center","background-size":"auto","background-attachment":"scroll","background-type":"","background-media":"","overlay-type":"","overlay-color":"","overlay-opacity":"","overlay-gradient":""},"tablet":{"background-color":"","background-image":"","background-repeat":"repeat","background-position":"center center","background-size":"auto","background-attachment":"scroll","background-type":"","background-media":"","overlay-type":"","overlay-color":"","overlay-opacity":"","overlay-gradient":""},"mobile":{"background-color":"","background-image":"","background-repeat":"repeat","background-position":"center center","background-size":"auto","background-attachment":"scroll","background-type":"","background-media":"","overlay-type":"","overlay-color":"","overlay-opacity":"","overlay-gradient":""}},"ast-content-background-meta":{"desktop":{"background-color":"var(--ast-global-color-5)","background-image":"","background-repeat":"repeat","background-position":"center center","background-size":"auto","background-attachment":"scroll","background-type":"","background-media":"","overlay-type":"","overlay-color":"","overlay-opacity":"","overlay-gradient":""},"tablet":{"background-color":"var(--ast-global-color-5)","background-image":"","background-repeat":"repeat","background-position":"center center","background-size":"auto","background-attachment":"scroll","background-type":"","background-media":"","overlay-type":"","overlay-color":"","overlay-opacity":"","overlay-gradient":""},"mobile":{"background-color":"var(--ast-global-color-5)","background-image":"","background-repeat":"repeat","background-position":"center center","background-size":"auto","background-attachment":"scroll","background-type":"","background-media":"","overlay-type":"","overlay-color":"","overlay-opacity":"","overlay-gradient":""}},"footnotes":""},"class_list":["post-2719","page","type-page","status-publish","has-post-thumbnail","hentry"],"acf":[],"yoast_head":"<!-- This site is optimized with the Yoast SEO plugin v27.4 - https:\/\/yoast.com\/product\/yoast-seo-wordpress\/ -->\n<title>Enregistement pour groupes scolaires - Skills Competences Canada<\/title>\n<meta name=\"robots\" content=\"index, follow, max-snippet:-1, max-image-preview:large, max-video-preview:-1\" \/>\n<link rel=\"canonical\" href=\"https:\/\/www.skillscompetencescanada.com\/fr\/enregistement-pour-groupes-scolaires\/\" \/>\n<meta name=\"twitter:label1\" content=\"Dur\u00e9e de lecture estim\u00e9e\" \/>\n\t<meta name=\"twitter:data1\" content=\"4 minutes\" \/>\n<script type=\"application\/ld+json\" class=\"yoast-schema-graph\">{\"@context\":\"https:\\\/\\\/schema.org\",\"@graph\":[{\"@type\":\"WebPage\",\"@id\":\"https:\\\/\\\/www.skillscompetencescanada.com\\\/fr\\\/enregistement-pour-groupes-scolaires\\\/\",\"url\":\"https:\\\/\\\/www.skillscompetencescanada.com\\\/fr\\\/enregistement-pour-groupes-scolaires\\\/\",\"name\":\"Enregistement pour groupes scolaires - Skills Competences Canada\",\"isPartOf\":{\"@id\":\"https:\\\/\\\/www.skillscompetencescanada.com\\\/fr\\\/#website\"},\"primaryImageOfPage\":{\"@id\":\"https:\\\/\\\/www.skillscompetencescanada.com\\\/fr\\\/enregistement-pour-groupes-scolaires\\\/#primaryimage\"},\"image\":{\"@id\":\"https:\\\/\\\/www.skillscompetencescanada.com\\\/fr\\\/enregistement-pour-groupes-scolaires\\\/#primaryimage\"},\"thumbnailUrl\":\"https:\\\/\\\/www.skillscompetencescanada.com\\\/wp-content\\\/uploads\\\/2021\\\/03\\\/default_grey.png\",\"datePublished\":\"2016-11-07T15:17:15+00:00\",\"dateModified\":\"2019-05-03T18:51:22+00:00\",\"breadcrumb\":{\"@id\":\"https:\\\/\\\/www.skillscompetencescanada.com\\\/fr\\\/enregistement-pour-groupes-scolaires\\\/#breadcrumb\"},\"inLanguage\":\"fr-FR\",\"potentialAction\":[{\"@type\":\"ReadAction\",\"target\":[\"https:\\\/\\\/www.skillscompetencescanada.com\\\/fr\\\/enregistement-pour-groupes-scolaires\\\/\"]}]},{\"@type\":\"ImageObject\",\"inLanguage\":\"fr-FR\",\"@id\":\"https:\\\/\\\/www.skillscompetencescanada.com\\\/fr\\\/enregistement-pour-groupes-scolaires\\\/#primaryimage\",\"url\":\"https:\\\/\\\/www.skillscompetencescanada.com\\\/wp-content\\\/uploads\\\/2021\\\/03\\\/default_grey.png\",\"contentUrl\":\"https:\\\/\\\/www.skillscompetencescanada.com\\\/wp-content\\\/uploads\\\/2021\\\/03\\\/default_grey.png\",\"width\":1087,\"height\":540},{\"@type\":\"BreadcrumbList\",\"@id\":\"https:\\\/\\\/www.skillscompetencescanada.com\\\/fr\\\/enregistement-pour-groupes-scolaires\\\/#breadcrumb\",\"itemListElement\":[{\"@type\":\"ListItem\",\"position\":1,\"name\":\"Home\",\"item\":\"https:\\\/\\\/www.skillscompetencescanada.com\\\/fr\\\/\"},{\"@type\":\"ListItem\",\"position\":2,\"name\":\"Enregistement pour groupes scolaires\"}]},{\"@type\":\"WebSite\",\"@id\":\"https:\\\/\\\/www.skillscompetencescanada.com\\\/fr\\\/#website\",\"url\":\"https:\\\/\\\/www.skillscompetencescanada.com\\\/fr\\\/\",\"name\":\"Skills Competences Canada\",\"description\":\"\",\"publisher\":{\"@id\":\"https:\\\/\\\/www.skillscompetencescanada.com\\\/fr\\\/#organization\"},\"potentialAction\":[{\"@type\":\"SearchAction\",\"target\":{\"@type\":\"EntryPoint\",\"urlTemplate\":\"https:\\\/\\\/www.skillscompetencescanada.com\\\/fr\\\/?s={search_term_string}\"},\"query-input\":{\"@type\":\"PropertyValueSpecification\",\"valueRequired\":true,\"valueName\":\"search_term_string\"}}],\"inLanguage\":\"fr-FR\"},{\"@type\":\"Organization\",\"@id\":\"https:\\\/\\\/www.skillscompetencescanada.com\\\/fr\\\/#organization\",\"name\":\"skills competences canada\",\"url\":\"https:\\\/\\\/www.skillscompetencescanada.com\\\/fr\\\/\",\"logo\":{\"@type\":\"ImageObject\",\"inLanguage\":\"fr-FR\",\"@id\":\"https:\\\/\\\/www.skillscompetencescanada.com\\\/fr\\\/#\\\/schema\\\/logo\\\/image\\\/\",\"url\":\"http:\\\/\\\/skillscompetencescanada.com\\\/wp-content\\\/uploads\\\/2016\\\/09\\\/avatar-admin-96x96-1.jpg\",\"contentUrl\":\"http:\\\/\\\/skillscompetencescanada.com\\\/wp-content\\\/uploads\\\/2016\\\/09\\\/avatar-admin-96x96-1.jpg\",\"width\":96,\"height\":96,\"caption\":\"skills competences canada\"},\"image\":{\"@id\":\"https:\\\/\\\/www.skillscompetencescanada.com\\\/fr\\\/#\\\/schema\\\/logo\\\/image\\\/\"}}]}<\/script>\n<!-- \/ Yoast SEO plugin. -->","yoast_head_json":{"title":"Enregistement pour groupes scolaires - Skills Competences Canada","robots":{"index":"index","follow":"follow","max-snippet":"max-snippet:-1","max-image-preview":"max-image-preview:large","max-video-preview":"max-video-preview:-1"},"canonical":"https:\/\/www.skillscompetencescanada.com\/fr\/enregistement-pour-groupes-scolaires\/","twitter_misc":{"Dur\u00e9e de lecture estim\u00e9e":"4 minutes"},"schema":{"@context":"https:\/\/schema.org","@graph":[{"@type":"WebPage","@id":"https:\/\/www.skillscompetencescanada.com\/fr\/enregistement-pour-groupes-scolaires\/","url":"https:\/\/www.skillscompetencescanada.com\/fr\/enregistement-pour-groupes-scolaires\/","name":"Enregistement pour groupes scolaires - Skills Competences Canada","isPartOf":{"@id":"https:\/\/www.skillscompetencescanada.com\/fr\/#website"},"primaryImageOfPage":{"@id":"https:\/\/www.skillscompetencescanada.com\/fr\/enregistement-pour-groupes-scolaires\/#primaryimage"},"image":{"@id":"https:\/\/www.skillscompetencescanada.com\/fr\/enregistement-pour-groupes-scolaires\/#primaryimage"},"thumbnailUrl":"https:\/\/www.skillscompetencescanada.com\/wp-content\/uploads\/2021\/03\/default_grey.png","datePublished":"2016-11-07T15:17:15+00:00","dateModified":"2019-05-03T18:51:22+00:00","breadcrumb":{"@id":"https:\/\/www.skillscompetencescanada.com\/fr\/enregistement-pour-groupes-scolaires\/#breadcrumb"},"inLanguage":"fr-FR","potentialAction":[{"@type":"ReadAction","target":["https:\/\/www.skillscompetencescanada.com\/fr\/enregistement-pour-groupes-scolaires\/"]}]},{"@type":"ImageObject","inLanguage":"fr-FR","@id":"https:\/\/www.skillscompetencescanada.com\/fr\/enregistement-pour-groupes-scolaires\/#primaryimage","url":"https:\/\/www.skillscompetencescanada.com\/wp-content\/uploads\/2021\/03\/default_grey.png","contentUrl":"https:\/\/www.skillscompetencescanada.com\/wp-content\/uploads\/2021\/03\/default_grey.png","width":1087,"height":540},{"@type":"BreadcrumbList","@id":"https:\/\/www.skillscompetencescanada.com\/fr\/enregistement-pour-groupes-scolaires\/#breadcrumb","itemListElement":[{"@type":"ListItem","position":1,"name":"Home","item":"https:\/\/www.skillscompetencescanada.com\/fr\/"},{"@type":"ListItem","position":2,"name":"Enregistement pour groupes scolaires"}]},{"@type":"WebSite","@id":"https:\/\/www.skillscompetencescanada.com\/fr\/#website","url":"https:\/\/www.skillscompetencescanada.com\/fr\/","name":"Skills Competences Canada","description":"","publisher":{"@id":"https:\/\/www.skillscompetencescanada.com\/fr\/#organization"},"potentialAction":[{"@type":"SearchAction","target":{"@type":"EntryPoint","urlTemplate":"https:\/\/www.skillscompetencescanada.com\/fr\/?s={search_term_string}"},"query-input":{"@type":"PropertyValueSpecification","valueRequired":true,"valueName":"search_term_string"}}],"inLanguage":"fr-FR"},{"@type":"Organization","@id":"https:\/\/www.skillscompetencescanada.com\/fr\/#organization","name":"skills competences canada","url":"https:\/\/www.skillscompetencescanada.com\/fr\/","logo":{"@type":"ImageObject","inLanguage":"fr-FR","@id":"https:\/\/www.skillscompetencescanada.com\/fr\/#\/schema\/logo\/image\/","url":"http:\/\/skillscompetencescanada.com\/wp-content\/uploads\/2016\/09\/avatar-admin-96x96-1.jpg","contentUrl":"http:\/\/skillscompetencescanada.com\/wp-content\/uploads\/2016\/09\/avatar-admin-96x96-1.jpg","width":96,"height":96,"caption":"skills competences canada"},"image":{"@id":"https:\/\/www.skillscompetencescanada.com\/fr\/#\/schema\/logo\/image\/"}}]}},"_links":{"self":[{"href":"https:\/\/www.skillscompetencescanada.com\/fr\/wp-json\/wp\/v2\/pages\/2719","targetHints":{"allow":["GET"]}}],"collection":[{"href":"https:\/\/www.skillscompetencescanada.com\/fr\/wp-json\/wp\/v2\/pages"}],"about":[{"href":"https:\/\/www.skillscompetencescanada.com\/fr\/wp-json\/wp\/v2\/types\/page"}],"author":[{"embeddable":true,"href":"https:\/\/www.skillscompetencescanada.com\/fr\/wp-json\/wp\/v2\/users\/1"}],"replies":[{"embeddable":true,"href":"https:\/\/www.skillscompetencescanada.com\/fr\/wp-json\/wp\/v2\/comments?post=2719"}],"version-history":[{"count":0,"href":"https:\/\/www.skillscompetencescanada.com\/fr\/wp-json\/wp\/v2\/pages\/2719\/revisions"}],"wp:featuredmedia":[{"embeddable":true,"href":"https:\/\/www.skillscompetencescanada.com\/fr\/wp-json\/wp\/v2\/media\/77775"}],"wp:attachment":[{"href":"https:\/\/www.skillscompetencescanada.com\/fr\/wp-json\/wp\/v2\/media?parent=2719"}],"curies":[{"name":"wp","href":"https:\/\/api.w.org\/{rel}","templated":true}]}}