{"id":3428,"date":"2016-12-12T09:25:29","date_gmt":"2016-12-12T14:25:29","guid":{"rendered":"http:\/\/skillsdev.ifpt.org\/?page_id=3428"},"modified":"2016-12-16T11:24:02","modified_gmt":"2016-12-16T16:24:02","slug":"team-canada-dans-les-medias","status":"publish","type":"page","link":"https:\/\/www.skillscompetencescanada.com\/fr\/equipe-canada\/team-canada-dans-les-medias\/","title":{"rendered":"Team Canada dans les M\u00e9dias"},"content":{"rendered":"<p><img decoding=\"async\" class=\"aligncenter size-medium wp-image-3143\" src=\"https:\/\/www.skillscompetencescanada.com\/wp-content\/uploads\/2016\/11\/team-can-2017-640x237.jpg\" alt=\"\" width=\"640\" height=\"237\" srcset=\"https:\/\/www.skillscompetencescanada.com\/wp-content\/uploads\/2016\/11\/team-can-2017-640x237.jpg 640w, https:\/\/www.skillscompetencescanada.com\/wp-content\/uploads\/2016\/11\/team-can-2017-768x284.jpg 768w, https:\/\/www.skillscompetencescanada.com\/wp-content\/uploads\/2016\/11\/team-can-2017.jpg 1080w\" sizes=\"(max-width: 640px) 100vw, 640px\" \/><\/p>\n<p><strong>Communiqu\u00e9 de presse:<\/strong><br \/>\n<a href=\"https:\/\/www.skillscompetencescanada.com\/fr\/non-classe\/les-medailles-decernees-aux-meilleurs-talents-participant-aux-olympiades-canadiennes-des-metiers-et-des-technologies\/\">LES M\u00c9DAILLES D\u00c9CERN\u00c9ES AUX MEILLEURS TALENTS PARTICIPANT AUX OLYMPIADES CANADIENNES DES M\u00c9TIERS ET DES TECHNOLOGIES<\/a><\/p>\n<p><strong>Articles nouvelles au sujet d&rsquo;\u00c9quipe Canada WorldSkills\u00a02017<\/strong><\/p>\n<p><a href=\"http:\/\/www.yorktonthisweek.com\/news\/local-news\/yrhs-robotics-headed-for-worlds-again-1.2290835\">YRHS Robotics Headed for Worlds Again<\/a><br \/>\n<a href=\"http:\/\/lethbridgeherald.com\/news\/lethbridge-news\/2016\/06\/17\/local-plumber-to-test-his-skills-at-world-competition\/\">Local Plumber to Test his Skills at World Competition<\/a><br \/>\n<a href=\"http:\/\/www.thebarrieexaminer.com\/2016\/06\/16\/georgian-college-grad-wins-big-at-skills-canada-competition\">Georgian College grad wins big at Skills Canada competition<\/a><br \/>\n<a href=\"http:\/\/www.comoxvalleyrecord.com\/news\/383146251.html\">Highland Student Wins Gold at Skills Canada Competition<\/a><br \/>\n<a href=\"http:\/\/shopmetaltech.com\/industry-update\/gold-for-cnc-machining-at-skills-canada.html\">Gold for CNC Machining at Skills Canada<\/a><br \/>\n<a href=\"http:\/\/www.castanet.net\/news\/Campus-Life-Kamloops\/168324\/Welder-earns-spot-in-world-championship\">Welder earns spot in world championship<\/a><br \/>\n<a href=\"http:\/\/medicinehatnews.com\/news\/local-news\/2016\/06\/14\/local-trades-students-could-represent-canada-at-international-competition\/\">Local Trades Students Could Represent Canada at International Competition<\/a><\/p>\n","protected":false},"excerpt":{"rendered":"<p>Communiqu\u00e9 de presse: LES M\u00c9DAILLES D\u00c9CERN\u00c9ES AUX MEILLEURS TALENTS PARTICIPANT AUX OLYMPIADES CANADIENNES DES M\u00c9TIERS ET DES TECHNOLOGIES Articles nouvelles au sujet d&rsquo;\u00c9quipe Canada WorldSkills\u00a02017 YRHS Robotics Headed for Worlds<\/p>\n","protected":false},"author":1,"featured_media":77775,"parent":2748,"menu_order":0,"comment_status":"closed","ping_status":"closed","template":"","meta":{"_acf_changed":false,"site-sidebar-layout":"default","site-content-layout":"","ast-site-content-layout":"default","site-content-style":"default","site-sidebar-style":"default","ast-global-header-display":"","ast-banner-title-visibility":"","ast-main-header-display":"","ast-hfb-above-header-display":"","ast-hfb-below-header-display":"","ast-hfb-mobile-header-display":"","site-post-title":"","ast-breadcrumbs-content":"","ast-featured-img":"","footer-sml-layout":"","ast-disable-related-posts":"","theme-transparent-header-meta":"","adv-header-id-meta":"","stick-header-meta":"","header-above-stick-meta":"","header-main-stick-meta":"","header-below-stick-meta":"","astra-migrate-meta-layouts":"default","ast-page-background-enabled":"default","ast-page-background-meta":{"desktop":{"background-color":"","background-image":"","background-repeat":"repeat","background-position":"center center","background-size":"auto","background-attachment":"scroll","background-type":"","background-media":"","overlay-type":"","overlay-color":"","overlay-opacity":"","overlay-gradient":""},"tablet":{"background-color":"","background-image":"","background-repeat":"repeat","background-position":"center center","background-size":"auto","background-attachment":"scroll","background-type":"","background-media":"","overlay-type":"","overlay-color":"","overlay-opacity":"","overlay-gradient":""},"mobile":{"background-color":"","background-image":"","background-repeat":"repeat","background-position":"center center","background-size":"auto","background-attachment":"scroll","background-type":"","background-media":"","overlay-type":"","overlay-color":"","overlay-opacity":"","overlay-gradient":""}},"ast-content-background-meta":{"desktop":{"background-color":"var(--ast-global-color-5)","background-image":"","background-repeat":"repeat","background-position":"center center","background-size":"auto","background-attachment":"scroll","background-type":"","background-media":"","overlay-type":"","overlay-color":"","overlay-opacity":"","overlay-gradient":""},"tablet":{"background-color":"var(--ast-global-color-5)","background-image":"","background-repeat":"repeat","background-position":"center center","background-size":"auto","background-attachment":"scroll","background-type":"","background-media":"","overlay-type":"","overlay-color":"","overlay-opacity":"","overlay-gradient":""},"mobile":{"background-color":"var(--ast-global-color-5)","background-image":"","background-repeat":"repeat","background-position":"center center","background-size":"auto","background-attachment":"scroll","background-type":"","background-media":"","overlay-type":"","overlay-color":"","overlay-opacity":"","overlay-gradient":""}},"footnotes":""},"class_list":["post-3428","page","type-page","status-publish","has-post-thumbnail","hentry"],"acf":[],"yoast_head":"<!-- This site is optimized with the Yoast SEO plugin v27.1.1 - https:\/\/yoast.com\/product\/yoast-seo-wordpress\/ -->\n<title>Team Canada dans les M\u00e9dias - Skills Competences Canada<\/title>\n<meta name=\"robots\" content=\"index, follow, max-snippet:-1, max-image-preview:large, max-video-preview:-1\" \/>\n<link rel=\"canonical\" href=\"https:\/\/www.skillscompetencescanada.com\/fr\/equipe-canada\/team-canada-dans-les-medias\/\" \/>\n<script type=\"application\/ld+json\" class=\"yoast-schema-graph\">{\"@context\":\"https:\/\/schema.org\",\"@graph\":[{\"@type\":\"WebPage\",\"@id\":\"https:\/\/www.skillscompetencescanada.com\/fr\/equipe-canada\/team-canada-dans-les-medias\/\",\"url\":\"https:\/\/www.skillscompetencescanada.com\/fr\/equipe-canada\/team-canada-dans-les-medias\/\",\"name\":\"Team Canada dans les M\u00e9dias - Skills Competences Canada\",\"isPartOf\":{\"@id\":\"https:\/\/www.skillscompetencescanada.com\/fr\/#website\"},\"primaryImageOfPage\":{\"@id\":\"https:\/\/www.skillscompetencescanada.com\/fr\/equipe-canada\/team-canada-dans-les-medias\/#primaryimage\"},\"image\":{\"@id\":\"https:\/\/www.skillscompetencescanada.com\/fr\/equipe-canada\/team-canada-dans-les-medias\/#primaryimage\"},\"thumbnailUrl\":\"https:\/\/www.skillscompetencescanada.com\/wp-content\/uploads\/2021\/03\/default_grey.png\",\"datePublished\":\"2016-12-12T14:25:29+00:00\",\"dateModified\":\"2016-12-16T16:24:02+00:00\",\"breadcrumb\":{\"@id\":\"https:\/\/www.skillscompetencescanada.com\/fr\/equipe-canada\/team-canada-dans-les-medias\/#breadcrumb\"},\"inLanguage\":\"fr-FR\",\"potentialAction\":[{\"@type\":\"ReadAction\",\"target\":[\"https:\/\/www.skillscompetencescanada.com\/fr\/equipe-canada\/team-canada-dans-les-medias\/\"]}]},{\"@type\":\"ImageObject\",\"inLanguage\":\"fr-FR\",\"@id\":\"https:\/\/www.skillscompetencescanada.com\/fr\/equipe-canada\/team-canada-dans-les-medias\/#primaryimage\",\"url\":\"https:\/\/www.skillscompetencescanada.com\/wp-content\/uploads\/2021\/03\/default_grey.png\",\"contentUrl\":\"https:\/\/www.skillscompetencescanada.com\/wp-content\/uploads\/2021\/03\/default_grey.png\",\"width\":1087,\"height\":540},{\"@type\":\"BreadcrumbList\",\"@id\":\"https:\/\/www.skillscompetencescanada.com\/fr\/equipe-canada\/team-canada-dans-les-medias\/#breadcrumb\",\"itemListElement\":[{\"@type\":\"ListItem\",\"position\":1,\"name\":\"Home\",\"item\":\"https:\/\/www.skillscompetencescanada.com\/fr\/\"},{\"@type\":\"ListItem\",\"position\":2,\"name\":\"\u00c9quipe Canada\",\"item\":\"https:\/\/www.skillscompetencescanada.com\/fr\/equipe-canada\/\"},{\"@type\":\"ListItem\",\"position\":3,\"name\":\"Team Canada dans les M\u00e9dias\"}]},{\"@type\":\"WebSite\",\"@id\":\"https:\/\/www.skillscompetencescanada.com\/fr\/#website\",\"url\":\"https:\/\/www.skillscompetencescanada.com\/fr\/\",\"name\":\"Skills Competences Canada\",\"description\":\"\",\"publisher\":{\"@id\":\"https:\/\/www.skillscompetencescanada.com\/fr\/#organization\"},\"potentialAction\":[{\"@type\":\"SearchAction\",\"target\":{\"@type\":\"EntryPoint\",\"urlTemplate\":\"https:\/\/www.skillscompetencescanada.com\/fr\/?s={search_term_string}\"},\"query-input\":{\"@type\":\"PropertyValueSpecification\",\"valueRequired\":true,\"valueName\":\"search_term_string\"}}],\"inLanguage\":\"fr-FR\"},{\"@type\":\"Organization\",\"@id\":\"https:\/\/www.skillscompetencescanada.com\/fr\/#organization\",\"name\":\"skills competences canada\",\"url\":\"https:\/\/www.skillscompetencescanada.com\/fr\/\",\"logo\":{\"@type\":\"ImageObject\",\"inLanguage\":\"fr-FR\",\"@id\":\"https:\/\/www.skillscompetencescanada.com\/fr\/#\/schema\/logo\/image\/\",\"url\":\"http:\/\/skillscompetencescanada.com\/wp-content\/uploads\/2016\/09\/avatar-admin-96x96-1.jpg\",\"contentUrl\":\"http:\/\/skillscompetencescanada.com\/wp-content\/uploads\/2016\/09\/avatar-admin-96x96-1.jpg\",\"width\":96,\"height\":96,\"caption\":\"skills competences canada\"},\"image\":{\"@id\":\"https:\/\/www.skillscompetencescanada.com\/fr\/#\/schema\/logo\/image\/\"}}]}<\/script>\n<!-- \/ Yoast SEO plugin. -->","yoast_head_json":{"title":"Team Canada dans les M\u00e9dias - Skills Competences Canada","robots":{"index":"index","follow":"follow","max-snippet":"max-snippet:-1","max-image-preview":"max-image-preview:large","max-video-preview":"max-video-preview:-1"},"canonical":"https:\/\/www.skillscompetencescanada.com\/fr\/equipe-canada\/team-canada-dans-les-medias\/","schema":{"@context":"https:\/\/schema.org","@graph":[{"@type":"WebPage","@id":"https:\/\/www.skillscompetencescanada.com\/fr\/equipe-canada\/team-canada-dans-les-medias\/","url":"https:\/\/www.skillscompetencescanada.com\/fr\/equipe-canada\/team-canada-dans-les-medias\/","name":"Team Canada dans les M\u00e9dias - Skills Competences Canada","isPartOf":{"@id":"https:\/\/www.skillscompetencescanada.com\/fr\/#website"},"primaryImageOfPage":{"@id":"https:\/\/www.skillscompetencescanada.com\/fr\/equipe-canada\/team-canada-dans-les-medias\/#primaryimage"},"image":{"@id":"https:\/\/www.skillscompetencescanada.com\/fr\/equipe-canada\/team-canada-dans-les-medias\/#primaryimage"},"thumbnailUrl":"https:\/\/www.skillscompetencescanada.com\/wp-content\/uploads\/2021\/03\/default_grey.png","datePublished":"2016-12-12T14:25:29+00:00","dateModified":"2016-12-16T16:24:02+00:00","breadcrumb":{"@id":"https:\/\/www.skillscompetencescanada.com\/fr\/equipe-canada\/team-canada-dans-les-medias\/#breadcrumb"},"inLanguage":"fr-FR","potentialAction":[{"@type":"ReadAction","target":["https:\/\/www.skillscompetencescanada.com\/fr\/equipe-canada\/team-canada-dans-les-medias\/"]}]},{"@type":"ImageObject","inLanguage":"fr-FR","@id":"https:\/\/www.skillscompetencescanada.com\/fr\/equipe-canada\/team-canada-dans-les-medias\/#primaryimage","url":"https:\/\/www.skillscompetencescanada.com\/wp-content\/uploads\/2021\/03\/default_grey.png","contentUrl":"https:\/\/www.skillscompetencescanada.com\/wp-content\/uploads\/2021\/03\/default_grey.png","width":1087,"height":540},{"@type":"BreadcrumbList","@id":"https:\/\/www.skillscompetencescanada.com\/fr\/equipe-canada\/team-canada-dans-les-medias\/#breadcrumb","itemListElement":[{"@type":"ListItem","position":1,"name":"Home","item":"https:\/\/www.skillscompetencescanada.com\/fr\/"},{"@type":"ListItem","position":2,"name":"\u00c9quipe Canada","item":"https:\/\/www.skillscompetencescanada.com\/fr\/equipe-canada\/"},{"@type":"ListItem","position":3,"name":"Team Canada dans les M\u00e9dias"}]},{"@type":"WebSite","@id":"https:\/\/www.skillscompetencescanada.com\/fr\/#website","url":"https:\/\/www.skillscompetencescanada.com\/fr\/","name":"Skills Competences Canada","description":"","publisher":{"@id":"https:\/\/www.skillscompetencescanada.com\/fr\/#organization"},"potentialAction":[{"@type":"SearchAction","target":{"@type":"EntryPoint","urlTemplate":"https:\/\/www.skillscompetencescanada.com\/fr\/?s={search_term_string}"},"query-input":{"@type":"PropertyValueSpecification","valueRequired":true,"valueName":"search_term_string"}}],"inLanguage":"fr-FR"},{"@type":"Organization","@id":"https:\/\/www.skillscompetencescanada.com\/fr\/#organization","name":"skills competences canada","url":"https:\/\/www.skillscompetencescanada.com\/fr\/","logo":{"@type":"ImageObject","inLanguage":"fr-FR","@id":"https:\/\/www.skillscompetencescanada.com\/fr\/#\/schema\/logo\/image\/","url":"http:\/\/skillscompetencescanada.com\/wp-content\/uploads\/2016\/09\/avatar-admin-96x96-1.jpg","contentUrl":"http:\/\/skillscompetencescanada.com\/wp-content\/uploads\/2016\/09\/avatar-admin-96x96-1.jpg","width":96,"height":96,"caption":"skills competences canada"},"image":{"@id":"https:\/\/www.skillscompetencescanada.com\/fr\/#\/schema\/logo\/image\/"}}]}},"_links":{"self":[{"href":"https:\/\/www.skillscompetencescanada.com\/fr\/wp-json\/wp\/v2\/pages\/3428","targetHints":{"allow":["GET"]}}],"collection":[{"href":"https:\/\/www.skillscompetencescanada.com\/fr\/wp-json\/wp\/v2\/pages"}],"about":[{"href":"https:\/\/www.skillscompetencescanada.com\/fr\/wp-json\/wp\/v2\/types\/page"}],"author":[{"embeddable":true,"href":"https:\/\/www.skillscompetencescanada.com\/fr\/wp-json\/wp\/v2\/users\/1"}],"replies":[{"embeddable":true,"href":"https:\/\/www.skillscompetencescanada.com\/fr\/wp-json\/wp\/v2\/comments?post=3428"}],"version-history":[{"count":0,"href":"https:\/\/www.skillscompetencescanada.com\/fr\/wp-json\/wp\/v2\/pages\/3428\/revisions"}],"up":[{"embeddable":true,"href":"https:\/\/www.skillscompetencescanada.com\/fr\/wp-json\/wp\/v2\/pages\/2748"}],"wp:featuredmedia":[{"embeddable":true,"href":"https:\/\/www.skillscompetencescanada.com\/fr\/wp-json\/wp\/v2\/media\/77775"}],"wp:attachment":[{"href":"https:\/\/www.skillscompetencescanada.com\/fr\/wp-json\/wp\/v2\/media?parent=3428"}],"curies":[{"name":"wp","href":"https:\/\/api.w.org\/{rel}","templated":true}]}}