{"id":377,"date":"2016-09-15T15:43:18","date_gmt":"2016-09-15T19:43:18","guid":{"rendered":"http:\/\/skillsdev.ifpt.org\/?page_id=377"},"modified":"2025-08-14T14:49:23","modified_gmt":"2025-08-14T18:49:23","slug":"assemblee-des-jeunes","status":"publish","type":"page","link":"https:\/\/www.skillscompetencescanada.com\/fr\/assemblee-des-jeunes\/","title":{"rendered":"Assembl\u00e9e des jeunes sur les Comp\u00e9tences pour r\u00e9ussir"},"content":{"rendered":"<div id=\"pl-377\"  class=\"panel-layout\" ><div id=\"pg-377-0\"  class=\"panel-grid panel-no-style\" ><div id=\"pgc-377-0-0\"  class=\"panel-grid-cell\" ><div id=\"panel-377-0-0-0\" class=\"so-panel widget widget_sow-editor panel-first-child panel-last-child\" data-index=\"0\" ><div\n\t\t\t\n\t\t\tclass=\"so-widget-sow-editor so-widget-sow-editor-base\"\n\t\t\t\n\t\t>\n<div class=\"siteorigin-widget-tinymce textwidget\">\n\t<p>&nbsp;<\/p>\n<p><div class=\"ast-oembed-container \" style=\"height: 100%;\"><iframe title=\"Learn about the Skills for Success Youth Assembly!\" width=\"500\" height=\"281\" src=\"https:\/\/www.youtube.com\/embed\/CvOpo5BSr8w?feature=oembed\" frameborder=\"0\" allow=\"accelerometer; autoplay; clipboard-write; encrypted-media; gyroscope; picture-in-picture; web-share\" referrerpolicy=\"strict-origin-when-cross-origin\" allowfullscreen><\/iframe><\/div>\n<\/p>\n<p><b><span data-contrast=\"none\">Tenu en marge des <\/span><\/b><a href=\"https:\/\/www.skillscompetencescanada.com\/fr\/calendars\/category\/olympiades-canadiennes-metiers-technologies\/\"><b><span data-contrast=\"none\">Olympiades canadiennes des m\u00e9tiers et des technologies<\/span><\/b><\/a><b><span data-contrast=\"none\">, l'Assembl\u00e9e des jeunes sur les Comp\u00e9tences pour r\u00e9ussir est une tribune permettant \u00e0 de jeunes adultes, \u00e2g\u00e9s de 18 \u00e0 22 ans, de discuter des programmes actuels de Skills\/Comp\u00e9tences Canada (SCC).<\/span><\/b><span data-ccp-props=\"{&quot;201341983&quot;:1,&quot;335559739&quot;:160,&quot;335559740&quot;:360}\">\u00a0<\/span><\/p>\n<p><span data-contrast=\"none\">L\u2019objectif des participants, qui repr\u00e9sentent les diverses r\u00e9gions du pays, est de formuler des recommandations pour l\u2019am\u00e9lioration des activit\u00e9s de SCC. Les discussions se d\u00e9roulent selon des crit\u00e8res \u00e9tablis au pr\u00e9alable qui varient d\u2019une ann\u00e9e \u00e0 l\u2019autre. Les r\u00e9sultats de L'Assembl\u00e9e constituent l\u2019\u00e9bauche des mesures que pourront prendre SCC et ses organismes membres en vue de mieux refl\u00e9ter les id\u00e9es des jeunes d\u2019aujourd\u2019hui et les r\u00e9alit\u00e9s des m\u00e9tiers et des technologies.<\/span><span data-ccp-props=\"{&quot;201341983&quot;:1,&quot;335559739&quot;:160,&quot;335559740&quot;:360}\">\u00a0<\/span><\/p>\n<p><span data-contrast=\"none\">L'Assembl\u00e9e est plus qu\u2019une rencontre unique pour dialoguer. Il est devenu un cercle de r\u00e9flexion r\u00e9unissant des jeunes talentueux qui discutent des gens qui \u00e9voluent dans l\u2019univers des m\u00e9tiers et des technologies au Canada. Le legs de L'Assembl\u00e9e est durable : il constitue une occasion de r\u00e9seautage o\u00f9 se forment de solides relations et o\u00f9 se r\u00e9v\u00e8lent des possibilit\u00e9s de leadership.<\/span><span data-ccp-props=\"{&quot;201341983&quot;:1,&quot;335559739&quot;:160,&quot;335559740&quot;:360}\">\u00a0<\/span><\/p>\n<p><em>Pour plus d\u2019information, contactez la directrice desprogrammes et de la diversti\u00e9 et l\u2019inclusion : Marisa Sosa, <a href=\"mailto:marisas@skillscanada.com\"><b>marisas@skillscanada.com<\/b><\/a>\u00a0<\/em><\/p>\n<h2 style=\"text-align: center;\"><\/h2>\n<\/div>\n<\/div><\/div><\/div><\/div><div id=\"pg-377-1\"  class=\"panel-grid panel-no-style\" ><div id=\"pgc-377-1-0\"  class=\"panel-grid-cell\" ><div id=\"panel-377-1-0-0\" class=\"so-panel widget widget_sow-editor panel-first-child panel-last-child\" data-index=\"1\" ><div\n\t\t\t\n\t\t\tclass=\"so-widget-sow-editor so-widget-sow-editor-base\"\n\t\t\t\n\t\t>\n<div class=\"siteorigin-widget-tinymce textwidget\">\n\t<p><img decoding=\"async\" class=\"alignnone wp-image-100929 size-medium\" src=\"https:\/\/www.skillscompetencescanada.com\/wp-content\/uploads\/2023\/04\/1-539x360.png\" alt=\"\" width=\"539\" height=\"360\" srcset=\"https:\/\/www.skillscompetencescanada.com\/wp-content\/uploads\/2023\/04\/1-539x360.png 539w, https:\/\/www.skillscompetencescanada.com\/wp-content\/uploads\/2023\/04\/1-1079x720.png 1079w, https:\/\/www.skillscompetencescanada.com\/wp-content\/uploads\/2023\/04\/1-768x513.png 768w, https:\/\/www.skillscompetencescanada.com\/wp-content\/uploads\/2023\/04\/1-1536x1025.png 1536w, https:\/\/www.skillscompetencescanada.com\/wp-content\/uploads\/2023\/04\/1-2048x1367.png 2048w, https:\/\/www.skillscompetencescanada.com\/wp-content\/uploads\/2023\/04\/1-272x182.png 272w\" sizes=\"(max-width: 539px) 100vw, 539px\" \/><\/p>\n<\/div>\n<\/div><\/div><\/div><div id=\"pgc-377-1-1\"  class=\"panel-grid-cell\" ><div id=\"panel-377-1-1-0\" class=\"so-panel widget widget_sow-editor panel-first-child panel-last-child\" data-index=\"2\" ><div\n\t\t\t\n\t\t\tclass=\"so-widget-sow-editor so-widget-sow-editor-base\"\n\t\t\t\n\t\t>\n<div class=\"siteorigin-widget-tinymce textwidget\">\n\t<p><img decoding=\"async\" class=\"alignleft size-medium wp-image-65443\" src=\"https:\/\/www.skillscompetencescanada.com\/wp-content\/uploads\/2019\/07\/SCNC19-ESYA4-539x360.jpg\" alt=\"\" width=\"539\" height=\"360\" srcset=\"https:\/\/www.skillscompetencescanada.com\/wp-content\/uploads\/2019\/07\/SCNC19-ESYA4-539x360.jpg 539w, https:\/\/www.skillscompetencescanada.com\/wp-content\/uploads\/2019\/07\/SCNC19-ESYA4-768x513.jpg 768w, https:\/\/www.skillscompetencescanada.com\/wp-content\/uploads\/2019\/07\/SCNC19-ESYA4-1079x720.jpg 1079w, https:\/\/www.skillscompetencescanada.com\/wp-content\/uploads\/2019\/07\/SCNC19-ESYA4-1200x801.jpg 1200w, https:\/\/www.skillscompetencescanada.com\/wp-content\/uploads\/2019\/07\/SCNC19-ESYA4-272x182.jpg 272w\" sizes=\"(max-width: 539px) 100vw, 539px\" \/><\/p>\n<\/div>\n<\/div><\/div><\/div><\/div><div id=\"pg-377-2\"  class=\"panel-grid panel-no-style\" ><div id=\"pgc-377-2-0\"  class=\"panel-grid-cell\" ><div id=\"panel-377-2-0-0\" class=\"so-panel widget widget_sow-editor panel-first-child panel-last-child\" data-index=\"3\" ><div\n\t\t\t\n\t\t\tclass=\"so-widget-sow-editor so-widget-sow-editor-base\"\n\t\t\t\n\t\t>\n<div class=\"siteorigin-widget-tinymce textwidget\">\n\t<p><img decoding=\"async\" class=\"alignleft size-medium wp-image-65444\" src=\"https:\/\/www.skillscompetencescanada.com\/wp-content\/uploads\/2019\/07\/SCNC19-ESYA3-539x360.jpg\" alt=\"\" width=\"539\" height=\"360\" srcset=\"https:\/\/www.skillscompetencescanada.com\/wp-content\/uploads\/2019\/07\/SCNC19-ESYA3-539x360.jpg 539w, https:\/\/www.skillscompetencescanada.com\/wp-content\/uploads\/2019\/07\/SCNC19-ESYA3-768x513.jpg 768w, https:\/\/www.skillscompetencescanada.com\/wp-content\/uploads\/2019\/07\/SCNC19-ESYA3-1079x720.jpg 1079w, https:\/\/www.skillscompetencescanada.com\/wp-content\/uploads\/2019\/07\/SCNC19-ESYA3-1200x801.jpg 1200w, https:\/\/www.skillscompetencescanada.com\/wp-content\/uploads\/2019\/07\/SCNC19-ESYA3-272x182.jpg 272w\" sizes=\"(max-width: 539px) 100vw, 539px\" \/><\/p>\n<\/div>\n<\/div><\/div><\/div><div id=\"pgc-377-2-1\"  class=\"panel-grid-cell\" ><div id=\"panel-377-2-1-0\" class=\"so-panel widget widget_sow-editor panel-first-child panel-last-child\" data-index=\"4\" ><div\n\t\t\t\n\t\t\tclass=\"so-widget-sow-editor so-widget-sow-editor-base\"\n\t\t\t\n\t\t>\n<div class=\"siteorigin-widget-tinymce textwidget\">\n\t<p><img decoding=\"async\" class=\"alignnone wp-image-100931 size-medium\" src=\"https:\/\/www.skillscompetencescanada.com\/wp-content\/uploads\/2023\/04\/2-539x360.png\" alt=\"\" width=\"539\" height=\"360\" srcset=\"https:\/\/www.skillscompetencescanada.com\/wp-content\/uploads\/2023\/04\/2-539x360.png 539w, https:\/\/www.skillscompetencescanada.com\/wp-content\/uploads\/2023\/04\/2-1079x720.png 1079w, https:\/\/www.skillscompetencescanada.com\/wp-content\/uploads\/2023\/04\/2-768x513.png 768w, https:\/\/www.skillscompetencescanada.com\/wp-content\/uploads\/2023\/04\/2-1536x1025.png 1536w, https:\/\/www.skillscompetencescanada.com\/wp-content\/uploads\/2023\/04\/2-2048x1367.png 2048w, https:\/\/www.skillscompetencescanada.com\/wp-content\/uploads\/2023\/04\/2-272x182.png 272w\" sizes=\"(max-width: 539px) 100vw, 539px\" \/><\/p>\n<\/div>\n<\/div><\/div><\/div><\/div><div id=\"pg-377-3\"  class=\"panel-grid panel-no-style\" ><div id=\"pgc-377-3-0\"  class=\"panel-grid-cell\" ><div id=\"panel-377-3-0-0\" class=\"so-panel widget widget_sow-editor panel-first-child panel-last-child\" data-index=\"5\" ><div\n\t\t\t\n\t\t\tclass=\"so-widget-sow-editor so-widget-sow-editor-base\"\n\t\t\t\n\t\t>\n<div class=\"siteorigin-widget-tinymce textwidget\">\n\t<\/div>\n<\/div><\/div><\/div><div id=\"pgc-377-3-1\"  class=\"panel-grid-cell\" ><div id=\"panel-377-3-1-0\" class=\"so-panel widget widget_sow-editor panel-first-child panel-last-child\" data-index=\"6\" ><div\n\t\t\t\n\t\t\tclass=\"so-widget-sow-editor so-widget-sow-editor-base\"\n\t\t\t\n\t\t>\n<div class=\"siteorigin-widget-tinymce textwidget\">\n\t<\/div>\n<\/div><\/div><\/div><\/div><\/div>","protected":false},"excerpt":{"rendered":"<p>&nbsp; https:\/\/youtu.be\/CvOpo5BSr8w Tenu en marge des Olympiades canadiennes des m\u00e9tiers et des technologies, l&rsquo;Assembl\u00e9e des jeunes sur les Comp\u00e9tences pour r\u00e9ussir est une tribune permettant \u00e0 de jeunes adultes, \u00e2g\u00e9s<\/p>\n","protected":false},"author":1,"featured_media":77775,"parent":0,"menu_order":0,"comment_status":"closed","ping_status":"closed","template":"","meta":{"_acf_changed":false,"site-sidebar-layout":"default","site-content-layout":"default","ast-site-content-layout":"default","site-content-style":"default","site-sidebar-style":"default","ast-global-header-display":"","ast-banner-title-visibility":"","ast-main-header-display":"","ast-hfb-above-header-display":"","ast-hfb-below-header-display":"","ast-hfb-mobile-header-display":"","site-post-title":"","ast-breadcrumbs-content":"","ast-featured-img":"","footer-sml-layout":"","ast-disable-related-posts":"","theme-transparent-header-meta":"default","adv-header-id-meta":"","stick-header-meta":"default","header-above-stick-meta":"","header-main-stick-meta":"","header-below-stick-meta":"","astra-migrate-meta-layouts":"set","ast-page-background-enabled":"default","ast-page-background-meta":{"desktop":{"background-color":"","background-image":"","background-repeat":"repeat","background-position":"center center","background-size":"auto","background-attachment":"scroll","background-type":"","background-media":"","overlay-type":"","overlay-color":"","overlay-opacity":"","overlay-gradient":""},"tablet":{"background-color":"","background-image":"","background-repeat":"repeat","background-position":"center center","background-size":"auto","background-attachment":"scroll","background-type":"","background-media":"","overlay-type":"","overlay-color":"","overlay-opacity":"","overlay-gradient":""},"mobile":{"background-color":"","background-image":"","background-repeat":"repeat","background-position":"center center","background-size":"auto","background-attachment":"scroll","background-type":"","background-media":"","overlay-type":"","overlay-color":"","overlay-opacity":"","overlay-gradient":""}},"ast-content-background-meta":{"desktop":{"background-color":"var(--ast-global-color-5)","background-image":"","background-repeat":"repeat","background-position":"center center","background-size":"auto","background-attachment":"scroll","background-type":"","background-media":"","overlay-type":"","overlay-color":"","overlay-opacity":"","overlay-gradient":""},"tablet":{"background-color":"var(--ast-global-color-5)","background-image":"","background-repeat":"repeat","background-position":"center center","background-size":"auto","background-attachment":"scroll","background-type":"","background-media":"","overlay-type":"","overlay-color":"","overlay-opacity":"","overlay-gradient":""},"mobile":{"background-color":"var(--ast-global-color-5)","background-image":"","background-repeat":"repeat","background-position":"center center","background-size":"auto","background-attachment":"scroll","background-type":"","background-media":"","overlay-type":"","overlay-color":"","overlay-opacity":"","overlay-gradient":""}},"footnotes":""},"class_list":["post-377","page","type-page","status-publish","has-post-thumbnail","hentry"],"acf":[],"yoast_head":"<!-- This site is optimized with the Yoast SEO plugin v27.1.1 - https:\/\/yoast.com\/product\/yoast-seo-wordpress\/ -->\n<title>Assembl\u00e9e des jeunes sur les Comp\u00e9tences pour r\u00e9ussir - Skills Competences Canada<\/title>\n<meta name=\"robots\" content=\"index, follow, max-snippet:-1, max-image-preview:large, max-video-preview:-1\" \/>\n<link rel=\"canonical\" href=\"https:\/\/www.skillscompetencescanada.com\/fr\/assemblee-des-jeunes\/\" \/>\n<meta name=\"twitter:label1\" content=\"Dur\u00e9e de lecture estim\u00e9e\" \/>\n\t<meta name=\"twitter:data1\" content=\"3 minutes\" \/>\n<script type=\"application\/ld+json\" class=\"yoast-schema-graph\">{\"@context\":\"https:\/\/schema.org\",\"@graph\":[{\"@type\":\"WebPage\",\"@id\":\"https:\/\/www.skillscompetencescanada.com\/fr\/assemblee-des-jeunes\/\",\"url\":\"https:\/\/www.skillscompetencescanada.com\/fr\/assemblee-des-jeunes\/\",\"name\":\"Assembl\u00e9e des jeunes sur les Comp\u00e9tences pour r\u00e9ussir - Skills Competences Canada\",\"isPartOf\":{\"@id\":\"https:\/\/www.skillscompetencescanada.com\/fr\/#website\"},\"primaryImageOfPage\":{\"@id\":\"https:\/\/www.skillscompetencescanada.com\/fr\/assemblee-des-jeunes\/#primaryimage\"},\"image\":{\"@id\":\"https:\/\/www.skillscompetencescanada.com\/fr\/assemblee-des-jeunes\/#primaryimage\"},\"thumbnailUrl\":\"https:\/\/www.skillscompetencescanada.com\/wp-content\/uploads\/2021\/03\/default_grey.png\",\"datePublished\":\"2016-09-15T19:43:18+00:00\",\"dateModified\":\"2025-08-14T18:49:23+00:00\",\"breadcrumb\":{\"@id\":\"https:\/\/www.skillscompetencescanada.com\/fr\/assemblee-des-jeunes\/#breadcrumb\"},\"inLanguage\":\"fr-FR\",\"potentialAction\":[{\"@type\":\"ReadAction\",\"target\":[\"https:\/\/www.skillscompetencescanada.com\/fr\/assemblee-des-jeunes\/\"]}]},{\"@type\":\"ImageObject\",\"inLanguage\":\"fr-FR\",\"@id\":\"https:\/\/www.skillscompetencescanada.com\/fr\/assemblee-des-jeunes\/#primaryimage\",\"url\":\"https:\/\/www.skillscompetencescanada.com\/wp-content\/uploads\/2021\/03\/default_grey.png\",\"contentUrl\":\"https:\/\/www.skillscompetencescanada.com\/wp-content\/uploads\/2021\/03\/default_grey.png\",\"width\":1087,\"height\":540},{\"@type\":\"BreadcrumbList\",\"@id\":\"https:\/\/www.skillscompetencescanada.com\/fr\/assemblee-des-jeunes\/#breadcrumb\",\"itemListElement\":[{\"@type\":\"ListItem\",\"position\":1,\"name\":\"Home\",\"item\":\"https:\/\/www.skillscompetencescanada.com\/fr\/\"},{\"@type\":\"ListItem\",\"position\":2,\"name\":\"Assembl\u00e9e des jeunes sur les Comp\u00e9tences pour r\u00e9ussir\"}]},{\"@type\":\"WebSite\",\"@id\":\"https:\/\/www.skillscompetencescanada.com\/fr\/#website\",\"url\":\"https:\/\/www.skillscompetencescanada.com\/fr\/\",\"name\":\"Skills Competences Canada\",\"description\":\"\",\"publisher\":{\"@id\":\"https:\/\/www.skillscompetencescanada.com\/fr\/#organization\"},\"potentialAction\":[{\"@type\":\"SearchAction\",\"target\":{\"@type\":\"EntryPoint\",\"urlTemplate\":\"https:\/\/www.skillscompetencescanada.com\/fr\/?s={search_term_string}\"},\"query-input\":{\"@type\":\"PropertyValueSpecification\",\"valueRequired\":true,\"valueName\":\"search_term_string\"}}],\"inLanguage\":\"fr-FR\"},{\"@type\":\"Organization\",\"@id\":\"https:\/\/www.skillscompetencescanada.com\/fr\/#organization\",\"name\":\"skills competences canada\",\"url\":\"https:\/\/www.skillscompetencescanada.com\/fr\/\",\"logo\":{\"@type\":\"ImageObject\",\"inLanguage\":\"fr-FR\",\"@id\":\"https:\/\/www.skillscompetencescanada.com\/fr\/#\/schema\/logo\/image\/\",\"url\":\"http:\/\/skillscompetencescanada.com\/wp-content\/uploads\/2016\/09\/avatar-admin-96x96-1.jpg\",\"contentUrl\":\"http:\/\/skillscompetencescanada.com\/wp-content\/uploads\/2016\/09\/avatar-admin-96x96-1.jpg\",\"width\":96,\"height\":96,\"caption\":\"skills competences canada\"},\"image\":{\"@id\":\"https:\/\/www.skillscompetencescanada.com\/fr\/#\/schema\/logo\/image\/\"}}]}<\/script>\n<!-- \/ Yoast SEO plugin. -->","yoast_head_json":{"title":"Assembl\u00e9e des jeunes sur les Comp\u00e9tences pour r\u00e9ussir - Skills Competences Canada","robots":{"index":"index","follow":"follow","max-snippet":"max-snippet:-1","max-image-preview":"max-image-preview:large","max-video-preview":"max-video-preview:-1"},"canonical":"https:\/\/www.skillscompetencescanada.com\/fr\/assemblee-des-jeunes\/","twitter_misc":{"Dur\u00e9e de lecture estim\u00e9e":"3 minutes"},"schema":{"@context":"https:\/\/schema.org","@graph":[{"@type":"WebPage","@id":"https:\/\/www.skillscompetencescanada.com\/fr\/assemblee-des-jeunes\/","url":"https:\/\/www.skillscompetencescanada.com\/fr\/assemblee-des-jeunes\/","name":"Assembl\u00e9e des jeunes sur les Comp\u00e9tences pour r\u00e9ussir - Skills Competences Canada","isPartOf":{"@id":"https:\/\/www.skillscompetencescanada.com\/fr\/#website"},"primaryImageOfPage":{"@id":"https:\/\/www.skillscompetencescanada.com\/fr\/assemblee-des-jeunes\/#primaryimage"},"image":{"@id":"https:\/\/www.skillscompetencescanada.com\/fr\/assemblee-des-jeunes\/#primaryimage"},"thumbnailUrl":"https:\/\/www.skillscompetencescanada.com\/wp-content\/uploads\/2021\/03\/default_grey.png","datePublished":"2016-09-15T19:43:18+00:00","dateModified":"2025-08-14T18:49:23+00:00","breadcrumb":{"@id":"https:\/\/www.skillscompetencescanada.com\/fr\/assemblee-des-jeunes\/#breadcrumb"},"inLanguage":"fr-FR","potentialAction":[{"@type":"ReadAction","target":["https:\/\/www.skillscompetencescanada.com\/fr\/assemblee-des-jeunes\/"]}]},{"@type":"ImageObject","inLanguage":"fr-FR","@id":"https:\/\/www.skillscompetencescanada.com\/fr\/assemblee-des-jeunes\/#primaryimage","url":"https:\/\/www.skillscompetencescanada.com\/wp-content\/uploads\/2021\/03\/default_grey.png","contentUrl":"https:\/\/www.skillscompetencescanada.com\/wp-content\/uploads\/2021\/03\/default_grey.png","width":1087,"height":540},{"@type":"BreadcrumbList","@id":"https:\/\/www.skillscompetencescanada.com\/fr\/assemblee-des-jeunes\/#breadcrumb","itemListElement":[{"@type":"ListItem","position":1,"name":"Home","item":"https:\/\/www.skillscompetencescanada.com\/fr\/"},{"@type":"ListItem","position":2,"name":"Assembl\u00e9e des jeunes sur les Comp\u00e9tences pour r\u00e9ussir"}]},{"@type":"WebSite","@id":"https:\/\/www.skillscompetencescanada.com\/fr\/#website","url":"https:\/\/www.skillscompetencescanada.com\/fr\/","name":"Skills Competences Canada","description":"","publisher":{"@id":"https:\/\/www.skillscompetencescanada.com\/fr\/#organization"},"potentialAction":[{"@type":"SearchAction","target":{"@type":"EntryPoint","urlTemplate":"https:\/\/www.skillscompetencescanada.com\/fr\/?s={search_term_string}"},"query-input":{"@type":"PropertyValueSpecification","valueRequired":true,"valueName":"search_term_string"}}],"inLanguage":"fr-FR"},{"@type":"Organization","@id":"https:\/\/www.skillscompetencescanada.com\/fr\/#organization","name":"skills competences canada","url":"https:\/\/www.skillscompetencescanada.com\/fr\/","logo":{"@type":"ImageObject","inLanguage":"fr-FR","@id":"https:\/\/www.skillscompetencescanada.com\/fr\/#\/schema\/logo\/image\/","url":"http:\/\/skillscompetencescanada.com\/wp-content\/uploads\/2016\/09\/avatar-admin-96x96-1.jpg","contentUrl":"http:\/\/skillscompetencescanada.com\/wp-content\/uploads\/2016\/09\/avatar-admin-96x96-1.jpg","width":96,"height":96,"caption":"skills competences canada"},"image":{"@id":"https:\/\/www.skillscompetencescanada.com\/fr\/#\/schema\/logo\/image\/"}}]}},"_links":{"self":[{"href":"https:\/\/www.skillscompetencescanada.com\/fr\/wp-json\/wp\/v2\/pages\/377","targetHints":{"allow":["GET"]}}],"collection":[{"href":"https:\/\/www.skillscompetencescanada.com\/fr\/wp-json\/wp\/v2\/pages"}],"about":[{"href":"https:\/\/www.skillscompetencescanada.com\/fr\/wp-json\/wp\/v2\/types\/page"}],"author":[{"embeddable":true,"href":"https:\/\/www.skillscompetencescanada.com\/fr\/wp-json\/wp\/v2\/users\/1"}],"replies":[{"embeddable":true,"href":"https:\/\/www.skillscompetencescanada.com\/fr\/wp-json\/wp\/v2\/comments?post=377"}],"version-history":[{"count":0,"href":"https:\/\/www.skillscompetencescanada.com\/fr\/wp-json\/wp\/v2\/pages\/377\/revisions"}],"wp:featuredmedia":[{"embeddable":true,"href":"https:\/\/www.skillscompetencescanada.com\/fr\/wp-json\/wp\/v2\/media\/77775"}],"wp:attachment":[{"href":"https:\/\/www.skillscompetencescanada.com\/fr\/wp-json\/wp\/v2\/media?parent=377"}],"curies":[{"name":"wp","href":"https:\/\/api.w.org\/{rel}","templated":true}]}}