{"id":503,"date":"2016-09-28T10:07:24","date_gmt":"2016-09-28T14:07:24","guid":{"rendered":"http:\/\/skillsdev.ifpt.org\/?page_id=503"},"modified":"2020-11-03T12:56:08","modified_gmt":"2020-11-03T17:56:08","slug":"ressources-pour-les-medias","status":"publish","type":"page","link":"https:\/\/www.skillscompetencescanada.com\/fr\/ressources-pour-les-medias\/","title":{"rendered":"Ressources pour les m\u00e9dias"},"content":{"rendered":"<div id=\"pl-503\" class=\"panel-layout\">\n<div id=\"pg-503-0\" class=\"panel-grid panel-no-style\">\n<div id=\"pgc-503-0-0\" class=\"panel-grid-cell\">\n<div id=\"panel-503-0-0-0\" class=\"so-panel widget widget_sow-editor panel-first-child panel-last-child\">\n<div class=\"so-widget-sow-editor so-widget-sow-editor-base\">\n<h3>Semaine nationale des m\u00e9tiers sp\u00e9cialis\u00e9s et des technologies 2020<\/h3>\n<ul>\n<li><a href=\"https:\/\/www.skillscompetencescanada.com\/wp-content\/uploads\/2020\/11\/NSTTW-2020-One-Pager_Fr_031120.pdf\" target=\"_blank\" rel=\"noopener noreferrer\">Semaine nationale des m\u00e9tiers sp\u00e9cialis\u00e9s et des technologies 2020<\/a><\/li>\n<li><a href=\"https:\/\/www.skillscompetencescanada.com\/wp-content\/uploads\/2020\/11\/NSTTW-2020-Spokespeople_F_031120-1.pdf\" target=\"_blank\" rel=\"noopener noreferrer\">Aper\u00e7u des porte-paroles de la SNMST<\/a><\/li>\n<li><a href=\"https:\/\/www.skillscompetencescanada.com\/wp-content\/uploads\/2020\/10\/About-SCC_F.pdf\" target=\"_blank\" rel=\"noopener noreferrer\">\u00c0 propos de Skills\/Comp\u00e9tences Canada<\/a><\/li>\n<li><a href=\"https:\/\/www.skillscompetencescanada.com\/wp-content\/uploads\/2020\/10\/SCNC-2021_One-Pager_Fr.pdf\" target=\"_blank\" rel=\"noopener noreferrer\">Olympiades canadiennes des m\u00e9tiers sp\u00e9cialis\u00e9s et des technologies 2021<\/a><\/li>\n<li><a href=\"https:\/\/www.skillscompetencescanada.com\/wp-content\/uploads\/2020\/10\/ES_Digital_F.pdf\" target=\"_blank\" rel=\"noopener noreferrer\">Comp\u00e9tences essentielles\u00a0: comp\u00e9tences num\u00e9riques<\/a><\/li>\n<li><a href=\"https:\/\/www.skillscompetencescanada.com\/wp-content\/uploads\/2020\/10\/ES-91_F.pdf\" target=\"_blank\" rel=\"noopener noreferrer\">Comp\u00e9tences essentielles\u00a0: 9 + 1<\/a><\/li>\n<\/ul>\n<h3><strong>Olympiades canadiennes des m\u00e9tiers et des technologies 2020, \u00e0 Vancouver (Annul\u00e9)<\/strong><\/h3>\n<ul>\n<li><a href=\"https:\/\/www.skillscompetencescanada.com\/en\/media-resources\/attachment\/scc_scnc2020_notice-avis_160320\/\" rel=\"attachment wp-att-68915\">Avis d\u2019annulation: Les OCMT2020<\/a><\/li>\n<li><a href=\"https:\/\/www.skillscompetencescanada.com\/fr\/ressources-pour-les-medias\/attachment\/scc-about-one-pager-web_fr-1\/\" rel=\"attachment wp-att-68608\">\u00c0 propos de Skills\/Comp\u00e9tences Canada<\/a><\/li>\n<li><a href=\"https:\/\/www.skillscompetencescanada.com\/fr\/ressources-pour-les-medias\/attachment\/scnc2020-one-pager-web_fr-2\/\" rel=\"attachment wp-att-68609\">Olympiades canadiennes des m\u00e9tiers sp\u00e9cialis\u00e9s et des technologies 2020, \u00e0 Vancouver<\/a><\/li>\n<li><a href=\"https:\/\/www.skillscompetencescanada.com\/fr\/ressources-pour-les-medias\/attachment\/worldskills-media-kit-one-pager_fr-1\/\" rel=\"attachment wp-att-68610\">Mondial des m\u00e9tiers 2021, \u00e0 Shanghai<\/a><\/li>\n<li><a href=\"https:\/\/www.skillscompetencescanada.com\/fr\/ressources-pour-les-medias\/attachment\/es-document-use-onepager_f\/\" rel=\"attachment wp-att-68675\">Comp\u00e9tences essentielles : l\u2019utilisation de documents<\/a><\/li>\n<li><a href=\"https:\/\/www.skillscompetencescanada.com\/fr\/ressources-pour-les-medias\/attachment\/es-91-onepager_f\/\" rel=\"attachment wp-att-68676\">Comp\u00e9tences essentielles : 9 + 1<\/a><\/li>\n<li><a href=\"https:\/\/www.skillscompetencescanada.com\/en\/media-resources\/attachment\/es-mobile-app-tool-bilingual\/\" rel=\"attachment wp-att-68673\">Application mobile pratique des comp\u00e9tences essentielles<\/a><\/li>\n<\/ul>\n<h3><strong>Semaine nationale des m\u00e9tiers sp\u00e9cialis\u00e9s et des technologies 2019<\/strong><\/h3>\n<ul>\n<li><a href=\"https:\/\/www.skillscompetencescanada.com\/wp-content\/uploads\/2019\/10\/NSTTW2019_Backgrounder_Fr_Graphic.pdf\">Semaine nationale des m\u00e9tiers sp\u00e9cialis\u00e9s et des technologies (SNMST) 2019<\/a><\/li>\n<li><a href=\"https:\/\/www.skillscompetencescanada.com\/wp-content\/uploads\/2019\/10\/NSTTW-Spokespeople_Fr_Final.pdf\">Aper\u00e7u des porte-paroles de la SNMST<\/a><\/li>\n<li><a href=\"https:\/\/www.skillscompetencescanada.com\/wp-content\/uploads\/2019\/10\/NSTTW2019_Media-Advisory_31october19_FR.pdf\">Avis aux m\u00e9dias<\/a><\/li>\n<li><a href=\"https:\/\/www.skillscompetencescanada.com\/wp-content\/uploads\/2019\/10\/SCNC2020-One-Pager-WEB_Fr.pdf\">\u00c0 propos de Skills\/Comp\u00e9tences Canada <\/a><\/li>\n<li><a href=\"https:\/\/www.skillscompetencescanada.com\/wp-content\/uploads\/2019\/10\/SCNC2020-One-Pager-WEB_Fr.pdf\">Olympiades canadiennes des m\u00e9tiers sp\u00e9cialis\u00e9s et des technologies 2020, \u00e0 Vancouver<\/a><\/li>\n<li><a href=\"https:\/\/www.skillscompetencescanada.com\/wp-content\/uploads\/2019\/10\/WorldSkills-Media-Kit-One-pager_Fr-1.pdf\">Mondial des m\u00e9tiers 2021, \u00e0 Shanghai<\/a><\/li>\n<li><a href=\"https:\/\/www.skillscompetencescanada.com\/wp-content\/uploads\/2019\/10\/PAP-ES-WorkReady2019-OnePager-85x11-FR-WEB.pdf\">Comp\u00e9tences essentielles : l\u2019utilisation de documents<\/a><\/li>\n<li><a href=\"https:\/\/www.skillscompetencescanada.com\/wp-content\/uploads\/2019\/10\/PAP-ES-WorkReady2019-OnePager-85x11-FR-WEB.pdf\">Comp\u00e9tences essentielles : 9 + 1<\/a><\/li>\n<li><a href=\"https:\/\/www.skillscompetencescanada.com\/wp-content\/uploads\/2019\/10\/ES-Mobile-App-Tool-BIL-WEB.pdf\">Application mobile pratique des comp\u00e9tences essentielles<\/a><\/li>\n<li><a href=\"https:\/\/www.skillscompetencescanada.com\/wp-content\/uploads\/2019\/10\/NSTTW2019-Passport_En.pdf\">Passeport des comp\u00e9tences essentielles (Anglais seulement)<\/a><\/li>\n<\/ul>\n<h3><strong>Olympiades canadiennes des m\u00e9tiers et des technologies 2019, \u00e0 Halifax<\/strong><\/h3>\n<ul>\n<li><a href=\"https:\/\/www.skillscompetencescanada.com\/wp-content\/uploads\/2019\/03\/ABOUTSCC-OnePager_FR.pdf\">\u00c0 propos de Skills\/Comp\u00e9tences Canada<\/a><\/li>\n<li><a href=\"https:\/\/www.skillscompetencescanada.com\/wp-content\/uploads\/2019\/03\/SCNC2019-One-Pager-WEB.pdf\">\u00c0 propos des Olympiades 2019, \u00e0 Halifax<\/a><a href=\"https:\/\/www.skillscompetencescanada.com\/wp-content\/uploads\/2019\/10\/NSTTW2019-Passport_En.pdf\">Passeport des comp\u00e9tences essentielles (Anglais seulement)<\/a><\/li>\n<li><a href=\"https:\/\/www.skillscompetencescanada.com\/wp-content\/uploads\/2019\/03\/WS2019-OnePager_Bilingual.pdf\">\u00c0 propos du Mondial des m\u00e9tiers 2019, \u00e0 Kazan<\/a><a href=\"https:\/\/www.skillscompetencescanada.com\/wp-content\/uploads\/2019\/10\/ES-Mobile-App-Tool-BIL-WEB.pdf\">Application mobile pratique des comp\u00e9tences essentielles<\/a><\/li>\n<li><a href=\"https:\/\/www.skillscompetencescanada.com\/wp-content\/uploads\/2019\/03\/PAP-ES-WorkReady-OnePager_FR.pdf\">Programme d\u2019employabilit\u00e9 des jeunes en mati\u00e8re de comp\u00e9tences essentielles<\/a><\/li>\n<li><a href=\"https:\/\/www.skillscompetencescanada.com\/wp-content\/uploads\/2019\/03\/ES-ContinuousLearning-OnePager_FR.pdf\">Comp\u00e9tence essentielle\u00a0: la formation continue<\/a><\/li>\n<li><a href=\"https:\/\/www.skillscompetencescanada.com\/wp-content\/uploads\/2019\/03\/ES-Mobile-App-Tool_Bilingual.pdf\">Application mobile pratique des comp\u00e9tences essentielles<\/a><\/li>\n<li><a href=\"https:\/\/www.skillscompetencescanada.com\/wp-content\/uploads\/2019\/03\/ES-Forum-2019-OnePager_FR.pdf\">Forum sur les comp\u00e9tences essentielles 2019<\/a><\/li>\n<li><a href=\"https:\/\/www.skillscompetencescanada.com\/wp-content\/uploads\/2019\/05\/SCNC2019-ES-Talks-Schedule_FR.pdf\" target=\"_blank\" rel=\"noopener noreferrer\">Parlons comp\u00e9tences essentielles<\/a><\/li>\n<li><a href=\"https:\/\/www.skillscompetencescanada.com\/wp-content\/uploads\/2019\/05\/SCNC2019-Information-for-Media_F.pdf\" target=\"_blank\" rel=\"noopener noreferrer\">Information importante pour les m\u00e9dias<\/a><\/li>\n<li><a href=\"https:\/\/www.skillscompetencescanada.com\/wp-content\/uploads\/2019\/05\/SCNC2019-Events-for-Media_FR.pdf\" target=\"_blank\" rel=\"noopener noreferrer\">Activit\u00e9s pr\u00e9sentant un int\u00e9r\u00eat pour les m\u00e9dias<\/a><\/li>\n<li><a href=\"https:\/\/www.skillscompetencescanada.com\/wp-content\/uploads\/2019\/05\/SCNC2019_Agenda_FR.pdf\" target=\"_blank\" rel=\"noopener noreferrer\">Programme des Olympiades<\/a><\/li>\n<li><a href=\"https:\/\/www.skillscompetencescanada.com\/wp-content\/uploads\/2019\/05\/SCNC2019-One-Pager-WEB_FR.pdf\" target=\"_blank\" rel=\"noopener noreferrer\">\u00c0 propos des Olympiades 2019, \u00e0 Halifax<\/a><\/li>\n<li><a href=\"https:\/\/www.skillscompetencescanada.com\/wp-content\/uploads\/2019\/05\/SCNC-Pathway.pdf\" target=\"_blank\" rel=\"noopener noreferrer\">Cheminement des comp\u00e9titions de comp\u00e9tences<\/a><\/li>\n<li><a href=\"https:\/\/www.skillscompetencescanada.com\/wp-content\/uploads\/2019\/05\/WS2019-OnePager_FR.pdf\" target=\"_blank\" rel=\"noopener noreferrer\">Mondial des m\u00e9tiers 2019, \u00e0 Kazan<\/a><\/li>\n<li><a href=\"https:\/\/www.skillscompetencescanada.com\/wp-content\/uploads\/2019\/05\/SCNC2019-Spokespeople_F_V2.pdf\" target=\"_blank\" rel=\"noopener noreferrer\">Biographies des porte-parole<\/a><\/li>\n<li><a href=\"https:\/\/www.skillscompetencescanada.com\/wp-content\/uploads\/2019\/05\/ABOUTSCC-OnePager_FR.pdf\" target=\"_blank\" rel=\"noopener noreferrer\">\u00c0 propos de Skills\/Comp\u00e9tences Canada<\/a><\/li>\n<li><a href=\"https:\/\/www.skillscompetencescanada.com\/wp-content\/uploads\/2019\/05\/SCNC2019-About-Skills-Canada-NS_Bilingual.pdf\" target=\"_blank\" rel=\"noopener noreferrer\">\u00c0 propos de Skills Canada Nouvelle-\u00c9cosse<\/a><\/li>\n<li><a href=\"https:\/\/www.skillscompetencescanada.com\/wp-content\/uploads\/2019\/05\/ES_Activities2019_FR.pdf\" target=\"_blank\" rel=\"noopener noreferrer\">Activit\u00e9s sur les comp\u00e9tences essentielles<\/a><\/li>\n<li><a href=\"https:\/\/www.skillscompetencescanada.com\/wp-content\/uploads\/2019\/05\/ES-ContinuousLearning-OnePager_FR.pdf\" target=\"_blank\" rel=\"noopener noreferrer\">\u00c0 propos de la formation continue<\/a><\/li>\n<li><a href=\"https:\/\/www.skillscompetencescanada.com\/wp-content\/uploads\/2019\/05\/PAP-ES-FastFacts2019-OnePager-_FR_6may19.pdf\" target=\"_blank\" rel=\"noopener noreferrer\">Comp\u00e9tences essentielles &#8211; faits \u00e9clairs<\/a><\/li>\n<li><a href=\"https:\/\/www.skillscompetencescanada.com\/wp-content\/uploads\/2019\/05\/ES-Forum-2019-OnePager_FR.pdf\" target=\"_blank\" rel=\"noopener noreferrer\">Forum sur les comp\u00e9tences essentielles<\/a><\/li>\n<li><a href=\"https:\/\/www.skillscompetencescanada.com\/wp-content\/uploads\/2019\/05\/PAP-ES-WorkReady-OnePager_FR_6may19.pdf\" target=\"_blank\" rel=\"noopener noreferrer\">Programme d\u2019employabilit\u00e9 des jeunes en mati\u00e8re de comp\u00e9tences essentielles<\/a><\/li>\n<li><a href=\"https:\/\/www.skillscompetencescanada.com\/wp-content\/uploads\/2019\/05\/SCNC2019-NAC_F.pdf\" target=\"_blank\" rel=\"noopener noreferrer\">Comit\u00e9 national des anciens et anciennes<\/a><\/li>\n<li><a href=\"https:\/\/www.skillscompetencescanada.com\/wp-content\/uploads\/2019\/05\/SCNC2019-Social-Media_Bilingual.pdf\" target=\"_blank\" rel=\"noopener noreferrer\">Information sur les m\u00e9dias sociaux<\/a><\/li>\n<li><a href=\"https:\/\/www.skillscompetencescanada.com\/wp-content\/uploads\/2019\/05\/SCNC2019-Winners-Circle_FR.pdf\" target=\"_blank\" rel=\"noopener noreferrer\">Cercle des gagnants<\/a><\/li>\n<li>Rouleaux B de l\u2019OCMT 2018<\/li>\n<\/ul>\n<\/div>\n<div class=\"so-widget-sow-editor so-widget-sow-editor-base\">\n<p><a class=\"btn btn-primary\" href=\"https:\/\/www.skillscompetencescanada.com\/en\/media-ressources-2018\/\">M\u00e9dia 2018<\/a><\/p>\n<p><a class=\"btn btn-primary\" href=\"https:\/\/www.skillscompetencescanada.com\/en\/media-ressources-2017\/\">M\u00e9dia 2017<\/a><\/p>\n<p>[youtube v=wYbCs1fdyQc]<\/p>\n<div class=\"siteorigin-widget-tinymce textwidget\"><\/div>\n<\/div>\n<\/div>\n<\/div>\n<div id=\"pgc-503-0-1\" class=\"panel-grid-cell\">\n<div id=\"panel-503-0-1-0\" class=\"so-panel widget widget_sow-editor panel-first-child panel-last-child\">\n<div class=\"so-widget-sow-editor so-widget-sow-editor-base\">\n<div class=\"siteorigin-widget-tinymce textwidget\">\n<p>&nbsp;<\/p>\n<\/div>\n<\/div>\n<\/div>\n<\/div>\n<\/div>\n<\/div>\n","protected":false},"excerpt":{"rendered":"<p>Semaine nationale des m\u00e9tiers sp\u00e9cialis\u00e9s et des technologies 2020 Semaine nationale des m\u00e9tiers sp\u00e9cialis\u00e9s et des technologies 2020 Aper\u00e7u des porte-paroles de la SNMST \u00c0 propos de Skills\/Comp\u00e9tences Canada Olympiades<\/p>\n","protected":false},"author":1,"featured_media":77775,"parent":0,"menu_order":0,"comment_status":"closed","ping_status":"closed","template":"","meta":{"_acf_changed":false,"site-sidebar-layout":"default","site-content-layout":"","ast-site-content-layout":"default","site-content-style":"default","site-sidebar-style":"default","ast-global-header-display":"","ast-banner-title-visibility":"","ast-main-header-display":"","ast-hfb-above-header-display":"","ast-hfb-below-header-display":"","ast-hfb-mobile-header-display":"","site-post-title":"","ast-breadcrumbs-content":"","ast-featured-img":"","footer-sml-layout":"","ast-disable-related-posts":"","theme-transparent-header-meta":"","adv-header-id-meta":"","stick-header-meta":"","header-above-stick-meta":"","header-main-stick-meta":"","header-below-stick-meta":"","astra-migrate-meta-layouts":"default","ast-page-background-enabled":"default","ast-page-background-meta":{"desktop":{"background-color":"","background-image":"","background-repeat":"repeat","background-position":"center center","background-size":"auto","background-attachment":"scroll","background-type":"","background-media":"","overlay-type":"","overlay-color":"","overlay-opacity":"","overlay-gradient":""},"tablet":{"background-color":"","background-image":"","background-repeat":"repeat","background-position":"center center","background-size":"auto","background-attachment":"scroll","background-type":"","background-media":"","overlay-type":"","overlay-color":"","overlay-opacity":"","overlay-gradient":""},"mobile":{"background-color":"","background-image":"","background-repeat":"repeat","background-position":"center center","background-size":"auto","background-attachment":"scroll","background-type":"","background-media":"","overlay-type":"","overlay-color":"","overlay-opacity":"","overlay-gradient":""}},"ast-content-background-meta":{"desktop":{"background-color":"var(--ast-global-color-5)","background-image":"","background-repeat":"repeat","background-position":"center center","background-size":"auto","background-attachment":"scroll","background-type":"","background-media":"","overlay-type":"","overlay-color":"","overlay-opacity":"","overlay-gradient":""},"tablet":{"background-color":"var(--ast-global-color-5)","background-image":"","background-repeat":"repeat","background-position":"center center","background-size":"auto","background-attachment":"scroll","background-type":"","background-media":"","overlay-type":"","overlay-color":"","overlay-opacity":"","overlay-gradient":""},"mobile":{"background-color":"var(--ast-global-color-5)","background-image":"","background-repeat":"repeat","background-position":"center center","background-size":"auto","background-attachment":"scroll","background-type":"","background-media":"","overlay-type":"","overlay-color":"","overlay-opacity":"","overlay-gradient":""}},"footnotes":""},"class_list":["post-503","page","type-page","status-publish","has-post-thumbnail","hentry"],"acf":[],"yoast_head":"<!-- This site is optimized with the Yoast SEO plugin v27.1.1 - https:\/\/yoast.com\/product\/yoast-seo-wordpress\/ -->\n<title>Ressources pour les m\u00e9dias - Skills Competences Canada<\/title>\n<meta name=\"robots\" content=\"index, follow, max-snippet:-1, max-image-preview:large, max-video-preview:-1\" \/>\n<link rel=\"canonical\" href=\"https:\/\/www.skillscompetencescanada.com\/fr\/ressources-pour-les-medias\/\" \/>\n<meta name=\"twitter:label1\" content=\"Dur\u00e9e de lecture estim\u00e9e\" \/>\n\t<meta name=\"twitter:data1\" content=\"2 minutes\" \/>\n<script type=\"application\/ld+json\" class=\"yoast-schema-graph\">{\"@context\":\"https:\/\/schema.org\",\"@graph\":[{\"@type\":\"WebPage\",\"@id\":\"https:\/\/www.skillscompetencescanada.com\/fr\/ressources-pour-les-medias\/\",\"url\":\"https:\/\/www.skillscompetencescanada.com\/fr\/ressources-pour-les-medias\/\",\"name\":\"Ressources pour les m\u00e9dias - Skills Competences Canada\",\"isPartOf\":{\"@id\":\"https:\/\/www.skillscompetencescanada.com\/fr\/#website\"},\"primaryImageOfPage\":{\"@id\":\"https:\/\/www.skillscompetencescanada.com\/fr\/ressources-pour-les-medias\/#primaryimage\"},\"image\":{\"@id\":\"https:\/\/www.skillscompetencescanada.com\/fr\/ressources-pour-les-medias\/#primaryimage\"},\"thumbnailUrl\":\"https:\/\/www.skillscompetencescanada.com\/wp-content\/uploads\/2021\/03\/default_grey.png\",\"datePublished\":\"2016-09-28T14:07:24+00:00\",\"dateModified\":\"2020-11-03T17:56:08+00:00\",\"breadcrumb\":{\"@id\":\"https:\/\/www.skillscompetencescanada.com\/fr\/ressources-pour-les-medias\/#breadcrumb\"},\"inLanguage\":\"fr-FR\",\"potentialAction\":[{\"@type\":\"ReadAction\",\"target\":[\"https:\/\/www.skillscompetencescanada.com\/fr\/ressources-pour-les-medias\/\"]}]},{\"@type\":\"ImageObject\",\"inLanguage\":\"fr-FR\",\"@id\":\"https:\/\/www.skillscompetencescanada.com\/fr\/ressources-pour-les-medias\/#primaryimage\",\"url\":\"https:\/\/www.skillscompetencescanada.com\/wp-content\/uploads\/2021\/03\/default_grey.png\",\"contentUrl\":\"https:\/\/www.skillscompetencescanada.com\/wp-content\/uploads\/2021\/03\/default_grey.png\",\"width\":1087,\"height\":540},{\"@type\":\"BreadcrumbList\",\"@id\":\"https:\/\/www.skillscompetencescanada.com\/fr\/ressources-pour-les-medias\/#breadcrumb\",\"itemListElement\":[{\"@type\":\"ListItem\",\"position\":1,\"name\":\"Home\",\"item\":\"https:\/\/www.skillscompetencescanada.com\/fr\/\"},{\"@type\":\"ListItem\",\"position\":2,\"name\":\"Ressources pour les m\u00e9dias\"}]},{\"@type\":\"WebSite\",\"@id\":\"https:\/\/www.skillscompetencescanada.com\/fr\/#website\",\"url\":\"https:\/\/www.skillscompetencescanada.com\/fr\/\",\"name\":\"Skills Competences Canada\",\"description\":\"\",\"publisher\":{\"@id\":\"https:\/\/www.skillscompetencescanada.com\/fr\/#organization\"},\"potentialAction\":[{\"@type\":\"SearchAction\",\"target\":{\"@type\":\"EntryPoint\",\"urlTemplate\":\"https:\/\/www.skillscompetencescanada.com\/fr\/?s={search_term_string}\"},\"query-input\":{\"@type\":\"PropertyValueSpecification\",\"valueRequired\":true,\"valueName\":\"search_term_string\"}}],\"inLanguage\":\"fr-FR\"},{\"@type\":\"Organization\",\"@id\":\"https:\/\/www.skillscompetencescanada.com\/fr\/#organization\",\"name\":\"skills competences canada\",\"url\":\"https:\/\/www.skillscompetencescanada.com\/fr\/\",\"logo\":{\"@type\":\"ImageObject\",\"inLanguage\":\"fr-FR\",\"@id\":\"https:\/\/www.skillscompetencescanada.com\/fr\/#\/schema\/logo\/image\/\",\"url\":\"http:\/\/skillscompetencescanada.com\/wp-content\/uploads\/2016\/09\/avatar-admin-96x96-1.jpg\",\"contentUrl\":\"http:\/\/skillscompetencescanada.com\/wp-content\/uploads\/2016\/09\/avatar-admin-96x96-1.jpg\",\"width\":96,\"height\":96,\"caption\":\"skills competences canada\"},\"image\":{\"@id\":\"https:\/\/www.skillscompetencescanada.com\/fr\/#\/schema\/logo\/image\/\"}}]}<\/script>\n<!-- \/ Yoast SEO plugin. -->","yoast_head_json":{"title":"Ressources pour les m\u00e9dias - Skills Competences Canada","robots":{"index":"index","follow":"follow","max-snippet":"max-snippet:-1","max-image-preview":"max-image-preview:large","max-video-preview":"max-video-preview:-1"},"canonical":"https:\/\/www.skillscompetencescanada.com\/fr\/ressources-pour-les-medias\/","twitter_misc":{"Dur\u00e9e de lecture estim\u00e9e":"2 minutes"},"schema":{"@context":"https:\/\/schema.org","@graph":[{"@type":"WebPage","@id":"https:\/\/www.skillscompetencescanada.com\/fr\/ressources-pour-les-medias\/","url":"https:\/\/www.skillscompetencescanada.com\/fr\/ressources-pour-les-medias\/","name":"Ressources pour les m\u00e9dias - Skills Competences Canada","isPartOf":{"@id":"https:\/\/www.skillscompetencescanada.com\/fr\/#website"},"primaryImageOfPage":{"@id":"https:\/\/www.skillscompetencescanada.com\/fr\/ressources-pour-les-medias\/#primaryimage"},"image":{"@id":"https:\/\/www.skillscompetencescanada.com\/fr\/ressources-pour-les-medias\/#primaryimage"},"thumbnailUrl":"https:\/\/www.skillscompetencescanada.com\/wp-content\/uploads\/2021\/03\/default_grey.png","datePublished":"2016-09-28T14:07:24+00:00","dateModified":"2020-11-03T17:56:08+00:00","breadcrumb":{"@id":"https:\/\/www.skillscompetencescanada.com\/fr\/ressources-pour-les-medias\/#breadcrumb"},"inLanguage":"fr-FR","potentialAction":[{"@type":"ReadAction","target":["https:\/\/www.skillscompetencescanada.com\/fr\/ressources-pour-les-medias\/"]}]},{"@type":"ImageObject","inLanguage":"fr-FR","@id":"https:\/\/www.skillscompetencescanada.com\/fr\/ressources-pour-les-medias\/#primaryimage","url":"https:\/\/www.skillscompetencescanada.com\/wp-content\/uploads\/2021\/03\/default_grey.png","contentUrl":"https:\/\/www.skillscompetencescanada.com\/wp-content\/uploads\/2021\/03\/default_grey.png","width":1087,"height":540},{"@type":"BreadcrumbList","@id":"https:\/\/www.skillscompetencescanada.com\/fr\/ressources-pour-les-medias\/#breadcrumb","itemListElement":[{"@type":"ListItem","position":1,"name":"Home","item":"https:\/\/www.skillscompetencescanada.com\/fr\/"},{"@type":"ListItem","position":2,"name":"Ressources pour les m\u00e9dias"}]},{"@type":"WebSite","@id":"https:\/\/www.skillscompetencescanada.com\/fr\/#website","url":"https:\/\/www.skillscompetencescanada.com\/fr\/","name":"Skills Competences Canada","description":"","publisher":{"@id":"https:\/\/www.skillscompetencescanada.com\/fr\/#organization"},"potentialAction":[{"@type":"SearchAction","target":{"@type":"EntryPoint","urlTemplate":"https:\/\/www.skillscompetencescanada.com\/fr\/?s={search_term_string}"},"query-input":{"@type":"PropertyValueSpecification","valueRequired":true,"valueName":"search_term_string"}}],"inLanguage":"fr-FR"},{"@type":"Organization","@id":"https:\/\/www.skillscompetencescanada.com\/fr\/#organization","name":"skills competences canada","url":"https:\/\/www.skillscompetencescanada.com\/fr\/","logo":{"@type":"ImageObject","inLanguage":"fr-FR","@id":"https:\/\/www.skillscompetencescanada.com\/fr\/#\/schema\/logo\/image\/","url":"http:\/\/skillscompetencescanada.com\/wp-content\/uploads\/2016\/09\/avatar-admin-96x96-1.jpg","contentUrl":"http:\/\/skillscompetencescanada.com\/wp-content\/uploads\/2016\/09\/avatar-admin-96x96-1.jpg","width":96,"height":96,"caption":"skills competences canada"},"image":{"@id":"https:\/\/www.skillscompetencescanada.com\/fr\/#\/schema\/logo\/image\/"}}]}},"_links":{"self":[{"href":"https:\/\/www.skillscompetencescanada.com\/fr\/wp-json\/wp\/v2\/pages\/503","targetHints":{"allow":["GET"]}}],"collection":[{"href":"https:\/\/www.skillscompetencescanada.com\/fr\/wp-json\/wp\/v2\/pages"}],"about":[{"href":"https:\/\/www.skillscompetencescanada.com\/fr\/wp-json\/wp\/v2\/types\/page"}],"author":[{"embeddable":true,"href":"https:\/\/www.skillscompetencescanada.com\/fr\/wp-json\/wp\/v2\/users\/1"}],"replies":[{"embeddable":true,"href":"https:\/\/www.skillscompetencescanada.com\/fr\/wp-json\/wp\/v2\/comments?post=503"}],"version-history":[{"count":0,"href":"https:\/\/www.skillscompetencescanada.com\/fr\/wp-json\/wp\/v2\/pages\/503\/revisions"}],"wp:featuredmedia":[{"embeddable":true,"href":"https:\/\/www.skillscompetencescanada.com\/fr\/wp-json\/wp\/v2\/media\/77775"}],"wp:attachment":[{"href":"https:\/\/www.skillscompetencescanada.com\/fr\/wp-json\/wp\/v2\/media?parent=503"}],"curies":[{"name":"wp","href":"https:\/\/api.w.org\/{rel}","templated":true}]}}