{"id":5654,"date":"2017-03-02T09:22:09","date_gmt":"2017-03-02T14:22:09","guid":{"rendered":"http:\/\/www.skillscompetencescanada.com\/?page_id=5654"},"modified":"2017-03-02T09:47:02","modified_gmt":"2017-03-02T14:47:02","slug":"deanna-reynolds-se-prepare-participer-au-mondial-des-metiers-2017-abou-dhabi","status":"publish","type":"page","link":"https:\/\/www.skillscompetencescanada.com\/fr\/deanna-reynolds-se-prepare-participer-au-mondial-des-metiers-2017-abou-dhabi\/","title":{"rendered":"Deanna Reynolds se pr\u00e9pare \u00e0 participer au Mondial des m\u00e9tiers 2017, \u00e0 Abou Dhabi"},"content":{"rendered":"<p>Skills\/Comp\u00e9tences Canada (SCC) s\u2019est entretenu avec Deanna Reynolds, la concurrente d\u2019\u00c9quipe Canada WorldSkills 2017 dans les \u00e9preuves de m\u00e9canicien-monteur industriel, \u00e0 propos de son parcours professionnel. SCC a demand\u00e9 \u00e0 Deanna comment elle en est venue \u00e0 se lancer dans les m\u00e9tiers sp\u00e9cialis\u00e9s. \u00ab Plusieurs membres de ma famille \u0153uvrent dans les m\u00e9tiers et j\u2019ai toujours \u00e9t\u00e9 intrigu\u00e9e par leur travail. J\u2019ai aussi toujours aim\u00e9 construire et r\u00e9parer des choses, donc l\u2019id\u00e9e de faire carri\u00e8re dans les m\u00e9tiers semble \u00eatre parfaite pour moi. J\u2019ai \u00e9t\u00e9 particuli\u00e8rement attir\u00e9e par le m\u00e9tier de m\u00e9canicien-monteur industriel en raison de sa diversit\u00e9. Mes t\u00e2ches quotidiennes sont toujours vari\u00e9es et plusieurs possibilit\u00e9s diff\u00e9rentes s\u2019offrent \u00e0 moi lorsqu\u2019il est question d\u2019environnements de travail. Je travaille dans une usine \u00e0 l\u2019heure actuelle et j\u2019aime vraiment ce que je fais. \u00bb<\/p>\n<p>Lorsque nous avons demand\u00e9 \u00e0 Deanna si elle avait d\u00e9j\u00e0 fait face \u00e0 des d\u00e9fis en raison du fait qu\u2019elle est une femme qui \u0153uvre dans un m\u00e9tier domin\u00e9 par les hommes, voici sa r\u00e9ponse : \u00ab Je crois qu\u2019\u00e9tant donn\u00e9 que je travaille bien avec les autres et que je suis une joueuse d\u2019\u00e9quipe, cela m\u2019a permis de bien m\u2019int\u00e9grer dans ce type d\u2019environnement de travail. Je suis \u00e9galement tr\u00e8s chanceuse d\u2019avoir le soutien de mes coll\u00e8gues, eux qui m\u2019encouragent \u00e0 faire de mon mieux et qui m\u2019appuient \u00e9galement dans mon parcours vers le Mondial des m\u00e9tiers 2017, \u00e0 Abou Dhabi. Je consid\u00e8re mes instructeurs comme mes mentors, puisqu\u2019ils m\u2019ont beaucoup aid\u00e9e durant mon entra\u00eenement en vue de cette prochaine comp\u00e9tition. Je suis particuli\u00e8rement reconnaissante du soutien que j\u2019ai re\u00e7u de mon entra\u00eeneur d\u2019\u00c9quipe Canada WorldSkills 2017, Earl Simpson, qui est \u00e9galement enseignant en techniques de m\u00e9canicien-monteur \u00e0 l\u2019Institut de la technologie du Sud de l\u2019Alberta (SAIT). \u00bb<\/p>\n<figure id=\"attachment_5645\" aria-describedby=\"caption-attachment-5645\" style=\"width: 516px\" class=\"wp-caption alignleft\"><img decoding=\"async\" class=\"wp-image-5645 size-full\" src=\"https:\/\/www.skillscompetencescanada.com\/wp-content\/uploads\/2017\/03\/heforshe-deanna01.jpg\" alt=\"Deanna pendant la comp\u00e9tition\" width=\"516\" height=\"377\" srcset=\"https:\/\/www.skillscompetencescanada.com\/wp-content\/uploads\/2017\/03\/heforshe-deanna01.jpg 516w, https:\/\/www.skillscompetencescanada.com\/wp-content\/uploads\/2017\/03\/heforshe-deanna01-493x360.jpg 493w\" sizes=\"(max-width: 516px) 100vw, 516px\" \/><figcaption id=\"caption-attachment-5645\" class=\"wp-caption-text\">Deanna pendant la comp\u00e9tition<\/figcaption><\/figure>\n<p>Lorsque nous lui demandons comment elle se sent \u00e0 propos du fait qu\u2019elle est consid\u00e9r\u00e9e comme un mod\u00e8le de comportement pour les autres en tant que membre d\u2019\u00c9quipe Canada WorldSkills 2017, Deanna r\u00e9pond : \u00ab Avoir des gens qui m\u2019admirent, surtout des jeunes, est une le\u00e7on d\u2019humilit\u00e9 en soi. Je me souviens, lorsque j\u2019ai entendu parler des Olympiades canadiennes des m\u00e9tiers et des technologies la premi\u00e8re fois et que j\u2019ai vu une vid\u00e9o sur des jeunes femmes qui participaient \u00e0 ces Olympiades dans des m\u00e9tiers non traditionnels, que j\u2019ai trouv\u00e9 cela vraiment inspirant! C\u2019\u00e9tait agr\u00e9able de voir que des femmes pouvaient bien r\u00e9ussir dans ces m\u00e9tiers et cela m\u2019a pouss\u00e9e \u00e0 r\u00e9fl\u00e9chir sur mon propre cheminement de carri\u00e8re et \u00e0 voir les possibilit\u00e9s offertes. J\u2019esp\u00e8re que je peux aussi inspirer d\u2019autres jeunes femmes \u00e0 trouver leur passion dans les secteurs des m\u00e9tiers sp\u00e9cialis\u00e9s et de la technologie. \u00bb<\/p>\n<p>Deanna participera au Mondial des m\u00e9tiers 2017, \u00e0 Abou Dhabi, le plus important \u00e9v\u00e9nement au monde ax\u00e9 sur l\u2019excellence professionnelle et en mati\u00e8re d\u2019\u00e9ducation et de comp\u00e9tences qui refl\u00e8te v\u00e9ritablement l\u2019industrie mondiale. Plus de 1 300 concurrents participeront \u00e0 cet \u00e9v\u00e9nement. Ils repr\u00e9sentent les meilleurs parmi leurs pairs et ont \u00e9t\u00e9 choisis \u00e0 la suite d\u2019olympiades des m\u00e9tiers et des technologies disput\u00e9es partout dans le monde, dans 76 pays et r\u00e9gions membres de WorldSkills. Deanna est enchant\u00e9e de participer au Mondial et croit que tout son travail acharn\u00e9 lui portera fruit.<\/p>\n<p>Pour obtenir des renseignements suppl\u00e9mentaires \u00e0 propos du Mondial des m\u00e9tiers 2017, rendez-vous sur le lien suivant : <a href=\"http:\/\/worldskillsabudhabi2017.com\" target=\"_blank\">worldskillsabudhabi2017.com<\/a>.<\/p>\n<p>Comme tous les concurrents d\u2019\u00c9quipe Canada WorldSkills 2017, Deanna re\u00e7oit beaucoup de soutien par l\u2019entremise de son commanditaire du Mondial, Fixturlaser Canada.<\/p>\n<p>Deanna participera aux Olympiades canadiennes des m\u00e9tiers et des technologies comme possibilit\u00e9 d\u2019entra\u00eenement. Joignez-vous \u00e0 nous aux Olympiades, qui se tiendront du 31 mai au 3 juin 2017 au Centre des congr\u00e8s RBC \u00e0 Winnipeg, Manitoba. L\u2019admission est gratuite.<\/p>\n<p>Pour obtenir des renseignements suppl\u00e9mentaires, consultez le site Web de SCC : <a href=\"http:\/\/www.skillscompetencescanada.com\" target=\"_blank\">skillscompetencescanada.com<\/a>.<\/p>\n<p style=\"text-align: center;\"><a class=\"btn btn-primary btn-lg\" href=\"https:\/\/www.skillscompetencescanada.com\/fr\/heforshe\/\">Retour \u00e0 la page principale de &lsquo;He for She&rsquo;<\/a><\/p>\n","protected":false},"excerpt":{"rendered":"<p>Skills\/Comp\u00e9tences Canada (SCC) s\u2019est entretenu avec Deanna Reynolds, la concurrente d\u2019\u00c9quipe Canada WorldSkills 2017 dans les \u00e9preuves de m\u00e9canicien-monteur industriel, \u00e0 propos de son parcours professionnel. SCC a demand\u00e9 \u00e0<\/p>\n","protected":false},"author":1,"featured_media":77775,"parent":0,"menu_order":0,"comment_status":"closed","ping_status":"closed","template":"","meta":{"_acf_changed":false,"site-sidebar-layout":"default","site-content-layout":"","ast-site-content-layout":"default","site-content-style":"default","site-sidebar-style":"default","ast-global-header-display":"","ast-banner-title-visibility":"","ast-main-header-display":"","ast-hfb-above-header-display":"","ast-hfb-below-header-display":"","ast-hfb-mobile-header-display":"","site-post-title":"","ast-breadcrumbs-content":"","ast-featured-img":"","footer-sml-layout":"","ast-disable-related-posts":"","theme-transparent-header-meta":"","adv-header-id-meta":"","stick-header-meta":"","header-above-stick-meta":"","header-main-stick-meta":"","header-below-stick-meta":"","astra-migrate-meta-layouts":"default","ast-page-background-enabled":"default","ast-page-background-meta":{"desktop":{"background-color":"","background-image":"","background-repeat":"repeat","background-position":"center center","background-size":"auto","background-attachment":"scroll","background-type":"","background-media":"","overlay-type":"","overlay-color":"","overlay-opacity":"","overlay-gradient":""},"tablet":{"background-color":"","background-image":"","background-repeat":"repeat","background-position":"center center","background-size":"auto","background-attachment":"scroll","background-type":"","background-media":"","overlay-type":"","overlay-color":"","overlay-opacity":"","overlay-gradient":""},"mobile":{"background-color":"","background-image":"","background-repeat":"repeat","background-position":"center center","background-size":"auto","background-attachment":"scroll","background-type":"","background-media":"","overlay-type":"","overlay-color":"","overlay-opacity":"","overlay-gradient":""}},"ast-content-background-meta":{"desktop":{"background-color":"var(--ast-global-color-5)","background-image":"","background-repeat":"repeat","background-position":"center center","background-size":"auto","background-attachment":"scroll","background-type":"","background-media":"","overlay-type":"","overlay-color":"","overlay-opacity":"","overlay-gradient":""},"tablet":{"background-color":"var(--ast-global-color-5)","background-image":"","background-repeat":"repeat","background-position":"center center","background-size":"auto","background-attachment":"scroll","background-type":"","background-media":"","overlay-type":"","overlay-color":"","overlay-opacity":"","overlay-gradient":""},"mobile":{"background-color":"var(--ast-global-color-5)","background-image":"","background-repeat":"repeat","background-position":"center center","background-size":"auto","background-attachment":"scroll","background-type":"","background-media":"","overlay-type":"","overlay-color":"","overlay-opacity":"","overlay-gradient":""}},"footnotes":""},"class_list":["post-5654","page","type-page","status-publish","has-post-thumbnail","hentry"],"acf":[],"yoast_head":"<!-- This site is optimized with the Yoast SEO plugin v27.1.1 - https:\/\/yoast.com\/product\/yoast-seo-wordpress\/ -->\n<title>Deanna Reynolds se pr\u00e9pare \u00e0 participer au Mondial des m\u00e9tiers 2017, \u00e0 Abou Dhabi - Skills Competences Canada<\/title>\n<meta name=\"robots\" content=\"index, follow, max-snippet:-1, max-image-preview:large, max-video-preview:-1\" \/>\n<link rel=\"canonical\" href=\"https:\/\/www.skillscompetencescanada.com\/fr\/deanna-reynolds-se-prepare-participer-au-mondial-des-metiers-2017-abou-dhabi\/\" \/>\n<meta name=\"twitter:label1\" content=\"Dur\u00e9e de lecture estim\u00e9e\" \/>\n\t<meta name=\"twitter:data1\" content=\"4 minutes\" \/>\n<script type=\"application\/ld+json\" class=\"yoast-schema-graph\">{\"@context\":\"https:\/\/schema.org\",\"@graph\":[{\"@type\":\"WebPage\",\"@id\":\"https:\/\/www.skillscompetencescanada.com\/fr\/deanna-reynolds-se-prepare-participer-au-mondial-des-metiers-2017-abou-dhabi\/\",\"url\":\"https:\/\/www.skillscompetencescanada.com\/fr\/deanna-reynolds-se-prepare-participer-au-mondial-des-metiers-2017-abou-dhabi\/\",\"name\":\"Deanna Reynolds se pr\u00e9pare \u00e0 participer au Mondial des m\u00e9tiers 2017, \u00e0 Abou Dhabi - Skills Competences Canada\",\"isPartOf\":{\"@id\":\"https:\/\/www.skillscompetencescanada.com\/fr\/#website\"},\"primaryImageOfPage\":{\"@id\":\"https:\/\/www.skillscompetencescanada.com\/fr\/deanna-reynolds-se-prepare-participer-au-mondial-des-metiers-2017-abou-dhabi\/#primaryimage\"},\"image\":{\"@id\":\"https:\/\/www.skillscompetencescanada.com\/fr\/deanna-reynolds-se-prepare-participer-au-mondial-des-metiers-2017-abou-dhabi\/#primaryimage\"},\"thumbnailUrl\":\"https:\/\/www.skillscompetencescanada.com\/wp-content\/uploads\/2021\/03\/default_grey.png\",\"datePublished\":\"2017-03-02T14:22:09+00:00\",\"dateModified\":\"2017-03-02T14:47:02+00:00\",\"breadcrumb\":{\"@id\":\"https:\/\/www.skillscompetencescanada.com\/fr\/deanna-reynolds-se-prepare-participer-au-mondial-des-metiers-2017-abou-dhabi\/#breadcrumb\"},\"inLanguage\":\"fr-FR\",\"potentialAction\":[{\"@type\":\"ReadAction\",\"target\":[\"https:\/\/www.skillscompetencescanada.com\/fr\/deanna-reynolds-se-prepare-participer-au-mondial-des-metiers-2017-abou-dhabi\/\"]}]},{\"@type\":\"ImageObject\",\"inLanguage\":\"fr-FR\",\"@id\":\"https:\/\/www.skillscompetencescanada.com\/fr\/deanna-reynolds-se-prepare-participer-au-mondial-des-metiers-2017-abou-dhabi\/#primaryimage\",\"url\":\"https:\/\/www.skillscompetencescanada.com\/wp-content\/uploads\/2021\/03\/default_grey.png\",\"contentUrl\":\"https:\/\/www.skillscompetencescanada.com\/wp-content\/uploads\/2021\/03\/default_grey.png\",\"width\":1087,\"height\":540},{\"@type\":\"BreadcrumbList\",\"@id\":\"https:\/\/www.skillscompetencescanada.com\/fr\/deanna-reynolds-se-prepare-participer-au-mondial-des-metiers-2017-abou-dhabi\/#breadcrumb\",\"itemListElement\":[{\"@type\":\"ListItem\",\"position\":1,\"name\":\"Home\",\"item\":\"https:\/\/www.skillscompetencescanada.com\/fr\/\"},{\"@type\":\"ListItem\",\"position\":2,\"name\":\"Deanna Reynolds se pr\u00e9pare \u00e0 participer au Mondial des m\u00e9tiers 2017, \u00e0 Abou Dhabi\"}]},{\"@type\":\"WebSite\",\"@id\":\"https:\/\/www.skillscompetencescanada.com\/fr\/#website\",\"url\":\"https:\/\/www.skillscompetencescanada.com\/fr\/\",\"name\":\"Skills Competences Canada\",\"description\":\"\",\"publisher\":{\"@id\":\"https:\/\/www.skillscompetencescanada.com\/fr\/#organization\"},\"potentialAction\":[{\"@type\":\"SearchAction\",\"target\":{\"@type\":\"EntryPoint\",\"urlTemplate\":\"https:\/\/www.skillscompetencescanada.com\/fr\/?s={search_term_string}\"},\"query-input\":{\"@type\":\"PropertyValueSpecification\",\"valueRequired\":true,\"valueName\":\"search_term_string\"}}],\"inLanguage\":\"fr-FR\"},{\"@type\":\"Organization\",\"@id\":\"https:\/\/www.skillscompetencescanada.com\/fr\/#organization\",\"name\":\"skills competences canada\",\"url\":\"https:\/\/www.skillscompetencescanada.com\/fr\/\",\"logo\":{\"@type\":\"ImageObject\",\"inLanguage\":\"fr-FR\",\"@id\":\"https:\/\/www.skillscompetencescanada.com\/fr\/#\/schema\/logo\/image\/\",\"url\":\"http:\/\/skillscompetencescanada.com\/wp-content\/uploads\/2016\/09\/avatar-admin-96x96-1.jpg\",\"contentUrl\":\"http:\/\/skillscompetencescanada.com\/wp-content\/uploads\/2016\/09\/avatar-admin-96x96-1.jpg\",\"width\":96,\"height\":96,\"caption\":\"skills competences canada\"},\"image\":{\"@id\":\"https:\/\/www.skillscompetencescanada.com\/fr\/#\/schema\/logo\/image\/\"}}]}<\/script>\n<!-- \/ Yoast SEO plugin. -->","yoast_head_json":{"title":"Deanna Reynolds se pr\u00e9pare \u00e0 participer au Mondial des m\u00e9tiers 2017, \u00e0 Abou Dhabi - Skills Competences Canada","robots":{"index":"index","follow":"follow","max-snippet":"max-snippet:-1","max-image-preview":"max-image-preview:large","max-video-preview":"max-video-preview:-1"},"canonical":"https:\/\/www.skillscompetencescanada.com\/fr\/deanna-reynolds-se-prepare-participer-au-mondial-des-metiers-2017-abou-dhabi\/","twitter_misc":{"Dur\u00e9e de lecture estim\u00e9e":"4 minutes"},"schema":{"@context":"https:\/\/schema.org","@graph":[{"@type":"WebPage","@id":"https:\/\/www.skillscompetencescanada.com\/fr\/deanna-reynolds-se-prepare-participer-au-mondial-des-metiers-2017-abou-dhabi\/","url":"https:\/\/www.skillscompetencescanada.com\/fr\/deanna-reynolds-se-prepare-participer-au-mondial-des-metiers-2017-abou-dhabi\/","name":"Deanna Reynolds se pr\u00e9pare \u00e0 participer au Mondial des m\u00e9tiers 2017, \u00e0 Abou Dhabi - Skills Competences Canada","isPartOf":{"@id":"https:\/\/www.skillscompetencescanada.com\/fr\/#website"},"primaryImageOfPage":{"@id":"https:\/\/www.skillscompetencescanada.com\/fr\/deanna-reynolds-se-prepare-participer-au-mondial-des-metiers-2017-abou-dhabi\/#primaryimage"},"image":{"@id":"https:\/\/www.skillscompetencescanada.com\/fr\/deanna-reynolds-se-prepare-participer-au-mondial-des-metiers-2017-abou-dhabi\/#primaryimage"},"thumbnailUrl":"https:\/\/www.skillscompetencescanada.com\/wp-content\/uploads\/2021\/03\/default_grey.png","datePublished":"2017-03-02T14:22:09+00:00","dateModified":"2017-03-02T14:47:02+00:00","breadcrumb":{"@id":"https:\/\/www.skillscompetencescanada.com\/fr\/deanna-reynolds-se-prepare-participer-au-mondial-des-metiers-2017-abou-dhabi\/#breadcrumb"},"inLanguage":"fr-FR","potentialAction":[{"@type":"ReadAction","target":["https:\/\/www.skillscompetencescanada.com\/fr\/deanna-reynolds-se-prepare-participer-au-mondial-des-metiers-2017-abou-dhabi\/"]}]},{"@type":"ImageObject","inLanguage":"fr-FR","@id":"https:\/\/www.skillscompetencescanada.com\/fr\/deanna-reynolds-se-prepare-participer-au-mondial-des-metiers-2017-abou-dhabi\/#primaryimage","url":"https:\/\/www.skillscompetencescanada.com\/wp-content\/uploads\/2021\/03\/default_grey.png","contentUrl":"https:\/\/www.skillscompetencescanada.com\/wp-content\/uploads\/2021\/03\/default_grey.png","width":1087,"height":540},{"@type":"BreadcrumbList","@id":"https:\/\/www.skillscompetencescanada.com\/fr\/deanna-reynolds-se-prepare-participer-au-mondial-des-metiers-2017-abou-dhabi\/#breadcrumb","itemListElement":[{"@type":"ListItem","position":1,"name":"Home","item":"https:\/\/www.skillscompetencescanada.com\/fr\/"},{"@type":"ListItem","position":2,"name":"Deanna Reynolds se pr\u00e9pare \u00e0 participer au Mondial des m\u00e9tiers 2017, \u00e0 Abou Dhabi"}]},{"@type":"WebSite","@id":"https:\/\/www.skillscompetencescanada.com\/fr\/#website","url":"https:\/\/www.skillscompetencescanada.com\/fr\/","name":"Skills Competences Canada","description":"","publisher":{"@id":"https:\/\/www.skillscompetencescanada.com\/fr\/#organization"},"potentialAction":[{"@type":"SearchAction","target":{"@type":"EntryPoint","urlTemplate":"https:\/\/www.skillscompetencescanada.com\/fr\/?s={search_term_string}"},"query-input":{"@type":"PropertyValueSpecification","valueRequired":true,"valueName":"search_term_string"}}],"inLanguage":"fr-FR"},{"@type":"Organization","@id":"https:\/\/www.skillscompetencescanada.com\/fr\/#organization","name":"skills competences canada","url":"https:\/\/www.skillscompetencescanada.com\/fr\/","logo":{"@type":"ImageObject","inLanguage":"fr-FR","@id":"https:\/\/www.skillscompetencescanada.com\/fr\/#\/schema\/logo\/image\/","url":"http:\/\/skillscompetencescanada.com\/wp-content\/uploads\/2016\/09\/avatar-admin-96x96-1.jpg","contentUrl":"http:\/\/skillscompetencescanada.com\/wp-content\/uploads\/2016\/09\/avatar-admin-96x96-1.jpg","width":96,"height":96,"caption":"skills competences canada"},"image":{"@id":"https:\/\/www.skillscompetencescanada.com\/fr\/#\/schema\/logo\/image\/"}}]}},"_links":{"self":[{"href":"https:\/\/www.skillscompetencescanada.com\/fr\/wp-json\/wp\/v2\/pages\/5654","targetHints":{"allow":["GET"]}}],"collection":[{"href":"https:\/\/www.skillscompetencescanada.com\/fr\/wp-json\/wp\/v2\/pages"}],"about":[{"href":"https:\/\/www.skillscompetencescanada.com\/fr\/wp-json\/wp\/v2\/types\/page"}],"author":[{"embeddable":true,"href":"https:\/\/www.skillscompetencescanada.com\/fr\/wp-json\/wp\/v2\/users\/1"}],"replies":[{"embeddable":true,"href":"https:\/\/www.skillscompetencescanada.com\/fr\/wp-json\/wp\/v2\/comments?post=5654"}],"version-history":[{"count":0,"href":"https:\/\/www.skillscompetencescanada.com\/fr\/wp-json\/wp\/v2\/pages\/5654\/revisions"}],"wp:featuredmedia":[{"embeddable":true,"href":"https:\/\/www.skillscompetencescanada.com\/fr\/wp-json\/wp\/v2\/media\/77775"}],"wp:attachment":[{"href":"https:\/\/www.skillscompetencescanada.com\/fr\/wp-json\/wp\/v2\/media?parent=5654"}],"curies":[{"name":"wp","href":"https:\/\/api.w.org\/{rel}","templated":true}]}}