{"id":5794,"date":"2017-03-06T08:35:08","date_gmt":"2017-03-06T13:35:08","guid":{"rendered":"http:\/\/www.skillscompetencescanada.com\/?page_id=5794"},"modified":"2017-03-06T09:07:28","modified_gmt":"2017-03-06T14:07:28","slug":"vyolaine-dujmovic-representera-le-canada-en-tolerie-carrosserie-au-moyen-orient","status":"publish","type":"page","link":"https:\/\/www.skillscompetencescanada.com\/fr\/vyolaine-dujmovic-representera-le-canada-en-tolerie-carrosserie-au-moyen-orient\/","title":{"rendered":"Vyolaine Dujmovic repr\u00e9sentera le Canada en T\u00f4lerie carrosserie au Moyen-Orient"},"content":{"rendered":"<p>Chaque ann\u00e9e, Skills\/Comp\u00e9tences Canada (SCC) tient les Olympiades canadiennes des m\u00e9tiers et des technologies, qui regroupent les meilleurs talents au Canada dans six secteurs : la construction, l\u2019emploi, la fabrication &amp; l\u2019ing\u00e9nierie, la technologie de l\u2019information, les services et le transport. Vyolaine Dujmovic \u00e9tait l\u2019une des concurrentes en T\u00f4lerie carrosserie lors des Olympiades 2016 qui ont eu lieu \u00e0 Moncton, au Nouveau-Brunswick. Vyolaine faisait partie du 11,5 % des concurrentes femmes dans les m\u00e9tiers non-traditionnels. Comme m\u00e9daill\u00e9e aux Olympiades, Vyolaine s\u2019est qualifi\u00e9e pour participer au Mondial des m\u00e9tiers 2017, \u00e0 Abou Dhabi, o\u00f9 ses comp\u00e9tences seront mises \u00e0 l\u2019\u00e9preuve \u00e0 un niveau international contre les meilleurs au monde.<\/p>\n<figure id=\"attachment_5650\" aria-describedby=\"caption-attachment-5650\" style=\"width: 377px\" class=\"wp-caption alignleft\"><img decoding=\"async\" class=\"wp-image-5650 size-full\" src=\"https:\/\/www.skillscompetencescanada.com\/wp-content\/uploads\/2017\/03\/heforshe-vyolaine02.jpg\" width=\"377\" height=\"516\" srcset=\"https:\/\/www.skillscompetencescanada.com\/wp-content\/uploads\/2017\/03\/heforshe-vyolaine02.jpg 377w, https:\/\/www.skillscompetencescanada.com\/wp-content\/uploads\/2017\/03\/heforshe-vyolaine02-263x360.jpg 263w\" sizes=\"(max-width: 377px) 100vw, 377px\" \/><figcaption id=\"caption-attachment-5650\" class=\"wp-caption-text\">Vyolaine au OCMT<\/figcaption><\/figure>\n<p>SCC s\u2019est entretenu avec Vyolaine pour lui demander comment son int\u00e9r\u00eat dans les m\u00e9tiers sp\u00e9cialis\u00e9s s\u2019est d\u00e9velopp\u00e9 : \u00ab J\u2019ai toujours aim\u00e9 travailler avec mes mains. De plus, mon p\u00e8re travaille dans l\u2019industrie de l\u2019automobile donc j\u2019ai \u00e9t\u00e9 initi\u00e9e aux automobiles assez jeune. Cet int\u00e9r\u00eat est rapidement devenu une de mes passions et m\u2019a pouss\u00e9e \u00e0 poursuivre une carri\u00e8re dans ce domaine. Je consid\u00e8re mon p\u00e8re comme l\u2019un de mes premiers mentors. Mes professeurs \u00e0 l\u2019\u00e9cole et mes amis ont aussi jou\u00e9 un r\u00f4le important dans mon cheminement professionnel, puisqu\u2019ils m\u2019ont pouss\u00e9e \u00e0 avoir confiance en moi et \u00e0 me surpasser. Ma participation aux Olympiades m\u2019a permise d\u2019approfondir mes connaissances et de perfectionner mes capacit\u00e9s personnelles et professionnelles. \u00bb<\/p>\n<p>SCC lui demande aussi quelle sorte d\u2019exp\u00e9rience elle s\u2019attend \u00e0 avoir au 44e Mondial des m\u00e9tiers. \u00ab J\u2019ai h\u00e2te de participer au Mondial des m\u00e9tiers car je crois que ce sera une exp\u00e9rience tr\u00e8s enrichissante. Cela me donnera aussi une bonne visibilit\u00e9 sur le plan professionnel. Je sais que ce sera un grand d\u00e9fi mais je me suis entrain\u00e9e pour ceci. M\u00eame si je ne gagne pas, je serai fi\u00e8re de moi-m\u00eame car j\u2019aurai tout donn\u00e9 lors de la comp\u00e9tition. Faire de mon mieux sera aussi une belle occasion de montrer que les femmes peuvent r\u00e9ussir dans les m\u00e9tiers non-traditionnels. C\u2019est s\u00fbr qu\u2019il faut avoir une certaine force physique pour pouvoir travailler dans ces domaines, mais ce n\u2019est pas un obstacle insurmontable. J\u2019esp\u00e8re pouvoir ouvrir des portes \u00e0 d\u2019autres femmes qui envisagent la possibilit\u00e9 de faire carri\u00e8re dans le secteur du transport, puisqu\u2019il y a une foule de possibilit\u00e9s de carri\u00e8res int\u00e9ressantes dans ce domaine \u00bb, indique-t-elle.<\/p>\n<p>Vyolaine participera aux Olympiades canadiennes des m\u00e9tiers et des technologies 2017, \u00e0 Winnipeg, au Manitoba, comme opportunit\u00e9 d\u2019entrainement. Joignez-vous \u00e0 nous, le 1 et 2 juin prochains. Cette comp\u00e9tition est ouverte au publique et l\u2019entr\u00e9e est gratuite. C\u2019est une excellente opportunit\u00e9 de voir les meilleurs jeunes talents au Canada en action. Pour obtenir d\u2019autres renseignements au sujet des Olympiades 2017, consultez le <a href=\"http:\/\/www.skillscompetencescanada.com\">skillscompetencescanada.com<\/a>.<\/p>\n<p>Apr\u00e8s les Olympiades, Vyolaine participera, en compagnie d\u2019\u00c9quipe Canada WorldSkills 2017, au Mondial des m\u00e9tiers 2017, \u00e0 Abou Dhabi, aux \u00c9mirats arabes unis, du 14 au 19 octobre 2017. WorldSkills offre un moyen unique d\u2019\u00e9changer et de comparer les normes mondiales en mati\u00e8re de comp\u00e9tences dans les secteurs de la construction industrielle et des services de l\u2019\u00e9conomie mondiale. Pour obtenir des renseignements suppl\u00e9mentaires, consultez le <a href=\"http:\/\/www.skillscompetencescanada.com\">skillscompetencescanada.com<\/a>.<\/p>\n<p>Vyolaine a re\u00e7u un appui exceptionnel de l\u2019industrie par l\u2019entremise des commanditaires qui la soutiennent dans les comp\u00e9titions auxquelles elle participe, comme le Car-O-Liner Group.<\/p>\n<p>Suivez le progr\u00e8s d\u2019\u00c9quipe Canada WorldSkills 2017 sur <a href=\"http:\/\/www.skillscompetencescanada.com\">skillscompetencescanada.com<\/a>, de m\u00eame que sur Twitter et Facebook.<\/p>\n<p style=\"text-align: center;\"><a class=\"btn btn-primary btn-lg\" href=\"https:\/\/www.skillscompetencescanada.com\/fr\/heforshe\/\">Retour \u00e0 la page principale de &lsquo;He for She&rsquo;<\/a><\/p>\n","protected":false},"excerpt":{"rendered":"<p>Chaque ann\u00e9e, Skills\/Comp\u00e9tences Canada (SCC) tient les Olympiades canadiennes des m\u00e9tiers et des technologies, qui regroupent les meilleurs talents au Canada dans six secteurs : la construction, l\u2019emploi, la fabrication<\/p>\n","protected":false},"author":1,"featured_media":77775,"parent":0,"menu_order":0,"comment_status":"closed","ping_status":"closed","template":"","meta":{"_acf_changed":false,"site-sidebar-layout":"default","site-content-layout":"","ast-site-content-layout":"default","site-content-style":"default","site-sidebar-style":"default","ast-global-header-display":"","ast-banner-title-visibility":"","ast-main-header-display":"","ast-hfb-above-header-display":"","ast-hfb-below-header-display":"","ast-hfb-mobile-header-display":"","site-post-title":"","ast-breadcrumbs-content":"","ast-featured-img":"","footer-sml-layout":"","ast-disable-related-posts":"","theme-transparent-header-meta":"","adv-header-id-meta":"","stick-header-meta":"","header-above-stick-meta":"","header-main-stick-meta":"","header-below-stick-meta":"","astra-migrate-meta-layouts":"default","ast-page-background-enabled":"default","ast-page-background-meta":{"desktop":{"background-color":"","background-image":"","background-repeat":"repeat","background-position":"center center","background-size":"auto","background-attachment":"scroll","background-type":"","background-media":"","overlay-type":"","overlay-color":"","overlay-opacity":"","overlay-gradient":""},"tablet":{"background-color":"","background-image":"","background-repeat":"repeat","background-position":"center center","background-size":"auto","background-attachment":"scroll","background-type":"","background-media":"","overlay-type":"","overlay-color":"","overlay-opacity":"","overlay-gradient":""},"mobile":{"background-color":"","background-image":"","background-repeat":"repeat","background-position":"center center","background-size":"auto","background-attachment":"scroll","background-type":"","background-media":"","overlay-type":"","overlay-color":"","overlay-opacity":"","overlay-gradient":""}},"ast-content-background-meta":{"desktop":{"background-color":"var(--ast-global-color-5)","background-image":"","background-repeat":"repeat","background-position":"center center","background-size":"auto","background-attachment":"scroll","background-type":"","background-media":"","overlay-type":"","overlay-color":"","overlay-opacity":"","overlay-gradient":""},"tablet":{"background-color":"var(--ast-global-color-5)","background-image":"","background-repeat":"repeat","background-position":"center center","background-size":"auto","background-attachment":"scroll","background-type":"","background-media":"","overlay-type":"","overlay-color":"","overlay-opacity":"","overlay-gradient":""},"mobile":{"background-color":"var(--ast-global-color-5)","background-image":"","background-repeat":"repeat","background-position":"center center","background-size":"auto","background-attachment":"scroll","background-type":"","background-media":"","overlay-type":"","overlay-color":"","overlay-opacity":"","overlay-gradient":""}},"footnotes":""},"class_list":["post-5794","page","type-page","status-publish","has-post-thumbnail","hentry"],"acf":[],"yoast_head":"<!-- This site is optimized with the Yoast SEO plugin v27.4 - https:\/\/yoast.com\/product\/yoast-seo-wordpress\/ -->\n<title>Vyolaine Dujmovic repr\u00e9sentera le Canada en T\u00f4lerie carrosserie au Moyen-Orient - Skills Competences Canada<\/title>\n<meta name=\"robots\" content=\"index, follow, max-snippet:-1, max-image-preview:large, max-video-preview:-1\" \/>\n<link rel=\"canonical\" href=\"https:\/\/www.skillscompetencescanada.com\/fr\/vyolaine-dujmovic-representera-le-canada-en-tolerie-carrosserie-au-moyen-orient\/\" \/>\n<meta name=\"twitter:label1\" content=\"Dur\u00e9e de lecture estim\u00e9e\" \/>\n\t<meta name=\"twitter:data1\" content=\"3 minutes\" \/>\n<script type=\"application\/ld+json\" class=\"yoast-schema-graph\">{\"@context\":\"https:\\\/\\\/schema.org\",\"@graph\":[{\"@type\":\"WebPage\",\"@id\":\"https:\\\/\\\/www.skillscompetencescanada.com\\\/fr\\\/vyolaine-dujmovic-representera-le-canada-en-tolerie-carrosserie-au-moyen-orient\\\/\",\"url\":\"https:\\\/\\\/www.skillscompetencescanada.com\\\/fr\\\/vyolaine-dujmovic-representera-le-canada-en-tolerie-carrosserie-au-moyen-orient\\\/\",\"name\":\"Vyolaine Dujmovic repr\u00e9sentera le Canada en T\u00f4lerie carrosserie au Moyen-Orient - Skills Competences Canada\",\"isPartOf\":{\"@id\":\"https:\\\/\\\/www.skillscompetencescanada.com\\\/fr\\\/#website\"},\"primaryImageOfPage\":{\"@id\":\"https:\\\/\\\/www.skillscompetencescanada.com\\\/fr\\\/vyolaine-dujmovic-representera-le-canada-en-tolerie-carrosserie-au-moyen-orient\\\/#primaryimage\"},\"image\":{\"@id\":\"https:\\\/\\\/www.skillscompetencescanada.com\\\/fr\\\/vyolaine-dujmovic-representera-le-canada-en-tolerie-carrosserie-au-moyen-orient\\\/#primaryimage\"},\"thumbnailUrl\":\"https:\\\/\\\/www.skillscompetencescanada.com\\\/wp-content\\\/uploads\\\/2021\\\/03\\\/default_grey.png\",\"datePublished\":\"2017-03-06T13:35:08+00:00\",\"dateModified\":\"2017-03-06T14:07:28+00:00\",\"breadcrumb\":{\"@id\":\"https:\\\/\\\/www.skillscompetencescanada.com\\\/fr\\\/vyolaine-dujmovic-representera-le-canada-en-tolerie-carrosserie-au-moyen-orient\\\/#breadcrumb\"},\"inLanguage\":\"fr-FR\",\"potentialAction\":[{\"@type\":\"ReadAction\",\"target\":[\"https:\\\/\\\/www.skillscompetencescanada.com\\\/fr\\\/vyolaine-dujmovic-representera-le-canada-en-tolerie-carrosserie-au-moyen-orient\\\/\"]}]},{\"@type\":\"ImageObject\",\"inLanguage\":\"fr-FR\",\"@id\":\"https:\\\/\\\/www.skillscompetencescanada.com\\\/fr\\\/vyolaine-dujmovic-representera-le-canada-en-tolerie-carrosserie-au-moyen-orient\\\/#primaryimage\",\"url\":\"https:\\\/\\\/www.skillscompetencescanada.com\\\/wp-content\\\/uploads\\\/2021\\\/03\\\/default_grey.png\",\"contentUrl\":\"https:\\\/\\\/www.skillscompetencescanada.com\\\/wp-content\\\/uploads\\\/2021\\\/03\\\/default_grey.png\",\"width\":1087,\"height\":540},{\"@type\":\"BreadcrumbList\",\"@id\":\"https:\\\/\\\/www.skillscompetencescanada.com\\\/fr\\\/vyolaine-dujmovic-representera-le-canada-en-tolerie-carrosserie-au-moyen-orient\\\/#breadcrumb\",\"itemListElement\":[{\"@type\":\"ListItem\",\"position\":1,\"name\":\"Home\",\"item\":\"https:\\\/\\\/www.skillscompetencescanada.com\\\/fr\\\/\"},{\"@type\":\"ListItem\",\"position\":2,\"name\":\"Vyolaine Dujmovic repr\u00e9sentera le Canada en T\u00f4lerie carrosserie au Moyen-Orient\"}]},{\"@type\":\"WebSite\",\"@id\":\"https:\\\/\\\/www.skillscompetencescanada.com\\\/fr\\\/#website\",\"url\":\"https:\\\/\\\/www.skillscompetencescanada.com\\\/fr\\\/\",\"name\":\"Skills Competences Canada\",\"description\":\"\",\"publisher\":{\"@id\":\"https:\\\/\\\/www.skillscompetencescanada.com\\\/fr\\\/#organization\"},\"potentialAction\":[{\"@type\":\"SearchAction\",\"target\":{\"@type\":\"EntryPoint\",\"urlTemplate\":\"https:\\\/\\\/www.skillscompetencescanada.com\\\/fr\\\/?s={search_term_string}\"},\"query-input\":{\"@type\":\"PropertyValueSpecification\",\"valueRequired\":true,\"valueName\":\"search_term_string\"}}],\"inLanguage\":\"fr-FR\"},{\"@type\":\"Organization\",\"@id\":\"https:\\\/\\\/www.skillscompetencescanada.com\\\/fr\\\/#organization\",\"name\":\"skills competences canada\",\"url\":\"https:\\\/\\\/www.skillscompetencescanada.com\\\/fr\\\/\",\"logo\":{\"@type\":\"ImageObject\",\"inLanguage\":\"fr-FR\",\"@id\":\"https:\\\/\\\/www.skillscompetencescanada.com\\\/fr\\\/#\\\/schema\\\/logo\\\/image\\\/\",\"url\":\"http:\\\/\\\/skillscompetencescanada.com\\\/wp-content\\\/uploads\\\/2016\\\/09\\\/avatar-admin-96x96-1.jpg\",\"contentUrl\":\"http:\\\/\\\/skillscompetencescanada.com\\\/wp-content\\\/uploads\\\/2016\\\/09\\\/avatar-admin-96x96-1.jpg\",\"width\":96,\"height\":96,\"caption\":\"skills competences canada\"},\"image\":{\"@id\":\"https:\\\/\\\/www.skillscompetencescanada.com\\\/fr\\\/#\\\/schema\\\/logo\\\/image\\\/\"}}]}<\/script>\n<!-- \/ Yoast SEO plugin. -->","yoast_head_json":{"title":"Vyolaine Dujmovic repr\u00e9sentera le Canada en T\u00f4lerie carrosserie au Moyen-Orient - Skills Competences Canada","robots":{"index":"index","follow":"follow","max-snippet":"max-snippet:-1","max-image-preview":"max-image-preview:large","max-video-preview":"max-video-preview:-1"},"canonical":"https:\/\/www.skillscompetencescanada.com\/fr\/vyolaine-dujmovic-representera-le-canada-en-tolerie-carrosserie-au-moyen-orient\/","twitter_misc":{"Dur\u00e9e de lecture estim\u00e9e":"3 minutes"},"schema":{"@context":"https:\/\/schema.org","@graph":[{"@type":"WebPage","@id":"https:\/\/www.skillscompetencescanada.com\/fr\/vyolaine-dujmovic-representera-le-canada-en-tolerie-carrosserie-au-moyen-orient\/","url":"https:\/\/www.skillscompetencescanada.com\/fr\/vyolaine-dujmovic-representera-le-canada-en-tolerie-carrosserie-au-moyen-orient\/","name":"Vyolaine Dujmovic repr\u00e9sentera le Canada en T\u00f4lerie carrosserie au Moyen-Orient - Skills Competences Canada","isPartOf":{"@id":"https:\/\/www.skillscompetencescanada.com\/fr\/#website"},"primaryImageOfPage":{"@id":"https:\/\/www.skillscompetencescanada.com\/fr\/vyolaine-dujmovic-representera-le-canada-en-tolerie-carrosserie-au-moyen-orient\/#primaryimage"},"image":{"@id":"https:\/\/www.skillscompetencescanada.com\/fr\/vyolaine-dujmovic-representera-le-canada-en-tolerie-carrosserie-au-moyen-orient\/#primaryimage"},"thumbnailUrl":"https:\/\/www.skillscompetencescanada.com\/wp-content\/uploads\/2021\/03\/default_grey.png","datePublished":"2017-03-06T13:35:08+00:00","dateModified":"2017-03-06T14:07:28+00:00","breadcrumb":{"@id":"https:\/\/www.skillscompetencescanada.com\/fr\/vyolaine-dujmovic-representera-le-canada-en-tolerie-carrosserie-au-moyen-orient\/#breadcrumb"},"inLanguage":"fr-FR","potentialAction":[{"@type":"ReadAction","target":["https:\/\/www.skillscompetencescanada.com\/fr\/vyolaine-dujmovic-representera-le-canada-en-tolerie-carrosserie-au-moyen-orient\/"]}]},{"@type":"ImageObject","inLanguage":"fr-FR","@id":"https:\/\/www.skillscompetencescanada.com\/fr\/vyolaine-dujmovic-representera-le-canada-en-tolerie-carrosserie-au-moyen-orient\/#primaryimage","url":"https:\/\/www.skillscompetencescanada.com\/wp-content\/uploads\/2021\/03\/default_grey.png","contentUrl":"https:\/\/www.skillscompetencescanada.com\/wp-content\/uploads\/2021\/03\/default_grey.png","width":1087,"height":540},{"@type":"BreadcrumbList","@id":"https:\/\/www.skillscompetencescanada.com\/fr\/vyolaine-dujmovic-representera-le-canada-en-tolerie-carrosserie-au-moyen-orient\/#breadcrumb","itemListElement":[{"@type":"ListItem","position":1,"name":"Home","item":"https:\/\/www.skillscompetencescanada.com\/fr\/"},{"@type":"ListItem","position":2,"name":"Vyolaine Dujmovic repr\u00e9sentera le Canada en T\u00f4lerie carrosserie au Moyen-Orient"}]},{"@type":"WebSite","@id":"https:\/\/www.skillscompetencescanada.com\/fr\/#website","url":"https:\/\/www.skillscompetencescanada.com\/fr\/","name":"Skills Competences Canada","description":"","publisher":{"@id":"https:\/\/www.skillscompetencescanada.com\/fr\/#organization"},"potentialAction":[{"@type":"SearchAction","target":{"@type":"EntryPoint","urlTemplate":"https:\/\/www.skillscompetencescanada.com\/fr\/?s={search_term_string}"},"query-input":{"@type":"PropertyValueSpecification","valueRequired":true,"valueName":"search_term_string"}}],"inLanguage":"fr-FR"},{"@type":"Organization","@id":"https:\/\/www.skillscompetencescanada.com\/fr\/#organization","name":"skills competences canada","url":"https:\/\/www.skillscompetencescanada.com\/fr\/","logo":{"@type":"ImageObject","inLanguage":"fr-FR","@id":"https:\/\/www.skillscompetencescanada.com\/fr\/#\/schema\/logo\/image\/","url":"http:\/\/skillscompetencescanada.com\/wp-content\/uploads\/2016\/09\/avatar-admin-96x96-1.jpg","contentUrl":"http:\/\/skillscompetencescanada.com\/wp-content\/uploads\/2016\/09\/avatar-admin-96x96-1.jpg","width":96,"height":96,"caption":"skills competences canada"},"image":{"@id":"https:\/\/www.skillscompetencescanada.com\/fr\/#\/schema\/logo\/image\/"}}]}},"_links":{"self":[{"href":"https:\/\/www.skillscompetencescanada.com\/fr\/wp-json\/wp\/v2\/pages\/5794","targetHints":{"allow":["GET"]}}],"collection":[{"href":"https:\/\/www.skillscompetencescanada.com\/fr\/wp-json\/wp\/v2\/pages"}],"about":[{"href":"https:\/\/www.skillscompetencescanada.com\/fr\/wp-json\/wp\/v2\/types\/page"}],"author":[{"embeddable":true,"href":"https:\/\/www.skillscompetencescanada.com\/fr\/wp-json\/wp\/v2\/users\/1"}],"replies":[{"embeddable":true,"href":"https:\/\/www.skillscompetencescanada.com\/fr\/wp-json\/wp\/v2\/comments?post=5794"}],"version-history":[{"count":0,"href":"https:\/\/www.skillscompetencescanada.com\/fr\/wp-json\/wp\/v2\/pages\/5794\/revisions"}],"wp:featuredmedia":[{"embeddable":true,"href":"https:\/\/www.skillscompetencescanada.com\/fr\/wp-json\/wp\/v2\/media\/77775"}],"wp:attachment":[{"href":"https:\/\/www.skillscompetencescanada.com\/fr\/wp-json\/wp\/v2\/media?parent=5794"}],"curies":[{"name":"wp","href":"https:\/\/api.w.org\/{rel}","templated":true}]}}