{"id":5799,"date":"2017-03-06T08:52:39","date_gmt":"2017-03-06T13:52:39","guid":{"rendered":"http:\/\/www.skillscompetencescanada.com\/?page_id=5799"},"modified":"2021-04-01T11:35:14","modified_gmt":"2021-04-01T15:35:14","slug":"de-lhorticulture-lamenagement-paysager-marilou-morin-nous-parle-de-son-parcours-jusquau-mondial-des-metiers","status":"publish","type":"page","link":"https:\/\/www.skillscompetencescanada.com\/fr\/de-lhorticulture-lamenagement-paysager-marilou-morin-nous-parle-de-son-parcours-jusquau-mondial-des-metiers\/","title":{"rendered":"De l\u2019horticulture \u00e0 l\u2019am\u00e9nagement paysager : Marilou Morin nous parle de son parcours jusqu\u2019au Mondial des m\u00e9tiers"},"content":{"rendered":"<p>Skills\/Comp\u00e9tences Canada (SCC) s\u2019est assis avec Marilou Morin, membre d\u2019\u00c9quipe Canada WorldSkills 2017 en am\u00e9nagement paysager, pour discuter de son cheminement professionnel et de son succ\u00e8s aux Olympiades canadiennes des m\u00e9tiers et des technologies. Marilou constate qu\u2019elle a toujours \u00e9t\u00e9 une personne qui aime travailler avec ses mains. \u00ab Je crois que c\u2019est un trait familial, car mon p\u00e8re est charpentier-menuisier. J\u2019ai commenc\u00e9 mes \u00e9tudes dans le domaine de l\u2019horticulture, puisque j\u2019adore les v\u00e9g\u00e9taux et j\u2019aime la construction. Plus tard je me suis int\u00e9ress\u00e9e \u00e0 l\u2019am\u00e9nagement paysager, qui me permet aussi d\u2019explorer mon c\u00f4t\u00e9 artistique \u00bb, explique-t-elle.<\/p>\n<figure id=\"attachment_5647\" aria-describedby=\"caption-attachment-5647\" style=\"width: 516px\" class=\"wp-caption alignleft\"><img decoding=\"async\" class=\"wp-image-5647 size-full\" src=\"https:\/\/www.skillscompetencescanada.com\/wp-content\/uploads\/2017\/03\/heforshe-marilou01.jpg\" width=\"516\" height=\"377\" srcset=\"https:\/\/www.skillscompetencescanada.com\/wp-content\/uploads\/2017\/03\/heforshe-marilou01.jpg 516w, https:\/\/www.skillscompetencescanada.com\/wp-content\/uploads\/2017\/03\/heforshe-marilou01-493x360.jpg 493w\" sizes=\"(max-width: 516px) 100vw, 516px\" \/><figcaption id=\"caption-attachment-5647\" class=\"wp-caption-text\">Marilou au OCMT<\/figcaption><\/figure>\n<p>\u00ab J\u2019ai entendu parler des Olympiades canadiennes des m\u00e9tiers et des technologies par l\u2019entremise de mon \u00e9cole. Mes professeurs m\u2019ont dit que je serais une tr\u00e8s bonne candidate. Apr\u00e8s avoir bien gagn\u00e9 aux Olympiades canadiennes des m\u00e9tiers et des technologies 2016, je m\u2019entraine maintenant en vue du Mondial des m\u00e9tiers 2017, \u00e0 Abou Dhabi. Ma participation \u00e0 ce genre de comp\u00e9titions m\u2019a permis de renforcer la confiance que j\u2019ai en moi et je sais que \u00e7a m\u2019aidera sans doute lors du Mondial \u00bb, poursuit-elle.<\/p>\n<p>SCC a demand\u00e9 \u00e8 Marilou d\u2019\u00e9laborer au sujet de son entra\u00eenement en vue du Mondial: \u00ab Mon entra\u00eenement exige une grande partie de mon temps et de mon attention. \u00c7a repr\u00e9sente \u00e9norm\u00e9ment de travail, mais je sais que \u00e7a en vaudra la peine. J\u2019ai h\u00e2te de me rendre au Mondial des m\u00e9tiers et de voir comment je me mesure contre d\u2019autres comp\u00e9titeurs de partout dans le monde. Je sais que ce sera une excellente occasion d\u2019apprentissage et un accomplissement tr\u00e8s impressionnant sur mon curriculum vit\u00e6. Je suis fi\u00e8re d\u2019avoir l\u2019occasion de repr\u00e9senter le Canada en am\u00e9nagement paysager, avec mon partenaire Brandon Di Sabato, et je travaillerai tr\u00e8s fort pour bien r\u00e9ussir. \u00bb<\/p>\n<p>Marilou est l\u2019une des neuf femmes qui font partie d\u2019\u00c9quipe Canada WorldSkills 2017. En tant que femme dans un m\u00e9tier non traditionnel, Marilou nous affirme qu\u2019elle croit que les m\u00e9tiers sp\u00e9cialis\u00e9s pourraient faire l\u2019objet d\u2019avantage de promotion aupr\u00e8s des jeunes femmes. \u00ab Il y a tellement de possibilit\u00e9s dans ces secteurs. C\u2019est bien que plus de femmes r\u00e9alisent les possibilit\u00e9s de carri\u00e8res qui leurs sont ouvertes \u00bb, se r\u00e9jouit-elle.<\/p>\n<p>Marilou participera aux Olympiades canadiennes des m\u00e9tiers sp\u00e9cialis\u00e9s et des technologies 2017, \u00e0 Winnipeg, au Manitoba, le 1 et 2 juin, comme opportunit\u00e9 d\u2019entrainement. Cette comp\u00e9tition est ouverte au public et l\u2019entr\u00e9e est gratuite. Pour obtenir des renseignements suppl\u00e9mentaires, consultez le <a href=\"http:\/\/www.skillscanada.com\">www.skillscanada.com<\/a>.<\/p>\n<p>Du 14 au 19 octobre 2017, Marilou se joindra aux 30 autres membres d\u2019\u00c9quipe Canada WorldSkills 2017 et participera au Mondial des m\u00e9tiers 2017, \u00e0 Abou Dhabi, aux \u00c9mirats arabes unis. Plus de 1 300 concurrents et concurrentes de 60 pays et r\u00e9gions membres participeront \u00e0 cet \u00e9v\u00e8nement et courront la chance d\u2019\u00eatre nomm\u00e9s le meilleur talent au monde dans leur cat\u00e9gorie. Pour obtenir des renseignements suppl\u00e9mentaires et pour suivre le progr\u00e8s d\u2019\u00c9quipe Canada WorldSkills 2017, consultez le <a href=\"http:\/\/www.skillscanada.com\">www.skillscanada.com<\/a>.<\/p>\n<p>Marilou appr\u00e9cie l\u2019appui qu\u2019elle et Brandon re\u00e7oivent des commanditaires de l\u2019industrie, y compris : Kodiak et Stanley DeWalt.<\/p>\n<p style=\"text-align: center;\"><a class=\"btn btn-primary btn-lg\" href=\"https:\/\/www.skillscompetencescanada.com\/fr\/heforshe\/\">Retour \u00e0 la page principale de &lsquo;He for She&rsquo;<\/a><\/p>\n","protected":false},"excerpt":{"rendered":"<p>Skills\/Comp\u00e9tences Canada (SCC) s\u2019est assis avec Marilou Morin, membre d\u2019\u00c9quipe Canada WorldSkills 2017 en am\u00e9nagement paysager, pour discuter de son cheminement professionnel et de son succ\u00e8s aux Olympiades canadiennes des<\/p>\n","protected":false},"author":1,"featured_media":77775,"parent":0,"menu_order":0,"comment_status":"closed","ping_status":"closed","template":"","meta":{"_acf_changed":false,"site-sidebar-layout":"default","site-content-layout":"default","ast-site-content-layout":"default","site-content-style":"default","site-sidebar-style":"default","ast-global-header-display":"","ast-banner-title-visibility":"","ast-main-header-display":"","ast-hfb-above-header-display":"","ast-hfb-below-header-display":"","ast-hfb-mobile-header-display":"","site-post-title":"","ast-breadcrumbs-content":"","ast-featured-img":"","footer-sml-layout":"","ast-disable-related-posts":"","theme-transparent-header-meta":"default","adv-header-id-meta":"","stick-header-meta":"default","header-above-stick-meta":"","header-main-stick-meta":"","header-below-stick-meta":"","astra-migrate-meta-layouts":"default","ast-page-background-enabled":"default","ast-page-background-meta":{"desktop":{"background-color":"","background-image":"","background-repeat":"repeat","background-position":"center center","background-size":"auto","background-attachment":"scroll","background-type":"","background-media":"","overlay-type":"","overlay-color":"","overlay-opacity":"","overlay-gradient":""},"tablet":{"background-color":"","background-image":"","background-repeat":"repeat","background-position":"center center","background-size":"auto","background-attachment":"scroll","background-type":"","background-media":"","overlay-type":"","overlay-color":"","overlay-opacity":"","overlay-gradient":""},"mobile":{"background-color":"","background-image":"","background-repeat":"repeat","background-position":"center center","background-size":"auto","background-attachment":"scroll","background-type":"","background-media":"","overlay-type":"","overlay-color":"","overlay-opacity":"","overlay-gradient":""}},"ast-content-background-meta":{"desktop":{"background-color":"var(--ast-global-color-5)","background-image":"","background-repeat":"repeat","background-position":"center center","background-size":"auto","background-attachment":"scroll","background-type":"","background-media":"","overlay-type":"","overlay-color":"","overlay-opacity":"","overlay-gradient":""},"tablet":{"background-color":"var(--ast-global-color-5)","background-image":"","background-repeat":"repeat","background-position":"center center","background-size":"auto","background-attachment":"scroll","background-type":"","background-media":"","overlay-type":"","overlay-color":"","overlay-opacity":"","overlay-gradient":""},"mobile":{"background-color":"var(--ast-global-color-5)","background-image":"","background-repeat":"repeat","background-position":"center center","background-size":"auto","background-attachment":"scroll","background-type":"","background-media":"","overlay-type":"","overlay-color":"","overlay-opacity":"","overlay-gradient":""}},"footnotes":""},"class_list":["post-5799","page","type-page","status-publish","has-post-thumbnail","hentry"],"acf":[],"yoast_head":"<!-- This site is optimized with the Yoast SEO plugin v27.4 - https:\/\/yoast.com\/product\/yoast-seo-wordpress\/ -->\n<title>De l\u2019horticulture \u00e0 l\u2019am\u00e9nagement paysager : Marilou Morin nous parle de son parcours jusqu\u2019au Mondial des m\u00e9tiers - Skills Competences Canada<\/title>\n<meta name=\"robots\" content=\"index, follow, max-snippet:-1, max-image-preview:large, max-video-preview:-1\" \/>\n<link rel=\"canonical\" href=\"https:\/\/www.skillscompetencescanada.com\/fr\/de-lhorticulture-lamenagement-paysager-marilou-morin-nous-parle-de-son-parcours-jusquau-mondial-des-metiers\/\" \/>\n<meta name=\"twitter:label1\" content=\"Dur\u00e9e de lecture estim\u00e9e\" \/>\n\t<meta name=\"twitter:data1\" content=\"3 minutes\" \/>\n<script type=\"application\/ld+json\" class=\"yoast-schema-graph\">{\"@context\":\"https:\\\/\\\/schema.org\",\"@graph\":[{\"@type\":\"WebPage\",\"@id\":\"https:\\\/\\\/www.skillscompetencescanada.com\\\/fr\\\/de-lhorticulture-lamenagement-paysager-marilou-morin-nous-parle-de-son-parcours-jusquau-mondial-des-metiers\\\/\",\"url\":\"https:\\\/\\\/www.skillscompetencescanada.com\\\/fr\\\/de-lhorticulture-lamenagement-paysager-marilou-morin-nous-parle-de-son-parcours-jusquau-mondial-des-metiers\\\/\",\"name\":\"De l\u2019horticulture \u00e0 l\u2019am\u00e9nagement paysager : Marilou Morin nous parle de son parcours jusqu\u2019au Mondial des m\u00e9tiers - Skills Competences Canada\",\"isPartOf\":{\"@id\":\"https:\\\/\\\/www.skillscompetencescanada.com\\\/fr\\\/#website\"},\"primaryImageOfPage\":{\"@id\":\"https:\\\/\\\/www.skillscompetencescanada.com\\\/fr\\\/de-lhorticulture-lamenagement-paysager-marilou-morin-nous-parle-de-son-parcours-jusquau-mondial-des-metiers\\\/#primaryimage\"},\"image\":{\"@id\":\"https:\\\/\\\/www.skillscompetencescanada.com\\\/fr\\\/de-lhorticulture-lamenagement-paysager-marilou-morin-nous-parle-de-son-parcours-jusquau-mondial-des-metiers\\\/#primaryimage\"},\"thumbnailUrl\":\"https:\\\/\\\/www.skillscompetencescanada.com\\\/wp-content\\\/uploads\\\/2021\\\/03\\\/default_grey.png\",\"datePublished\":\"2017-03-06T13:52:39+00:00\",\"dateModified\":\"2021-04-01T15:35:14+00:00\",\"breadcrumb\":{\"@id\":\"https:\\\/\\\/www.skillscompetencescanada.com\\\/fr\\\/de-lhorticulture-lamenagement-paysager-marilou-morin-nous-parle-de-son-parcours-jusquau-mondial-des-metiers\\\/#breadcrumb\"},\"inLanguage\":\"fr-FR\",\"potentialAction\":[{\"@type\":\"ReadAction\",\"target\":[\"https:\\\/\\\/www.skillscompetencescanada.com\\\/fr\\\/de-lhorticulture-lamenagement-paysager-marilou-morin-nous-parle-de-son-parcours-jusquau-mondial-des-metiers\\\/\"]}]},{\"@type\":\"ImageObject\",\"inLanguage\":\"fr-FR\",\"@id\":\"https:\\\/\\\/www.skillscompetencescanada.com\\\/fr\\\/de-lhorticulture-lamenagement-paysager-marilou-morin-nous-parle-de-son-parcours-jusquau-mondial-des-metiers\\\/#primaryimage\",\"url\":\"https:\\\/\\\/www.skillscompetencescanada.com\\\/wp-content\\\/uploads\\\/2021\\\/03\\\/default_grey.png\",\"contentUrl\":\"https:\\\/\\\/www.skillscompetencescanada.com\\\/wp-content\\\/uploads\\\/2021\\\/03\\\/default_grey.png\",\"width\":1087,\"height\":540},{\"@type\":\"BreadcrumbList\",\"@id\":\"https:\\\/\\\/www.skillscompetencescanada.com\\\/fr\\\/de-lhorticulture-lamenagement-paysager-marilou-morin-nous-parle-de-son-parcours-jusquau-mondial-des-metiers\\\/#breadcrumb\",\"itemListElement\":[{\"@type\":\"ListItem\",\"position\":1,\"name\":\"Home\",\"item\":\"https:\\\/\\\/www.skillscompetencescanada.com\\\/fr\\\/\"},{\"@type\":\"ListItem\",\"position\":2,\"name\":\"De l\u2019horticulture \u00e0 l\u2019am\u00e9nagement paysager : Marilou Morin nous parle de son parcours jusqu\u2019au Mondial des m\u00e9tiers\"}]},{\"@type\":\"WebSite\",\"@id\":\"https:\\\/\\\/www.skillscompetencescanada.com\\\/fr\\\/#website\",\"url\":\"https:\\\/\\\/www.skillscompetencescanada.com\\\/fr\\\/\",\"name\":\"Skills Competences Canada\",\"description\":\"\",\"publisher\":{\"@id\":\"https:\\\/\\\/www.skillscompetencescanada.com\\\/fr\\\/#organization\"},\"potentialAction\":[{\"@type\":\"SearchAction\",\"target\":{\"@type\":\"EntryPoint\",\"urlTemplate\":\"https:\\\/\\\/www.skillscompetencescanada.com\\\/fr\\\/?s={search_term_string}\"},\"query-input\":{\"@type\":\"PropertyValueSpecification\",\"valueRequired\":true,\"valueName\":\"search_term_string\"}}],\"inLanguage\":\"fr-FR\"},{\"@type\":\"Organization\",\"@id\":\"https:\\\/\\\/www.skillscompetencescanada.com\\\/fr\\\/#organization\",\"name\":\"skills competences canada\",\"url\":\"https:\\\/\\\/www.skillscompetencescanada.com\\\/fr\\\/\",\"logo\":{\"@type\":\"ImageObject\",\"inLanguage\":\"fr-FR\",\"@id\":\"https:\\\/\\\/www.skillscompetencescanada.com\\\/fr\\\/#\\\/schema\\\/logo\\\/image\\\/\",\"url\":\"http:\\\/\\\/skillscompetencescanada.com\\\/wp-content\\\/uploads\\\/2016\\\/09\\\/avatar-admin-96x96-1.jpg\",\"contentUrl\":\"http:\\\/\\\/skillscompetencescanada.com\\\/wp-content\\\/uploads\\\/2016\\\/09\\\/avatar-admin-96x96-1.jpg\",\"width\":96,\"height\":96,\"caption\":\"skills competences canada\"},\"image\":{\"@id\":\"https:\\\/\\\/www.skillscompetencescanada.com\\\/fr\\\/#\\\/schema\\\/logo\\\/image\\\/\"}}]}<\/script>\n<!-- \/ Yoast SEO plugin. -->","yoast_head_json":{"title":"De l\u2019horticulture \u00e0 l\u2019am\u00e9nagement paysager : Marilou Morin nous parle de son parcours jusqu\u2019au Mondial des m\u00e9tiers - Skills Competences Canada","robots":{"index":"index","follow":"follow","max-snippet":"max-snippet:-1","max-image-preview":"max-image-preview:large","max-video-preview":"max-video-preview:-1"},"canonical":"https:\/\/www.skillscompetencescanada.com\/fr\/de-lhorticulture-lamenagement-paysager-marilou-morin-nous-parle-de-son-parcours-jusquau-mondial-des-metiers\/","twitter_misc":{"Dur\u00e9e de lecture estim\u00e9e":"3 minutes"},"schema":{"@context":"https:\/\/schema.org","@graph":[{"@type":"WebPage","@id":"https:\/\/www.skillscompetencescanada.com\/fr\/de-lhorticulture-lamenagement-paysager-marilou-morin-nous-parle-de-son-parcours-jusquau-mondial-des-metiers\/","url":"https:\/\/www.skillscompetencescanada.com\/fr\/de-lhorticulture-lamenagement-paysager-marilou-morin-nous-parle-de-son-parcours-jusquau-mondial-des-metiers\/","name":"De l\u2019horticulture \u00e0 l\u2019am\u00e9nagement paysager : Marilou Morin nous parle de son parcours jusqu\u2019au Mondial des m\u00e9tiers - Skills Competences Canada","isPartOf":{"@id":"https:\/\/www.skillscompetencescanada.com\/fr\/#website"},"primaryImageOfPage":{"@id":"https:\/\/www.skillscompetencescanada.com\/fr\/de-lhorticulture-lamenagement-paysager-marilou-morin-nous-parle-de-son-parcours-jusquau-mondial-des-metiers\/#primaryimage"},"image":{"@id":"https:\/\/www.skillscompetencescanada.com\/fr\/de-lhorticulture-lamenagement-paysager-marilou-morin-nous-parle-de-son-parcours-jusquau-mondial-des-metiers\/#primaryimage"},"thumbnailUrl":"https:\/\/www.skillscompetencescanada.com\/wp-content\/uploads\/2021\/03\/default_grey.png","datePublished":"2017-03-06T13:52:39+00:00","dateModified":"2021-04-01T15:35:14+00:00","breadcrumb":{"@id":"https:\/\/www.skillscompetencescanada.com\/fr\/de-lhorticulture-lamenagement-paysager-marilou-morin-nous-parle-de-son-parcours-jusquau-mondial-des-metiers\/#breadcrumb"},"inLanguage":"fr-FR","potentialAction":[{"@type":"ReadAction","target":["https:\/\/www.skillscompetencescanada.com\/fr\/de-lhorticulture-lamenagement-paysager-marilou-morin-nous-parle-de-son-parcours-jusquau-mondial-des-metiers\/"]}]},{"@type":"ImageObject","inLanguage":"fr-FR","@id":"https:\/\/www.skillscompetencescanada.com\/fr\/de-lhorticulture-lamenagement-paysager-marilou-morin-nous-parle-de-son-parcours-jusquau-mondial-des-metiers\/#primaryimage","url":"https:\/\/www.skillscompetencescanada.com\/wp-content\/uploads\/2021\/03\/default_grey.png","contentUrl":"https:\/\/www.skillscompetencescanada.com\/wp-content\/uploads\/2021\/03\/default_grey.png","width":1087,"height":540},{"@type":"BreadcrumbList","@id":"https:\/\/www.skillscompetencescanada.com\/fr\/de-lhorticulture-lamenagement-paysager-marilou-morin-nous-parle-de-son-parcours-jusquau-mondial-des-metiers\/#breadcrumb","itemListElement":[{"@type":"ListItem","position":1,"name":"Home","item":"https:\/\/www.skillscompetencescanada.com\/fr\/"},{"@type":"ListItem","position":2,"name":"De l\u2019horticulture \u00e0 l\u2019am\u00e9nagement paysager : Marilou Morin nous parle de son parcours jusqu\u2019au Mondial des m\u00e9tiers"}]},{"@type":"WebSite","@id":"https:\/\/www.skillscompetencescanada.com\/fr\/#website","url":"https:\/\/www.skillscompetencescanada.com\/fr\/","name":"Skills Competences Canada","description":"","publisher":{"@id":"https:\/\/www.skillscompetencescanada.com\/fr\/#organization"},"potentialAction":[{"@type":"SearchAction","target":{"@type":"EntryPoint","urlTemplate":"https:\/\/www.skillscompetencescanada.com\/fr\/?s={search_term_string}"},"query-input":{"@type":"PropertyValueSpecification","valueRequired":true,"valueName":"search_term_string"}}],"inLanguage":"fr-FR"},{"@type":"Organization","@id":"https:\/\/www.skillscompetencescanada.com\/fr\/#organization","name":"skills competences canada","url":"https:\/\/www.skillscompetencescanada.com\/fr\/","logo":{"@type":"ImageObject","inLanguage":"fr-FR","@id":"https:\/\/www.skillscompetencescanada.com\/fr\/#\/schema\/logo\/image\/","url":"http:\/\/skillscompetencescanada.com\/wp-content\/uploads\/2016\/09\/avatar-admin-96x96-1.jpg","contentUrl":"http:\/\/skillscompetencescanada.com\/wp-content\/uploads\/2016\/09\/avatar-admin-96x96-1.jpg","width":96,"height":96,"caption":"skills competences canada"},"image":{"@id":"https:\/\/www.skillscompetencescanada.com\/fr\/#\/schema\/logo\/image\/"}}]}},"_links":{"self":[{"href":"https:\/\/www.skillscompetencescanada.com\/fr\/wp-json\/wp\/v2\/pages\/5799","targetHints":{"allow":["GET"]}}],"collection":[{"href":"https:\/\/www.skillscompetencescanada.com\/fr\/wp-json\/wp\/v2\/pages"}],"about":[{"href":"https:\/\/www.skillscompetencescanada.com\/fr\/wp-json\/wp\/v2\/types\/page"}],"author":[{"embeddable":true,"href":"https:\/\/www.skillscompetencescanada.com\/fr\/wp-json\/wp\/v2\/users\/1"}],"replies":[{"embeddable":true,"href":"https:\/\/www.skillscompetencescanada.com\/fr\/wp-json\/wp\/v2\/comments?post=5799"}],"version-history":[{"count":0,"href":"https:\/\/www.skillscompetencescanada.com\/fr\/wp-json\/wp\/v2\/pages\/5799\/revisions"}],"wp:featuredmedia":[{"embeddable":true,"href":"https:\/\/www.skillscompetencescanada.com\/fr\/wp-json\/wp\/v2\/media\/77775"}],"wp:attachment":[{"href":"https:\/\/www.skillscompetencescanada.com\/fr\/wp-json\/wp\/v2\/media?parent=5799"}],"curies":[{"name":"wp","href":"https:\/\/api.w.org\/{rel}","templated":true}]}}