{"id":58871,"date":"2018-03-26T13:56:55","date_gmt":"2018-03-26T17:56:55","guid":{"rendered":"https:\/\/www.skillscompetencescanada.com\/?page_id=58871"},"modified":"2025-06-04T10:13:26","modified_gmt":"2025-06-04T14:13:26","slug":"jennifer-green-montre-aux-femmes-la-voie-vers-les-metiers-non-traditionnels","status":"publish","type":"page","link":"https:\/\/www.skillscompetencescanada.com\/fr\/jennifer-green-montre-aux-femmes-la-voie-vers-les-metiers-non-traditionnels\/","title":{"rendered":"Jennifer Green montre aux femmes la voie vers les m\u00e9tiers non traditionnels"},"content":{"rendered":"<p><img decoding=\"async\" class=\"alignnone size-medium wp-image-58857\" src=\"https:\/\/www.skillscompetencescanada.com\/wp-content\/uploads\/2018\/03\/Minister-and-alumni-540x360.jpg\" alt=\"\" width=\"540\" height=\"360\" srcset=\"https:\/\/www.skillscompetencescanada.com\/wp-content\/uploads\/2018\/03\/Minister-and-alumni-540x360.jpg 540w, https:\/\/www.skillscompetencescanada.com\/wp-content\/uploads\/2018\/03\/Minister-and-alumni-272x182.jpg 272w, https:\/\/www.skillscompetencescanada.com\/wp-content\/uploads\/2018\/03\/Minister-and-alumni.jpg 640w\" sizes=\"(max-width: 540px) 100vw, 540px\" \/><\/p>\n<p><em>Skills\/Comp\u00e9tences Canada (SCC) s\u2019est entretenu avec l\u2019ancienne concurrente Jennifer Green au sujet de sa d\u00e9cision de faire carri\u00e8re comme m\u00e9canicienne-monteuse industrielle.<\/em><\/p>\n<p>Au d\u00e9part, Jennifer s\u2019\u00e9tait inscrite au programme de criminologie, volet enqu\u00eates, mais elle avait toujours eu un int\u00e9r\u00eat \u00e0 l\u2019\u00e9gard des domaines techniques. Dans un guide sur les cours coll\u00e9giaux, elle lut la description du programme de m\u00e9canique industrielle et trouva que le domaine correspondait exactement \u00e0 ses aptitudes. C\u2019est alors qu\u2019elle changea de choix de carri\u00e8re. La suite des choses, nous la connaissons!<\/p>\n<p>Durant sa troisi\u00e8me ann\u00e9e d\u2019apprentissage, l\u2019un de ses enseignants au Coll\u00e8ge Conestoga l\u2019a invit\u00e9e \u00e0 participer aux concours provinciaux de Skills\/Comp\u00e9tences Canada. La voyant h\u00e9siter, son enseignant l\u2019a encourag\u00e9e en lui disant qu\u2019il \u00e9tait convaincu qu\u2019elle r\u00e9ussirait bien. L\u2019appui de son employeur, du coll\u00e8ge, de sa famille et de ses amies l\u2019a convaincue d\u2019accepter de participer aux concours. Jennifer a remport\u00e9 la m\u00e9daille d\u2019or aux Concours provinciaux des m\u00e9tiers sp\u00e9cialis\u00e9s de l\u2019Ontario, puis l\u2019argent aux Olympiades canadiennes des m\u00e9tiers et des technologies en 2008, gagnant ainsi le respect de ses pairs. Ce fut aussi le d\u00e9but d\u2019une nouvelle vie. Sa participation aux Olympiades lui avait apport\u00e9 une plus grande confiance en ses talents et de nouvelles connaissances sur son m\u00e9tier, et donn\u00e9 le courage d\u2019essayer de nouvelles choses. \u00c0 partir de ce moment, la promotion des m\u00e9tiers allait devenir une de ses passions.<\/p>\n<p>Jennifer reconna\u00eet sa chance d\u2019avoir eu plusieurs mentors au cours des ann\u00e9es, y compris ses enseignants au Coll\u00e8ge Conestoga, qui l\u2019ont aid\u00e9e \u00e0 s\u2019entra\u00eener en vue des Olympiades, ainsi que son employeur pendant son apprentissage, qui lui a enseign\u00e9 les secrets du m\u00e9tier et fourni aide et appui lorsqu\u2019elle en a eu besoin. Skills\/Comp\u00e9tences Canada et Comp\u00e9tences Ontario l\u2019ont aussi encadr\u00e9e positivement, en lui fournissant les ressources et les contacts qui lui ont permis de s\u2019\u00e9panouir dans son m\u00e9tier. En outre, Jennifer a aussi voulu travailler b\u00e9n\u00e9volement \u00e0 aider les femmes au sein des divers secteurs des m\u00e9tiers et des technologies. Jennifer appuie les activit\u00e9s de Comp\u00e9tences Ontario depuis 2005, en faisant des pr\u00e9sentations, en pronon\u00e7ant des discours et en servant de mentor. En 2017, elle a particip\u00e9 \u00e0 l\u2019initiative Canada\u00a0150 pour les anciens, et est maintenant pr\u00e9sidente de l\u2019Association des anciens de Comp\u00e9tences Ontario. L\u2019Association travaille actuellement avec les organismes membres de SCC \u00e0 la cr\u00e9ation d\u2019associations d\u2019anciens partout au pays et d\u2019un comit\u00e9 national pour les anciens.<\/p>\n<p>Selon une r\u00e9cente enqu\u00eate, les femmes repr\u00e9sentent seulement 4,5\u00a0% des travailleurs qualifi\u00e9s du Canada. (source\u00a0: La Presse canadienne) Selon Jennifer, pour attirer un plus grand nombre de femmes dans les m\u00e9tiers, il est important de pr\u00e9senter ces options t\u00f4t aux jeunes filles, pour leur permettre de prendre des d\u00e9cisions \u00e9clair\u00e9es. C\u2019est en leur fournissant de l\u2019information sur les professions que les jeunes femmes pourront mieux conna\u00eetre les diverses options, avant qu\u2019elles n\u2019effectuent un choix de programme d\u2019\u00e9tudes. D\u00e9j\u00e0, quelques changements ont \u00e9t\u00e9 apport\u00e9s pour encourager les femmes \u00e0 opter pour une profession dans les m\u00e9tiers sp\u00e9cialis\u00e9s. Certaines \u00e9coles secondaires offrent des classes compos\u00e9es de jeunes filles seulement pour des cours de m\u00e9tiers non traditionnels, comme la m\u00e9canique industrielle. Ainsi, celles qui pourraient se sentir mal \u00e0 l\u2019aise dans une classe de gar\u00e7ons seulement ont l\u2019occasion d\u2019explorer les m\u00e9tiers sp\u00e9cialis\u00e9s dans un environnement plus d\u00e9tendu. En outre, des entreprises, telles que Linamar, offrent des programmes d\u2019apprentissage et de bourses d\u2019\u00e9tudes destin\u00e9es aux jeunes femmes afin de les encourager \u00e0 faire carri\u00e8re dans les m\u00e9tiers.<\/p>\n<p>Jennifer travaille actuellement comme planificatrice de la maintenance pour le conseil scolaire d\u2019Upper Grand District. Elle a ainsi pu combiner sa passion pour son m\u00e9tier \u00e0 son amour de la planification. Son exp\u00e9rience de travail comme m\u00e9canicienne-monteuse lui est utile dans ses fonctions actuelles puisqu\u2019elle conna\u00eet l\u2019\u00e9quipement de premi\u00e8re main ainsi que les probl\u00e8mes qui peuvent survenir. Elle peut aussi \u00e9tablir des \u00e9ch\u00e9anciers raisonnables et cr\u00e9er des programmes efficaces. Selon Jennifer, le meilleur conseil qu\u2019elle peut offrir aux jeunes est de choisir une profession qui les passionne et de suivre leur propre cheminement professionnel. \u00ab\u00a0Informez-vous, faites des recherches, parlez \u00e0 des gens qui pratiquent la profession qui vous int\u00e9resse et posez toutes vos questions\u00a0\u00bb, ajoute-t-elle. C\u2019est en faisant eux-m\u00eames la recherche que les jeunes pourront prendre des d\u00e9cisions \u00e9clair\u00e9es au sujet de leur choix de carri\u00e8re.<\/p>\n","protected":false},"excerpt":{"rendered":"<p>Skills\/Comp\u00e9tences Canada (SCC) s\u2019est entretenu avec l\u2019ancienne concurrente Jennifer Green au sujet de sa d\u00e9cision de faire carri\u00e8re comme m\u00e9canicienne-monteuse industrielle. Au d\u00e9part, Jennifer s\u2019\u00e9tait inscrite au programme de criminologie,<\/p>\n","protected":false},"author":5,"featured_media":77775,"parent":0,"menu_order":0,"comment_status":"closed","ping_status":"closed","template":"","meta":{"_acf_changed":false,"site-sidebar-layout":"default","site-content-layout":"","ast-site-content-layout":"default","site-content-style":"default","site-sidebar-style":"default","ast-global-header-display":"","ast-banner-title-visibility":"","ast-main-header-display":"","ast-hfb-above-header-display":"","ast-hfb-below-header-display":"","ast-hfb-mobile-header-display":"","site-post-title":"","ast-breadcrumbs-content":"","ast-featured-img":"","footer-sml-layout":"","ast-disable-related-posts":"","theme-transparent-header-meta":"default","adv-header-id-meta":"","stick-header-meta":"default","header-above-stick-meta":"","header-main-stick-meta":"","header-below-stick-meta":"","astra-migrate-meta-layouts":"set","ast-page-background-enabled":"default","ast-page-background-meta":{"desktop":{"background-color":"","background-image":"","background-repeat":"repeat","background-position":"center center","background-size":"auto","background-attachment":"scroll","background-type":"","background-media":"","overlay-type":"","overlay-color":"","overlay-opacity":"","overlay-gradient":""},"tablet":{"background-color":"","background-image":"","background-repeat":"repeat","background-position":"center center","background-size":"auto","background-attachment":"scroll","background-type":"","background-media":"","overlay-type":"","overlay-color":"","overlay-opacity":"","overlay-gradient":""},"mobile":{"background-color":"","background-image":"","background-repeat":"repeat","background-position":"center center","background-size":"auto","background-attachment":"scroll","background-type":"","background-media":"","overlay-type":"","overlay-color":"","overlay-opacity":"","overlay-gradient":""}},"ast-content-background-meta":{"desktop":{"background-color":"var(--ast-global-color-5)","background-image":"","background-repeat":"repeat","background-position":"center center","background-size":"auto","background-attachment":"scroll","background-type":"","background-media":"","overlay-type":"","overlay-color":"","overlay-opacity":"","overlay-gradient":""},"tablet":{"background-color":"var(--ast-global-color-5)","background-image":"","background-repeat":"repeat","background-position":"center center","background-size":"auto","background-attachment":"scroll","background-type":"","background-media":"","overlay-type":"","overlay-color":"","overlay-opacity":"","overlay-gradient":""},"mobile":{"background-color":"var(--ast-global-color-5)","background-image":"","background-repeat":"repeat","background-position":"center center","background-size":"auto","background-attachment":"scroll","background-type":"","background-media":"","overlay-type":"","overlay-color":"","overlay-opacity":"","overlay-gradient":""}},"footnotes":""},"class_list":["post-58871","page","type-page","status-publish","has-post-thumbnail","hentry"],"acf":[],"yoast_head":"<!-- This site is optimized with the Yoast SEO plugin v27.4 - https:\/\/yoast.com\/product\/yoast-seo-wordpress\/ -->\n<title>Jennifer Green montre aux femmes la voie vers les m\u00e9tiers non traditionnels - Skills Competences Canada<\/title>\n<meta name=\"robots\" content=\"index, follow, max-snippet:-1, max-image-preview:large, max-video-preview:-1\" \/>\n<link rel=\"canonical\" href=\"https:\/\/www.skillscompetencescanada.com\/fr\/jennifer-green-montre-aux-femmes-la-voie-vers-les-metiers-non-traditionnels\/\" \/>\n<meta name=\"twitter:label1\" content=\"Dur\u00e9e de lecture estim\u00e9e\" \/>\n\t<meta name=\"twitter:data1\" content=\"4 minutes\" \/>\n<script type=\"application\/ld+json\" class=\"yoast-schema-graph\">{\"@context\":\"https:\\\/\\\/schema.org\",\"@graph\":[{\"@type\":\"WebPage\",\"@id\":\"https:\\\/\\\/www.skillscompetencescanada.com\\\/fr\\\/jennifer-green-montre-aux-femmes-la-voie-vers-les-metiers-non-traditionnels\\\/\",\"url\":\"https:\\\/\\\/www.skillscompetencescanada.com\\\/fr\\\/jennifer-green-montre-aux-femmes-la-voie-vers-les-metiers-non-traditionnels\\\/\",\"name\":\"Jennifer Green montre aux femmes la voie vers les m\u00e9tiers non traditionnels - Skills Competences Canada\",\"isPartOf\":{\"@id\":\"https:\\\/\\\/www.skillscompetencescanada.com\\\/fr\\\/#website\"},\"primaryImageOfPage\":{\"@id\":\"https:\\\/\\\/www.skillscompetencescanada.com\\\/fr\\\/jennifer-green-montre-aux-femmes-la-voie-vers-les-metiers-non-traditionnels\\\/#primaryimage\"},\"image\":{\"@id\":\"https:\\\/\\\/www.skillscompetencescanada.com\\\/fr\\\/jennifer-green-montre-aux-femmes-la-voie-vers-les-metiers-non-traditionnels\\\/#primaryimage\"},\"thumbnailUrl\":\"https:\\\/\\\/www.skillscompetencescanada.com\\\/wp-content\\\/uploads\\\/2021\\\/03\\\/default_grey.png\",\"datePublished\":\"2018-03-26T17:56:55+00:00\",\"dateModified\":\"2025-06-04T14:13:26+00:00\",\"breadcrumb\":{\"@id\":\"https:\\\/\\\/www.skillscompetencescanada.com\\\/fr\\\/jennifer-green-montre-aux-femmes-la-voie-vers-les-metiers-non-traditionnels\\\/#breadcrumb\"},\"inLanguage\":\"fr-FR\",\"potentialAction\":[{\"@type\":\"ReadAction\",\"target\":[\"https:\\\/\\\/www.skillscompetencescanada.com\\\/fr\\\/jennifer-green-montre-aux-femmes-la-voie-vers-les-metiers-non-traditionnels\\\/\"]}]},{\"@type\":\"ImageObject\",\"inLanguage\":\"fr-FR\",\"@id\":\"https:\\\/\\\/www.skillscompetencescanada.com\\\/fr\\\/jennifer-green-montre-aux-femmes-la-voie-vers-les-metiers-non-traditionnels\\\/#primaryimage\",\"url\":\"https:\\\/\\\/www.skillscompetencescanada.com\\\/wp-content\\\/uploads\\\/2021\\\/03\\\/default_grey.png\",\"contentUrl\":\"https:\\\/\\\/www.skillscompetencescanada.com\\\/wp-content\\\/uploads\\\/2021\\\/03\\\/default_grey.png\",\"width\":1087,\"height\":540},{\"@type\":\"BreadcrumbList\",\"@id\":\"https:\\\/\\\/www.skillscompetencescanada.com\\\/fr\\\/jennifer-green-montre-aux-femmes-la-voie-vers-les-metiers-non-traditionnels\\\/#breadcrumb\",\"itemListElement\":[{\"@type\":\"ListItem\",\"position\":1,\"name\":\"Home\",\"item\":\"https:\\\/\\\/www.skillscompetencescanada.com\\\/fr\\\/\"},{\"@type\":\"ListItem\",\"position\":2,\"name\":\"Jennifer Green montre aux femmes la voie vers les m\u00e9tiers non traditionnels\"}]},{\"@type\":\"WebSite\",\"@id\":\"https:\\\/\\\/www.skillscompetencescanada.com\\\/fr\\\/#website\",\"url\":\"https:\\\/\\\/www.skillscompetencescanada.com\\\/fr\\\/\",\"name\":\"Skills Competences Canada\",\"description\":\"\",\"publisher\":{\"@id\":\"https:\\\/\\\/www.skillscompetencescanada.com\\\/fr\\\/#organization\"},\"potentialAction\":[{\"@type\":\"SearchAction\",\"target\":{\"@type\":\"EntryPoint\",\"urlTemplate\":\"https:\\\/\\\/www.skillscompetencescanada.com\\\/fr\\\/?s={search_term_string}\"},\"query-input\":{\"@type\":\"PropertyValueSpecification\",\"valueRequired\":true,\"valueName\":\"search_term_string\"}}],\"inLanguage\":\"fr-FR\"},{\"@type\":\"Organization\",\"@id\":\"https:\\\/\\\/www.skillscompetencescanada.com\\\/fr\\\/#organization\",\"name\":\"skills competences canada\",\"url\":\"https:\\\/\\\/www.skillscompetencescanada.com\\\/fr\\\/\",\"logo\":{\"@type\":\"ImageObject\",\"inLanguage\":\"fr-FR\",\"@id\":\"https:\\\/\\\/www.skillscompetencescanada.com\\\/fr\\\/#\\\/schema\\\/logo\\\/image\\\/\",\"url\":\"http:\\\/\\\/skillscompetencescanada.com\\\/wp-content\\\/uploads\\\/2016\\\/09\\\/avatar-admin-96x96-1.jpg\",\"contentUrl\":\"http:\\\/\\\/skillscompetencescanada.com\\\/wp-content\\\/uploads\\\/2016\\\/09\\\/avatar-admin-96x96-1.jpg\",\"width\":96,\"height\":96,\"caption\":\"skills competences canada\"},\"image\":{\"@id\":\"https:\\\/\\\/www.skillscompetencescanada.com\\\/fr\\\/#\\\/schema\\\/logo\\\/image\\\/\"}}]}<\/script>\n<!-- \/ Yoast SEO plugin. -->","yoast_head_json":{"title":"Jennifer Green montre aux femmes la voie vers les m\u00e9tiers non traditionnels - Skills Competences Canada","robots":{"index":"index","follow":"follow","max-snippet":"max-snippet:-1","max-image-preview":"max-image-preview:large","max-video-preview":"max-video-preview:-1"},"canonical":"https:\/\/www.skillscompetencescanada.com\/fr\/jennifer-green-montre-aux-femmes-la-voie-vers-les-metiers-non-traditionnels\/","twitter_misc":{"Dur\u00e9e de lecture estim\u00e9e":"4 minutes"},"schema":{"@context":"https:\/\/schema.org","@graph":[{"@type":"WebPage","@id":"https:\/\/www.skillscompetencescanada.com\/fr\/jennifer-green-montre-aux-femmes-la-voie-vers-les-metiers-non-traditionnels\/","url":"https:\/\/www.skillscompetencescanada.com\/fr\/jennifer-green-montre-aux-femmes-la-voie-vers-les-metiers-non-traditionnels\/","name":"Jennifer Green montre aux femmes la voie vers les m\u00e9tiers non traditionnels - Skills Competences Canada","isPartOf":{"@id":"https:\/\/www.skillscompetencescanada.com\/fr\/#website"},"primaryImageOfPage":{"@id":"https:\/\/www.skillscompetencescanada.com\/fr\/jennifer-green-montre-aux-femmes-la-voie-vers-les-metiers-non-traditionnels\/#primaryimage"},"image":{"@id":"https:\/\/www.skillscompetencescanada.com\/fr\/jennifer-green-montre-aux-femmes-la-voie-vers-les-metiers-non-traditionnels\/#primaryimage"},"thumbnailUrl":"https:\/\/www.skillscompetencescanada.com\/wp-content\/uploads\/2021\/03\/default_grey.png","datePublished":"2018-03-26T17:56:55+00:00","dateModified":"2025-06-04T14:13:26+00:00","breadcrumb":{"@id":"https:\/\/www.skillscompetencescanada.com\/fr\/jennifer-green-montre-aux-femmes-la-voie-vers-les-metiers-non-traditionnels\/#breadcrumb"},"inLanguage":"fr-FR","potentialAction":[{"@type":"ReadAction","target":["https:\/\/www.skillscompetencescanada.com\/fr\/jennifer-green-montre-aux-femmes-la-voie-vers-les-metiers-non-traditionnels\/"]}]},{"@type":"ImageObject","inLanguage":"fr-FR","@id":"https:\/\/www.skillscompetencescanada.com\/fr\/jennifer-green-montre-aux-femmes-la-voie-vers-les-metiers-non-traditionnels\/#primaryimage","url":"https:\/\/www.skillscompetencescanada.com\/wp-content\/uploads\/2021\/03\/default_grey.png","contentUrl":"https:\/\/www.skillscompetencescanada.com\/wp-content\/uploads\/2021\/03\/default_grey.png","width":1087,"height":540},{"@type":"BreadcrumbList","@id":"https:\/\/www.skillscompetencescanada.com\/fr\/jennifer-green-montre-aux-femmes-la-voie-vers-les-metiers-non-traditionnels\/#breadcrumb","itemListElement":[{"@type":"ListItem","position":1,"name":"Home","item":"https:\/\/www.skillscompetencescanada.com\/fr\/"},{"@type":"ListItem","position":2,"name":"Jennifer Green montre aux femmes la voie vers les m\u00e9tiers non traditionnels"}]},{"@type":"WebSite","@id":"https:\/\/www.skillscompetencescanada.com\/fr\/#website","url":"https:\/\/www.skillscompetencescanada.com\/fr\/","name":"Skills Competences Canada","description":"","publisher":{"@id":"https:\/\/www.skillscompetencescanada.com\/fr\/#organization"},"potentialAction":[{"@type":"SearchAction","target":{"@type":"EntryPoint","urlTemplate":"https:\/\/www.skillscompetencescanada.com\/fr\/?s={search_term_string}"},"query-input":{"@type":"PropertyValueSpecification","valueRequired":true,"valueName":"search_term_string"}}],"inLanguage":"fr-FR"},{"@type":"Organization","@id":"https:\/\/www.skillscompetencescanada.com\/fr\/#organization","name":"skills competences canada","url":"https:\/\/www.skillscompetencescanada.com\/fr\/","logo":{"@type":"ImageObject","inLanguage":"fr-FR","@id":"https:\/\/www.skillscompetencescanada.com\/fr\/#\/schema\/logo\/image\/","url":"http:\/\/skillscompetencescanada.com\/wp-content\/uploads\/2016\/09\/avatar-admin-96x96-1.jpg","contentUrl":"http:\/\/skillscompetencescanada.com\/wp-content\/uploads\/2016\/09\/avatar-admin-96x96-1.jpg","width":96,"height":96,"caption":"skills competences canada"},"image":{"@id":"https:\/\/www.skillscompetencescanada.com\/fr\/#\/schema\/logo\/image\/"}}]}},"_links":{"self":[{"href":"https:\/\/www.skillscompetencescanada.com\/fr\/wp-json\/wp\/v2\/pages\/58871","targetHints":{"allow":["GET"]}}],"collection":[{"href":"https:\/\/www.skillscompetencescanada.com\/fr\/wp-json\/wp\/v2\/pages"}],"about":[{"href":"https:\/\/www.skillscompetencescanada.com\/fr\/wp-json\/wp\/v2\/types\/page"}],"author":[{"embeddable":true,"href":"https:\/\/www.skillscompetencescanada.com\/fr\/wp-json\/wp\/v2\/users\/5"}],"replies":[{"embeddable":true,"href":"https:\/\/www.skillscompetencescanada.com\/fr\/wp-json\/wp\/v2\/comments?post=58871"}],"version-history":[{"count":0,"href":"https:\/\/www.skillscompetencescanada.com\/fr\/wp-json\/wp\/v2\/pages\/58871\/revisions"}],"wp:featuredmedia":[{"embeddable":true,"href":"https:\/\/www.skillscompetencescanada.com\/fr\/wp-json\/wp\/v2\/media\/77775"}],"wp:attachment":[{"href":"https:\/\/www.skillscompetencescanada.com\/fr\/wp-json\/wp\/v2\/media?parent=58871"}],"curies":[{"name":"wp","href":"https:\/\/api.w.org\/{rel}","templated":true}]}}