{"id":58891,"date":"2018-03-26T16:02:57","date_gmt":"2018-03-26T20:02:57","guid":{"rendered":"https:\/\/www.skillscompetencescanada.com\/?page_id=58891"},"modified":"2018-03-26T16:03:32","modified_gmt":"2018-03-26T20:03:32","slug":"dun-concours-regional-a-une-competition-internationale-jenica-branscombe-explique-en-quoi-les-concours-de-skills-competences-canada-ont-faconne-sa-carriere","status":"publish","type":"page","link":"https:\/\/www.skillscompetencescanada.com\/fr\/dun-concours-regional-a-une-competition-internationale-jenica-branscombe-explique-en-quoi-les-concours-de-skills-competences-canada-ont-faconne-sa-carriere\/","title":{"rendered":"D\u2019un concours r\u00e9gional \u00e0 une comp\u00e9tition internationale : Jenica Branscombe explique en quoi les concours de Skills\/Comp\u00e9tences Canada ont fa\u00e7onn\u00e9 sa carri\u00e8re"},"content":{"rendered":"<p><em>Skills\/Comp\u00e9tences Canada a rencontr\u00e9 Jenica Branscombe, concurrente en esth\u00e9tique d\u2019\u00c9quipe Canada WorldSkills 2011, au sujet de son parcours professionnel.<\/em><\/p>\n<p>Le parcours de Jenica Branscombe dans un m\u00e9tier sp\u00e9cialis\u00e9 a commenc\u00e9 \u00e0 l\u2019\u00e9cole secondaire, le jour o\u00f9 un de ses enseignants lui a demand\u00e9 si elle souhaitait participer \u00e0 des Olympiades de la formation professionnelle. Jessica fut surprise de cette question, car elle se consid\u00e9rait comme l\u2019une des pires \u00e9l\u00e8ves de la classe. Apr\u00e8s une courte r\u00e9flexion, elle a accept\u00e9 de participer au concours Esth\u00e9tique d\u2019une comp\u00e9tition r\u00e9gionale. Cette premi\u00e8re participation l\u2019a amen\u00e9e \u00e0 concourir dans une comp\u00e9tition provinciale, puis aux Olympiades canadiennes des m\u00e9tiers et des technologies de Skills\/Comp\u00e9tences Canada. Apr\u00e8s avoir gagn\u00e9 sa place au sein d\u2019\u00c9quipe Canada WorldSkills 2011, Jenica a concouru \u00e0 l\u2019\u00e9chelon international, au Mondial des m\u00e9tiers 2011, \u00e0 Londres.<\/p>\n<p>Lorsqu\u2019elle repense \u00e0 son parcours aux c\u00f4t\u00e9s de Skills\/Comp\u00e9tences Canada, Jenica reconna\u00eet qu\u2019elle doit sa r\u00e9ussite \u00e0 Isabelle Collin, une concurrente en esth\u00e9tique d\u2019\u00c9quipe Canada WorldSkills 2009. Isabelle avait pr\u00e9sent\u00e9 un expos\u00e9 sur sa participation au Mondial des m\u00e9tiers 2009 \u00e0 Calgary \u00e0 l\u2019\u00e9cole de Jenica. Bien que Jenica n\u2019ait \u00e9t\u00e9 particuli\u00e8rement attir\u00e9e par l\u2019id\u00e9e de concourir, l\u2019expos\u00e9 d\u2019isabelle l\u2019avait int\u00e9ress\u00e9e au point de d\u00e9cider de participer \u00e0 une comp\u00e9tition de Skills\/Comp\u00e9tences Canada. \u00c0 partir de ce moment-l\u00e0, Isabelle l\u2019a prise sous son aile et l\u2019a aid\u00e9e \u00e0 exploiter son plein potentiel. Jenica reconna\u00eet qu\u2019elle ne serait pas all\u00e9e aussi loin sans le soutien d\u2019Isabelle. Gr\u00e2ce \u00e0 sa formation et \u00e0 son travail acharn\u00e9, elle a d\u00e9croch\u00e9 la m\u00e9daille d\u2019argent au concours Esth\u00e9tique du Mondial des m\u00e9tiers 2011, \u00e0 Londres.<\/p>\n<p>Sa participation aux concours de Skills\/Comp\u00e9tences Canada et de WorldSkills a permis \u00e0 Jenica de d\u00e9velopper sa passion, de se fixer des objectifs personnels et de diriger plusieurs activit\u00e9s li\u00e9es \u00e0 sa profession, par exemple, repr\u00e9senter le Canada au Forum jeunesse WorldSkills \u00e0 Jeju, en Cor\u00e9e du Sud. Elle a aussi relat\u00e9 ses exp\u00e9riences formidables \u00e0 des activit\u00e9s de Skills\/Comp\u00e9tences Canada, et a r\u00e9cemment agi comme juge dans le concours provincial d\u2019esth\u00e9tique. Dans l\u2019ensemble, l\u2019exp\u00e9rience dont elle est la plus fi\u00e8re est celle d\u2019avoir repr\u00e9sent\u00e9 les Am\u00e9riques au sein de la Fiducie des champions WorldSkills (WS Champions Trust). Cr\u00e9\u00e9 par WorldSkills, ce programme vise \u00e0 encourager les m\u00e9daill\u00e9s \u00e0 demeurer engag\u00e9s aupr\u00e8s de WorldSkills apr\u00e8s le Mondial des m\u00e9tiers. Selon Jenica, \u00eatre membre de la Fiducie des champions WorldSkills donne l\u2019impression de participer \u00e0 une initiative qui va bien au-del\u00e0 de sa propre personne, tout en continuant de prendre part aux programmes de WorldSkills et aux activit\u00e9s d\u2019anciens concurrents.<\/p>\n<p>Jenica est toujours guid\u00e9e par sa passion : elle travaille en tant que technicienne en pose d\u2019ongles et de cils, et distribue des produits d\u2019entretien pour les ongles. Fi\u00e8re de sa carri\u00e8re et de ses nombreuses r\u00e9alisations professionnelles, elle consid\u00e8re toutefois que d\u2019\u00ab \u00eatre la m\u00e8re de ses deux petits polissons ador\u00e9s \u00bb constitue sa plus grande t\u00e2che. Elle conseille aux jeunes de cerner les activit\u00e9s susceptibles de les rendre heureux et de les passionner avant de choisir une profession. Elle a constat\u00e9 que la formation professionnelle fait moins l\u2019objet de pr\u00e9jug\u00e9s d\u00e9favorables qu\u2019auparavant, mais que, malgr\u00e9 ces progr\u00e8s, il reste encore du travail \u00e0 accomplir. Jenica encourage les jeunes \u00e0 \u00e9tudier toutes les possibilit\u00e9s avant de choisir une profession et, surtout, \u00e0 suivre leur propre passion. \u00ab Lorsque vous aimez ce que vous faites, ce n\u2019est plus un travail. \u00bb<\/p>\n","protected":false},"excerpt":{"rendered":"<p>Skills\/Comp\u00e9tences Canada a rencontr\u00e9 Jenica Branscombe, concurrente en esth\u00e9tique d\u2019\u00c9quipe Canada WorldSkills 2011, au sujet de son parcours professionnel. Le parcours de Jenica Branscombe dans un m\u00e9tier sp\u00e9cialis\u00e9 a commenc\u00e9<\/p>\n","protected":false},"author":5,"featured_media":77775,"parent":0,"menu_order":0,"comment_status":"closed","ping_status":"closed","template":"","meta":{"_acf_changed":false,"site-sidebar-layout":"default","site-content-layout":"","ast-site-content-layout":"default","site-content-style":"default","site-sidebar-style":"default","ast-global-header-display":"","ast-banner-title-visibility":"","ast-main-header-display":"","ast-hfb-above-header-display":"","ast-hfb-below-header-display":"","ast-hfb-mobile-header-display":"","site-post-title":"","ast-breadcrumbs-content":"","ast-featured-img":"","footer-sml-layout":"","ast-disable-related-posts":"","theme-transparent-header-meta":"","adv-header-id-meta":"","stick-header-meta":"","header-above-stick-meta":"","header-main-stick-meta":"","header-below-stick-meta":"","astra-migrate-meta-layouts":"default","ast-page-background-enabled":"default","ast-page-background-meta":{"desktop":{"background-color":"","background-image":"","background-repeat":"repeat","background-position":"center center","background-size":"auto","background-attachment":"scroll","background-type":"","background-media":"","overlay-type":"","overlay-color":"","overlay-opacity":"","overlay-gradient":""},"tablet":{"background-color":"","background-image":"","background-repeat":"repeat","background-position":"center center","background-size":"auto","background-attachment":"scroll","background-type":"","background-media":"","overlay-type":"","overlay-color":"","overlay-opacity":"","overlay-gradient":""},"mobile":{"background-color":"","background-image":"","background-repeat":"repeat","background-position":"center center","background-size":"auto","background-attachment":"scroll","background-type":"","background-media":"","overlay-type":"","overlay-color":"","overlay-opacity":"","overlay-gradient":""}},"ast-content-background-meta":{"desktop":{"background-color":"var(--ast-global-color-5)","background-image":"","background-repeat":"repeat","background-position":"center center","background-size":"auto","background-attachment":"scroll","background-type":"","background-media":"","overlay-type":"","overlay-color":"","overlay-opacity":"","overlay-gradient":""},"tablet":{"background-color":"var(--ast-global-color-5)","background-image":"","background-repeat":"repeat","background-position":"center center","background-size":"auto","background-attachment":"scroll","background-type":"","background-media":"","overlay-type":"","overlay-color":"","overlay-opacity":"","overlay-gradient":""},"mobile":{"background-color":"var(--ast-global-color-5)","background-image":"","background-repeat":"repeat","background-position":"center center","background-size":"auto","background-attachment":"scroll","background-type":"","background-media":"","overlay-type":"","overlay-color":"","overlay-opacity":"","overlay-gradient":""}},"footnotes":""},"class_list":["post-58891","page","type-page","status-publish","has-post-thumbnail","hentry"],"acf":[],"yoast_head":"<!-- This site is optimized with the Yoast SEO plugin v27.4 - https:\/\/yoast.com\/product\/yoast-seo-wordpress\/ -->\n<title>D\u2019un concours r\u00e9gional \u00e0 une comp\u00e9tition internationale : Jenica Branscombe explique en quoi les concours de Skills\/Comp\u00e9tences Canada ont fa\u00e7onn\u00e9 sa carri\u00e8re - Skills Competences Canada<\/title>\n<meta name=\"robots\" content=\"index, follow, max-snippet:-1, max-image-preview:large, max-video-preview:-1\" \/>\n<link rel=\"canonical\" href=\"https:\/\/www.skillscompetencescanada.com\/fr\/dun-concours-regional-a-une-competition-internationale-jenica-branscombe-explique-en-quoi-les-concours-de-skills-competences-canada-ont-faconne-sa-carriere\/\" \/>\n<meta name=\"twitter:label1\" content=\"Dur\u00e9e de lecture estim\u00e9e\" \/>\n\t<meta name=\"twitter:data1\" content=\"3 minutes\" \/>\n<script type=\"application\/ld+json\" class=\"yoast-schema-graph\">{\"@context\":\"https:\\\/\\\/schema.org\",\"@graph\":[{\"@type\":\"WebPage\",\"@id\":\"https:\\\/\\\/www.skillscompetencescanada.com\\\/fr\\\/dun-concours-regional-a-une-competition-internationale-jenica-branscombe-explique-en-quoi-les-concours-de-skills-competences-canada-ont-faconne-sa-carriere\\\/\",\"url\":\"https:\\\/\\\/www.skillscompetencescanada.com\\\/fr\\\/dun-concours-regional-a-une-competition-internationale-jenica-branscombe-explique-en-quoi-les-concours-de-skills-competences-canada-ont-faconne-sa-carriere\\\/\",\"name\":\"D\u2019un concours r\u00e9gional \u00e0 une comp\u00e9tition internationale : Jenica Branscombe explique en quoi les concours de Skills\\\/Comp\u00e9tences Canada ont fa\u00e7onn\u00e9 sa carri\u00e8re - Skills Competences Canada\",\"isPartOf\":{\"@id\":\"https:\\\/\\\/www.skillscompetencescanada.com\\\/fr\\\/#website\"},\"primaryImageOfPage\":{\"@id\":\"https:\\\/\\\/www.skillscompetencescanada.com\\\/fr\\\/dun-concours-regional-a-une-competition-internationale-jenica-branscombe-explique-en-quoi-les-concours-de-skills-competences-canada-ont-faconne-sa-carriere\\\/#primaryimage\"},\"image\":{\"@id\":\"https:\\\/\\\/www.skillscompetencescanada.com\\\/fr\\\/dun-concours-regional-a-une-competition-internationale-jenica-branscombe-explique-en-quoi-les-concours-de-skills-competences-canada-ont-faconne-sa-carriere\\\/#primaryimage\"},\"thumbnailUrl\":\"https:\\\/\\\/www.skillscompetencescanada.com\\\/wp-content\\\/uploads\\\/2021\\\/03\\\/default_grey.png\",\"datePublished\":\"2018-03-26T20:02:57+00:00\",\"dateModified\":\"2018-03-26T20:03:32+00:00\",\"breadcrumb\":{\"@id\":\"https:\\\/\\\/www.skillscompetencescanada.com\\\/fr\\\/dun-concours-regional-a-une-competition-internationale-jenica-branscombe-explique-en-quoi-les-concours-de-skills-competences-canada-ont-faconne-sa-carriere\\\/#breadcrumb\"},\"inLanguage\":\"fr-FR\",\"potentialAction\":[{\"@type\":\"ReadAction\",\"target\":[\"https:\\\/\\\/www.skillscompetencescanada.com\\\/fr\\\/dun-concours-regional-a-une-competition-internationale-jenica-branscombe-explique-en-quoi-les-concours-de-skills-competences-canada-ont-faconne-sa-carriere\\\/\"]}]},{\"@type\":\"ImageObject\",\"inLanguage\":\"fr-FR\",\"@id\":\"https:\\\/\\\/www.skillscompetencescanada.com\\\/fr\\\/dun-concours-regional-a-une-competition-internationale-jenica-branscombe-explique-en-quoi-les-concours-de-skills-competences-canada-ont-faconne-sa-carriere\\\/#primaryimage\",\"url\":\"https:\\\/\\\/www.skillscompetencescanada.com\\\/wp-content\\\/uploads\\\/2021\\\/03\\\/default_grey.png\",\"contentUrl\":\"https:\\\/\\\/www.skillscompetencescanada.com\\\/wp-content\\\/uploads\\\/2021\\\/03\\\/default_grey.png\",\"width\":1087,\"height\":540},{\"@type\":\"BreadcrumbList\",\"@id\":\"https:\\\/\\\/www.skillscompetencescanada.com\\\/fr\\\/dun-concours-regional-a-une-competition-internationale-jenica-branscombe-explique-en-quoi-les-concours-de-skills-competences-canada-ont-faconne-sa-carriere\\\/#breadcrumb\",\"itemListElement\":[{\"@type\":\"ListItem\",\"position\":1,\"name\":\"Home\",\"item\":\"https:\\\/\\\/www.skillscompetencescanada.com\\\/fr\\\/\"},{\"@type\":\"ListItem\",\"position\":2,\"name\":\"D\u2019un concours r\u00e9gional \u00e0 une comp\u00e9tition internationale : Jenica Branscombe explique en quoi les concours de Skills\\\/Comp\u00e9tences Canada ont fa\u00e7onn\u00e9 sa carri\u00e8re\"}]},{\"@type\":\"WebSite\",\"@id\":\"https:\\\/\\\/www.skillscompetencescanada.com\\\/fr\\\/#website\",\"url\":\"https:\\\/\\\/www.skillscompetencescanada.com\\\/fr\\\/\",\"name\":\"Skills Competences Canada\",\"description\":\"\",\"publisher\":{\"@id\":\"https:\\\/\\\/www.skillscompetencescanada.com\\\/fr\\\/#organization\"},\"potentialAction\":[{\"@type\":\"SearchAction\",\"target\":{\"@type\":\"EntryPoint\",\"urlTemplate\":\"https:\\\/\\\/www.skillscompetencescanada.com\\\/fr\\\/?s={search_term_string}\"},\"query-input\":{\"@type\":\"PropertyValueSpecification\",\"valueRequired\":true,\"valueName\":\"search_term_string\"}}],\"inLanguage\":\"fr-FR\"},{\"@type\":\"Organization\",\"@id\":\"https:\\\/\\\/www.skillscompetencescanada.com\\\/fr\\\/#organization\",\"name\":\"skills competences canada\",\"url\":\"https:\\\/\\\/www.skillscompetencescanada.com\\\/fr\\\/\",\"logo\":{\"@type\":\"ImageObject\",\"inLanguage\":\"fr-FR\",\"@id\":\"https:\\\/\\\/www.skillscompetencescanada.com\\\/fr\\\/#\\\/schema\\\/logo\\\/image\\\/\",\"url\":\"http:\\\/\\\/skillscompetencescanada.com\\\/wp-content\\\/uploads\\\/2016\\\/09\\\/avatar-admin-96x96-1.jpg\",\"contentUrl\":\"http:\\\/\\\/skillscompetencescanada.com\\\/wp-content\\\/uploads\\\/2016\\\/09\\\/avatar-admin-96x96-1.jpg\",\"width\":96,\"height\":96,\"caption\":\"skills competences canada\"},\"image\":{\"@id\":\"https:\\\/\\\/www.skillscompetencescanada.com\\\/fr\\\/#\\\/schema\\\/logo\\\/image\\\/\"}}]}<\/script>\n<!-- \/ Yoast SEO plugin. -->","yoast_head_json":{"title":"D\u2019un concours r\u00e9gional \u00e0 une comp\u00e9tition internationale : Jenica Branscombe explique en quoi les concours de Skills\/Comp\u00e9tences Canada ont fa\u00e7onn\u00e9 sa carri\u00e8re - Skills Competences Canada","robots":{"index":"index","follow":"follow","max-snippet":"max-snippet:-1","max-image-preview":"max-image-preview:large","max-video-preview":"max-video-preview:-1"},"canonical":"https:\/\/www.skillscompetencescanada.com\/fr\/dun-concours-regional-a-une-competition-internationale-jenica-branscombe-explique-en-quoi-les-concours-de-skills-competences-canada-ont-faconne-sa-carriere\/","twitter_misc":{"Dur\u00e9e de lecture estim\u00e9e":"3 minutes"},"schema":{"@context":"https:\/\/schema.org","@graph":[{"@type":"WebPage","@id":"https:\/\/www.skillscompetencescanada.com\/fr\/dun-concours-regional-a-une-competition-internationale-jenica-branscombe-explique-en-quoi-les-concours-de-skills-competences-canada-ont-faconne-sa-carriere\/","url":"https:\/\/www.skillscompetencescanada.com\/fr\/dun-concours-regional-a-une-competition-internationale-jenica-branscombe-explique-en-quoi-les-concours-de-skills-competences-canada-ont-faconne-sa-carriere\/","name":"D\u2019un concours r\u00e9gional \u00e0 une comp\u00e9tition internationale : Jenica Branscombe explique en quoi les concours de Skills\/Comp\u00e9tences Canada ont fa\u00e7onn\u00e9 sa carri\u00e8re - Skills Competences Canada","isPartOf":{"@id":"https:\/\/www.skillscompetencescanada.com\/fr\/#website"},"primaryImageOfPage":{"@id":"https:\/\/www.skillscompetencescanada.com\/fr\/dun-concours-regional-a-une-competition-internationale-jenica-branscombe-explique-en-quoi-les-concours-de-skills-competences-canada-ont-faconne-sa-carriere\/#primaryimage"},"image":{"@id":"https:\/\/www.skillscompetencescanada.com\/fr\/dun-concours-regional-a-une-competition-internationale-jenica-branscombe-explique-en-quoi-les-concours-de-skills-competences-canada-ont-faconne-sa-carriere\/#primaryimage"},"thumbnailUrl":"https:\/\/www.skillscompetencescanada.com\/wp-content\/uploads\/2021\/03\/default_grey.png","datePublished":"2018-03-26T20:02:57+00:00","dateModified":"2018-03-26T20:03:32+00:00","breadcrumb":{"@id":"https:\/\/www.skillscompetencescanada.com\/fr\/dun-concours-regional-a-une-competition-internationale-jenica-branscombe-explique-en-quoi-les-concours-de-skills-competences-canada-ont-faconne-sa-carriere\/#breadcrumb"},"inLanguage":"fr-FR","potentialAction":[{"@type":"ReadAction","target":["https:\/\/www.skillscompetencescanada.com\/fr\/dun-concours-regional-a-une-competition-internationale-jenica-branscombe-explique-en-quoi-les-concours-de-skills-competences-canada-ont-faconne-sa-carriere\/"]}]},{"@type":"ImageObject","inLanguage":"fr-FR","@id":"https:\/\/www.skillscompetencescanada.com\/fr\/dun-concours-regional-a-une-competition-internationale-jenica-branscombe-explique-en-quoi-les-concours-de-skills-competences-canada-ont-faconne-sa-carriere\/#primaryimage","url":"https:\/\/www.skillscompetencescanada.com\/wp-content\/uploads\/2021\/03\/default_grey.png","contentUrl":"https:\/\/www.skillscompetencescanada.com\/wp-content\/uploads\/2021\/03\/default_grey.png","width":1087,"height":540},{"@type":"BreadcrumbList","@id":"https:\/\/www.skillscompetencescanada.com\/fr\/dun-concours-regional-a-une-competition-internationale-jenica-branscombe-explique-en-quoi-les-concours-de-skills-competences-canada-ont-faconne-sa-carriere\/#breadcrumb","itemListElement":[{"@type":"ListItem","position":1,"name":"Home","item":"https:\/\/www.skillscompetencescanada.com\/fr\/"},{"@type":"ListItem","position":2,"name":"D\u2019un concours r\u00e9gional \u00e0 une comp\u00e9tition internationale : Jenica Branscombe explique en quoi les concours de Skills\/Comp\u00e9tences Canada ont fa\u00e7onn\u00e9 sa carri\u00e8re"}]},{"@type":"WebSite","@id":"https:\/\/www.skillscompetencescanada.com\/fr\/#website","url":"https:\/\/www.skillscompetencescanada.com\/fr\/","name":"Skills Competences Canada","description":"","publisher":{"@id":"https:\/\/www.skillscompetencescanada.com\/fr\/#organization"},"potentialAction":[{"@type":"SearchAction","target":{"@type":"EntryPoint","urlTemplate":"https:\/\/www.skillscompetencescanada.com\/fr\/?s={search_term_string}"},"query-input":{"@type":"PropertyValueSpecification","valueRequired":true,"valueName":"search_term_string"}}],"inLanguage":"fr-FR"},{"@type":"Organization","@id":"https:\/\/www.skillscompetencescanada.com\/fr\/#organization","name":"skills competences canada","url":"https:\/\/www.skillscompetencescanada.com\/fr\/","logo":{"@type":"ImageObject","inLanguage":"fr-FR","@id":"https:\/\/www.skillscompetencescanada.com\/fr\/#\/schema\/logo\/image\/","url":"http:\/\/skillscompetencescanada.com\/wp-content\/uploads\/2016\/09\/avatar-admin-96x96-1.jpg","contentUrl":"http:\/\/skillscompetencescanada.com\/wp-content\/uploads\/2016\/09\/avatar-admin-96x96-1.jpg","width":96,"height":96,"caption":"skills competences canada"},"image":{"@id":"https:\/\/www.skillscompetencescanada.com\/fr\/#\/schema\/logo\/image\/"}}]}},"_links":{"self":[{"href":"https:\/\/www.skillscompetencescanada.com\/fr\/wp-json\/wp\/v2\/pages\/58891","targetHints":{"allow":["GET"]}}],"collection":[{"href":"https:\/\/www.skillscompetencescanada.com\/fr\/wp-json\/wp\/v2\/pages"}],"about":[{"href":"https:\/\/www.skillscompetencescanada.com\/fr\/wp-json\/wp\/v2\/types\/page"}],"author":[{"embeddable":true,"href":"https:\/\/www.skillscompetencescanada.com\/fr\/wp-json\/wp\/v2\/users\/5"}],"replies":[{"embeddable":true,"href":"https:\/\/www.skillscompetencescanada.com\/fr\/wp-json\/wp\/v2\/comments?post=58891"}],"version-history":[{"count":0,"href":"https:\/\/www.skillscompetencescanada.com\/fr\/wp-json\/wp\/v2\/pages\/58891\/revisions"}],"wp:featuredmedia":[{"embeddable":true,"href":"https:\/\/www.skillscompetencescanada.com\/fr\/wp-json\/wp\/v2\/media\/77775"}],"wp:attachment":[{"href":"https:\/\/www.skillscompetencescanada.com\/fr\/wp-json\/wp\/v2\/media?parent=58891"}],"curies":[{"name":"wp","href":"https:\/\/api.w.org\/{rel}","templated":true}]}}