{"id":66461,"date":"2016-07-18T15:00:10","date_gmt":"2016-07-18T19:00:10","guid":{"rendered":"https:\/\/www.skillscompetencescanada.com\/?page_id=66461"},"modified":"2026-02-26T09:01:26","modified_gmt":"2026-02-26T14:01:26","slug":"conseil-administration-national","status":"publish","type":"page","link":"https:\/\/www.skillscompetencescanada.com\/fr\/conseil-administration-national\/","title":{"rendered":"Conseil d&rsquo;administration national"},"content":{"rendered":"<div id=\"pl-66461\"  class=\"panel-layout\" ><div id=\"pg-66461-0\"  class=\"panel-grid panel-no-style\" ><div id=\"pgc-66461-0-0\"  class=\"panel-grid-cell\" ><div id=\"panel-66461-0-0-0\" class=\"so-panel widget widget_sow-editor panel-first-child panel-last-child\" data-index=\"0\" ><div\n\t\t\t\n\t\t\tclass=\"so-widget-sow-editor so-widget-sow-editor-base\"\n\t\t\t\n\t\t>\n<div class=\"siteorigin-widget-tinymce textwidget\">\n\t<p style=\"text-align: center;\"><strong>Pr\u00e9sident<\/strong><a href=\"http:\/\/skillscompetencescanada.com\/fr\/bio\/ray-massey-fr\/\"><img decoding=\"async\" class=\"aligncenter wp-image-68721 size-medium\" src=\"http:\/\/skillscompetencescanada.com\/wp-content\/uploads\/2020\/03\/024-D82_3000-288x360.jpg\" alt=\"\" width=\"288\" height=\"360\" srcset=\"https:\/\/www.skillscompetencescanada.com\/wp-content\/uploads\/2020\/03\/024-D82_3000-288x360.jpg 288w, https:\/\/www.skillscompetencescanada.com\/wp-content\/uploads\/2020\/03\/024-D82_3000-768x960.jpg 768w, https:\/\/www.skillscompetencescanada.com\/wp-content\/uploads\/2020\/03\/024-D82_3000-576x720.jpg 576w, https:\/\/www.skillscompetencescanada.com\/wp-content\/uploads\/2020\/03\/024-D82_3000-1200x1500.jpg 1200w\" sizes=\"(max-width: 288px) 100vw, 288px\" \/><\/a><\/p>\n<p style=\"text-align: center;\"><a href=\"http:\/\/skillscompetencescanada.com\/fr\/bio\/ray-massey-fr\/\">Ray Massey<\/a><\/p>\n<\/div>\n<\/div><\/div><\/div><div id=\"pgc-66461-0-1\"  class=\"panel-grid-cell\" ><div id=\"panel-66461-0-1-0\" class=\"so-panel widget widget_sow-editor panel-first-child panel-last-child\" data-index=\"1\" ><div\n\t\t\t\n\t\t\tclass=\"so-widget-sow-editor so-widget-sow-editor-base\"\n\t\t\t\n\t\t>\n<div class=\"siteorigin-widget-tinymce textwidget\">\n\t<p style=\"text-align: center;\"><strong>Vice-pr\u00e9sidente<\/strong><img decoding=\"async\" class=\"wp-image-68708 size-medium aligncenter\" src=\"https:\/\/www.skillscompetencescanada.com\/wp-content\/uploads\/2020\/03\/012-D82_2964-288x360.jpg\" alt=\"\" width=\"288\" height=\"360\" srcset=\"https:\/\/www.skillscompetencescanada.com\/wp-content\/uploads\/2020\/03\/012-D82_2964-288x360.jpg 288w, https:\/\/www.skillscompetencescanada.com\/wp-content\/uploads\/2020\/03\/012-D82_2964-768x960.jpg 768w, https:\/\/www.skillscompetencescanada.com\/wp-content\/uploads\/2020\/03\/012-D82_2964-576x720.jpg 576w, https:\/\/www.skillscompetencescanada.com\/wp-content\/uploads\/2020\/03\/012-D82_2964-1200x1500.jpg 1200w\" sizes=\"(max-width: 288px) 100vw, 288px\" \/><\/p>\n<p style=\"text-align: center;\"><a href=\"https:\/\/www.skillscompetencescanada.com\/fr\/bio\/sue-lefort-fr\/\">Sue LeFort<\/a><\/p>\n<\/div>\n<\/div><\/div><\/div><div id=\"pgc-66461-0-2\"  class=\"panel-grid-cell\" ><div id=\"panel-66461-0-2-0\" class=\"so-panel widget widget_sow-editor panel-first-child panel-last-child\" data-index=\"2\" ><div\n\t\t\t\n\t\t\tclass=\"so-widget-sow-editor so-widget-sow-editor-base\"\n\t\t\t\n\t\t>\n<div class=\"siteorigin-widget-tinymce textwidget\">\n\t<p style=\"text-align: center;\"><strong>Secr\u00e9taire<br \/>\n<\/strong><img decoding=\"async\" class=\"alignnone wp-image-99656 size-full\" src=\"https:\/\/www.skillscompetencescanada.com\/wp-content\/uploads\/2023\/02\/Manning_edit-1.png\" alt=\"\" width=\"288\" height=\"360\" \/><\/p>\n<p style=\"text-align: center;\"><a href=\"https:\/\/www.skillscompetencescanada.com\/fr\/bio\/ashley-delong\/\">Ashley DeLong<\/a><\/p>\n<\/div>\n<\/div><\/div><\/div><div id=\"pgc-66461-0-3\"  class=\"panel-grid-cell\" ><div id=\"panel-66461-0-3-0\" class=\"so-panel widget widget_sow-editor panel-first-child panel-last-child\" data-index=\"3\" ><div\n\t\t\t\n\t\t\tclass=\"so-widget-sow-editor so-widget-sow-editor-base\"\n\t\t\t\n\t\t>\n<div class=\"siteorigin-widget-tinymce textwidget\">\n\t<p style=\"text-align: center;\"><strong>Tr\u00e9sorier<\/strong><br \/>\n<img decoding=\"async\" class=\"aligncenter wp-image-104867 size-medium\" src=\"https:\/\/www.skillscompetencescanada.com\/wp-content\/uploads\/2024\/02\/Michael-Watson22-288x360.jpg\" alt=\"\" width=\"288\" height=\"360\" srcset=\"https:\/\/www.skillscompetencescanada.com\/wp-content\/uploads\/2024\/02\/Michael-Watson22-288x360.jpg 288w, https:\/\/www.skillscompetencescanada.com\/wp-content\/uploads\/2024\/02\/Michael-Watson22-576x720.jpg 576w, https:\/\/www.skillscompetencescanada.com\/wp-content\/uploads\/2024\/02\/Michael-Watson22-768x960.jpg 768w, https:\/\/www.skillscompetencescanada.com\/wp-content\/uploads\/2024\/02\/Michael-Watson22-1229x1536.jpg 1229w, https:\/\/www.skillscompetencescanada.com\/wp-content\/uploads\/2024\/02\/Michael-Watson22.jpg 1280w\" sizes=\"(max-width: 288px) 100vw, 288px\" \/><\/p>\n<p style=\"text-align: center;\">Michael Watson<\/p>\n<\/div>\n<\/div><\/div><\/div><div id=\"pgc-66461-0-4\"  class=\"panel-grid-cell\" ><div id=\"panel-66461-0-4-0\" class=\"so-panel widget widget_sow-editor panel-first-child panel-last-child\" data-index=\"4\" ><div\n\t\t\t\n\t\t\tclass=\"so-widget-sow-editor so-widget-sow-editor-base\"\n\t\t\t\n\t\t>\n<div class=\"siteorigin-widget-tinymce textwidget\">\n\t<p style=\"text-align: center;\"><strong>Pr\u00e9sident sortant<\/strong><a href=\"http:\/\/skillscompetencescanada.com\/fr\/bio\/patrick-rouble-fr\/\"><img decoding=\"async\" class=\"aligncenter wp-image-68701 size-medium\" src=\"http:\/\/skillscompetencescanada.com\/wp-content\/uploads\/2020\/03\/036-D82_3045-288x360.jpg\" alt=\"\" width=\"288\" height=\"360\" srcset=\"https:\/\/www.skillscompetencescanada.com\/wp-content\/uploads\/2020\/03\/036-D82_3045-288x360.jpg 288w, https:\/\/www.skillscompetencescanada.com\/wp-content\/uploads\/2020\/03\/036-D82_3045-768x960.jpg 768w, https:\/\/www.skillscompetencescanada.com\/wp-content\/uploads\/2020\/03\/036-D82_3045-576x720.jpg 576w, https:\/\/www.skillscompetencescanada.com\/wp-content\/uploads\/2020\/03\/036-D82_3045-1200x1500.jpg 1200w\" sizes=\"(max-width: 288px) 100vw, 288px\" \/><\/a><\/p>\n<p style=\"text-align: center;\"><a href=\"http:\/\/skillscompetencescanada.com\/fr\/bio\/patrick-rouble-fr\/\">Dr. Patrick Rouble<\/a><\/p>\n<\/div>\n<\/div><\/div><\/div><\/div><div id=\"pg-66461-1\"  class=\"panel-grid panel-no-style\" ><div id=\"pgc-66461-1-0\"  class=\"panel-grid-cell\" ><div id=\"panel-66461-1-0-0\" class=\"so-panel widget widget_sow-editor panel-first-child panel-last-child\" data-index=\"5\" ><div\n\t\t\t\n\t\t\tclass=\"so-widget-sow-editor so-widget-sow-editor-base\"\n\t\t\t\n\t\t>\n<div class=\"siteorigin-widget-tinymce textwidget\">\n\t<p><a href=\"https:\/\/www.skillscompetencescanada.com\/fr\/bio\/dominique-bousquet\"><img decoding=\"async\" class=\"wp-image-68695 size-medium aligncenter\" src=\"https:\/\/www.skillscompetencescanada.com\/wp-content\/uploads\/2020\/03\/015-D82_2971-288x360.jpg\" alt=\"\" width=\"288\" height=\"360\" srcset=\"https:\/\/www.skillscompetencescanada.com\/wp-content\/uploads\/2020\/03\/015-D82_2971-288x360.jpg 288w, https:\/\/www.skillscompetencescanada.com\/wp-content\/uploads\/2020\/03\/015-D82_2971-768x960.jpg 768w, https:\/\/www.skillscompetencescanada.com\/wp-content\/uploads\/2020\/03\/015-D82_2971-576x720.jpg 576w, https:\/\/www.skillscompetencescanada.com\/wp-content\/uploads\/2020\/03\/015-D82_2971-1200x1500.jpg 1200w\" sizes=\"(max-width: 288px) 100vw, 288px\" \/><\/a><\/p>\n<p style=\"text-align: center;\"><a href=\"https:\/\/www.skillscompetencescanada.com\/fr\/bio\/dominique-bousquet\">Dominique Bousquet<\/a><\/p>\n<\/div>\n<\/div><\/div><\/div><div id=\"pgc-66461-1-1\"  class=\"panel-grid-cell\" ><div id=\"panel-66461-1-1-0\" class=\"so-panel widget widget_sow-editor panel-first-child panel-last-child\" data-index=\"6\" ><div\n\t\t\t\n\t\t\tclass=\"so-widget-sow-editor so-widget-sow-editor-base\"\n\t\t\t\n\t\t>\n<div class=\"siteorigin-widget-tinymce textwidget\">\n\t<p style=\"text-align: center;\"><img decoding=\"async\" class=\"alignnone wp-image-99661 size-full\" src=\"https:\/\/www.skillscompetencescanada.com\/wp-content\/uploads\/2023\/02\/Manning_edit-3.png\" alt=\"\" width=\"288\" height=\"360\" \/><\/p>\n<p style=\"text-align: center;\">Dennis Innes<\/p>\n<\/div>\n<\/div><\/div><\/div><div id=\"pgc-66461-1-2\"  class=\"panel-grid-cell\" ><div id=\"panel-66461-1-2-0\" class=\"so-panel widget widget_sow-editor panel-first-child panel-last-child\" data-index=\"7\" ><div\n\t\t\t\n\t\t\tclass=\"so-widget-sow-editor so-widget-sow-editor-base\"\n\t\t\t\n\t\t>\n<div class=\"siteorigin-widget-tinymce textwidget\">\n\t<p><img decoding=\"async\" class=\"wp-image-112971 size-full aligncenter\" src=\"https:\/\/www.skillscompetencescanada.com\/wp-content\/uploads\/2026\/01\/MLandry_Board.png\" alt=\"\" width=\"288\" height=\"360\" \/><\/p>\n<p style=\"text-align: center;\">Michael Landry<\/p>\n<\/div>\n<\/div><\/div><\/div><div id=\"pgc-66461-1-3\"  class=\"panel-grid-cell\" ><div id=\"panel-66461-1-3-0\" class=\"so-panel widget widget_sow-editor panel-first-child panel-last-child\" data-index=\"8\" ><div\n\t\t\t\n\t\t\tclass=\"so-widget-sow-editor so-widget-sow-editor-base\"\n\t\t\t\n\t\t>\n<div class=\"siteorigin-widget-tinymce textwidget\">\n\t<p><img decoding=\"async\" class=\"alignnone wp-image-112152 size-full\" src=\"https:\/\/www.skillscompetencescanada.com\/wp-content\/uploads\/2025\/11\/DM_NOV2025.png\" alt=\"\" width=\"288\" height=\"360\" \/><\/p>\n<p style=\"text-align: center;\"><a href=\"https:\/\/www.skillscompetencescanada.com\/fr\/bio\/doug-mcrae\/\">Doug McRae<\/a><\/p>\n<\/div>\n<\/div><\/div><\/div><div id=\"pgc-66461-1-4\"  class=\"panel-grid-cell\" ><div id=\"panel-66461-1-4-0\" class=\"so-panel widget widget_sow-editor panel-first-child panel-last-child\" data-index=\"9\" ><div\n\t\t\t\n\t\t\tclass=\"so-widget-sow-editor so-widget-sow-editor-base\"\n\t\t\t\n\t\t>\n<div class=\"siteorigin-widget-tinymce textwidget\">\n\t<p style=\"text-align: center;\"><img decoding=\"async\" class=\"alignnone wp-image-108750 size-full\" src=\"https:\/\/www.skillscompetencescanada.com\/wp-content\/uploads\/2025\/01\/D_Morley.png\" alt=\"\" width=\"288\" height=\"360\" \/><\/p>\n<p style=\"text-align: center;\"><a href=\"https:\/\/www.skillscompetencescanada.com\/fr\/bio\/david-morley\/\">David Morley<\/a><\/p>\n<\/div>\n<\/div><\/div><\/div><\/div><div id=\"pg-66461-2\"  class=\"panel-grid panel-no-style\" ><div id=\"pgc-66461-2-0\"  class=\"panel-grid-cell\" ><div id=\"panel-66461-2-0-0\" class=\"so-panel widget widget_sow-editor panel-first-child panel-last-child\" data-index=\"10\" ><div\n\t\t\t\n\t\t\tclass=\"so-widget-sow-editor so-widget-sow-editor-base\"\n\t\t\t\n\t\t>\n<div class=\"siteorigin-widget-tinymce textwidget\">\n\t<p style=\"text-align: center;\"><a href=\"https:\/\/www.skillscompetencescanada.com\/fr\/bio\/phil-polsom\"><img decoding=\"async\" class=\"alignnone wp-image-92474 size-medium\" src=\"https:\/\/www.skillscompetencescanada.com\/wp-content\/uploads\/2021\/12\/PPolsom_retouch-288x360.jpg\" alt=\"\" width=\"288\" height=\"360\" srcset=\"https:\/\/www.skillscompetencescanada.com\/wp-content\/uploads\/2021\/12\/PPolsom_retouch-288x360.jpg 288w, https:\/\/www.skillscompetencescanada.com\/wp-content\/uploads\/2021\/12\/PPolsom_retouch-576x720.jpg 576w, https:\/\/www.skillscompetencescanada.com\/wp-content\/uploads\/2021\/12\/PPolsom_retouch-768x960.jpg 768w, https:\/\/www.skillscompetencescanada.com\/wp-content\/uploads\/2021\/12\/PPolsom_retouch-1229x1536.jpg 1229w, https:\/\/www.skillscompetencescanada.com\/wp-content\/uploads\/2021\/12\/PPolsom_retouch-1638x2048.jpg 1638w, https:\/\/www.skillscompetencescanada.com\/wp-content\/uploads\/2021\/12\/PPolsom_retouch-scaled.jpg 2048w\" sizes=\"(max-width: 288px) 100vw, 288px\" \/><\/a><\/p>\n<p style=\"text-align: center;\"><a href=\"https:\/\/www.skillscompetencescanada.com\/fr\/bio\/phil-polsom\">Phil Polsom<\/a><\/p>\n<\/div>\n<\/div><\/div><\/div><div id=\"pgc-66461-2-1\"  class=\"panel-grid-cell\" ><div id=\"panel-66461-2-1-0\" class=\"so-panel widget widget_sow-editor panel-first-child panel-last-child\" data-index=\"11\" ><div\n\t\t\t\n\t\t\tclass=\"so-widget-sow-editor so-widget-sow-editor-base\"\n\t\t\t\n\t\t>\n<div class=\"siteorigin-widget-tinymce textwidget\">\n\t<p><img decoding=\"async\" class=\"alignnone wp-image-102899 size-full aligncenter\" src=\"https:\/\/www.skillscompetencescanada.com\/wp-content\/uploads\/2023\/10\/G_Toole.png\" alt=\"\" width=\"288\" height=\"360\" \/><\/p>\n<p style=\"text-align: center;\">Gavin Toole<\/p>\n<\/div>\n<\/div><\/div><\/div><div id=\"pgc-66461-2-2\"  class=\"panel-grid-cell\" ><div id=\"panel-66461-2-2-0\" class=\"so-panel widget widget_sow-editor panel-first-child panel-last-child\" data-index=\"12\" ><div\n\t\t\t\n\t\t\tclass=\"so-widget-sow-editor so-widget-sow-editor-base\"\n\t\t\t\n\t\t>\n<div class=\"siteorigin-widget-tinymce textwidget\">\n\t<p><img decoding=\"async\" class=\"wp-image-111994 size-full aligncenter\" src=\"https:\/\/www.skillscompetencescanada.com\/wp-content\/uploads\/2025\/11\/JVautour_Oct2025.png\" alt=\"\" width=\"288\" height=\"360\" \/><\/p>\n<p style=\"text-align: center;\"><a href=\"https:\/\/www.skillscompetencescanada.com\/fr\/bio\/jeff-vautour\/\">Jeff Vautour<\/a><\/p>\n<\/div>\n<\/div><\/div><\/div><div id=\"pgc-66461-2-3\"  class=\"panel-grid-cell panel-grid-cell-mobile-last\" ><div id=\"panel-66461-2-3-0\" class=\"so-panel widget widget_sow-editor panel-first-child panel-last-child\" data-index=\"13\" ><div\n\t\t\t\n\t\t\tclass=\"so-widget-sow-editor so-widget-sow-editor-base\"\n\t\t\t\n\t\t>\n<div class=\"siteorigin-widget-tinymce textwidget\">\n\t<p style=\"text-align: center;\"><img decoding=\"async\" class=\"alignnone wp-image-99643 size-full\" src=\"https:\/\/www.skillscompetencescanada.com\/wp-content\/uploads\/2023\/02\/BOD_Kyle-Wilson.jpg\" alt=\"\" width=\"288\" height=\"360\" \/><\/p>\n<p style=\"text-align: center;\"><a href=\"https:\/\/www.skillscompetencescanada.com\/fr\/bio\/kyle-wilson\/\">Kyle Wilson<\/a><\/p>\n<\/div>\n<\/div><\/div><\/div><div id=\"pgc-66461-2-4\"  class=\"panel-grid-cell panel-grid-cell-empty\" ><\/div><\/div><div id=\"pg-66461-3\"  class=\"panel-grid panel-no-style\" ><div id=\"pgc-66461-3-0\"  class=\"panel-grid-cell\" ><div id=\"panel-66461-3-0-0\" class=\"so-panel widget widget_sow-editor panel-first-child panel-last-child\" data-index=\"14\" ><div\n\t\t\t\n\t\t\tclass=\"so-widget-sow-editor so-widget-sow-editor-base\"\n\t\t\t\n\t\t>\n<div class=\"siteorigin-widget-tinymce textwidget\">\n\t<p>&nbsp;<\/p>\n<h2>WorldSkills- Repr\u00e9sentants<\/h2>\n<p>D\u00e9l\u00e9gu\u00e9s officiels : Ray Massey<br \/>\nD\u00e9l\u00e9gu\u00e9 technique : Sophie Courchene<br \/>\nD\u00e9l\u00e9gu\u00e9 technique - assistant : Luc Morin<\/p>\n<\/div>\n<\/div><\/div><\/div><\/div><\/div>","protected":false},"excerpt":{"rendered":"<p>Pr\u00e9sident Ray Massey Vice-pr\u00e9sidente Sue LeFort Secr\u00e9taire Ashley DeLong Tr\u00e9sorier Michael Watson Pr\u00e9sident sortant Dr. Patrick Rouble Dominique Bousquet Dennis Innes Michael Landry Doug McRae David Morley<\/p>\n","protected":false},"author":3,"featured_media":77775,"parent":0,"menu_order":0,"comment_status":"closed","ping_status":"closed","template":"","meta":{"_acf_changed":false,"site-sidebar-layout":"default","site-content-layout":"default","ast-site-content-layout":"default","site-content-style":"default","site-sidebar-style":"default","ast-global-header-display":"","ast-banner-title-visibility":"","ast-main-header-display":"","ast-hfb-above-header-display":"","ast-hfb-below-header-display":"","ast-hfb-mobile-header-display":"","site-post-title":"","ast-breadcrumbs-content":"","ast-featured-img":"","footer-sml-layout":"","ast-disable-related-posts":"","theme-transparent-header-meta":"default","adv-header-id-meta":"","stick-header-meta":"default","header-above-stick-meta":"","header-main-stick-meta":"","header-below-stick-meta":"","astra-migrate-meta-layouts":"set","ast-page-background-enabled":"default","ast-page-background-meta":{"desktop":{"background-color":"","background-image":"","background-repeat":"repeat","background-position":"center center","background-size":"auto","background-attachment":"scroll","background-type":"","background-media":"","overlay-type":"","overlay-color":"","overlay-opacity":"","overlay-gradient":""},"tablet":{"background-color":"","background-image":"","background-repeat":"repeat","background-position":"center center","background-size":"auto","background-attachment":"scroll","background-type":"","background-media":"","overlay-type":"","overlay-color":"","overlay-opacity":"","overlay-gradient":""},"mobile":{"background-color":"","background-image":"","background-repeat":"repeat","background-position":"center center","background-size":"auto","background-attachment":"scroll","background-type":"","background-media":"","overlay-type":"","overlay-color":"","overlay-opacity":"","overlay-gradient":""}},"ast-content-background-meta":{"desktop":{"background-color":"var(--ast-global-color-5)","background-image":"","background-repeat":"repeat","background-position":"center center","background-size":"auto","background-attachment":"scroll","background-type":"","background-media":"","overlay-type":"","overlay-color":"","overlay-opacity":"","overlay-gradient":""},"tablet":{"background-color":"var(--ast-global-color-5)","background-image":"","background-repeat":"repeat","background-position":"center center","background-size":"auto","background-attachment":"scroll","background-type":"","background-media":"","overlay-type":"","overlay-color":"","overlay-opacity":"","overlay-gradient":""},"mobile":{"background-color":"var(--ast-global-color-5)","background-image":"","background-repeat":"repeat","background-position":"center center","background-size":"auto","background-attachment":"scroll","background-type":"","background-media":"","overlay-type":"","overlay-color":"","overlay-opacity":"","overlay-gradient":""}},"footnotes":""},"class_list":["post-66461","page","type-page","status-publish","has-post-thumbnail","hentry"],"acf":[],"yoast_head":"<!-- This site is optimized with the Yoast SEO plugin v27.1.1 - https:\/\/yoast.com\/product\/yoast-seo-wordpress\/ -->\n<title>Conseil d&#039;administration national - Skills Competences Canada<\/title>\n<meta name=\"robots\" content=\"index, follow, max-snippet:-1, max-image-preview:large, max-video-preview:-1\" \/>\n<link rel=\"canonical\" href=\"https:\/\/www.skillscompetencescanada.com\/fr\/conseil-administration-national\/\" \/>\n<meta name=\"twitter:label1\" content=\"Dur\u00e9e de lecture estim\u00e9e\" \/>\n\t<meta name=\"twitter:data1\" content=\"3 minutes\" \/>\n<script type=\"application\/ld+json\" class=\"yoast-schema-graph\">{\"@context\":\"https:\/\/schema.org\",\"@graph\":[{\"@type\":\"WebPage\",\"@id\":\"https:\/\/www.skillscompetencescanada.com\/fr\/conseil-administration-national\/\",\"url\":\"https:\/\/www.skillscompetencescanada.com\/fr\/conseil-administration-national\/\",\"name\":\"Conseil d'administration national - Skills Competences Canada\",\"isPartOf\":{\"@id\":\"https:\/\/www.skillscompetencescanada.com\/fr\/#website\"},\"primaryImageOfPage\":{\"@id\":\"https:\/\/www.skillscompetencescanada.com\/fr\/conseil-administration-national\/#primaryimage\"},\"image\":{\"@id\":\"https:\/\/www.skillscompetencescanada.com\/fr\/conseil-administration-national\/#primaryimage\"},\"thumbnailUrl\":\"https:\/\/www.skillscompetencescanada.com\/wp-content\/uploads\/2021\/03\/default_grey.png\",\"datePublished\":\"2016-07-18T19:00:10+00:00\",\"dateModified\":\"2026-02-26T14:01:26+00:00\",\"breadcrumb\":{\"@id\":\"https:\/\/www.skillscompetencescanada.com\/fr\/conseil-administration-national\/#breadcrumb\"},\"inLanguage\":\"fr-FR\",\"potentialAction\":[{\"@type\":\"ReadAction\",\"target\":[\"https:\/\/www.skillscompetencescanada.com\/fr\/conseil-administration-national\/\"]}]},{\"@type\":\"ImageObject\",\"inLanguage\":\"fr-FR\",\"@id\":\"https:\/\/www.skillscompetencescanada.com\/fr\/conseil-administration-national\/#primaryimage\",\"url\":\"https:\/\/www.skillscompetencescanada.com\/wp-content\/uploads\/2021\/03\/default_grey.png\",\"contentUrl\":\"https:\/\/www.skillscompetencescanada.com\/wp-content\/uploads\/2021\/03\/default_grey.png\",\"width\":1087,\"height\":540},{\"@type\":\"BreadcrumbList\",\"@id\":\"https:\/\/www.skillscompetencescanada.com\/fr\/conseil-administration-national\/#breadcrumb\",\"itemListElement\":[{\"@type\":\"ListItem\",\"position\":1,\"name\":\"Home\",\"item\":\"https:\/\/www.skillscompetencescanada.com\/fr\/\"},{\"@type\":\"ListItem\",\"position\":2,\"name\":\"Conseil d&#8217;administration national\"}]},{\"@type\":\"WebSite\",\"@id\":\"https:\/\/www.skillscompetencescanada.com\/fr\/#website\",\"url\":\"https:\/\/www.skillscompetencescanada.com\/fr\/\",\"name\":\"Skills Competences Canada\",\"description\":\"\",\"publisher\":{\"@id\":\"https:\/\/www.skillscompetencescanada.com\/fr\/#organization\"},\"potentialAction\":[{\"@type\":\"SearchAction\",\"target\":{\"@type\":\"EntryPoint\",\"urlTemplate\":\"https:\/\/www.skillscompetencescanada.com\/fr\/?s={search_term_string}\"},\"query-input\":{\"@type\":\"PropertyValueSpecification\",\"valueRequired\":true,\"valueName\":\"search_term_string\"}}],\"inLanguage\":\"fr-FR\"},{\"@type\":\"Organization\",\"@id\":\"https:\/\/www.skillscompetencescanada.com\/fr\/#organization\",\"name\":\"skills competences canada\",\"url\":\"https:\/\/www.skillscompetencescanada.com\/fr\/\",\"logo\":{\"@type\":\"ImageObject\",\"inLanguage\":\"fr-FR\",\"@id\":\"https:\/\/www.skillscompetencescanada.com\/fr\/#\/schema\/logo\/image\/\",\"url\":\"http:\/\/skillscompetencescanada.com\/wp-content\/uploads\/2016\/09\/avatar-admin-96x96-1.jpg\",\"contentUrl\":\"http:\/\/skillscompetencescanada.com\/wp-content\/uploads\/2016\/09\/avatar-admin-96x96-1.jpg\",\"width\":96,\"height\":96,\"caption\":\"skills competences canada\"},\"image\":{\"@id\":\"https:\/\/www.skillscompetencescanada.com\/fr\/#\/schema\/logo\/image\/\"}}]}<\/script>\n<!-- \/ Yoast SEO plugin. -->","yoast_head_json":{"title":"Conseil d'administration national - Skills Competences Canada","robots":{"index":"index","follow":"follow","max-snippet":"max-snippet:-1","max-image-preview":"max-image-preview:large","max-video-preview":"max-video-preview:-1"},"canonical":"https:\/\/www.skillscompetencescanada.com\/fr\/conseil-administration-national\/","twitter_misc":{"Dur\u00e9e de lecture estim\u00e9e":"3 minutes"},"schema":{"@context":"https:\/\/schema.org","@graph":[{"@type":"WebPage","@id":"https:\/\/www.skillscompetencescanada.com\/fr\/conseil-administration-national\/","url":"https:\/\/www.skillscompetencescanada.com\/fr\/conseil-administration-national\/","name":"Conseil d'administration national - Skills Competences Canada","isPartOf":{"@id":"https:\/\/www.skillscompetencescanada.com\/fr\/#website"},"primaryImageOfPage":{"@id":"https:\/\/www.skillscompetencescanada.com\/fr\/conseil-administration-national\/#primaryimage"},"image":{"@id":"https:\/\/www.skillscompetencescanada.com\/fr\/conseil-administration-national\/#primaryimage"},"thumbnailUrl":"https:\/\/www.skillscompetencescanada.com\/wp-content\/uploads\/2021\/03\/default_grey.png","datePublished":"2016-07-18T19:00:10+00:00","dateModified":"2026-02-26T14:01:26+00:00","breadcrumb":{"@id":"https:\/\/www.skillscompetencescanada.com\/fr\/conseil-administration-national\/#breadcrumb"},"inLanguage":"fr-FR","potentialAction":[{"@type":"ReadAction","target":["https:\/\/www.skillscompetencescanada.com\/fr\/conseil-administration-national\/"]}]},{"@type":"ImageObject","inLanguage":"fr-FR","@id":"https:\/\/www.skillscompetencescanada.com\/fr\/conseil-administration-national\/#primaryimage","url":"https:\/\/www.skillscompetencescanada.com\/wp-content\/uploads\/2021\/03\/default_grey.png","contentUrl":"https:\/\/www.skillscompetencescanada.com\/wp-content\/uploads\/2021\/03\/default_grey.png","width":1087,"height":540},{"@type":"BreadcrumbList","@id":"https:\/\/www.skillscompetencescanada.com\/fr\/conseil-administration-national\/#breadcrumb","itemListElement":[{"@type":"ListItem","position":1,"name":"Home","item":"https:\/\/www.skillscompetencescanada.com\/fr\/"},{"@type":"ListItem","position":2,"name":"Conseil d&#8217;administration national"}]},{"@type":"WebSite","@id":"https:\/\/www.skillscompetencescanada.com\/fr\/#website","url":"https:\/\/www.skillscompetencescanada.com\/fr\/","name":"Skills Competences Canada","description":"","publisher":{"@id":"https:\/\/www.skillscompetencescanada.com\/fr\/#organization"},"potentialAction":[{"@type":"SearchAction","target":{"@type":"EntryPoint","urlTemplate":"https:\/\/www.skillscompetencescanada.com\/fr\/?s={search_term_string}"},"query-input":{"@type":"PropertyValueSpecification","valueRequired":true,"valueName":"search_term_string"}}],"inLanguage":"fr-FR"},{"@type":"Organization","@id":"https:\/\/www.skillscompetencescanada.com\/fr\/#organization","name":"skills competences canada","url":"https:\/\/www.skillscompetencescanada.com\/fr\/","logo":{"@type":"ImageObject","inLanguage":"fr-FR","@id":"https:\/\/www.skillscompetencescanada.com\/fr\/#\/schema\/logo\/image\/","url":"http:\/\/skillscompetencescanada.com\/wp-content\/uploads\/2016\/09\/avatar-admin-96x96-1.jpg","contentUrl":"http:\/\/skillscompetencescanada.com\/wp-content\/uploads\/2016\/09\/avatar-admin-96x96-1.jpg","width":96,"height":96,"caption":"skills competences canada"},"image":{"@id":"https:\/\/www.skillscompetencescanada.com\/fr\/#\/schema\/logo\/image\/"}}]}},"_links":{"self":[{"href":"https:\/\/www.skillscompetencescanada.com\/fr\/wp-json\/wp\/v2\/pages\/66461","targetHints":{"allow":["GET"]}}],"collection":[{"href":"https:\/\/www.skillscompetencescanada.com\/fr\/wp-json\/wp\/v2\/pages"}],"about":[{"href":"https:\/\/www.skillscompetencescanada.com\/fr\/wp-json\/wp\/v2\/types\/page"}],"author":[{"embeddable":true,"href":"https:\/\/www.skillscompetencescanada.com\/fr\/wp-json\/wp\/v2\/users\/3"}],"replies":[{"embeddable":true,"href":"https:\/\/www.skillscompetencescanada.com\/fr\/wp-json\/wp\/v2\/comments?post=66461"}],"version-history":[{"count":13,"href":"https:\/\/www.skillscompetencescanada.com\/fr\/wp-json\/wp\/v2\/pages\/66461\/revisions"}],"predecessor-version":[{"id":113324,"href":"https:\/\/www.skillscompetencescanada.com\/fr\/wp-json\/wp\/v2\/pages\/66461\/revisions\/113324"}],"wp:featuredmedia":[{"embeddable":true,"href":"https:\/\/www.skillscompetencescanada.com\/fr\/wp-json\/wp\/v2\/media\/77775"}],"wp:attachment":[{"href":"https:\/\/www.skillscompetencescanada.com\/fr\/wp-json\/wp\/v2\/media?parent=66461"}],"curies":[{"name":"wp","href":"https:\/\/api.w.org\/{rel}","templated":true}]}}