{"id":66983,"date":"2019-10-22T09:51:59","date_gmt":"2019-10-22T13:51:59","guid":{"rendered":"https:\/\/www.skillscompetencescanada.com\/?page_id=66983"},"modified":"2019-10-22T10:58:38","modified_gmt":"2019-10-22T14:58:38","slug":"ressources-media-2017-2","status":"publish","type":"page","link":"https:\/\/www.skillscompetencescanada.com\/fr\/ressources-media-2017-2\/","title":{"rendered":"Ressources m\u00e9dia 2017"},"content":{"rendered":"<p>Trousse m\u00e9dia pour la Semaine nationale des m\u00e9tiers sp\u00e9cialis\u00e9s et des technologies 2017<\/strong><\/p>\n<ul>\n<li><a href=\"https:\/\/www.skillscompetencescanada.com\/wp-content\/uploads\/2016\/09\/PAP-NSTTW2017-OnePager-85x11-FR.pdf\">SNMST 2017<\/a><\/li>\n<li><a href=\"https:\/\/www.skillscompetencescanada.com\/wp-content\/uploads\/2016\/09\/PAP-WS2017-OnePager-85x11-FR.pdf\">Mondial des m\u00e9tiers 2017, \u00e0 Abou Dhabi<\/a><\/li>\n<li><a href=\"https:\/\/www.skillscompetencescanada.com\/wp-content\/uploads\/2016\/09\/PAP-SCNC2018-OnePager-85x11-FR.pdf\">OCMT Edmonton 2018<\/a><\/li>\n<li><a href=\"https:\/\/www.skillscompetencescanada.com\/wp-content\/uploads\/2016\/09\/PAP-ABOUTSCC-OnePager-85x11-FR.pdf\">\u00c0 propos de Skills\/Comp\u00e9tences Canada<\/a><\/li>\n<li><a href=\"https:\/\/www.skillscompetencescanada.com\/wp-content\/uploads\/2016\/09\/spokespeople_overview_3page_web_FR.pdf\">Aper\u00e7u des porte-paroles<\/a><\/li>\n<li><a href=\"https:\/\/www.skillscompetencescanada.com\/wp-content\/uploads\/2016\/09\/Media-Advisory_NSTTW-2017_27oct17_F.docx\">Avis aux m\u00e9dias<\/a><\/li>\n<li><a href=\"https:\/\/www.skillscompetencescanada.com\/wp-content\/uploads\/2016\/09\/PAP-ES-WorkReady-OnePager-85x11-WEB-FR.pdf\">Programme d\u2019employabilit\u00e9 des jeunes en mati\u00e8re de comp\u00e9tences essentielles<\/a><\/li>\n<li><a href=\"https:\/\/www.skillscompetencescanada.com\/wp-content\/uploads\/2017\/06\/PAP-ES-ProblemSolving-OnePager_FR.pdf\">Comp\u00e9tences essentielles : Pens\u00e9e critique \u2013 r\u00e9solution de probl\u00e8mes<\/a><\/li>\n<li><a href=\"https:\/\/www.skillscompetencescanada.com\/wp-content\/uploads\/2017\/06\/ES-FastFacts2018-OnePager-85x11-FR.pdf\">Comp\u00e9tences essentielles faits \u00e9clairs<\/a><\/li>\n<li><a href=\"https:\/\/www.skillscompetencescanada.com\/wp-content\/uploads\/2016\/09\/ES-Mobile-App-Tool-BIL7.pdf\">Appli mobile des comp\u00e9tences essentielles<\/a><\/li>\n<\/ul>\n<p><strong>Trousse m\u00e9dia pour OCMT Winnipeg 2017<\/strong><\/p>\n<ul>\n<li><a href=\"https:\/\/www.skillscompetencescanada.com\/wp-content\/uploads\/2016\/09\/SCNC2017-MediaKit-Info-FR.pdf\">Information importante pour les m\u00e9dias<\/a><\/li>\n<li><a href=\"https:\/\/www.skillscompetencescanada.com\/wp-content\/uploads\/2016\/09\/SCNC2017-MediaKit-Events-FR.pdf\">Activit\u00e9s pr\u00e9sentant un int\u00e9r\u00eat pour les m\u00e9dias<\/a><\/li>\n<li><a href=\"https:\/\/www.skillscompetencescanada.com\/wp-content\/uploads\/2016\/09\/SCNC2017-MediaKit-Events-FR.pdf\">Programme des Olympiades<\/a><\/li>\n<li><a href=\"https:\/\/www.skillscompetencescanada.com\/wp-content\/uploads\/2016\/09\/SCNC2017-MediaKit-SCNC2017-FR.pdf\">Olympiades 2017, \u00e0 Winnipeg<\/a><\/li>\n<li><a href=\"https:\/\/www.skillscompetencescanada.com\/wp-content\/uploads\/2016\/09\/SCNC2017-MediaKit-WSAbuDhabi-FR.pdf\">Mondial des m\u00e9tiers 2017, \u00e0 Abou Dhabi<\/a><\/li>\n<li><a href=\"https:\/\/www.skillscompetencescanada.com\/wp-content\/uploads\/2016\/09\/SCNC2017-MediaKit-Spokespeople-FR.pdf\">Aper\u00e7u des porte-paroles<\/a><\/li>\n<li><a href=\"https:\/\/www.skillscompetencescanada.com\/wp-content\/uploads\/2016\/09\/Canada-150-Alumni-Bios_FR.pdf\">Biographies des anciens et anciennes du Canada 150<\/a><\/li>\n<li><a href=\"https:\/\/www.skillscompetencescanada.com\/wp-content\/uploads\/2016\/09\/SCNC2017-Alumni_Bilingual-1.pdf\">Initiative des anciens et anciennes du Canada 150<\/a><\/li>\n<li><a href=\"https:\/\/www.skillscompetencescanada.com\/wp-content\/uploads\/2016\/09\/Pressrelease-_Vale_Final_FR.docx\">Initiative des \u00e9tudiants et \u00e9tudiantes de Nelson House<\/a><\/li>\n<li><a href=\"https:\/\/www.skillscompetencescanada.com\/wp-content\/uploads\/2016\/09\/About-SCC_Bilingual-1.pdf\">\u00c0 propos de Skills\/Comp\u00e9tences Canada<\/a><\/li>\n<li><a href=\"https:\/\/www.skillscompetencescanada.com\/wp-content\/uploads\/2016\/09\/Skills-MB_FR.pdf\">\u00c0 propos de Skills Manitoba<\/a><\/li>\n<li><a href=\"https:\/\/www.skillscompetencescanada.com\/wp-content\/uploads\/2016\/09\/ES-ESActivities2017-One-Pager-FR.pdf\">Activit\u00e9s des comp\u00e9tences essentielles<\/a><\/li>\n<li><a href=\"https:\/\/www.skillscompetencescanada.com\/wp-content\/uploads\/2016\/09\/ES-Mobile-App-Tool-BIL-1.pdf\">Appli mobile<\/a><\/li>\n<li><a href=\"https:\/\/www.skillscompetencescanada.com\/wp-content\/uploads\/2016\/09\/ES-SCNC2017-Fast-Facts-FR-LR.pdf\">Faits rapides sur les comp\u00e9tences essentielles<\/a><\/li>\n<li><a href=\"https:\/\/www.skillscompetencescanada.com\/wp-content\/uploads\/2016\/09\/SCNC-2017_media-advisory_29may17_FR.pdf\">Avis aux m\u00e9dias- 30 Mai, 2017<\/a><\/li>\n<li><a href=\"https:\/\/www.skillscompetencescanada.com\/wp-content\/uploads\/2016\/09\/SCNC17_Press-Release_Official-Launch_1june17_FR.pdf\">Skills\/Comp\u00e9tences Canada proc\u00e8de au lancement officiel des 23es\u00a0Olympiades canadiennes des m\u00e9tiers et des technologies<\/a><\/li>\n<\/ul>\n<\/div>\n<\/div>\n<\/div>\n<\/div>\n<div id=\"pgc-503-0-1\" class=\"panel-grid-cell\">\n<div id=\"panel-503-0-1-0\" class=\"so-panel widget widget_sow-editor panel-first-child panel-last-child\">\n<div class=\"so-widget-sow-editor so-widget-sow-editor-base\">\n<div class=\"siteorigin-widget-tinymce textwidget\">\n<p>[youtube v=u2WOA41c__I]<\/p>\n","protected":false},"excerpt":{"rendered":"<p>Trousse m\u00e9dia pour la Semaine nationale des m\u00e9tiers sp\u00e9cialis\u00e9s et des technologies 2017 SNMST 2017 Mondial des m\u00e9tiers 2017, \u00e0 Abou Dhabi OCMT Edmonton 2018 \u00c0 propos de Skills\/Comp\u00e9tences Canada<\/p>\n","protected":false},"author":3,"featured_media":77775,"parent":0,"menu_order":0,"comment_status":"closed","ping_status":"closed","template":"","meta":{"_acf_changed":false,"site-sidebar-layout":"default","site-content-layout":"","ast-site-content-layout":"default","site-content-style":"default","site-sidebar-style":"default","ast-global-header-display":"","ast-banner-title-visibility":"","ast-main-header-display":"","ast-hfb-above-header-display":"","ast-hfb-below-header-display":"","ast-hfb-mobile-header-display":"","site-post-title":"","ast-breadcrumbs-content":"","ast-featured-img":"","footer-sml-layout":"","ast-disable-related-posts":"","theme-transparent-header-meta":"","adv-header-id-meta":"","stick-header-meta":"","header-above-stick-meta":"","header-main-stick-meta":"","header-below-stick-meta":"","astra-migrate-meta-layouts":"default","ast-page-background-enabled":"default","ast-page-background-meta":{"desktop":{"background-color":"","background-image":"","background-repeat":"repeat","background-position":"center center","background-size":"auto","background-attachment":"scroll","background-type":"","background-media":"","overlay-type":"","overlay-color":"","overlay-opacity":"","overlay-gradient":""},"tablet":{"background-color":"","background-image":"","background-repeat":"repeat","background-position":"center center","background-size":"auto","background-attachment":"scroll","background-type":"","background-media":"","overlay-type":"","overlay-color":"","overlay-opacity":"","overlay-gradient":""},"mobile":{"background-color":"","background-image":"","background-repeat":"repeat","background-position":"center center","background-size":"auto","background-attachment":"scroll","background-type":"","background-media":"","overlay-type":"","overlay-color":"","overlay-opacity":"","overlay-gradient":""}},"ast-content-background-meta":{"desktop":{"background-color":"var(--ast-global-color-5)","background-image":"","background-repeat":"repeat","background-position":"center center","background-size":"auto","background-attachment":"scroll","background-type":"","background-media":"","overlay-type":"","overlay-color":"","overlay-opacity":"","overlay-gradient":""},"tablet":{"background-color":"var(--ast-global-color-5)","background-image":"","background-repeat":"repeat","background-position":"center center","background-size":"auto","background-attachment":"scroll","background-type":"","background-media":"","overlay-type":"","overlay-color":"","overlay-opacity":"","overlay-gradient":""},"mobile":{"background-color":"var(--ast-global-color-5)","background-image":"","background-repeat":"repeat","background-position":"center center","background-size":"auto","background-attachment":"scroll","background-type":"","background-media":"","overlay-type":"","overlay-color":"","overlay-opacity":"","overlay-gradient":""}},"footnotes":""},"class_list":["post-66983","page","type-page","status-publish","has-post-thumbnail","hentry"],"acf":[],"yoast_head":"<!-- This site is optimized with the Yoast SEO plugin v27.1.1 - https:\/\/yoast.com\/product\/yoast-seo-wordpress\/ -->\n<title>Ressources m\u00e9dia 2017 - Skills Competences Canada<\/title>\n<meta name=\"robots\" content=\"index, follow, max-snippet:-1, max-image-preview:large, max-video-preview:-1\" \/>\n<link rel=\"canonical\" href=\"https:\/\/www.skillscompetencescanada.com\/fr\/ressources-media-2017-2\/\" \/>\n<meta name=\"twitter:label1\" content=\"Dur\u00e9e de lecture estim\u00e9e\" \/>\n\t<meta name=\"twitter:data1\" content=\"1 minute\" \/>\n<script type=\"application\/ld+json\" class=\"yoast-schema-graph\">{\"@context\":\"https:\/\/schema.org\",\"@graph\":[{\"@type\":\"WebPage\",\"@id\":\"https:\/\/www.skillscompetencescanada.com\/fr\/ressources-media-2017-2\/\",\"url\":\"https:\/\/www.skillscompetencescanada.com\/fr\/ressources-media-2017-2\/\",\"name\":\"Ressources m\u00e9dia 2017 - Skills Competences Canada\",\"isPartOf\":{\"@id\":\"https:\/\/www.skillscompetencescanada.com\/fr\/#website\"},\"primaryImageOfPage\":{\"@id\":\"https:\/\/www.skillscompetencescanada.com\/fr\/ressources-media-2017-2\/#primaryimage\"},\"image\":{\"@id\":\"https:\/\/www.skillscompetencescanada.com\/fr\/ressources-media-2017-2\/#primaryimage\"},\"thumbnailUrl\":\"https:\/\/www.skillscompetencescanada.com\/wp-content\/uploads\/2021\/03\/default_grey.png\",\"datePublished\":\"2019-10-22T13:51:59+00:00\",\"dateModified\":\"2019-10-22T14:58:38+00:00\",\"breadcrumb\":{\"@id\":\"https:\/\/www.skillscompetencescanada.com\/fr\/ressources-media-2017-2\/#breadcrumb\"},\"inLanguage\":\"fr-FR\",\"potentialAction\":[{\"@type\":\"ReadAction\",\"target\":[\"https:\/\/www.skillscompetencescanada.com\/fr\/ressources-media-2017-2\/\"]}]},{\"@type\":\"ImageObject\",\"inLanguage\":\"fr-FR\",\"@id\":\"https:\/\/www.skillscompetencescanada.com\/fr\/ressources-media-2017-2\/#primaryimage\",\"url\":\"https:\/\/www.skillscompetencescanada.com\/wp-content\/uploads\/2021\/03\/default_grey.png\",\"contentUrl\":\"https:\/\/www.skillscompetencescanada.com\/wp-content\/uploads\/2021\/03\/default_grey.png\",\"width\":1087,\"height\":540},{\"@type\":\"BreadcrumbList\",\"@id\":\"https:\/\/www.skillscompetencescanada.com\/fr\/ressources-media-2017-2\/#breadcrumb\",\"itemListElement\":[{\"@type\":\"ListItem\",\"position\":1,\"name\":\"Home\",\"item\":\"https:\/\/www.skillscompetencescanada.com\/fr\/\"},{\"@type\":\"ListItem\",\"position\":2,\"name\":\"Ressources m\u00e9dia 2017\"}]},{\"@type\":\"WebSite\",\"@id\":\"https:\/\/www.skillscompetencescanada.com\/fr\/#website\",\"url\":\"https:\/\/www.skillscompetencescanada.com\/fr\/\",\"name\":\"Skills Competences Canada\",\"description\":\"\",\"publisher\":{\"@id\":\"https:\/\/www.skillscompetencescanada.com\/fr\/#organization\"},\"potentialAction\":[{\"@type\":\"SearchAction\",\"target\":{\"@type\":\"EntryPoint\",\"urlTemplate\":\"https:\/\/www.skillscompetencescanada.com\/fr\/?s={search_term_string}\"},\"query-input\":{\"@type\":\"PropertyValueSpecification\",\"valueRequired\":true,\"valueName\":\"search_term_string\"}}],\"inLanguage\":\"fr-FR\"},{\"@type\":\"Organization\",\"@id\":\"https:\/\/www.skillscompetencescanada.com\/fr\/#organization\",\"name\":\"skills competences canada\",\"url\":\"https:\/\/www.skillscompetencescanada.com\/fr\/\",\"logo\":{\"@type\":\"ImageObject\",\"inLanguage\":\"fr-FR\",\"@id\":\"https:\/\/www.skillscompetencescanada.com\/fr\/#\/schema\/logo\/image\/\",\"url\":\"http:\/\/skillscompetencescanada.com\/wp-content\/uploads\/2016\/09\/avatar-admin-96x96-1.jpg\",\"contentUrl\":\"http:\/\/skillscompetencescanada.com\/wp-content\/uploads\/2016\/09\/avatar-admin-96x96-1.jpg\",\"width\":96,\"height\":96,\"caption\":\"skills competences canada\"},\"image\":{\"@id\":\"https:\/\/www.skillscompetencescanada.com\/fr\/#\/schema\/logo\/image\/\"}}]}<\/script>\n<!-- \/ Yoast SEO plugin. -->","yoast_head_json":{"title":"Ressources m\u00e9dia 2017 - Skills Competences Canada","robots":{"index":"index","follow":"follow","max-snippet":"max-snippet:-1","max-image-preview":"max-image-preview:large","max-video-preview":"max-video-preview:-1"},"canonical":"https:\/\/www.skillscompetencescanada.com\/fr\/ressources-media-2017-2\/","twitter_misc":{"Dur\u00e9e de lecture estim\u00e9e":"1 minute"},"schema":{"@context":"https:\/\/schema.org","@graph":[{"@type":"WebPage","@id":"https:\/\/www.skillscompetencescanada.com\/fr\/ressources-media-2017-2\/","url":"https:\/\/www.skillscompetencescanada.com\/fr\/ressources-media-2017-2\/","name":"Ressources m\u00e9dia 2017 - Skills Competences Canada","isPartOf":{"@id":"https:\/\/www.skillscompetencescanada.com\/fr\/#website"},"primaryImageOfPage":{"@id":"https:\/\/www.skillscompetencescanada.com\/fr\/ressources-media-2017-2\/#primaryimage"},"image":{"@id":"https:\/\/www.skillscompetencescanada.com\/fr\/ressources-media-2017-2\/#primaryimage"},"thumbnailUrl":"https:\/\/www.skillscompetencescanada.com\/wp-content\/uploads\/2021\/03\/default_grey.png","datePublished":"2019-10-22T13:51:59+00:00","dateModified":"2019-10-22T14:58:38+00:00","breadcrumb":{"@id":"https:\/\/www.skillscompetencescanada.com\/fr\/ressources-media-2017-2\/#breadcrumb"},"inLanguage":"fr-FR","potentialAction":[{"@type":"ReadAction","target":["https:\/\/www.skillscompetencescanada.com\/fr\/ressources-media-2017-2\/"]}]},{"@type":"ImageObject","inLanguage":"fr-FR","@id":"https:\/\/www.skillscompetencescanada.com\/fr\/ressources-media-2017-2\/#primaryimage","url":"https:\/\/www.skillscompetencescanada.com\/wp-content\/uploads\/2021\/03\/default_grey.png","contentUrl":"https:\/\/www.skillscompetencescanada.com\/wp-content\/uploads\/2021\/03\/default_grey.png","width":1087,"height":540},{"@type":"BreadcrumbList","@id":"https:\/\/www.skillscompetencescanada.com\/fr\/ressources-media-2017-2\/#breadcrumb","itemListElement":[{"@type":"ListItem","position":1,"name":"Home","item":"https:\/\/www.skillscompetencescanada.com\/fr\/"},{"@type":"ListItem","position":2,"name":"Ressources m\u00e9dia 2017"}]},{"@type":"WebSite","@id":"https:\/\/www.skillscompetencescanada.com\/fr\/#website","url":"https:\/\/www.skillscompetencescanada.com\/fr\/","name":"Skills Competences Canada","description":"","publisher":{"@id":"https:\/\/www.skillscompetencescanada.com\/fr\/#organization"},"potentialAction":[{"@type":"SearchAction","target":{"@type":"EntryPoint","urlTemplate":"https:\/\/www.skillscompetencescanada.com\/fr\/?s={search_term_string}"},"query-input":{"@type":"PropertyValueSpecification","valueRequired":true,"valueName":"search_term_string"}}],"inLanguage":"fr-FR"},{"@type":"Organization","@id":"https:\/\/www.skillscompetencescanada.com\/fr\/#organization","name":"skills competences canada","url":"https:\/\/www.skillscompetencescanada.com\/fr\/","logo":{"@type":"ImageObject","inLanguage":"fr-FR","@id":"https:\/\/www.skillscompetencescanada.com\/fr\/#\/schema\/logo\/image\/","url":"http:\/\/skillscompetencescanada.com\/wp-content\/uploads\/2016\/09\/avatar-admin-96x96-1.jpg","contentUrl":"http:\/\/skillscompetencescanada.com\/wp-content\/uploads\/2016\/09\/avatar-admin-96x96-1.jpg","width":96,"height":96,"caption":"skills competences canada"},"image":{"@id":"https:\/\/www.skillscompetencescanada.com\/fr\/#\/schema\/logo\/image\/"}}]}},"_links":{"self":[{"href":"https:\/\/www.skillscompetencescanada.com\/fr\/wp-json\/wp\/v2\/pages\/66983","targetHints":{"allow":["GET"]}}],"collection":[{"href":"https:\/\/www.skillscompetencescanada.com\/fr\/wp-json\/wp\/v2\/pages"}],"about":[{"href":"https:\/\/www.skillscompetencescanada.com\/fr\/wp-json\/wp\/v2\/types\/page"}],"author":[{"embeddable":true,"href":"https:\/\/www.skillscompetencescanada.com\/fr\/wp-json\/wp\/v2\/users\/3"}],"replies":[{"embeddable":true,"href":"https:\/\/www.skillscompetencescanada.com\/fr\/wp-json\/wp\/v2\/comments?post=66983"}],"version-history":[{"count":0,"href":"https:\/\/www.skillscompetencescanada.com\/fr\/wp-json\/wp\/v2\/pages\/66983\/revisions"}],"wp:featuredmedia":[{"embeddable":true,"href":"https:\/\/www.skillscompetencescanada.com\/fr\/wp-json\/wp\/v2\/media\/77775"}],"wp:attachment":[{"href":"https:\/\/www.skillscompetencescanada.com\/fr\/wp-json\/wp\/v2\/media?parent=66983"}],"curies":[{"name":"wp","href":"https:\/\/api.w.org\/{rel}","templated":true}]}}