{"id":68584,"date":"2020-02-24T14:40:11","date_gmt":"2020-02-24T19:40:11","guid":{"rendered":"https:\/\/www.skillscompetencescanada.com\/?page_id=68584"},"modified":"2026-03-16T11:28:30","modified_gmt":"2026-03-16T15:28:30","slug":"benevoles","status":"publish","type":"page","link":"https:\/\/www.skillscompetencescanada.com\/fr\/benevoles\/","title":{"rendered":"B\u00e9n\u00e9voles de Comp\u00e9tences Canada"},"content":{"rendered":"<div id=\"pl-68584\"  class=\"panel-layout\" ><div id=\"pg-68584-0\"  class=\"panel-grid panel-no-style\" ><div id=\"pgc-68584-0-0\"  class=\"panel-grid-cell\" ><div id=\"panel-68584-0-0-0\" class=\"so-panel widget widget_sow-editor panel-first-child\" data-index=\"0\" ><div\n\t\t\t\n\t\t\tclass=\"so-widget-sow-editor so-widget-sow-editor-base\"\n\t\t\t\n\t\t>\n<div class=\"siteorigin-widget-tinymce textwidget\">\n\t<h3>Nous aimons nos b\u00e9n\u00e9voles !<\/h3>\n<p>Des centaines de personnes consacrent leur temps, leurs services et leur expertise aux Olympiades canadiennes des m\u00e9tiers et des technologies. Nos b\u00e9n\u00e9voles sont essentiels aux op\u00e9rations quotidiennes tout au long de l'\u00e9v\u00e9nement. Nous sommes reconnaissants de la contribution continue de nos nombreux b\u00e9n\u00e9voles.<\/p>\n<p>Si vous avez des questions apr\u00e8s avoir consult\u00e9 l'information sur notre site Web, veuillez communiquer avec nous \u00e0 <a href=\"mailto:volunteers@skillscanada.com\">volunteers@skillscanada.com<\/a>.<\/p>\n<\/div>\n<\/div><\/div><div id=\"panel-68584-0-0-1\" class=\"so-panel widget widget_sow-tabs panel-last-child\" data-index=\"1\" ><div\n\t\t\t\n\t\t\tclass=\"so-widget-sow-tabs so-widget-sow-tabs-default-2a322c0cca2d-68584\"\n\t\t\t\n\t\t><div class=\"sow-tabs sow-tabs-custom\">\n\t<div class=\"sow-tabs-tab-container\" role=\"tablist\">\n\t\t\t<div class=\"sow-tabs-tab sow-tabs-tab-selected\"\n\t\t\t role=\"tab\" data-anchor=\"ocmt2026\"\n\t\t\t aria-selected=\"true\" tabindex=\"0\">\n\t\t\t<div class=\"sow-tabs-title sow-tabs-title-icon-left\">\n\t\t\t\t\t\t\t\tOCMT2026\t\t\t\t\t\t\t<\/div>\n\t\t<\/div>\n\t\t<\/div>\n\t\n\t<div class=\"sow-tabs-tab-container-mobile\" role=\"tablist\">\n\t\t<select name=\"tab-select\" id=\"tab-select\">\n\t\t\t\t\t\t<option value=\"ocmt2026\" selected>\n\t\t\t\tOCMT2026<\/option>\n\t\t\t\t\t<\/select>\n\t<\/div>\n\t\n\t<div class=\"sow-tabs-panel-container\">\n\t\t\t<div class=\"sow-tabs-panel\">\n\t\t\t<div class=\"sow-tabs-panel-content\" role=\"tabpanel\" tabindex=\"0\">\n\t\t\t\t<h3>Devenez b\u00e9n\u00e9vole aux Olympiades canadiennes des m\u00e9tiers et des technologies<\/h3>\n<p>Skills\/Comp\u00e9tences Canada est \u00e0 la recherche de b\u00e9n\u00e9voles pour appuyer la tenue des Olympiades canadiennes des m\u00e9tiers et des technologies \u00e0 Toronto en mai prochain. Cet \u00e9v\u00e8nement national r\u00e9unit des centaines de concurrents et concurrentes provenant de partout au Canada et accueille des milliers de visiteurs qui viennent explorer les carri\u00e8res dans les m\u00e9tiers sp\u00e9cialis\u00e9s et les technologies par le biais des activit\u00e9s pratiques et des concours en direct.<\/p>\n<p>Les b\u00e9n\u00e9voles jouent un r\u00f4le cl\u00e9 pour aider \u00e0 offrir un \u00e9v\u00e8nement couronn\u00e9 de succ\u00e8s. Parmi les possibilit\u00e9s g\u00e9n\u00e9rales de b\u00e9n\u00e9volat, mentionnons notamment de l\u2019aide en ce qui a trait \u00e0 la pr\u00e9paration de l\u2019\u00e9v\u00e8nement, \u00e0 la logistique du plateau de comp\u00e9tition, \u00e0 l\u2019accueil des groupes scolaires, \u00e0 la distribution d\u2019articles promotionnels et au soutien de l\u2019enregistrement du public, de m\u00eame que de l\u2019aide en ce qui a trait au fonctionnement g\u00e9n\u00e9ral de l\u2019\u00e9v\u00e8nement.<\/p>\n<p><strong>Avantages indirects pour les b\u00e9n\u00e9voles:<\/strong><br \/>\n\u2022 T-shirt de b\u00e9n\u00e9vole officiel;<br \/>\n\u2022 D\u00eener offert \u00e0 tous les b\u00e9n\u00e9voles en poste toute la journ\u00e9e;<br \/>\n\u2022 Faites partie d\u2019une initiative nationale favorisant l\u2019exploration des carri\u00e8res par les jeunes;<br \/>\n\u2022 Rencontrez de nouvelles personnes et contribuez \u00e0 un \u00e9v\u00e8nement passionnant et extr\u00eamement dynamique.<\/p>\n<p><em>Tous les b\u00e9n\u00e9voles doivent \u00eatre \u00e2g\u00e9s d\u2019au moins 18 ans.<\/em><\/p>\n<p>Si participer aux Olympiades en tant que b\u00e9n\u00e9vole vous int\u00e9resse, veuillez vous inscrire en utilisant le lien ci-dessous.<\/p>\n<p style=\"text-align: center\"><a class=\"btn\" href=\"https:\/\/skillscanada.eventsair.com\/scnc-ocmt-2026-volunteers\/registration\/Site\/Register \">INSCRIVEZ-VOUS ICI<\/a><\/p>\n\t\t\t<\/div>\n\t\t<\/div>\n\t\t<\/div>\n<\/div><\/div><\/div><\/div><\/div><\/div>","protected":false},"excerpt":{"rendered":"<p>Nous aimons nos b\u00e9n\u00e9voles ! Des centaines de personnes consacrent leur temps, leurs services et leur expertise aux Olympiades canadiennes des m\u00e9tiers et des technologies. Nos b\u00e9n\u00e9voles sont essentiels aux<\/p>\n","protected":false},"author":3,"featured_media":84555,"parent":0,"menu_order":0,"comment_status":"closed","ping_status":"closed","template":"","meta":{"_acf_changed":false,"site-sidebar-layout":"default","site-content-layout":"default","ast-site-content-layout":"default","site-content-style":"default","site-sidebar-style":"default","ast-global-header-display":"","ast-banner-title-visibility":"","ast-main-header-display":"","ast-hfb-above-header-display":"","ast-hfb-below-header-display":"","ast-hfb-mobile-header-display":"","site-post-title":"","ast-breadcrumbs-content":"","ast-featured-img":"","footer-sml-layout":"","ast-disable-related-posts":"","theme-transparent-header-meta":"default","adv-header-id-meta":"","stick-header-meta":"default","header-above-stick-meta":"","header-main-stick-meta":"","header-below-stick-meta":"","astra-migrate-meta-layouts":"set","ast-page-background-enabled":"default","ast-page-background-meta":{"desktop":{"background-color":"","background-image":"","background-repeat":"repeat","background-position":"center center","background-size":"auto","background-attachment":"scroll","background-type":"","background-media":"","overlay-type":"","overlay-color":"","overlay-opacity":"","overlay-gradient":""},"tablet":{"background-color":"","background-image":"","background-repeat":"repeat","background-position":"center center","background-size":"auto","background-attachment":"scroll","background-type":"","background-media":"","overlay-type":"","overlay-color":"","overlay-opacity":"","overlay-gradient":""},"mobile":{"background-color":"","background-image":"","background-repeat":"repeat","background-position":"center center","background-size":"auto","background-attachment":"scroll","background-type":"","background-media":"","overlay-type":"","overlay-color":"","overlay-opacity":"","overlay-gradient":""}},"ast-content-background-meta":{"desktop":{"background-color":"var(--ast-global-color-5)","background-image":"","background-repeat":"repeat","background-position":"center center","background-size":"auto","background-attachment":"scroll","background-type":"","background-media":"","overlay-type":"","overlay-color":"","overlay-opacity":"","overlay-gradient":""},"tablet":{"background-color":"var(--ast-global-color-5)","background-image":"","background-repeat":"repeat","background-position":"center center","background-size":"auto","background-attachment":"scroll","background-type":"","background-media":"","overlay-type":"","overlay-color":"","overlay-opacity":"","overlay-gradient":""},"mobile":{"background-color":"var(--ast-global-color-5)","background-image":"","background-repeat":"repeat","background-position":"center center","background-size":"auto","background-attachment":"scroll","background-type":"","background-media":"","overlay-type":"","overlay-color":"","overlay-opacity":"","overlay-gradient":""}},"footnotes":""},"class_list":["post-68584","page","type-page","status-publish","has-post-thumbnail","hentry"],"acf":[],"yoast_head":"<!-- This site is optimized with the Yoast SEO plugin v27.1.1 - https:\/\/yoast.com\/product\/yoast-seo-wordpress\/ -->\n<title>B\u00e9n\u00e9volat avec Comp\u00e9tences Canada<\/title>\n<meta name=\"description\" content=\"D\u00e9couvrez comment vous pouvez vous impliquer dans Comp\u00e9tences Canada en tant que b\u00e9n\u00e9vole.\" \/>\n<meta name=\"robots\" content=\"index, follow, max-snippet:-1, max-image-preview:large, max-video-preview:-1\" \/>\n<link rel=\"canonical\" href=\"https:\/\/www.skillscompetencescanada.com\/fr\/benevoles\/\" \/>\n<meta name=\"twitter:label1\" content=\"Dur\u00e9e de lecture estim\u00e9e\" \/>\n\t<meta name=\"twitter:data1\" content=\"1 minute\" \/>\n<script type=\"application\/ld+json\" class=\"yoast-schema-graph\">{\"@context\":\"https:\/\/schema.org\",\"@graph\":[{\"@type\":\"WebPage\",\"@id\":\"https:\/\/www.skillscompetencescanada.com\/fr\/benevoles\/\",\"url\":\"https:\/\/www.skillscompetencescanada.com\/fr\/benevoles\/\",\"name\":\"B\u00e9n\u00e9volat avec Comp\u00e9tences Canada\",\"isPartOf\":{\"@id\":\"https:\/\/www.skillscompetencescanada.com\/fr\/#website\"},\"primaryImageOfPage\":{\"@id\":\"https:\/\/www.skillscompetencescanada.com\/fr\/benevoles\/#primaryimage\"},\"image\":{\"@id\":\"https:\/\/www.skillscompetencescanada.com\/fr\/benevoles\/#primaryimage\"},\"thumbnailUrl\":\"https:\/\/www.skillscompetencescanada.com\/wp-content\/uploads\/2021\/05\/HERO_Volunteers.png\",\"datePublished\":\"2020-02-24T19:40:11+00:00\",\"dateModified\":\"2026-03-16T15:28:30+00:00\",\"description\":\"D\u00e9couvrez comment vous pouvez vous impliquer dans Comp\u00e9tences Canada en tant que b\u00e9n\u00e9vole.\",\"breadcrumb\":{\"@id\":\"https:\/\/www.skillscompetencescanada.com\/fr\/benevoles\/#breadcrumb\"},\"inLanguage\":\"fr-FR\",\"potentialAction\":[{\"@type\":\"ReadAction\",\"target\":[\"https:\/\/www.skillscompetencescanada.com\/fr\/benevoles\/\"]}]},{\"@type\":\"ImageObject\",\"inLanguage\":\"fr-FR\",\"@id\":\"https:\/\/www.skillscompetencescanada.com\/fr\/benevoles\/#primaryimage\",\"url\":\"https:\/\/www.skillscompetencescanada.com\/wp-content\/uploads\/2021\/05\/HERO_Volunteers.png\",\"contentUrl\":\"https:\/\/www.skillscompetencescanada.com\/wp-content\/uploads\/2021\/05\/HERO_Volunteers.png\",\"width\":1856,\"height\":931},{\"@type\":\"BreadcrumbList\",\"@id\":\"https:\/\/www.skillscompetencescanada.com\/fr\/benevoles\/#breadcrumb\",\"itemListElement\":[{\"@type\":\"ListItem\",\"position\":1,\"name\":\"Home\",\"item\":\"https:\/\/www.skillscompetencescanada.com\/fr\/\"},{\"@type\":\"ListItem\",\"position\":2,\"name\":\"B\u00e9n\u00e9voles de Comp\u00e9tences Canada\"}]},{\"@type\":\"WebSite\",\"@id\":\"https:\/\/www.skillscompetencescanada.com\/fr\/#website\",\"url\":\"https:\/\/www.skillscompetencescanada.com\/fr\/\",\"name\":\"Skills Competences Canada\",\"description\":\"\",\"publisher\":{\"@id\":\"https:\/\/www.skillscompetencescanada.com\/fr\/#organization\"},\"potentialAction\":[{\"@type\":\"SearchAction\",\"target\":{\"@type\":\"EntryPoint\",\"urlTemplate\":\"https:\/\/www.skillscompetencescanada.com\/fr\/?s={search_term_string}\"},\"query-input\":{\"@type\":\"PropertyValueSpecification\",\"valueRequired\":true,\"valueName\":\"search_term_string\"}}],\"inLanguage\":\"fr-FR\"},{\"@type\":\"Organization\",\"@id\":\"https:\/\/www.skillscompetencescanada.com\/fr\/#organization\",\"name\":\"skills competences canada\",\"url\":\"https:\/\/www.skillscompetencescanada.com\/fr\/\",\"logo\":{\"@type\":\"ImageObject\",\"inLanguage\":\"fr-FR\",\"@id\":\"https:\/\/www.skillscompetencescanada.com\/fr\/#\/schema\/logo\/image\/\",\"url\":\"http:\/\/skillscompetencescanada.com\/wp-content\/uploads\/2016\/09\/avatar-admin-96x96-1.jpg\",\"contentUrl\":\"http:\/\/skillscompetencescanada.com\/wp-content\/uploads\/2016\/09\/avatar-admin-96x96-1.jpg\",\"width\":96,\"height\":96,\"caption\":\"skills competences canada\"},\"image\":{\"@id\":\"https:\/\/www.skillscompetencescanada.com\/fr\/#\/schema\/logo\/image\/\"}}]}<\/script>\n<!-- \/ Yoast SEO plugin. -->","yoast_head_json":{"title":"B\u00e9n\u00e9volat avec Comp\u00e9tences Canada","description":"D\u00e9couvrez comment vous pouvez vous impliquer dans Comp\u00e9tences Canada en tant que b\u00e9n\u00e9vole.","robots":{"index":"index","follow":"follow","max-snippet":"max-snippet:-1","max-image-preview":"max-image-preview:large","max-video-preview":"max-video-preview:-1"},"canonical":"https:\/\/www.skillscompetencescanada.com\/fr\/benevoles\/","twitter_misc":{"Dur\u00e9e de lecture estim\u00e9e":"1 minute"},"schema":{"@context":"https:\/\/schema.org","@graph":[{"@type":"WebPage","@id":"https:\/\/www.skillscompetencescanada.com\/fr\/benevoles\/","url":"https:\/\/www.skillscompetencescanada.com\/fr\/benevoles\/","name":"B\u00e9n\u00e9volat avec Comp\u00e9tences Canada","isPartOf":{"@id":"https:\/\/www.skillscompetencescanada.com\/fr\/#website"},"primaryImageOfPage":{"@id":"https:\/\/www.skillscompetencescanada.com\/fr\/benevoles\/#primaryimage"},"image":{"@id":"https:\/\/www.skillscompetencescanada.com\/fr\/benevoles\/#primaryimage"},"thumbnailUrl":"https:\/\/www.skillscompetencescanada.com\/wp-content\/uploads\/2021\/05\/HERO_Volunteers.png","datePublished":"2020-02-24T19:40:11+00:00","dateModified":"2026-03-16T15:28:30+00:00","description":"D\u00e9couvrez comment vous pouvez vous impliquer dans Comp\u00e9tences Canada en tant que b\u00e9n\u00e9vole.","breadcrumb":{"@id":"https:\/\/www.skillscompetencescanada.com\/fr\/benevoles\/#breadcrumb"},"inLanguage":"fr-FR","potentialAction":[{"@type":"ReadAction","target":["https:\/\/www.skillscompetencescanada.com\/fr\/benevoles\/"]}]},{"@type":"ImageObject","inLanguage":"fr-FR","@id":"https:\/\/www.skillscompetencescanada.com\/fr\/benevoles\/#primaryimage","url":"https:\/\/www.skillscompetencescanada.com\/wp-content\/uploads\/2021\/05\/HERO_Volunteers.png","contentUrl":"https:\/\/www.skillscompetencescanada.com\/wp-content\/uploads\/2021\/05\/HERO_Volunteers.png","width":1856,"height":931},{"@type":"BreadcrumbList","@id":"https:\/\/www.skillscompetencescanada.com\/fr\/benevoles\/#breadcrumb","itemListElement":[{"@type":"ListItem","position":1,"name":"Home","item":"https:\/\/www.skillscompetencescanada.com\/fr\/"},{"@type":"ListItem","position":2,"name":"B\u00e9n\u00e9voles de Comp\u00e9tences Canada"}]},{"@type":"WebSite","@id":"https:\/\/www.skillscompetencescanada.com\/fr\/#website","url":"https:\/\/www.skillscompetencescanada.com\/fr\/","name":"Skills Competences Canada","description":"","publisher":{"@id":"https:\/\/www.skillscompetencescanada.com\/fr\/#organization"},"potentialAction":[{"@type":"SearchAction","target":{"@type":"EntryPoint","urlTemplate":"https:\/\/www.skillscompetencescanada.com\/fr\/?s={search_term_string}"},"query-input":{"@type":"PropertyValueSpecification","valueRequired":true,"valueName":"search_term_string"}}],"inLanguage":"fr-FR"},{"@type":"Organization","@id":"https:\/\/www.skillscompetencescanada.com\/fr\/#organization","name":"skills competences canada","url":"https:\/\/www.skillscompetencescanada.com\/fr\/","logo":{"@type":"ImageObject","inLanguage":"fr-FR","@id":"https:\/\/www.skillscompetencescanada.com\/fr\/#\/schema\/logo\/image\/","url":"http:\/\/skillscompetencescanada.com\/wp-content\/uploads\/2016\/09\/avatar-admin-96x96-1.jpg","contentUrl":"http:\/\/skillscompetencescanada.com\/wp-content\/uploads\/2016\/09\/avatar-admin-96x96-1.jpg","width":96,"height":96,"caption":"skills competences canada"},"image":{"@id":"https:\/\/www.skillscompetencescanada.com\/fr\/#\/schema\/logo\/image\/"}}]}},"_links":{"self":[{"href":"https:\/\/www.skillscompetencescanada.com\/fr\/wp-json\/wp\/v2\/pages\/68584","targetHints":{"allow":["GET"]}}],"collection":[{"href":"https:\/\/www.skillscompetencescanada.com\/fr\/wp-json\/wp\/v2\/pages"}],"about":[{"href":"https:\/\/www.skillscompetencescanada.com\/fr\/wp-json\/wp\/v2\/types\/page"}],"author":[{"embeddable":true,"href":"https:\/\/www.skillscompetencescanada.com\/fr\/wp-json\/wp\/v2\/users\/3"}],"replies":[{"embeddable":true,"href":"https:\/\/www.skillscompetencescanada.com\/fr\/wp-json\/wp\/v2\/comments?post=68584"}],"version-history":[{"count":1,"href":"https:\/\/www.skillscompetencescanada.com\/fr\/wp-json\/wp\/v2\/pages\/68584\/revisions"}],"predecessor-version":[{"id":113647,"href":"https:\/\/www.skillscompetencescanada.com\/fr\/wp-json\/wp\/v2\/pages\/68584\/revisions\/113647"}],"wp:featuredmedia":[{"embeddable":true,"href":"https:\/\/www.skillscompetencescanada.com\/fr\/wp-json\/wp\/v2\/media\/84555"}],"wp:attachment":[{"href":"https:\/\/www.skillscompetencescanada.com\/fr\/wp-json\/wp\/v2\/media?parent=68584"}],"curies":[{"name":"wp","href":"https:\/\/api.w.org\/{rel}","templated":true}]}}