{"id":77439,"date":"2021-01-11T19:17:44","date_gmt":"2021-01-12T00:17:44","guid":{"rendered":"http:\/\/skillscompetencescanada.u7wpdev.com\/?page_id=77439"},"modified":"2025-09-12T14:53:38","modified_gmt":"2025-09-12T18:53:38","slug":"a-propos","status":"publish","type":"page","link":"https:\/\/www.skillscompetencescanada.com\/fr\/a-propos\/","title":{"rendered":"\u00e0 propos"},"content":{"rendered":"<div id=\"pl-77439\"  class=\"panel-layout\" ><div id=\"pg-77439-0\"  class=\"panel-grid panel-has-style\" ><div class=\"mission-row panel-row-style panel-row-style-for-77439-0\" ><div id=\"pgc-77439-0-0\"  class=\"panel-grid-cell\" ><div id=\"panel-77439-0-0-0\" class=\"so-panel widget widget_sow-tabs panel-first-child panel-last-child\" data-index=\"0\" ><div\n\t\t\t\n\t\t\tclass=\"so-widget-sow-tabs so-widget-sow-tabs-default-f6ad7beee6f7-77439\"\n\t\t\t\n\t\t><div class=\"sow-tabs sow-tabs-custom\">\n\t<div class=\"sow-tabs-tab-container\" role=\"tablist\">\n\t\t\t<div class=\"sow-tabs-tab sow-tabs-tab-selected\"\n\t\t\t role=\"tab\" data-anchor=\"mission\"\n\t\t\t aria-selected=\"true\" tabindex=\"0\">\n\t\t\t<div class=\"sow-tabs-title sow-tabs-title-icon-left\">\n\t\t\t\t\t\t\t\tMISSION\t\t\t\t\t\t\t<\/div>\n\t\t<\/div>\n\t\t\t<div class=\"sow-tabs-tab\"\n\t\t\t role=\"tab\" data-anchor=\"vision\"\n\t\t\t aria-selected=\"false\" tabindex=\"-1\">\n\t\t\t<div class=\"sow-tabs-title sow-tabs-title-icon-left\">\n\t\t\t\t\t\t\t\tVISION\t\t\t\t\t\t\t<\/div>\n\t\t<\/div>\n\t\t\t<div class=\"sow-tabs-tab\"\n\t\t\t role=\"tab\" data-anchor=\"nos-valeurs\"\n\t\t\t aria-selected=\"false\" tabindex=\"-1\">\n\t\t\t<div class=\"sow-tabs-title sow-tabs-title-icon-left\">\n\t\t\t\t\t\t\t\tNOS VALEURS\t\t\t\t\t\t\t<\/div>\n\t\t<\/div>\n\t\t<\/div>\n\t\n\t<div class=\"sow-tabs-tab-container-mobile\" role=\"tablist\">\n\t\t<select name=\"tab-select\" id=\"tab-select\">\n\t\t\t\t\t\t<option value=\"mission\" selected>\n\t\t\t\tMISSION<\/option>\n\t\t\t\t\t\t<option value=\"vision\" >\n\t\t\t\tVISION<\/option>\n\t\t\t\t\t\t<option value=\"nos-valeurs\" >\n\t\t\t\tNOS VALEURS<\/option>\n\t\t\t\t\t<\/select>\n\t<\/div>\n\t\n\t<div class=\"sow-tabs-panel-container\">\n\t\t\t<div class=\"sow-tabs-panel\">\n\t\t\t<div class=\"sow-tabs-panel-content\" role=\"tabpanel\" tabindex=\"0\">\n\t\t\t\t<h4>Notre mission<\/h4>\n<p>Encourager les jeunes et leurs communaut\u00e9s \u00e0 s\u2019engager dans les carri\u00e8res des m\u00e9tiers sp\u00e9cialis\u00e9s et des technologies en employant une approche pancanadienne.<\/p>\n\t\t\t<\/div>\n\t\t<\/div>\n\t\t\t<div class=\"sow-tabs-panel\">\n\t\t\t<div class=\"sow-tabs-panel-content\" role=\"tabpanel\" aria-hidden=\"true\">\n\t\t\t\t<h4>Notre Vision<\/h4>\n<p>Le Canada est le chef de file mondial en mati\u00e8re de formation de main-d\u2019\u0153uvre qualifi\u00e9e.<\/p>\n\t\t\t<\/div>\n\t\t<\/div>\n\t\t\t<div class=\"sow-tabs-panel\">\n\t\t\t<div class=\"sow-tabs-panel-content\" role=\"tabpanel\" aria-hidden=\"true\">\n\t\t\t\t<h4>Nos valeurs<\/h4>\n<p><strong>S\u00e9curit\u00e9<\/strong> \u2212 Nous tenons compte de la s\u00e9curit\u00e9 dans toutes nos activit\u00e9s.<br \/>\n<strong>Responsabilit\u00e9<\/strong> \u2212 Nous appliquons les normes les plus strictes en mati\u00e8re d\u2019int\u00e9grit\u00e9, de transparence et d\u2019\u00e9quit\u00e9.<br \/>\n<strong>Inclusivit\u00e9<\/strong> \u2212 Nous privil\u00e9gions la diversit\u00e9 et l\u2019\u00e9galit\u00e9 des chances pour tous.<br \/>\n<strong>Excellence<\/strong> \u2212 Nous faisons tout de notre mieux avec passion et conviction.<br \/>\n<strong>Collaboration<\/strong> \u2212 Nous travaillons ensemble pour atteindre des objectifs communs.<br \/>\n<strong>Durabilit\u00e9 environnementale<\/strong> \u2013 Par des actions concr\u00e8tes, nous montrons notre engagement \u00e0 rendre la plan\u00e8te plus \u00e9cologique.<\/p>\n<p><span data-ccp-props=\"{&quot;335559738&quot;:120}\">\u00a0<\/span><\/p>\n\t\t\t<\/div>\n\t\t<\/div>\n\t\t<\/div>\n<\/div><\/div><\/div><\/div><\/div><\/div><div id=\"pg-77439-1\"  class=\"panel-grid panel-has-style\" ><div class=\"learn-about-organization-row panel-row-style panel-row-style-for-77439-1\" ><div id=\"pgc-77439-1-0\"  class=\"panel-grid-cell\" ><div id=\"panel-77439-1-0-0\" class=\"so-panel widget widget_sow-headline panel-first-child\" data-index=\"1\" ><div class=\"h3 panel-widget-style panel-widget-style-for-77439-1-0-0\" ><div\n\t\t\t\n\t\t\tclass=\"so-widget-sow-headline so-widget-sow-headline-default-de34858def4e-77439\"\n\t\t\t\n\t\t><div class=\"sow-headline-container \">\n\t\t\t\t\t\t\t<h2 class=\"sow-headline\">\n\t\t\t\t\t\tD\u00e9couvrez Comp\u00e9tences Canada! \t\t\t\t\t\t<\/h2>\n\t\t\t\t\t\t<\/div>\n<\/div><\/div><\/div><div id=\"panel-77439-1-0-1\" class=\"so-panel widget widget_siteorigin-panels-builder\" data-index=\"2\" ><div class=\"featured-img featured-img-left sp-bottom panel-widget-style panel-widget-style-for-77439-1-0-1\" ><div id=\"pl-w63f51f7683681\"  class=\"panel-layout\" ><div id=\"pg-w63f51f7683681-0\"  class=\"panel-grid panel-no-style\" ><div id=\"pgc-w63f51f7683681-0-0\"  class=\"panel-grid-cell\" ><div id=\"panel-w63f51f7683681-0-0-0\" class=\"so-panel widget widget_sow-headline panel-first-child\" data-index=\"0\" ><div class=\"h3 panel-widget-style panel-widget-style-for-w63f51f7683681-0-0-0\" ><div\n\t\t\t\n\t\t\tclass=\"so-widget-sow-headline so-widget-sow-headline-default-889d9c4665a9\"\n\t\t\t\n\t\t><div class=\"sow-headline-container \">\n\t\t\t\t\t\t\t<h3 class=\"sow-headline\">\n\t\t\t\t\t\tConseil d\u2019administration national\t\t\t\t\t\t<\/h3>\n\t\t\t\t\t\t<\/div>\n<\/div><\/div><\/div><div id=\"panel-w63f51f7683681-0-0-1\" class=\"so-panel widget widget_text\" data-index=\"1\" >\t\t\t<div class=\"textwidget\"><p>Rencontrez les membres du conseil d&rsquo;administration national de Comp\u00e9tences Canada.<\/p>\n<\/div>\n\t\t<\/div><div id=\"panel-w63f51f7683681-0-0-2\" class=\"so-panel widget widget_sow-button panel-last-child\" data-index=\"2\" ><div\n\t\t\t\n\t\t\tclass=\"so-widget-sow-button so-widget-sow-button-atom-f54c0409268f\"\n\t\t\t\n\t\t><div class=\"ow-button-base ow-button-align-center\"\n>\n\t\t\t<a\n\t\t\t\t\thref=\"https:\/\/www.skillscompetencescanada.com\/fr\/conseil-administration-national\/\"\n\t\t\t\t\tclass=\"link-arrow sowb-button ow-icon-placement-left ow-button-hover\" \t>\n\t\t<span>\n\t\t\t\n\t\t\tEn savoir plus\t\t<\/span>\n\t\t\t<\/a>\n\t<\/div>\n<\/div><\/div><\/div><div id=\"pgc-w63f51f7683681-0-1\"  class=\"panel-grid-cell\" ><div id=\"panel-w63f51f7683681-0-1-0\" class=\"so-panel widget widget_media_image panel-first-child panel-last-child\" data-index=\"3\" ><img decoding=\"async\" width=\"587\" height=\"360\" src=\"https:\/\/www.skillscompetencescanada.com\/wp-content\/uploads\/2023\/02\/SCC_BOD-Group-2023-24.jpg\" class=\"image wp-image-99668  attachment-full size-full\" alt=\"\" style=\"max-width: 100%; height: auto;\" \/><\/div><\/div><\/div><\/div><\/div><\/div><div id=\"panel-77439-1-0-2\" class=\"so-panel widget widget_siteorigin-panels-builder\" data-index=\"3\" ><div class=\"featured-img featured-img-right sp-bottom panel-widget-style panel-widget-style-for-77439-1-0-2\" ><div id=\"pl-w6102f74c44a34\"  class=\"panel-layout\" ><div id=\"pg-w6102f74c44a34-0\"  class=\"panel-grid panel-no-style\" ><div id=\"pgc-w6102f74c44a34-0-0\"  class=\"panel-grid-cell\" ><div id=\"panel-w6102f74c44a34-0-0-0\" class=\"so-panel widget widget_media_image panel-first-child panel-last-child\" data-index=\"0\" ><img decoding=\"async\" width=\"539\" height=\"360\" src=\"https:\/\/www.skillscompetencescanada.com\/wp-content\/uploads\/2021\/05\/47952297893_f2ba49ce62_c-539x360.jpg\" class=\"image wp-image-84439  attachment-medium size-medium\" alt=\"\" style=\"max-width: 100%; height: auto;\" srcset=\"https:\/\/www.skillscompetencescanada.com\/wp-content\/uploads\/2021\/05\/47952297893_f2ba49ce62_c-539x360.jpg 539w, https:\/\/www.skillscompetencescanada.com\/wp-content\/uploads\/2021\/05\/47952297893_f2ba49ce62_c-768x513.jpg 768w, https:\/\/www.skillscompetencescanada.com\/wp-content\/uploads\/2021\/05\/47952297893_f2ba49ce62_c-272x182.jpg 272w, https:\/\/www.skillscompetencescanada.com\/wp-content\/uploads\/2021\/05\/47952297893_f2ba49ce62_c.jpg 799w\" sizes=\"(max-width: 539px) 100vw, 539px\" \/><\/div><\/div><div id=\"pgc-w6102f74c44a34-0-1\"  class=\"panel-grid-cell\" ><div id=\"panel-w6102f74c44a34-0-1-0\" class=\"so-panel widget widget_sow-headline panel-first-child\" data-index=\"1\" ><div class=\"h3 panel-widget-style panel-widget-style-for-w6102f74c44a34-0-1-0\" ><div\n\t\t\t\n\t\t\tclass=\"so-widget-sow-headline so-widget-sow-headline-default-889d9c4665a9\"\n\t\t\t\n\t\t><div class=\"sow-headline-container \">\n\t\t\t\t\t\t\t<h3 class=\"sow-headline\">\n\t\t\t\t\t\tOrganization Membres\t\t\t\t\t\t<\/h3>\n\t\t\t\t\t\t<\/div>\n<\/div><\/div><\/div><div id=\"panel-w6102f74c44a34-0-1-1\" class=\"so-panel widget widget_text\" data-index=\"2\" >\t\t\t<div class=\"textwidget\"><p>Nous avons des organisations membres dans chaque province et territoire.<\/p>\n<\/div>\n\t\t<\/div><div id=\"panel-w6102f74c44a34-0-1-2\" class=\"so-panel widget widget_sow-button panel-last-child\" data-index=\"3\" ><div\n\t\t\t\n\t\t\tclass=\"so-widget-sow-button so-widget-sow-button-atom-f54c0409268f\"\n\t\t\t\n\t\t><div class=\"ow-button-base ow-button-align-center\"\n>\n\t\t\t<a\n\t\t\t\t\thref=\"http:\/\/skillscompetencescanada.com\/fr\/organisations-membres\/\"\n\t\t\t\t\tclass=\"link-arrow sowb-button ow-icon-placement-left ow-button-hover\" \t>\n\t\t<span>\n\t\t\t\n\t\t\tD\u00e9couvrez nos organisations membres\t\t<\/span>\n\t\t\t<\/a>\n\t<\/div>\n<\/div><\/div><\/div><\/div><\/div><\/div><\/div><div id=\"panel-77439-1-0-3\" class=\"so-panel widget widget_siteorigin-panels-builder panel-last-child\" data-index=\"4\" ><div class=\"featured-img featured-img-left sp-bottom panel-widget-style panel-widget-style-for-77439-1-0-3\" ><div id=\"pl-w68c46c328ada8\"  class=\"panel-layout\" ><div id=\"pg-w68c46c328ada8-0\"  class=\"panel-grid panel-no-style\" ><div id=\"pgc-w68c46c328ada8-0-0\"  class=\"panel-grid-cell\" ><div id=\"panel-w68c46c328ada8-0-0-0\" class=\"so-panel widget widget_sow-headline panel-first-child\" data-index=\"0\" ><div class=\"h3 panel-widget-style panel-widget-style-for-w68c46c328ada8-0-0-0\" ><div\n\t\t\t\n\t\t\tclass=\"so-widget-sow-headline so-widget-sow-headline-default-889d9c4665a9\"\n\t\t\t\n\t\t><div class=\"sow-headline-container \">\n\t\t\t\t\t\t\t<h3 class=\"sow-headline\">\n\t\t\t\t\t\tLes rapports annuels\t\t\t\t\t\t<\/h3>\n\t\t\t\t\t\t<\/div>\n<\/div><\/div><\/div><div id=\"panel-w68c46c328ada8-0-0-1\" class=\"so-panel widget widget_text\" data-index=\"1\" >\t\t\t<div class=\"textwidget\"><p>Lisez notre dernier rapport annuel.<\/p>\n<\/div>\n\t\t<\/div><div id=\"panel-w68c46c328ada8-0-0-2\" class=\"so-panel widget widget_sow-button panel-last-child\" data-index=\"2\" ><div\n\t\t\t\n\t\t\tclass=\"so-widget-sow-button so-widget-sow-button-atom-66466acb9e12\"\n\t\t\t\n\t\t><div class=\"ow-button-base ow-button-align-center\"\n>\n\t\t\t<a\n\t\t\t\t\thref=\"https:\/\/www.skillscompetencescanada.com\/wp-content\/uploads\/2025\/09\/SCC-Annual-Report-2025_FR_web.pdf\"\n\t\t\t\t\tclass=\"link-arrow sowb-button ow-icon-placement-left ow-button-hover\" \t>\n\t\t<span>\n\t\t\t\n\t\t\tParcourir le rapport\t\t<\/span>\n\t\t\t<\/a>\n\t<\/div>\n<\/div><\/div><\/div><div id=\"pgc-w68c46c328ada8-0-1\"  class=\"panel-grid-cell\" ><div id=\"panel-w68c46c328ada8-0-1-0\" class=\"so-panel widget widget_media_image panel-first-child panel-last-child\" data-index=\"3\" ><img decoding=\"async\" width=\"539\" height=\"360\" src=\"https:\/\/www.skillscompetencescanada.com\/wp-content\/uploads\/2021\/03\/47954976717_7553afa169_k-1-539x360.jpg\" class=\"image wp-image-84412  attachment-medium size-medium\" alt=\"\" style=\"max-width: 100%; height: auto;\" srcset=\"https:\/\/www.skillscompetencescanada.com\/wp-content\/uploads\/2021\/03\/47954976717_7553afa169_k-1-539x360.jpg 539w, https:\/\/www.skillscompetencescanada.com\/wp-content\/uploads\/2021\/03\/47954976717_7553afa169_k-1-1079x720.jpg 1079w, https:\/\/www.skillscompetencescanada.com\/wp-content\/uploads\/2021\/03\/47954976717_7553afa169_k-1-768x513.jpg 768w, https:\/\/www.skillscompetencescanada.com\/wp-content\/uploads\/2021\/03\/47954976717_7553afa169_k-1-1536x1025.jpg 1536w, https:\/\/www.skillscompetencescanada.com\/wp-content\/uploads\/2021\/03\/47954976717_7553afa169_k-1-272x182.jpg 272w, https:\/\/www.skillscompetencescanada.com\/wp-content\/uploads\/2021\/03\/47954976717_7553afa169_k-1.jpg 2048w\" sizes=\"(max-width: 539px) 100vw, 539px\" \/><\/div><\/div><\/div><\/div><\/div><\/div><\/div><\/div><\/div><div id=\"pg-77439-2\"  class=\"panel-grid panel-has-style\" ><div class=\"sp-bottom panel-row-style panel-row-style-for-77439-2\" ><div id=\"pgc-77439-2-0\"  class=\"panel-grid-cell\" ><div id=\"panel-77439-2-0-0\" class=\"so-panel widget widget_text panel-first-child panel-last-child\" data-index=\"5\" >\t\t\t<div class=\"textwidget\"> <div class=\"get-involved-wrapper\"> <div class=\"get-involved panel-widget-style\">   <div class=\"panel-layout\">     <div class=\"panel-grid panel-no-style\">       <div class=\"panel-grid-cell\">         <div class=\"so-panel widget widget_media_image panel-first-child panel-last-child\" data-index=\"0\">           <img decoding=\"async\" width=\"1079\" height=\"720\" src=\"https:\/\/www.skillscompetencescanada.com\/wp-content\/uploads\/2021\/07\/34F25BC4-8D3B-4D97-9BC9-3D988ED5C112-1079x720.jpg\" class=\"attachment-large size-large\" alt=\"\" srcset=\"https:\/\/www.skillscompetencescanada.com\/wp-content\/uploads\/2021\/07\/34F25BC4-8D3B-4D97-9BC9-3D988ED5C112-1079x720.jpg 1079w, https:\/\/www.skillscompetencescanada.com\/wp-content\/uploads\/2021\/07\/34F25BC4-8D3B-4D97-9BC9-3D988ED5C112-539x360.jpg 539w, https:\/\/www.skillscompetencescanada.com\/wp-content\/uploads\/2021\/07\/34F25BC4-8D3B-4D97-9BC9-3D988ED5C112-768x513.jpg 768w, https:\/\/www.skillscompetencescanada.com\/wp-content\/uploads\/2021\/07\/34F25BC4-8D3B-4D97-9BC9-3D988ED5C112-1536x1025.jpg 1536w, https:\/\/www.skillscompetencescanada.com\/wp-content\/uploads\/2021\/07\/34F25BC4-8D3B-4D97-9BC9-3D988ED5C112-2048x1367.jpg 2048w, https:\/\/www.skillscompetencescanada.com\/wp-content\/uploads\/2021\/07\/34F25BC4-8D3B-4D97-9BC9-3D988ED5C112-272x182.jpg 272w\" sizes=\"(max-width: 1079px) 100vw, 1079px\" \/>        <\/div>      <\/div>      <div class=\"panel-grid-cell\">         <div class=\"so-panel widget widget_text\" data-index=\"2\">          <div class=\"so-widget-sow-headline\">            <div class=\"sow-headline-container \">                <h2 class=\"h1 sow-headline\">Impliquez-vous !<\/h2>              <\/div>            <\/div>            <div class=\"small panel-widget-style\">              <div class=\"textwidget\">                <p>D\u00e9couvrez comment vous pouvez contribuer \u00e0 nos concours, programmes ou \u00e9v\u00e9nements en tant que b\u00e9n\u00e9vole !<\/p>\n             <\/div>           <\/div>         <\/div>         <div id=\"panel-wb5emsxxs3j-0-1-2\" class=\"so-panel widget widget_sow-button panel-last-child\" data-index=\"3\">           <div class=\"so-widget-sow-button \">             <div class=\"ow-button-base ow-button-align-center\">               <a href=\"http:\/\/skillscompetencescanada.com\/fr\/benevoles\/\" class=\"ow-icon-placement-left ow-button-hover\">                <span>Impliquez-vous !<\/span>               <\/a>             <\/div>          <\/div>        <\/div>      <\/div>    <\/div>  <\/div> <\/div><\/div>\n<\/div>\n\t\t<\/div><\/div><\/div><\/div><\/div>","protected":false},"excerpt":{"rendered":"<p>MISSION VISION NOS VALEURS MISSION VISION NOS VALEURS Notre mission Encourager les jeunes et leurs communaut\u00e9s \u00e0 s\u2019engager dans les carri\u00e8res des m\u00e9tiers sp\u00e9cialis\u00e9s et des technologies en employant une<\/p>\n","protected":false},"author":14,"featured_media":102895,"parent":0,"menu_order":0,"comment_status":"closed","ping_status":"closed","template":"","meta":{"_acf_changed":false,"site-sidebar-layout":"default","site-content-layout":"default","ast-site-content-layout":"default","site-content-style":"default","site-sidebar-style":"default","ast-global-header-display":"","ast-banner-title-visibility":"","ast-main-header-display":"","ast-hfb-above-header-display":"","ast-hfb-below-header-display":"","ast-hfb-mobile-header-display":"","site-post-title":"","ast-breadcrumbs-content":"","ast-featured-img":"","footer-sml-layout":"","ast-disable-related-posts":"","theme-transparent-header-meta":"default","adv-header-id-meta":"","stick-header-meta":"default","header-above-stick-meta":"","header-main-stick-meta":"","header-below-stick-meta":"","astra-migrate-meta-layouts":"set","ast-page-background-enabled":"default","ast-page-background-meta":{"desktop":{"background-color":"","background-image":"","background-repeat":"repeat","background-position":"center center","background-size":"auto","background-attachment":"scroll","background-type":"","background-media":"","overlay-type":"","overlay-color":"","overlay-opacity":"","overlay-gradient":""},"tablet":{"background-color":"","background-image":"","background-repeat":"repeat","background-position":"center center","background-size":"auto","background-attachment":"scroll","background-type":"","background-media":"","overlay-type":"","overlay-color":"","overlay-opacity":"","overlay-gradient":""},"mobile":{"background-color":"","background-image":"","background-repeat":"repeat","background-position":"center center","background-size":"auto","background-attachment":"scroll","background-type":"","background-media":"","overlay-type":"","overlay-color":"","overlay-opacity":"","overlay-gradient":""}},"ast-content-background-meta":{"desktop":{"background-color":"var(--ast-global-color-5)","background-image":"","background-repeat":"repeat","background-position":"center center","background-size":"auto","background-attachment":"scroll","background-type":"","background-media":"","overlay-type":"","overlay-color":"","overlay-opacity":"","overlay-gradient":""},"tablet":{"background-color":"var(--ast-global-color-5)","background-image":"","background-repeat":"repeat","background-position":"center center","background-size":"auto","background-attachment":"scroll","background-type":"","background-media":"","overlay-type":"","overlay-color":"","overlay-opacity":"","overlay-gradient":""},"mobile":{"background-color":"var(--ast-global-color-5)","background-image":"","background-repeat":"repeat","background-position":"center center","background-size":"auto","background-attachment":"scroll","background-type":"","background-media":"","overlay-type":"","overlay-color":"","overlay-opacity":"","overlay-gradient":""}},"footnotes":""},"class_list":["post-77439","page","type-page","status-publish","has-post-thumbnail","hentry"],"acf":[],"yoast_head":"<!-- This site is optimized with the Yoast SEO plugin v27.1.1 - https:\/\/yoast.com\/product\/yoast-seo-wordpress\/ -->\n<title>\u00e0 propos - Skills Competences Canada<\/title>\n<meta name=\"robots\" content=\"index, follow, max-snippet:-1, max-image-preview:large, max-video-preview:-1\" \/>\n<link rel=\"canonical\" href=\"https:\/\/www.skillscompetencescanada.com\/fr\/a-propos\/\" \/>\n<meta name=\"twitter:label1\" content=\"Dur\u00e9e de lecture estim\u00e9e\" \/>\n\t<meta name=\"twitter:data1\" content=\"1 minute\" \/>\n<script type=\"application\/ld+json\" class=\"yoast-schema-graph\">{\"@context\":\"https:\/\/schema.org\",\"@graph\":[{\"@type\":\"WebPage\",\"@id\":\"https:\/\/www.skillscompetencescanada.com\/fr\/a-propos\/\",\"url\":\"https:\/\/www.skillscompetencescanada.com\/fr\/a-propos\/\",\"name\":\"\u00e0 propos - Skills Competences Canada\",\"isPartOf\":{\"@id\":\"https:\/\/www.skillscompetencescanada.com\/fr\/#website\"},\"primaryImageOfPage\":{\"@id\":\"https:\/\/www.skillscompetencescanada.com\/fr\/a-propos\/#primaryimage\"},\"image\":{\"@id\":\"https:\/\/www.skillscompetencescanada.com\/fr\/a-propos\/#primaryimage\"},\"thumbnailUrl\":\"https:\/\/www.skillscompetencescanada.com\/wp-content\/uploads\/2023\/10\/Screen-Shot-2023-10-13-at-9.20.36-AM.png\",\"datePublished\":\"2021-01-12T00:17:44+00:00\",\"dateModified\":\"2025-09-12T18:53:38+00:00\",\"breadcrumb\":{\"@id\":\"https:\/\/www.skillscompetencescanada.com\/fr\/a-propos\/#breadcrumb\"},\"inLanguage\":\"fr-FR\",\"potentialAction\":[{\"@type\":\"ReadAction\",\"target\":[\"https:\/\/www.skillscompetencescanada.com\/fr\/a-propos\/\"]}]},{\"@type\":\"ImageObject\",\"inLanguage\":\"fr-FR\",\"@id\":\"https:\/\/www.skillscompetencescanada.com\/fr\/a-propos\/#primaryimage\",\"url\":\"https:\/\/www.skillscompetencescanada.com\/wp-content\/uploads\/2023\/10\/Screen-Shot-2023-10-13-at-9.20.36-AM.png\",\"contentUrl\":\"https:\/\/www.skillscompetencescanada.com\/wp-content\/uploads\/2023\/10\/Screen-Shot-2023-10-13-at-9.20.36-AM.png\",\"width\":1974,\"height\":1262},{\"@type\":\"BreadcrumbList\",\"@id\":\"https:\/\/www.skillscompetencescanada.com\/fr\/a-propos\/#breadcrumb\",\"itemListElement\":[{\"@type\":\"ListItem\",\"position\":1,\"name\":\"Home\",\"item\":\"https:\/\/www.skillscompetencescanada.com\/fr\/\"},{\"@type\":\"ListItem\",\"position\":2,\"name\":\"\u00e0 propos\"}]},{\"@type\":\"WebSite\",\"@id\":\"https:\/\/www.skillscompetencescanada.com\/fr\/#website\",\"url\":\"https:\/\/www.skillscompetencescanada.com\/fr\/\",\"name\":\"Skills Competences Canada\",\"description\":\"\",\"publisher\":{\"@id\":\"https:\/\/www.skillscompetencescanada.com\/fr\/#organization\"},\"potentialAction\":[{\"@type\":\"SearchAction\",\"target\":{\"@type\":\"EntryPoint\",\"urlTemplate\":\"https:\/\/www.skillscompetencescanada.com\/fr\/?s={search_term_string}\"},\"query-input\":{\"@type\":\"PropertyValueSpecification\",\"valueRequired\":true,\"valueName\":\"search_term_string\"}}],\"inLanguage\":\"fr-FR\"},{\"@type\":\"Organization\",\"@id\":\"https:\/\/www.skillscompetencescanada.com\/fr\/#organization\",\"name\":\"skills competences canada\",\"url\":\"https:\/\/www.skillscompetencescanada.com\/fr\/\",\"logo\":{\"@type\":\"ImageObject\",\"inLanguage\":\"fr-FR\",\"@id\":\"https:\/\/www.skillscompetencescanada.com\/fr\/#\/schema\/logo\/image\/\",\"url\":\"http:\/\/skillscompetencescanada.com\/wp-content\/uploads\/2016\/09\/avatar-admin-96x96-1.jpg\",\"contentUrl\":\"http:\/\/skillscompetencescanada.com\/wp-content\/uploads\/2016\/09\/avatar-admin-96x96-1.jpg\",\"width\":96,\"height\":96,\"caption\":\"skills competences canada\"},\"image\":{\"@id\":\"https:\/\/www.skillscompetencescanada.com\/fr\/#\/schema\/logo\/image\/\"}}]}<\/script>\n<!-- \/ Yoast SEO plugin. -->","yoast_head_json":{"title":"\u00e0 propos - Skills Competences Canada","robots":{"index":"index","follow":"follow","max-snippet":"max-snippet:-1","max-image-preview":"max-image-preview:large","max-video-preview":"max-video-preview:-1"},"canonical":"https:\/\/www.skillscompetencescanada.com\/fr\/a-propos\/","twitter_misc":{"Dur\u00e9e de lecture estim\u00e9e":"1 minute"},"schema":{"@context":"https:\/\/schema.org","@graph":[{"@type":"WebPage","@id":"https:\/\/www.skillscompetencescanada.com\/fr\/a-propos\/","url":"https:\/\/www.skillscompetencescanada.com\/fr\/a-propos\/","name":"\u00e0 propos - Skills Competences Canada","isPartOf":{"@id":"https:\/\/www.skillscompetencescanada.com\/fr\/#website"},"primaryImageOfPage":{"@id":"https:\/\/www.skillscompetencescanada.com\/fr\/a-propos\/#primaryimage"},"image":{"@id":"https:\/\/www.skillscompetencescanada.com\/fr\/a-propos\/#primaryimage"},"thumbnailUrl":"https:\/\/www.skillscompetencescanada.com\/wp-content\/uploads\/2023\/10\/Screen-Shot-2023-10-13-at-9.20.36-AM.png","datePublished":"2021-01-12T00:17:44+00:00","dateModified":"2025-09-12T18:53:38+00:00","breadcrumb":{"@id":"https:\/\/www.skillscompetencescanada.com\/fr\/a-propos\/#breadcrumb"},"inLanguage":"fr-FR","potentialAction":[{"@type":"ReadAction","target":["https:\/\/www.skillscompetencescanada.com\/fr\/a-propos\/"]}]},{"@type":"ImageObject","inLanguage":"fr-FR","@id":"https:\/\/www.skillscompetencescanada.com\/fr\/a-propos\/#primaryimage","url":"https:\/\/www.skillscompetencescanada.com\/wp-content\/uploads\/2023\/10\/Screen-Shot-2023-10-13-at-9.20.36-AM.png","contentUrl":"https:\/\/www.skillscompetencescanada.com\/wp-content\/uploads\/2023\/10\/Screen-Shot-2023-10-13-at-9.20.36-AM.png","width":1974,"height":1262},{"@type":"BreadcrumbList","@id":"https:\/\/www.skillscompetencescanada.com\/fr\/a-propos\/#breadcrumb","itemListElement":[{"@type":"ListItem","position":1,"name":"Home","item":"https:\/\/www.skillscompetencescanada.com\/fr\/"},{"@type":"ListItem","position":2,"name":"\u00e0 propos"}]},{"@type":"WebSite","@id":"https:\/\/www.skillscompetencescanada.com\/fr\/#website","url":"https:\/\/www.skillscompetencescanada.com\/fr\/","name":"Skills Competences Canada","description":"","publisher":{"@id":"https:\/\/www.skillscompetencescanada.com\/fr\/#organization"},"potentialAction":[{"@type":"SearchAction","target":{"@type":"EntryPoint","urlTemplate":"https:\/\/www.skillscompetencescanada.com\/fr\/?s={search_term_string}"},"query-input":{"@type":"PropertyValueSpecification","valueRequired":true,"valueName":"search_term_string"}}],"inLanguage":"fr-FR"},{"@type":"Organization","@id":"https:\/\/www.skillscompetencescanada.com\/fr\/#organization","name":"skills competences canada","url":"https:\/\/www.skillscompetencescanada.com\/fr\/","logo":{"@type":"ImageObject","inLanguage":"fr-FR","@id":"https:\/\/www.skillscompetencescanada.com\/fr\/#\/schema\/logo\/image\/","url":"http:\/\/skillscompetencescanada.com\/wp-content\/uploads\/2016\/09\/avatar-admin-96x96-1.jpg","contentUrl":"http:\/\/skillscompetencescanada.com\/wp-content\/uploads\/2016\/09\/avatar-admin-96x96-1.jpg","width":96,"height":96,"caption":"skills competences canada"},"image":{"@id":"https:\/\/www.skillscompetencescanada.com\/fr\/#\/schema\/logo\/image\/"}}]}},"_links":{"self":[{"href":"https:\/\/www.skillscompetencescanada.com\/fr\/wp-json\/wp\/v2\/pages\/77439","targetHints":{"allow":["GET"]}}],"collection":[{"href":"https:\/\/www.skillscompetencescanada.com\/fr\/wp-json\/wp\/v2\/pages"}],"about":[{"href":"https:\/\/www.skillscompetencescanada.com\/fr\/wp-json\/wp\/v2\/types\/page"}],"author":[{"embeddable":true,"href":"https:\/\/www.skillscompetencescanada.com\/fr\/wp-json\/wp\/v2\/users\/14"}],"replies":[{"embeddable":true,"href":"https:\/\/www.skillscompetencescanada.com\/fr\/wp-json\/wp\/v2\/comments?post=77439"}],"version-history":[{"count":0,"href":"https:\/\/www.skillscompetencescanada.com\/fr\/wp-json\/wp\/v2\/pages\/77439\/revisions"}],"wp:featuredmedia":[{"embeddable":true,"href":"https:\/\/www.skillscompetencescanada.com\/fr\/wp-json\/wp\/v2\/media\/102895"}],"wp:attachment":[{"href":"https:\/\/www.skillscompetencescanada.com\/fr\/wp-json\/wp\/v2\/media?parent=77439"}],"curies":[{"name":"wp","href":"https:\/\/api.w.org\/{rel}","templated":true}]}}