{"id":77593,"date":"2021-03-19T11:13:49","date_gmt":"2021-03-19T15:13:49","guid":{"rendered":"http:\/\/skillscompetencescanada.u7wpdev.com\/?page_id=77593"},"modified":"2024-07-24T14:21:53","modified_gmt":"2024-07-24T18:21:53","slug":"alumni-fr","status":"publish","type":"page","link":"https:\/\/www.skillscompetencescanada.com\/fr\/alumni-fr\/","title":{"rendered":"Anciens et Anciennes"},"content":{"rendered":"<div id=\"pl-77593\"  class=\"panel-layout\" ><div id=\"pg-77593-0\"  class=\"panel-grid panel-has-style\" ><div class=\"mission-row panel-row-style panel-row-style-for-77593-0\" ><div id=\"pgc-77593-0-0\"  class=\"panel-grid-cell\" ><div id=\"panel-77593-0-0-0\" class=\"so-panel widget widget_text panel-first-child\" data-index=\"0\" >\t\t\t<div class=\"textwidget\"><p>Chaque ann\u00e9e, des centaines de jeunes Canadiens participent aux Olympiades canadiennes des m\u00e9tiers et des technologies et deviennent des anciens et anciennes de nos programmes. Notre objectif est de rester en contact avec le plus grand nombre possible d&rsquo;anciens et anciennes afin de suivre leur parcours, de leur permettre de raconter leur histoire et de leur donner l&rsquo;occasion de redonner \u00e0 la communaut\u00e9 de Skills\/Comp\u00e9tences Canada. <\/p>\n<\/div>\n\t\t<\/div><div id=\"panel-77593-0-0-1\" class=\"so-panel widget widget_sow-tabs panel-last-child\" data-index=\"1\" ><div\n\t\t\t\n\t\t\tclass=\"so-widget-sow-tabs so-widget-sow-tabs-default-2d92f4b30840-77593\"\n\t\t\t\n\t\t><div class=\"sow-tabs sow-tabs-custom\">\n\t<div class=\"sow-tabs-tab-container\" role=\"tablist\">\n\t\t\t<div class=\"sow-tabs-tab sow-tabs-tab-selected\"\n\t\t\t role=\"tab\" data-anchor=\"%c3%a0-propos-du-comit%c3%a9-national-des-anciens-et-des-anciennes-cnaa\"\n\t\t\t aria-selected=\"true\" tabindex=\"0\">\n\t\t\t<div class=\"sow-tabs-title sow-tabs-title-icon-left\">\n\t\t\t\t\t\t\t\t\u00c0 propos du Comit\u00e9 national des anciens et des anciennes (CNAA)\t\t\t\t\t\t\t<\/div>\n\t\t<\/div>\n\t\t\t<div class=\"sow-tabs-tab\"\n\t\t\t role=\"tab\" data-anchor=\"membres-du-cnaa\"\n\t\t\t aria-selected=\"false\" tabindex=\"-1\">\n\t\t\t<div class=\"sow-tabs-title sow-tabs-title-icon-left\">\n\t\t\t\t\t\t\t\tMembres du CNAA\t\t\t\t\t\t\t<\/div>\n\t\t<\/div>\n\t\t<\/div>\n\t\n\t<div class=\"sow-tabs-tab-container-mobile\" role=\"tablist\">\n\t\t<select name=\"tab-select\" id=\"tab-select\">\n\t\t\t\t\t\t<option value=\"%c3%a0-propos-du-comit%c3%a9-national-des-anciens-et-des-anciennes-cnaa\" selected>\n\t\t\t\t\u00c0 propos du Comit\u00e9 national des anciens et des anciennes (CNAA)<\/option>\n\t\t\t\t\t\t<option value=\"membres-du-cnaa\" >\n\t\t\t\tMembres du CNAA<\/option>\n\t\t\t\t\t<\/select>\n\t<\/div>\n\t\n\t<div class=\"sow-tabs-panel-container\">\n\t\t\t<div class=\"sow-tabs-panel\">\n\t\t\t<div class=\"sow-tabs-panel-content\" role=\"tabpanel\" tabindex=\"0\">\n\t\t\t\t<h2>\u00c0 propos du Comit\u00e9 national des anciens et des anciennes (CNAA)<\/h2>\n<p>Le Comit\u00e9 national des anciens et anciennes (CNAA) est un groupe de b\u00e9n\u00e9voles d\u00e9vou\u00e9s compos\u00e9 de repr\u00e9sentants de chaque province et territoire. Le CNAA a \u00e9t\u00e9 form\u00e9 pour cr\u00e9er, soutenir et orienter les associations d'anciens et anciennes de Comp\u00e9tences Canada \u00e0 travers le Canada. Ils servent \u00e9galement de porte-parole pour les campagnes nationales dans les m\u00e9dias et les m\u00e9dias sociaux. <\/p>\n<p>Le CNAA veille \u00e0 ce que les int\u00e9r\u00eats de ses organismes membres soient respect\u00e9s et \u00e0 ce que chacune d'entre elles soit entendue. Les associations provinciales et territoriales d'anciens et anciennes de Skills\/Comp\u00e9tences Canada offrent \u00e0 leurs membres des liens avec l'industrie, de la visibilit\u00e9, ainsi que des possibilit\u00e9s de b\u00e9n\u00e9volat et de r\u00e9seautage. <\/p>\n\t\t\t<\/div>\n\t\t<\/div>\n\t\t\t<div class=\"sow-tabs-panel\">\n\t\t\t<div class=\"sow-tabs-panel-content\" role=\"tabpanel\" aria-hidden=\"true\">\n\t\t\t\t<div class=\"grid-3\">\n        <div class=\"bio-item\">\n          <a href=\"https:\/\/www.skillscompetencescanada.com\/fr\/bio\/sierrah-bennett\/\">\n            <figure><img decoding=\"async\" width=\"490\" height=\"580\" src=\"https:\/\/www.skillscompetencescanada.com\/wp-content\/uploads\/2024\/07\/Untitled-design-28.png\" class=\"attachment-large size-large wp-post-image\" alt=\"\" srcset=\"https:\/\/www.skillscompetencescanada.com\/wp-content\/uploads\/2024\/07\/Untitled-design-28.png 490w, https:\/\/www.skillscompetencescanada.com\/wp-content\/uploads\/2024\/07\/Untitled-design-28-304x360.png 304w\" sizes=\"(max-width: 490px) 100vw, 490px\" \/><\/figure>\n            <h5>Sierrah Bennett<\/h5>\n            <h6>Alberta<\/h6>\n          <\/a>\n        <\/div>\n      \n        <div class=\"bio-item\">\n          <a href=\"https:\/\/www.skillscompetencescanada.com\/fr\/bio\/jordan-friedland\/\">\n            <figure><img decoding=\"async\" width=\"490\" height=\"580\" src=\"https:\/\/www.skillscompetencescanada.com\/wp-content\/uploads\/2024\/07\/Untitled-design-28.png\" class=\"attachment-large size-large wp-post-image\" alt=\"\" srcset=\"https:\/\/www.skillscompetencescanada.com\/wp-content\/uploads\/2024\/07\/Untitled-design-28.png 490w, https:\/\/www.skillscompetencescanada.com\/wp-content\/uploads\/2024\/07\/Untitled-design-28-304x360.png 304w\" sizes=\"(max-width: 490px) 100vw, 490px\" \/><\/figure>\n            <h5>Jordan Friedland<\/h5>\n            <h6>Colombie-Britannique<\/h6>\n          <\/a>\n        <\/div>\n      \n        <div class=\"bio-item\">\n          <a href=\"https:\/\/www.skillscompetencescanada.com\/fr\/bio\/jack-macphail\/\">\n            <figure><img decoding=\"async\" width=\"490\" height=\"580\" src=\"https:\/\/www.skillscompetencescanada.com\/wp-content\/uploads\/2024\/07\/Untitled-design-28.png\" class=\"attachment-large size-large wp-post-image\" alt=\"\" srcset=\"https:\/\/www.skillscompetencescanada.com\/wp-content\/uploads\/2024\/07\/Untitled-design-28.png 490w, https:\/\/www.skillscompetencescanada.com\/wp-content\/uploads\/2024\/07\/Untitled-design-28-304x360.png 304w\" sizes=\"(max-width: 490px) 100vw, 490px\" \/><\/figure>\n            <h5>Jack MacPhail<\/h5>\n            <h6>\u00cele-du-Prince-\u00c9douard<\/h6>\n          <\/a>\n        <\/div>\n      \n        <div class=\"bio-item\">\n          <a href=\"https:\/\/www.skillscompetencescanada.com\/fr\/bio\/elwood-innis\/\">\n            <figure><img decoding=\"async\" width=\"490\" height=\"580\" src=\"https:\/\/www.skillscompetencescanada.com\/wp-content\/uploads\/2024\/07\/Untitled-design-28.png\" class=\"attachment-large size-large wp-post-image\" alt=\"\" srcset=\"https:\/\/www.skillscompetencescanada.com\/wp-content\/uploads\/2024\/07\/Untitled-design-28.png 490w, https:\/\/www.skillscompetencescanada.com\/wp-content\/uploads\/2024\/07\/Untitled-design-28-304x360.png 304w\" sizes=\"(max-width: 490px) 100vw, 490px\" \/><\/figure>\n            <h5>Elwood Innis<\/h5>\n            <h6>Manitoba<\/h6>\n          <\/a>\n        <\/div>\n      \n        <div class=\"bio-item\">\n          <a href=\"https:\/\/www.skillscompetencescanada.com\/fr\/bio\/nick-galloway\/\">\n            <figure><img decoding=\"async\" width=\"490\" height=\"580\" src=\"https:\/\/www.skillscompetencescanada.com\/wp-content\/uploads\/2024\/07\/Untitled-design-28.png\" class=\"attachment-large size-large wp-post-image\" alt=\"\" srcset=\"https:\/\/www.skillscompetencescanada.com\/wp-content\/uploads\/2024\/07\/Untitled-design-28.png 490w, https:\/\/www.skillscompetencescanada.com\/wp-content\/uploads\/2024\/07\/Untitled-design-28-304x360.png 304w\" sizes=\"(max-width: 490px) 100vw, 490px\" \/><\/figure>\n            <h5>Nick Galloway<\/h5>\n            <h6>Nouveau-Brunswick<\/h6>\n          <\/a>\n        <\/div>\n      \n        <div class=\"bio-item\">\n          <a href=\"https:\/\/www.skillscompetencescanada.com\/fr\/bio\/curtis-pettipas\/\">\n            <figure><img decoding=\"async\" width=\"490\" height=\"580\" src=\"https:\/\/www.skillscompetencescanada.com\/wp-content\/uploads\/2024\/07\/Untitled-design-28.png\" class=\"attachment-large size-large wp-post-image\" alt=\"\" srcset=\"https:\/\/www.skillscompetencescanada.com\/wp-content\/uploads\/2024\/07\/Untitled-design-28.png 490w, https:\/\/www.skillscompetencescanada.com\/wp-content\/uploads\/2024\/07\/Untitled-design-28-304x360.png 304w\" sizes=\"(max-width: 490px) 100vw, 490px\" \/><\/figure>\n            <h5>Curtis Pettipas<\/h5>\n            <h6>Nouvelle-\u00c9cosse<\/h6>\n          <\/a>\n        <\/div>\n      \n        <div class=\"bio-item\">\n          <a href=\"https:\/\/www.skillscompetencescanada.com\/fr\/bio\/sam-turgeon-brabazon\/\">\n            <figure><img decoding=\"async\" width=\"490\" height=\"580\" src=\"https:\/\/www.skillscompetencescanada.com\/wp-content\/uploads\/2024\/07\/Sam_HeadShot.png\" class=\"attachment-large size-large wp-post-image\" alt=\"\" srcset=\"https:\/\/www.skillscompetencescanada.com\/wp-content\/uploads\/2024\/07\/Sam_HeadShot.png 490w, https:\/\/www.skillscompetencescanada.com\/wp-content\/uploads\/2024\/07\/Sam_HeadShot-304x360.png 304w\" sizes=\"(max-width: 490px) 100vw, 490px\" \/><\/figure>\n            <h5>Sam Turgeon-Brabazon<\/h5>\n            <h6>Ontario<\/h6>\n          <\/a>\n        <\/div>\n      \n        <div class=\"bio-item\">\n          <a href=\"https:\/\/www.skillscompetencescanada.com\/fr\/bio\/jacob-murphy\/\">\n            <figure><img decoding=\"async\" width=\"490\" height=\"580\" src=\"https:\/\/www.skillscompetencescanada.com\/wp-content\/uploads\/2024\/07\/Untitled-design-28.png\" class=\"attachment-large size-large wp-post-image\" alt=\"\" srcset=\"https:\/\/www.skillscompetencescanada.com\/wp-content\/uploads\/2024\/07\/Untitled-design-28.png 490w, https:\/\/www.skillscompetencescanada.com\/wp-content\/uploads\/2024\/07\/Untitled-design-28-304x360.png 304w\" sizes=\"(max-width: 490px) 100vw, 490px\" \/><\/figure>\n            <h5>Jacob Murphy<\/h5>\n            <h6>Saskatchewan<\/h6>\n          <\/a>\n        <\/div>\n      \n        <div class=\"bio-item\">\n          <a href=\"https:\/\/www.skillscompetencescanada.com\/fr\/bio\/chelsie-cake\/\">\n            <figure><img decoding=\"async\" width=\"490\" height=\"580\" src=\"https:\/\/www.skillscompetencescanada.com\/wp-content\/uploads\/2024\/07\/Untitled-design-28.png\" class=\"attachment-large size-large wp-post-image\" alt=\"\" srcset=\"https:\/\/www.skillscompetencescanada.com\/wp-content\/uploads\/2024\/07\/Untitled-design-28.png 490w, https:\/\/www.skillscompetencescanada.com\/wp-content\/uploads\/2024\/07\/Untitled-design-28-304x360.png 304w\" sizes=\"(max-width: 490px) 100vw, 490px\" \/><\/figure>\n            <h5>Chelsie Cake<\/h5>\n            <h6>Terre-Neuve-et-Labrador<\/h6>\n          <\/a>\n        <\/div>\n      \n        <div class=\"bio-item\">\n          <a href=\"https:\/\/www.skillscompetencescanada.com\/fr\/bio\/shane-clennett\/\">\n            <figure><img decoding=\"async\" width=\"490\" height=\"580\" src=\"https:\/\/www.skillscompetencescanada.com\/wp-content\/uploads\/2024\/07\/Untitled-design-28.png\" class=\"attachment-large size-large wp-post-image\" alt=\"\" srcset=\"https:\/\/www.skillscompetencescanada.com\/wp-content\/uploads\/2024\/07\/Untitled-design-28.png 490w, https:\/\/www.skillscompetencescanada.com\/wp-content\/uploads\/2024\/07\/Untitled-design-28-304x360.png 304w\" sizes=\"(max-width: 490px) 100vw, 490px\" \/><\/figure>\n            <h5>Shane Clennett<\/h5>\n            <h6>Yukon<\/h6>\n          <\/a>\n        <\/div>\n      <\/div>\t\t\t<\/div>\n\t\t<\/div>\n\t\t<\/div>\n<\/div><\/div><\/div><\/div><\/div><\/div><\/div>","protected":false},"excerpt":{"rendered":"<p>Chaque ann\u00e9e, des centaines de jeunes Canadiens participent aux Olympiades canadiennes des m\u00e9tiers et des technologies et deviennent des anciens et anciennes de nos programmes. Notre objectif est de rester<\/p>\n","protected":false},"author":14,"featured_media":83528,"parent":0,"menu_order":0,"comment_status":"closed","ping_status":"closed","template":"","meta":{"_acf_changed":false,"site-sidebar-layout":"default","site-content-layout":"default","ast-site-content-layout":"default","site-content-style":"default","site-sidebar-style":"default","ast-global-header-display":"","ast-banner-title-visibility":"","ast-main-header-display":"","ast-hfb-above-header-display":"","ast-hfb-below-header-display":"","ast-hfb-mobile-header-display":"","site-post-title":"","ast-breadcrumbs-content":"","ast-featured-img":"","footer-sml-layout":"","ast-disable-related-posts":"","theme-transparent-header-meta":"default","adv-header-id-meta":"","stick-header-meta":"default","header-above-stick-meta":"","header-main-stick-meta":"","header-below-stick-meta":"","astra-migrate-meta-layouts":"set","ast-page-background-enabled":"default","ast-page-background-meta":{"desktop":{"background-color":"","background-image":"","background-repeat":"repeat","background-position":"center center","background-size":"auto","background-attachment":"scroll","background-type":"","background-media":"","overlay-type":"","overlay-color":"","overlay-opacity":"","overlay-gradient":""},"tablet":{"background-color":"","background-image":"","background-repeat":"repeat","background-position":"center center","background-size":"auto","background-attachment":"scroll","background-type":"","background-media":"","overlay-type":"","overlay-color":"","overlay-opacity":"","overlay-gradient":""},"mobile":{"background-color":"","background-image":"","background-repeat":"repeat","background-position":"center center","background-size":"auto","background-attachment":"scroll","background-type":"","background-media":"","overlay-type":"","overlay-color":"","overlay-opacity":"","overlay-gradient":""}},"ast-content-background-meta":{"desktop":{"background-color":"var(--ast-global-color-5)","background-image":"","background-repeat":"repeat","background-position":"center center","background-size":"auto","background-attachment":"scroll","background-type":"","background-media":"","overlay-type":"","overlay-color":"","overlay-opacity":"","overlay-gradient":""},"tablet":{"background-color":"var(--ast-global-color-5)","background-image":"","background-repeat":"repeat","background-position":"center center","background-size":"auto","background-attachment":"scroll","background-type":"","background-media":"","overlay-type":"","overlay-color":"","overlay-opacity":"","overlay-gradient":""},"mobile":{"background-color":"var(--ast-global-color-5)","background-image":"","background-repeat":"repeat","background-position":"center center","background-size":"auto","background-attachment":"scroll","background-type":"","background-media":"","overlay-type":"","overlay-color":"","overlay-opacity":"","overlay-gradient":""}},"footnotes":""},"class_list":["post-77593","page","type-page","status-publish","has-post-thumbnail","hentry"],"acf":[],"yoast_head":"<!-- This site is optimized with the Yoast SEO plugin v27.1.1 - https:\/\/yoast.com\/product\/yoast-seo-wordpress\/ -->\n<title>Anciens et Anciennes - Skills Competences Canada<\/title>\n<meta name=\"robots\" content=\"index, follow, max-snippet:-1, max-image-preview:large, max-video-preview:-1\" \/>\n<link rel=\"canonical\" href=\"https:\/\/www.skillscompetencescanada.com\/fr\/alumni-fr\/\" \/>\n<meta name=\"twitter:label1\" content=\"Dur\u00e9e de lecture estim\u00e9e\" \/>\n\t<meta name=\"twitter:data1\" content=\"1 minute\" \/>\n<script type=\"application\/ld+json\" class=\"yoast-schema-graph\">{\"@context\":\"https:\/\/schema.org\",\"@graph\":[{\"@type\":\"WebPage\",\"@id\":\"https:\/\/www.skillscompetencescanada.com\/fr\/alumni-fr\/\",\"url\":\"https:\/\/www.skillscompetencescanada.com\/fr\/alumni-fr\/\",\"name\":\"Anciens et Anciennes - Skills Competences Canada\",\"isPartOf\":{\"@id\":\"https:\/\/www.skillscompetencescanada.com\/fr\/#website\"},\"primaryImageOfPage\":{\"@id\":\"https:\/\/www.skillscompetencescanada.com\/fr\/alumni-fr\/#primaryimage\"},\"image\":{\"@id\":\"https:\/\/www.skillscompetencescanada.com\/fr\/alumni-fr\/#primaryimage\"},\"thumbnailUrl\":\"https:\/\/www.skillscompetencescanada.com\/wp-content\/uploads\/2021\/02\/Judd-Nelson-1152x720-1.jpg\",\"datePublished\":\"2021-03-19T15:13:49+00:00\",\"dateModified\":\"2024-07-24T18:21:53+00:00\",\"breadcrumb\":{\"@id\":\"https:\/\/www.skillscompetencescanada.com\/fr\/alumni-fr\/#breadcrumb\"},\"inLanguage\":\"fr-FR\",\"potentialAction\":[{\"@type\":\"ReadAction\",\"target\":[\"https:\/\/www.skillscompetencescanada.com\/fr\/alumni-fr\/\"]}]},{\"@type\":\"ImageObject\",\"inLanguage\":\"fr-FR\",\"@id\":\"https:\/\/www.skillscompetencescanada.com\/fr\/alumni-fr\/#primaryimage\",\"url\":\"https:\/\/www.skillscompetencescanada.com\/wp-content\/uploads\/2021\/02\/Judd-Nelson-1152x720-1.jpg\",\"contentUrl\":\"https:\/\/www.skillscompetencescanada.com\/wp-content\/uploads\/2021\/02\/Judd-Nelson-1152x720-1.jpg\",\"width\":1152,\"height\":720},{\"@type\":\"BreadcrumbList\",\"@id\":\"https:\/\/www.skillscompetencescanada.com\/fr\/alumni-fr\/#breadcrumb\",\"itemListElement\":[{\"@type\":\"ListItem\",\"position\":1,\"name\":\"Home\",\"item\":\"https:\/\/www.skillscompetencescanada.com\/fr\/\"},{\"@type\":\"ListItem\",\"position\":2,\"name\":\"Anciens et Anciennes\"}]},{\"@type\":\"WebSite\",\"@id\":\"https:\/\/www.skillscompetencescanada.com\/fr\/#website\",\"url\":\"https:\/\/www.skillscompetencescanada.com\/fr\/\",\"name\":\"Skills Competences Canada\",\"description\":\"\",\"publisher\":{\"@id\":\"https:\/\/www.skillscompetencescanada.com\/fr\/#organization\"},\"potentialAction\":[{\"@type\":\"SearchAction\",\"target\":{\"@type\":\"EntryPoint\",\"urlTemplate\":\"https:\/\/www.skillscompetencescanada.com\/fr\/?s={search_term_string}\"},\"query-input\":{\"@type\":\"PropertyValueSpecification\",\"valueRequired\":true,\"valueName\":\"search_term_string\"}}],\"inLanguage\":\"fr-FR\"},{\"@type\":\"Organization\",\"@id\":\"https:\/\/www.skillscompetencescanada.com\/fr\/#organization\",\"name\":\"skills competences canada\",\"url\":\"https:\/\/www.skillscompetencescanada.com\/fr\/\",\"logo\":{\"@type\":\"ImageObject\",\"inLanguage\":\"fr-FR\",\"@id\":\"https:\/\/www.skillscompetencescanada.com\/fr\/#\/schema\/logo\/image\/\",\"url\":\"http:\/\/skillscompetencescanada.com\/wp-content\/uploads\/2016\/09\/avatar-admin-96x96-1.jpg\",\"contentUrl\":\"http:\/\/skillscompetencescanada.com\/wp-content\/uploads\/2016\/09\/avatar-admin-96x96-1.jpg\",\"width\":96,\"height\":96,\"caption\":\"skills competences canada\"},\"image\":{\"@id\":\"https:\/\/www.skillscompetencescanada.com\/fr\/#\/schema\/logo\/image\/\"}}]}<\/script>\n<!-- \/ Yoast SEO plugin. -->","yoast_head_json":{"title":"Anciens et Anciennes - Skills Competences Canada","robots":{"index":"index","follow":"follow","max-snippet":"max-snippet:-1","max-image-preview":"max-image-preview:large","max-video-preview":"max-video-preview:-1"},"canonical":"https:\/\/www.skillscompetencescanada.com\/fr\/alumni-fr\/","twitter_misc":{"Dur\u00e9e de lecture estim\u00e9e":"1 minute"},"schema":{"@context":"https:\/\/schema.org","@graph":[{"@type":"WebPage","@id":"https:\/\/www.skillscompetencescanada.com\/fr\/alumni-fr\/","url":"https:\/\/www.skillscompetencescanada.com\/fr\/alumni-fr\/","name":"Anciens et Anciennes - Skills Competences Canada","isPartOf":{"@id":"https:\/\/www.skillscompetencescanada.com\/fr\/#website"},"primaryImageOfPage":{"@id":"https:\/\/www.skillscompetencescanada.com\/fr\/alumni-fr\/#primaryimage"},"image":{"@id":"https:\/\/www.skillscompetencescanada.com\/fr\/alumni-fr\/#primaryimage"},"thumbnailUrl":"https:\/\/www.skillscompetencescanada.com\/wp-content\/uploads\/2021\/02\/Judd-Nelson-1152x720-1.jpg","datePublished":"2021-03-19T15:13:49+00:00","dateModified":"2024-07-24T18:21:53+00:00","breadcrumb":{"@id":"https:\/\/www.skillscompetencescanada.com\/fr\/alumni-fr\/#breadcrumb"},"inLanguage":"fr-FR","potentialAction":[{"@type":"ReadAction","target":["https:\/\/www.skillscompetencescanada.com\/fr\/alumni-fr\/"]}]},{"@type":"ImageObject","inLanguage":"fr-FR","@id":"https:\/\/www.skillscompetencescanada.com\/fr\/alumni-fr\/#primaryimage","url":"https:\/\/www.skillscompetencescanada.com\/wp-content\/uploads\/2021\/02\/Judd-Nelson-1152x720-1.jpg","contentUrl":"https:\/\/www.skillscompetencescanada.com\/wp-content\/uploads\/2021\/02\/Judd-Nelson-1152x720-1.jpg","width":1152,"height":720},{"@type":"BreadcrumbList","@id":"https:\/\/www.skillscompetencescanada.com\/fr\/alumni-fr\/#breadcrumb","itemListElement":[{"@type":"ListItem","position":1,"name":"Home","item":"https:\/\/www.skillscompetencescanada.com\/fr\/"},{"@type":"ListItem","position":2,"name":"Anciens et Anciennes"}]},{"@type":"WebSite","@id":"https:\/\/www.skillscompetencescanada.com\/fr\/#website","url":"https:\/\/www.skillscompetencescanada.com\/fr\/","name":"Skills Competences Canada","description":"","publisher":{"@id":"https:\/\/www.skillscompetencescanada.com\/fr\/#organization"},"potentialAction":[{"@type":"SearchAction","target":{"@type":"EntryPoint","urlTemplate":"https:\/\/www.skillscompetencescanada.com\/fr\/?s={search_term_string}"},"query-input":{"@type":"PropertyValueSpecification","valueRequired":true,"valueName":"search_term_string"}}],"inLanguage":"fr-FR"},{"@type":"Organization","@id":"https:\/\/www.skillscompetencescanada.com\/fr\/#organization","name":"skills competences canada","url":"https:\/\/www.skillscompetencescanada.com\/fr\/","logo":{"@type":"ImageObject","inLanguage":"fr-FR","@id":"https:\/\/www.skillscompetencescanada.com\/fr\/#\/schema\/logo\/image\/","url":"http:\/\/skillscompetencescanada.com\/wp-content\/uploads\/2016\/09\/avatar-admin-96x96-1.jpg","contentUrl":"http:\/\/skillscompetencescanada.com\/wp-content\/uploads\/2016\/09\/avatar-admin-96x96-1.jpg","width":96,"height":96,"caption":"skills competences canada"},"image":{"@id":"https:\/\/www.skillscompetencescanada.com\/fr\/#\/schema\/logo\/image\/"}}]}},"_links":{"self":[{"href":"https:\/\/www.skillscompetencescanada.com\/fr\/wp-json\/wp\/v2\/pages\/77593","targetHints":{"allow":["GET"]}}],"collection":[{"href":"https:\/\/www.skillscompetencescanada.com\/fr\/wp-json\/wp\/v2\/pages"}],"about":[{"href":"https:\/\/www.skillscompetencescanada.com\/fr\/wp-json\/wp\/v2\/types\/page"}],"author":[{"embeddable":true,"href":"https:\/\/www.skillscompetencescanada.com\/fr\/wp-json\/wp\/v2\/users\/14"}],"replies":[{"embeddable":true,"href":"https:\/\/www.skillscompetencescanada.com\/fr\/wp-json\/wp\/v2\/comments?post=77593"}],"version-history":[{"count":0,"href":"https:\/\/www.skillscompetencescanada.com\/fr\/wp-json\/wp\/v2\/pages\/77593\/revisions"}],"wp:featuredmedia":[{"embeddable":true,"href":"https:\/\/www.skillscompetencescanada.com\/fr\/wp-json\/wp\/v2\/media\/83528"}],"wp:attachment":[{"href":"https:\/\/www.skillscompetencescanada.com\/fr\/wp-json\/wp\/v2\/media?parent=77593"}],"curies":[{"name":"wp","href":"https:\/\/api.w.org\/{rel}","templated":true}]}}