{"id":78065,"date":"2021-04-08T20:04:02","date_gmt":"2021-04-09T00:04:02","guid":{"rendered":"http:\/\/skillscompetencescanada.u7wpdev.com\/?page_id=78065"},"modified":"2021-04-08T20:04:29","modified_gmt":"2021-04-09T00:04:29","slug":"enonce-de-mission","status":"publish","type":"page","link":"https:\/\/www.skillscompetencescanada.com\/fr\/enonce-de-mission\/","title":{"rendered":"\u00c9nonc\u00e9 de mission"},"content":{"rendered":"<div id=\"panel-41-0-0-0\" class=\"so-panel widget widget_sow-editor panel-first-child\" data-index=\"0\">\n<div class=\"so-widget-sow-editor so-widget-sow-editor-base\">\n<h3 class=\"widget-title\">MISSION DE SCC \u2013 SA RAISON D\u2019\u00caTRE<\/h3>\n<div class=\"siteorigin-widget-tinymce textwidget\">\n<p>Encourager et\u00a0soutenir\u00a0une\u00a0approche\u00a0coordonn\u00e9e\u00a0\u00e0\u00a0l\u2019\u00e9chelle\u00a0nationale\u00a0pour la promotion des professions dans les m\u00e9tiers\u00a0sp\u00e9cialis\u00e9s\u00a0et les technologies\u00a0aupr\u00e8s\u00a0des\u00a0jeunes\u00a0et de\u00a0leurs\u00a0communaut\u00e9s.<\/p>\n<\/div>\n<\/div>\n<\/div>\n<div id=\"panel-41-0-0-1\" class=\"so-panel widget widget_sow-editor\" data-index=\"1\">\n<div class=\"so-widget-sow-editor so-widget-sow-editor-base\">\n<h3 class=\"widget-title\">VISION DE SCC \u2013 LA SITUATION \u00c0 LAQUELLE NOUS ASPIRONS<\/h3>\n<div class=\"siteorigin-widget-tinymce textwidget\">\n<p>Le Canada est le chef de file mondial en mati\u00e8re de formation de main-d\u2019\u0153uvre qualifi\u00e9e.<\/p>\n<\/div>\n<\/div>\n<\/div>\n<div id=\"panel-41-0-0-2\" class=\"so-panel widget widget_sow-editor\" data-index=\"2\">\n<div class=\"so-widget-sow-editor so-widget-sow-editor-base\">\n<h3 class=\"widget-title\">VALEUR PROPOS\u00c9E<\/h3>\n<div class=\"siteorigin-widget-tinymce textwidget\">\n<p>Nous offrons une valeur en \u00e9tant les meilleurs \u00e0 susciter la participation des jeunes \u00e0 des exp\u00e9riences sensorielles interactives qui pr\u00e9sentent favorablement les professions dans les m\u00e9tiers et les technologies.<\/p>\n<\/div>\n<\/div>\n<\/div>\n<div id=\"panel-41-0-0-3\" class=\"so-panel widget widget_sow-editor panel-last-child\" data-index=\"3\">\n<div class=\"so-widget-sow-editor so-widget-sow-editor-base\">\n<h3 class=\"widget-title\">VALEURS DE SCC \u2013 NOTRE CODE DE CONDUITE<\/h3>\n<div class=\"siteorigin-widget-tinymce textwidget\">\n<p><strong>Camaraderie<\/strong>\u00a0\u2014 Appr\u00e9cier et reconna\u00eetre les meilleures qualit\u00e9s de chacun et de chacune<br \/>\n<strong>Communication<\/strong>\u00a0\u2014 Actuelle et pertinente<br \/>\n<strong>Diversit\u00e9\u00a0<\/strong>\u2014 Activit\u00e9s et milieux toujours inclusifs<br \/>\n<strong>Engagement<\/strong>\u00a0\u2014 Passion et d\u00e9vouement \u00e0 l\u2019\u00e9gard de la cause, pr\u00eats \u00e0 d\u00e9passer les attentes<br \/>\n<strong>\u00c9quit\u00e9<\/strong>\u00a0\u2014\u00a0Traiter\u00a0les\u00a0autres\u00a0comme\u00a0on\u00a0aimerait\u00a0\u00eatre\u00a0trait\u00e9<br \/>\n<strong>Excellence<\/strong>\u00a0\u2013 L\u2019\u00e9tablissement des plus hautes normes<br \/>\n<strong>Imputabilit\u00e9<\/strong>\u00a0\u2014\u00a0Transparence\u00a0et\u00a0fiabilit\u00e9<br \/>\n<strong>Int\u00e9grit\u00e9<\/strong>\u00a0\u2014 Au-dessus de tout\u00a0reproche<br \/>\n<strong>S\u00e9curit\u00e9<\/strong>\u00a0\u2013 La s\u00e9curit\u00e9 est notre plus grande priorit\u00e9<\/p>\n<\/div>\n<\/div>\n<\/div>\n","protected":false},"excerpt":{"rendered":"<p>MISSION DE SCC \u2013 SA RAISON D\u2019\u00caTRE Encourager et\u00a0soutenir\u00a0une\u00a0approche\u00a0coordonn\u00e9e\u00a0\u00e0\u00a0l\u2019\u00e9chelle\u00a0nationale\u00a0pour la promotion des professions dans les m\u00e9tiers\u00a0sp\u00e9cialis\u00e9s\u00a0et les technologies\u00a0aupr\u00e8s\u00a0des\u00a0jeunes\u00a0et de\u00a0leurs\u00a0communaut\u00e9s. VISION DE SCC \u2013 LA SITUATION \u00c0 LAQUELLE NOUS ASPIRONS Le<\/p>\n","protected":false},"author":14,"featured_media":77775,"parent":0,"menu_order":0,"comment_status":"closed","ping_status":"closed","template":"","meta":{"_acf_changed":false,"site-sidebar-layout":"default","site-content-layout":"default","ast-site-content-layout":"default","site-content-style":"default","site-sidebar-style":"default","ast-global-header-display":"","ast-banner-title-visibility":"","ast-main-header-display":"","ast-hfb-above-header-display":"","ast-hfb-below-header-display":"","ast-hfb-mobile-header-display":"","site-post-title":"","ast-breadcrumbs-content":"","ast-featured-img":"","footer-sml-layout":"","ast-disable-related-posts":"","theme-transparent-header-meta":"default","adv-header-id-meta":"","stick-header-meta":"default","header-above-stick-meta":"","header-main-stick-meta":"","header-below-stick-meta":"","astra-migrate-meta-layouts":"default","ast-page-background-enabled":"default","ast-page-background-meta":{"desktop":{"background-color":"","background-image":"","background-repeat":"repeat","background-position":"center center","background-size":"auto","background-attachment":"scroll","background-type":"","background-media":"","overlay-type":"","overlay-color":"","overlay-opacity":"","overlay-gradient":""},"tablet":{"background-color":"","background-image":"","background-repeat":"repeat","background-position":"center center","background-size":"auto","background-attachment":"scroll","background-type":"","background-media":"","overlay-type":"","overlay-color":"","overlay-opacity":"","overlay-gradient":""},"mobile":{"background-color":"","background-image":"","background-repeat":"repeat","background-position":"center center","background-size":"auto","background-attachment":"scroll","background-type":"","background-media":"","overlay-type":"","overlay-color":"","overlay-opacity":"","overlay-gradient":""}},"ast-content-background-meta":{"desktop":{"background-color":"var(--ast-global-color-5)","background-image":"","background-repeat":"repeat","background-position":"center center","background-size":"auto","background-attachment":"scroll","background-type":"","background-media":"","overlay-type":"","overlay-color":"","overlay-opacity":"","overlay-gradient":""},"tablet":{"background-color":"var(--ast-global-color-5)","background-image":"","background-repeat":"repeat","background-position":"center center","background-size":"auto","background-attachment":"scroll","background-type":"","background-media":"","overlay-type":"","overlay-color":"","overlay-opacity":"","overlay-gradient":""},"mobile":{"background-color":"var(--ast-global-color-5)","background-image":"","background-repeat":"repeat","background-position":"center center","background-size":"auto","background-attachment":"scroll","background-type":"","background-media":"","overlay-type":"","overlay-color":"","overlay-opacity":"","overlay-gradient":""}},"footnotes":""},"class_list":["post-78065","page","type-page","status-publish","has-post-thumbnail","hentry"],"acf":[],"yoast_head":"<!-- This site is optimized with the Yoast SEO plugin v27.4 - https:\/\/yoast.com\/product\/yoast-seo-wordpress\/ -->\n<title>\u00c9nonc\u00e9 de mission - Skills Competences Canada<\/title>\n<meta name=\"robots\" content=\"index, follow, max-snippet:-1, max-image-preview:large, max-video-preview:-1\" \/>\n<link rel=\"canonical\" href=\"https:\/\/www.skillscompetencescanada.com\/fr\/enonce-de-mission\/\" \/>\n<meta name=\"twitter:label1\" content=\"Dur\u00e9e de lecture estim\u00e9e\" \/>\n\t<meta name=\"twitter:data1\" content=\"1 minute\" \/>\n<script type=\"application\/ld+json\" class=\"yoast-schema-graph\">{\"@context\":\"https:\\\/\\\/schema.org\",\"@graph\":[{\"@type\":\"WebPage\",\"@id\":\"https:\\\/\\\/www.skillscompetencescanada.com\\\/fr\\\/enonce-de-mission\\\/\",\"url\":\"https:\\\/\\\/www.skillscompetencescanada.com\\\/fr\\\/enonce-de-mission\\\/\",\"name\":\"\u00c9nonc\u00e9 de mission - Skills Competences Canada\",\"isPartOf\":{\"@id\":\"https:\\\/\\\/www.skillscompetencescanada.com\\\/fr\\\/#website\"},\"primaryImageOfPage\":{\"@id\":\"https:\\\/\\\/www.skillscompetencescanada.com\\\/fr\\\/enonce-de-mission\\\/#primaryimage\"},\"image\":{\"@id\":\"https:\\\/\\\/www.skillscompetencescanada.com\\\/fr\\\/enonce-de-mission\\\/#primaryimage\"},\"thumbnailUrl\":\"https:\\\/\\\/www.skillscompetencescanada.com\\\/wp-content\\\/uploads\\\/2021\\\/03\\\/default_grey.png\",\"datePublished\":\"2021-04-09T00:04:02+00:00\",\"dateModified\":\"2021-04-09T00:04:29+00:00\",\"breadcrumb\":{\"@id\":\"https:\\\/\\\/www.skillscompetencescanada.com\\\/fr\\\/enonce-de-mission\\\/#breadcrumb\"},\"inLanguage\":\"fr-FR\",\"potentialAction\":[{\"@type\":\"ReadAction\",\"target\":[\"https:\\\/\\\/www.skillscompetencescanada.com\\\/fr\\\/enonce-de-mission\\\/\"]}]},{\"@type\":\"ImageObject\",\"inLanguage\":\"fr-FR\",\"@id\":\"https:\\\/\\\/www.skillscompetencescanada.com\\\/fr\\\/enonce-de-mission\\\/#primaryimage\",\"url\":\"https:\\\/\\\/www.skillscompetencescanada.com\\\/wp-content\\\/uploads\\\/2021\\\/03\\\/default_grey.png\",\"contentUrl\":\"https:\\\/\\\/www.skillscompetencescanada.com\\\/wp-content\\\/uploads\\\/2021\\\/03\\\/default_grey.png\",\"width\":1087,\"height\":540},{\"@type\":\"BreadcrumbList\",\"@id\":\"https:\\\/\\\/www.skillscompetencescanada.com\\\/fr\\\/enonce-de-mission\\\/#breadcrumb\",\"itemListElement\":[{\"@type\":\"ListItem\",\"position\":1,\"name\":\"Home\",\"item\":\"https:\\\/\\\/www.skillscompetencescanada.com\\\/fr\\\/\"},{\"@type\":\"ListItem\",\"position\":2,\"name\":\"\u00c9nonc\u00e9 de mission\"}]},{\"@type\":\"WebSite\",\"@id\":\"https:\\\/\\\/www.skillscompetencescanada.com\\\/fr\\\/#website\",\"url\":\"https:\\\/\\\/www.skillscompetencescanada.com\\\/fr\\\/\",\"name\":\"Skills Competences Canada\",\"description\":\"\",\"publisher\":{\"@id\":\"https:\\\/\\\/www.skillscompetencescanada.com\\\/fr\\\/#organization\"},\"potentialAction\":[{\"@type\":\"SearchAction\",\"target\":{\"@type\":\"EntryPoint\",\"urlTemplate\":\"https:\\\/\\\/www.skillscompetencescanada.com\\\/fr\\\/?s={search_term_string}\"},\"query-input\":{\"@type\":\"PropertyValueSpecification\",\"valueRequired\":true,\"valueName\":\"search_term_string\"}}],\"inLanguage\":\"fr-FR\"},{\"@type\":\"Organization\",\"@id\":\"https:\\\/\\\/www.skillscompetencescanada.com\\\/fr\\\/#organization\",\"name\":\"skills competences canada\",\"url\":\"https:\\\/\\\/www.skillscompetencescanada.com\\\/fr\\\/\",\"logo\":{\"@type\":\"ImageObject\",\"inLanguage\":\"fr-FR\",\"@id\":\"https:\\\/\\\/www.skillscompetencescanada.com\\\/fr\\\/#\\\/schema\\\/logo\\\/image\\\/\",\"url\":\"http:\\\/\\\/skillscompetencescanada.com\\\/wp-content\\\/uploads\\\/2016\\\/09\\\/avatar-admin-96x96-1.jpg\",\"contentUrl\":\"http:\\\/\\\/skillscompetencescanada.com\\\/wp-content\\\/uploads\\\/2016\\\/09\\\/avatar-admin-96x96-1.jpg\",\"width\":96,\"height\":96,\"caption\":\"skills competences canada\"},\"image\":{\"@id\":\"https:\\\/\\\/www.skillscompetencescanada.com\\\/fr\\\/#\\\/schema\\\/logo\\\/image\\\/\"}}]}<\/script>\n<!-- \/ Yoast SEO plugin. -->","yoast_head_json":{"title":"\u00c9nonc\u00e9 de mission - Skills Competences Canada","robots":{"index":"index","follow":"follow","max-snippet":"max-snippet:-1","max-image-preview":"max-image-preview:large","max-video-preview":"max-video-preview:-1"},"canonical":"https:\/\/www.skillscompetencescanada.com\/fr\/enonce-de-mission\/","twitter_misc":{"Dur\u00e9e de lecture estim\u00e9e":"1 minute"},"schema":{"@context":"https:\/\/schema.org","@graph":[{"@type":"WebPage","@id":"https:\/\/www.skillscompetencescanada.com\/fr\/enonce-de-mission\/","url":"https:\/\/www.skillscompetencescanada.com\/fr\/enonce-de-mission\/","name":"\u00c9nonc\u00e9 de mission - Skills Competences Canada","isPartOf":{"@id":"https:\/\/www.skillscompetencescanada.com\/fr\/#website"},"primaryImageOfPage":{"@id":"https:\/\/www.skillscompetencescanada.com\/fr\/enonce-de-mission\/#primaryimage"},"image":{"@id":"https:\/\/www.skillscompetencescanada.com\/fr\/enonce-de-mission\/#primaryimage"},"thumbnailUrl":"https:\/\/www.skillscompetencescanada.com\/wp-content\/uploads\/2021\/03\/default_grey.png","datePublished":"2021-04-09T00:04:02+00:00","dateModified":"2021-04-09T00:04:29+00:00","breadcrumb":{"@id":"https:\/\/www.skillscompetencescanada.com\/fr\/enonce-de-mission\/#breadcrumb"},"inLanguage":"fr-FR","potentialAction":[{"@type":"ReadAction","target":["https:\/\/www.skillscompetencescanada.com\/fr\/enonce-de-mission\/"]}]},{"@type":"ImageObject","inLanguage":"fr-FR","@id":"https:\/\/www.skillscompetencescanada.com\/fr\/enonce-de-mission\/#primaryimage","url":"https:\/\/www.skillscompetencescanada.com\/wp-content\/uploads\/2021\/03\/default_grey.png","contentUrl":"https:\/\/www.skillscompetencescanada.com\/wp-content\/uploads\/2021\/03\/default_grey.png","width":1087,"height":540},{"@type":"BreadcrumbList","@id":"https:\/\/www.skillscompetencescanada.com\/fr\/enonce-de-mission\/#breadcrumb","itemListElement":[{"@type":"ListItem","position":1,"name":"Home","item":"https:\/\/www.skillscompetencescanada.com\/fr\/"},{"@type":"ListItem","position":2,"name":"\u00c9nonc\u00e9 de mission"}]},{"@type":"WebSite","@id":"https:\/\/www.skillscompetencescanada.com\/fr\/#website","url":"https:\/\/www.skillscompetencescanada.com\/fr\/","name":"Skills Competences Canada","description":"","publisher":{"@id":"https:\/\/www.skillscompetencescanada.com\/fr\/#organization"},"potentialAction":[{"@type":"SearchAction","target":{"@type":"EntryPoint","urlTemplate":"https:\/\/www.skillscompetencescanada.com\/fr\/?s={search_term_string}"},"query-input":{"@type":"PropertyValueSpecification","valueRequired":true,"valueName":"search_term_string"}}],"inLanguage":"fr-FR"},{"@type":"Organization","@id":"https:\/\/www.skillscompetencescanada.com\/fr\/#organization","name":"skills competences canada","url":"https:\/\/www.skillscompetencescanada.com\/fr\/","logo":{"@type":"ImageObject","inLanguage":"fr-FR","@id":"https:\/\/www.skillscompetencescanada.com\/fr\/#\/schema\/logo\/image\/","url":"http:\/\/skillscompetencescanada.com\/wp-content\/uploads\/2016\/09\/avatar-admin-96x96-1.jpg","contentUrl":"http:\/\/skillscompetencescanada.com\/wp-content\/uploads\/2016\/09\/avatar-admin-96x96-1.jpg","width":96,"height":96,"caption":"skills competences canada"},"image":{"@id":"https:\/\/www.skillscompetencescanada.com\/fr\/#\/schema\/logo\/image\/"}}]}},"_links":{"self":[{"href":"https:\/\/www.skillscompetencescanada.com\/fr\/wp-json\/wp\/v2\/pages\/78065","targetHints":{"allow":["GET"]}}],"collection":[{"href":"https:\/\/www.skillscompetencescanada.com\/fr\/wp-json\/wp\/v2\/pages"}],"about":[{"href":"https:\/\/www.skillscompetencescanada.com\/fr\/wp-json\/wp\/v2\/types\/page"}],"author":[{"embeddable":true,"href":"https:\/\/www.skillscompetencescanada.com\/fr\/wp-json\/wp\/v2\/users\/14"}],"replies":[{"embeddable":true,"href":"https:\/\/www.skillscompetencescanada.com\/fr\/wp-json\/wp\/v2\/comments?post=78065"}],"version-history":[{"count":0,"href":"https:\/\/www.skillscompetencescanada.com\/fr\/wp-json\/wp\/v2\/pages\/78065\/revisions"}],"wp:featuredmedia":[{"embeddable":true,"href":"https:\/\/www.skillscompetencescanada.com\/fr\/wp-json\/wp\/v2\/media\/77775"}],"wp:attachment":[{"href":"https:\/\/www.skillscompetencescanada.com\/fr\/wp-json\/wp\/v2\/media?parent=78065"}],"curies":[{"name":"wp","href":"https:\/\/api.w.org\/{rel}","templated":true}]}}