{"id":85637,"date":"2021-08-05T15:37:55","date_gmt":"2021-08-05T19:37:55","guid":{"rendered":"http:\/\/dev.skillscompetencescanada.com\/?page_id=85637"},"modified":"2021-08-05T15:37:55","modified_gmt":"2021-08-05T19:37:55","slug":"ocmt-vancouver-2022","status":"publish","type":"page","link":"https:\/\/www.skillscompetencescanada.com\/fr\/ocmt-vancouver-2022\/","title":{"rendered":"OCMT Vancouver 2022"},"content":{"rendered":"<p><img decoding=\"async\" class=\"alignleft  wp-image-85603\" src=\"http:\/\/skillscompetencescanada.com\/wp-content\/uploads\/2021\/08\/Logo_SCC_Vancouver2022_K-640x351.jpg\" alt=\"\" width=\"284\" height=\"156\" srcset=\"https:\/\/www.skillscompetencescanada.com\/wp-content\/uploads\/2021\/08\/Logo_SCC_Vancouver2022_K-640x351.jpg 640w, https:\/\/www.skillscompetencescanada.com\/wp-content\/uploads\/2021\/08\/Logo_SCC_Vancouver2022_K-1280x702.jpg 1280w, https:\/\/www.skillscompetencescanada.com\/wp-content\/uploads\/2021\/08\/Logo_SCC_Vancouver2022_K-768x421.jpg 768w, https:\/\/www.skillscompetencescanada.com\/wp-content\/uploads\/2021\/08\/Logo_SCC_Vancouver2022_K-1536x843.jpg 1536w, https:\/\/www.skillscompetencescanada.com\/wp-content\/uploads\/2021\/08\/Logo_SCC_Vancouver2022_K-2048x1123.jpg 2048w\" sizes=\"(max-width: 284px) 100vw, 284px\" \/><\/p>\n<p>&nbsp;<\/p>\n<p>&nbsp;<\/p>\n<p>&nbsp;<\/p>\n<p>&nbsp;<\/p>\n<p><a href=\"https:\/\/www.vancouverconventioncentre.com\/\" target=\"_blank\" rel=\"noopener\"><strong>Vancouver Convention Centre<\/strong><\/a><br \/>\n<strong>Le 25 au 28 mai<\/strong><\/p>\n<p><strong>Journ\u00e9es de comp\u00e9tition le 26 et 27 mai<\/strong><\/p>\n<p>Skills\/Comp\u00e9tences Canada est heureux de retourner \u00e0 Vancouver en 2022 pour les Olympiades canadiennes des m\u00e9tiers et technologies (OCMT).<\/p>\n<p>Vancouver est situ\u00e9e \u00e0 proximit\u00e9 de l\u2019embouchure du fleuve Fraser et du d\u00e9troit de Georgia, de la baie Howe, de l\u2019inlet Burrard et de leurs affluents. Depuis des mill\u00e9naires, Vancouver est un lieu de rencontre, de commerce et d\u2019habitation. Elle continue de figurer parmi les cinq villes au monde les mieux class\u00e9es pour leur habitabilit\u00e9 et leur qualit\u00e9 de vie. La grande r\u00e9gion de Vancouver se classe au quatri\u00e8me rang des villes canadiennes en ce qui a trait aux hivers les plus doux, apr\u00e8s Victoria, \u00e0 proximit\u00e9, Nanaimo et Duncan. Toutes se trouvent sur l\u2019\u00eele de Vancouver.<\/p>\n<p>Les Olympiades canadiennes des m\u00e9tiers et des technologies sont la seule comp\u00e9tition nationale de domaines sp\u00e9cialis\u00e9s destin\u00e9e aux \u00e9tudiants et aux apprentis du pays. Chaque ann\u00e9e, elles r\u00e9unissent plus de 550\u00a0jeunes de toutes les r\u00e9gions du pays dans le cadre de la comp\u00e9tition pour plus de 40\u00a0m\u00e9tiers et technologies.<\/p>\n<p>En fournissant un cadre de comp\u00e9tition o\u00f9 les jeunes peuvent se mesurer \u00e0 des pairs de partout au pays, les Olympiades fournissent une exp\u00e9rience pratique reli\u00e9e \u00e0 ces domaines sp\u00e9cialis\u00e9s.<\/p>\n<p><strong>POINTS SAILLANTS DES OLYMPIADES CANADIENNES<\/strong><\/p>\n<ul>\n<li>\u00c9v\u00e9nement gratuit\u00a0: ouvert au public les jours de comp\u00e9tition (26 et 27 mai).<\/li>\n<li>Plus de 40 concours, r\u00e9partis en six secteurs\u00a0: construction, emploi, fabrication &amp; ing\u00e9nierie, technologie de l\u2019information, services, transport.<\/li>\n<li>Plus de 550 concurrents et concurrentes.<\/li>\n<li>Plus de 50 stations Essaie un m\u00e9tier et une technologie, destin\u00e9es aux jeunes visiteurs.<\/li>\n<li>Des milliers d\u2019\u00e9tudiants visiteurs et de spectateurs.<\/li>\n<li>Une C\u00e9r\u00e9monie d\u2019ouverture et une C\u00e9r\u00e9monie de cl\u00f4ture produites par des professionnels, pour un auditoire d\u2019environ 1800 personnes.<\/li>\n<li>Sc\u00e8ne des Comp\u00e9tences pour r\u00e9ussir : Des d\u00e9monstrations interactives, par des parties prenantes et des personnalit\u00e9s, mettant en relief l\u2019importance des Comp\u00e9tences pour r\u00e9ussir.<\/li>\n<li>L\u2019Espace carri\u00e8res, qui r\u00e9unit des exposants et des stations Essaie un m\u00e9tier et une technologiecommandit\u00e9es.<\/li>\n<li>Assembl\u00e9e des jeunes Comp\u00e9tences pour r\u00e9ussir.<\/li>\n<li>Activit\u00e9s pour invit\u00e9s de marque, dont des r\u00e9ceptions pour la C\u00e9r\u00e9monie d\u2019ouverture et de cl\u00f4ture et des visites guid\u00e9es.<\/li>\n<\/ul>\n<p>Les meilleurs talents du Canada rivaliseront de comp\u00e9tence dans le cadre d\u2019\u00e9preuves pour les m\u00e9tiers et les technologies suivants\u00a0:<br \/>\nM\u00e9canique industrielle | Techniques d\u2019usinage | M\u00e9catronique | Dessin industriel DAO | Usinage CNC | TI \u2013 Applications de logiciels bureau | Soudage | Carrosserie | Technologie a\u00e9rospatiale | Plomberie | \u00c9lectronique | Technologies du Web | Installations \u00e9lectriques | Contr\u00f4le industriel | Briquetage | Robotique mobile | \u00c9b\u00e9nisterie | Charpenterie | Coiffure | Esth\u00e9tique | Mode et cr\u00e9ation\u00a0| P\u00e2tisserie | Technologie de l\u2019automobile | Cuisine | Peinture automobile | Am\u00e9nagement paysager | R\u00e9frig\u00e9ration et climatisation | TI \u2013 Administration de syst\u00e8mes de r\u00e9seaux | Infographie | T\u00f4lerie | Technologie de v\u00e9hicules lourds | Conception de jeux vid\u00e9o\u00a03D | Dessin et technologie architecturale | M\u00e9canique de v\u00e9hicules l\u00e9gers et d\u2019\u00e9quipement| Photographie | M\u00e9canicien\/m\u00e9canicienne en protection-incendie | Tuyauterie et montage de conduites de vapeur | Production vid\u00e9o | Recherche d\u2019emploi | Pr\u00e9sentation\u00a0: aptitudes professionnelles | Communication orale| Animation informatis\u00e9e 3D | Animation informatis\u00e9e\u00a02D| Technologie a\u00e9rospatiale| S\u00e9curit\u00e9 sur le lieu de travail| Services infonuagiques<\/p>\n<h4>Ressources de l\u2019\u00e9v\u00e9nement<\/h4>\n<p><a href=\"https:\/\/www.skillscompetencescanada.com\/wp-content\/uploads\/2021\/07\/SCNC2022-Partnership-Opportunities-FR_web.pdf\" target=\"_blank\" rel=\"noopener\">Occasions de partenariat<\/a><br \/>\n<a href=\"https:\/\/www.skillscompetencescanada.com\/wp-content\/uploads\/2021\/07\/Level-Up-Recap-Booklet_2021_FR_web.pdf\" target=\"_blank\" rel=\"noopener\">Compte Rendu l\u2019Au Niveau! 2021<\/a><\/p>\n","protected":false},"excerpt":{"rendered":"<p>&nbsp; &nbsp; &nbsp; &nbsp; Vancouver Convention Centre Le 25 au 28 mai Journ\u00e9es de comp\u00e9tition le 26 et 27 mai Skills\/Comp\u00e9tences Canada est heureux de retourner \u00e0 Vancouver en 2022<\/p>\n","protected":false},"author":5,"featured_media":77775,"parent":0,"menu_order":0,"comment_status":"closed","ping_status":"closed","template":"","meta":{"_acf_changed":false,"site-sidebar-layout":"default","site-content-layout":"default","ast-site-content-layout":"default","site-content-style":"default","site-sidebar-style":"default","ast-global-header-display":"","ast-banner-title-visibility":"","ast-main-header-display":"","ast-hfb-above-header-display":"","ast-hfb-below-header-display":"","ast-hfb-mobile-header-display":"","site-post-title":"","ast-breadcrumbs-content":"","ast-featured-img":"","footer-sml-layout":"","ast-disable-related-posts":"","theme-transparent-header-meta":"default","adv-header-id-meta":"","stick-header-meta":"default","header-above-stick-meta":"","header-main-stick-meta":"","header-below-stick-meta":"","astra-migrate-meta-layouts":"default","ast-page-background-enabled":"default","ast-page-background-meta":{"desktop":{"background-color":"","background-image":"","background-repeat":"repeat","background-position":"center center","background-size":"auto","background-attachment":"scroll","background-type":"","background-media":"","overlay-type":"","overlay-color":"","overlay-opacity":"","overlay-gradient":""},"tablet":{"background-color":"","background-image":"","background-repeat":"repeat","background-position":"center center","background-size":"auto","background-attachment":"scroll","background-type":"","background-media":"","overlay-type":"","overlay-color":"","overlay-opacity":"","overlay-gradient":""},"mobile":{"background-color":"","background-image":"","background-repeat":"repeat","background-position":"center center","background-size":"auto","background-attachment":"scroll","background-type":"","background-media":"","overlay-type":"","overlay-color":"","overlay-opacity":"","overlay-gradient":""}},"ast-content-background-meta":{"desktop":{"background-color":"var(--ast-global-color-5)","background-image":"","background-repeat":"repeat","background-position":"center center","background-size":"auto","background-attachment":"scroll","background-type":"","background-media":"","overlay-type":"","overlay-color":"","overlay-opacity":"","overlay-gradient":""},"tablet":{"background-color":"var(--ast-global-color-5)","background-image":"","background-repeat":"repeat","background-position":"center center","background-size":"auto","background-attachment":"scroll","background-type":"","background-media":"","overlay-type":"","overlay-color":"","overlay-opacity":"","overlay-gradient":""},"mobile":{"background-color":"var(--ast-global-color-5)","background-image":"","background-repeat":"repeat","background-position":"center center","background-size":"auto","background-attachment":"scroll","background-type":"","background-media":"","overlay-type":"","overlay-color":"","overlay-opacity":"","overlay-gradient":""}},"footnotes":""},"class_list":["post-85637","page","type-page","status-publish","has-post-thumbnail","hentry"],"acf":[],"yoast_head":"<!-- This site is optimized with the Yoast SEO plugin v27.4 - https:\/\/yoast.com\/product\/yoast-seo-wordpress\/ -->\n<title>OCMT Vancouver 2022 - Skills Competences Canada<\/title>\n<meta name=\"robots\" content=\"index, follow, max-snippet:-1, max-image-preview:large, max-video-preview:-1\" \/>\n<link rel=\"canonical\" href=\"https:\/\/www.skillscompetencescanada.com\/fr\/ocmt-vancouver-2022\/\" \/>\n<meta name=\"twitter:label1\" content=\"Dur\u00e9e de lecture estim\u00e9e\" \/>\n\t<meta name=\"twitter:data1\" content=\"3 minutes\" \/>\n<script type=\"application\/ld+json\" class=\"yoast-schema-graph\">{\"@context\":\"https:\\\/\\\/schema.org\",\"@graph\":[{\"@type\":\"WebPage\",\"@id\":\"https:\\\/\\\/www.skillscompetencescanada.com\\\/fr\\\/ocmt-vancouver-2022\\\/\",\"url\":\"https:\\\/\\\/www.skillscompetencescanada.com\\\/fr\\\/ocmt-vancouver-2022\\\/\",\"name\":\"OCMT Vancouver 2022 - Skills Competences Canada\",\"isPartOf\":{\"@id\":\"https:\\\/\\\/www.skillscompetencescanada.com\\\/fr\\\/#website\"},\"primaryImageOfPage\":{\"@id\":\"https:\\\/\\\/www.skillscompetencescanada.com\\\/fr\\\/ocmt-vancouver-2022\\\/#primaryimage\"},\"image\":{\"@id\":\"https:\\\/\\\/www.skillscompetencescanada.com\\\/fr\\\/ocmt-vancouver-2022\\\/#primaryimage\"},\"thumbnailUrl\":\"https:\\\/\\\/www.skillscompetencescanada.com\\\/wp-content\\\/uploads\\\/2021\\\/03\\\/default_grey.png\",\"datePublished\":\"2021-08-05T19:37:55+00:00\",\"breadcrumb\":{\"@id\":\"https:\\\/\\\/www.skillscompetencescanada.com\\\/fr\\\/ocmt-vancouver-2022\\\/#breadcrumb\"},\"inLanguage\":\"fr-FR\",\"potentialAction\":[{\"@type\":\"ReadAction\",\"target\":[\"https:\\\/\\\/www.skillscompetencescanada.com\\\/fr\\\/ocmt-vancouver-2022\\\/\"]}]},{\"@type\":\"ImageObject\",\"inLanguage\":\"fr-FR\",\"@id\":\"https:\\\/\\\/www.skillscompetencescanada.com\\\/fr\\\/ocmt-vancouver-2022\\\/#primaryimage\",\"url\":\"https:\\\/\\\/www.skillscompetencescanada.com\\\/wp-content\\\/uploads\\\/2021\\\/03\\\/default_grey.png\",\"contentUrl\":\"https:\\\/\\\/www.skillscompetencescanada.com\\\/wp-content\\\/uploads\\\/2021\\\/03\\\/default_grey.png\",\"width\":1087,\"height\":540},{\"@type\":\"BreadcrumbList\",\"@id\":\"https:\\\/\\\/www.skillscompetencescanada.com\\\/fr\\\/ocmt-vancouver-2022\\\/#breadcrumb\",\"itemListElement\":[{\"@type\":\"ListItem\",\"position\":1,\"name\":\"Home\",\"item\":\"https:\\\/\\\/www.skillscompetencescanada.com\\\/fr\\\/\"},{\"@type\":\"ListItem\",\"position\":2,\"name\":\"OCMT Vancouver 2022\"}]},{\"@type\":\"WebSite\",\"@id\":\"https:\\\/\\\/www.skillscompetencescanada.com\\\/fr\\\/#website\",\"url\":\"https:\\\/\\\/www.skillscompetencescanada.com\\\/fr\\\/\",\"name\":\"Skills Competences Canada\",\"description\":\"\",\"publisher\":{\"@id\":\"https:\\\/\\\/www.skillscompetencescanada.com\\\/fr\\\/#organization\"},\"potentialAction\":[{\"@type\":\"SearchAction\",\"target\":{\"@type\":\"EntryPoint\",\"urlTemplate\":\"https:\\\/\\\/www.skillscompetencescanada.com\\\/fr\\\/?s={search_term_string}\"},\"query-input\":{\"@type\":\"PropertyValueSpecification\",\"valueRequired\":true,\"valueName\":\"search_term_string\"}}],\"inLanguage\":\"fr-FR\"},{\"@type\":\"Organization\",\"@id\":\"https:\\\/\\\/www.skillscompetencescanada.com\\\/fr\\\/#organization\",\"name\":\"skills competences canada\",\"url\":\"https:\\\/\\\/www.skillscompetencescanada.com\\\/fr\\\/\",\"logo\":{\"@type\":\"ImageObject\",\"inLanguage\":\"fr-FR\",\"@id\":\"https:\\\/\\\/www.skillscompetencescanada.com\\\/fr\\\/#\\\/schema\\\/logo\\\/image\\\/\",\"url\":\"http:\\\/\\\/skillscompetencescanada.com\\\/wp-content\\\/uploads\\\/2016\\\/09\\\/avatar-admin-96x96-1.jpg\",\"contentUrl\":\"http:\\\/\\\/skillscompetencescanada.com\\\/wp-content\\\/uploads\\\/2016\\\/09\\\/avatar-admin-96x96-1.jpg\",\"width\":96,\"height\":96,\"caption\":\"skills competences canada\"},\"image\":{\"@id\":\"https:\\\/\\\/www.skillscompetencescanada.com\\\/fr\\\/#\\\/schema\\\/logo\\\/image\\\/\"}}]}<\/script>\n<!-- \/ Yoast SEO plugin. -->","yoast_head_json":{"title":"OCMT Vancouver 2022 - Skills Competences Canada","robots":{"index":"index","follow":"follow","max-snippet":"max-snippet:-1","max-image-preview":"max-image-preview:large","max-video-preview":"max-video-preview:-1"},"canonical":"https:\/\/www.skillscompetencescanada.com\/fr\/ocmt-vancouver-2022\/","twitter_misc":{"Dur\u00e9e de lecture estim\u00e9e":"3 minutes"},"schema":{"@context":"https:\/\/schema.org","@graph":[{"@type":"WebPage","@id":"https:\/\/www.skillscompetencescanada.com\/fr\/ocmt-vancouver-2022\/","url":"https:\/\/www.skillscompetencescanada.com\/fr\/ocmt-vancouver-2022\/","name":"OCMT Vancouver 2022 - Skills Competences Canada","isPartOf":{"@id":"https:\/\/www.skillscompetencescanada.com\/fr\/#website"},"primaryImageOfPage":{"@id":"https:\/\/www.skillscompetencescanada.com\/fr\/ocmt-vancouver-2022\/#primaryimage"},"image":{"@id":"https:\/\/www.skillscompetencescanada.com\/fr\/ocmt-vancouver-2022\/#primaryimage"},"thumbnailUrl":"https:\/\/www.skillscompetencescanada.com\/wp-content\/uploads\/2021\/03\/default_grey.png","datePublished":"2021-08-05T19:37:55+00:00","breadcrumb":{"@id":"https:\/\/www.skillscompetencescanada.com\/fr\/ocmt-vancouver-2022\/#breadcrumb"},"inLanguage":"fr-FR","potentialAction":[{"@type":"ReadAction","target":["https:\/\/www.skillscompetencescanada.com\/fr\/ocmt-vancouver-2022\/"]}]},{"@type":"ImageObject","inLanguage":"fr-FR","@id":"https:\/\/www.skillscompetencescanada.com\/fr\/ocmt-vancouver-2022\/#primaryimage","url":"https:\/\/www.skillscompetencescanada.com\/wp-content\/uploads\/2021\/03\/default_grey.png","contentUrl":"https:\/\/www.skillscompetencescanada.com\/wp-content\/uploads\/2021\/03\/default_grey.png","width":1087,"height":540},{"@type":"BreadcrumbList","@id":"https:\/\/www.skillscompetencescanada.com\/fr\/ocmt-vancouver-2022\/#breadcrumb","itemListElement":[{"@type":"ListItem","position":1,"name":"Home","item":"https:\/\/www.skillscompetencescanada.com\/fr\/"},{"@type":"ListItem","position":2,"name":"OCMT Vancouver 2022"}]},{"@type":"WebSite","@id":"https:\/\/www.skillscompetencescanada.com\/fr\/#website","url":"https:\/\/www.skillscompetencescanada.com\/fr\/","name":"Skills Competences Canada","description":"","publisher":{"@id":"https:\/\/www.skillscompetencescanada.com\/fr\/#organization"},"potentialAction":[{"@type":"SearchAction","target":{"@type":"EntryPoint","urlTemplate":"https:\/\/www.skillscompetencescanada.com\/fr\/?s={search_term_string}"},"query-input":{"@type":"PropertyValueSpecification","valueRequired":true,"valueName":"search_term_string"}}],"inLanguage":"fr-FR"},{"@type":"Organization","@id":"https:\/\/www.skillscompetencescanada.com\/fr\/#organization","name":"skills competences canada","url":"https:\/\/www.skillscompetencescanada.com\/fr\/","logo":{"@type":"ImageObject","inLanguage":"fr-FR","@id":"https:\/\/www.skillscompetencescanada.com\/fr\/#\/schema\/logo\/image\/","url":"http:\/\/skillscompetencescanada.com\/wp-content\/uploads\/2016\/09\/avatar-admin-96x96-1.jpg","contentUrl":"http:\/\/skillscompetencescanada.com\/wp-content\/uploads\/2016\/09\/avatar-admin-96x96-1.jpg","width":96,"height":96,"caption":"skills competences canada"},"image":{"@id":"https:\/\/www.skillscompetencescanada.com\/fr\/#\/schema\/logo\/image\/"}}]}},"_links":{"self":[{"href":"https:\/\/www.skillscompetencescanada.com\/fr\/wp-json\/wp\/v2\/pages\/85637","targetHints":{"allow":["GET"]}}],"collection":[{"href":"https:\/\/www.skillscompetencescanada.com\/fr\/wp-json\/wp\/v2\/pages"}],"about":[{"href":"https:\/\/www.skillscompetencescanada.com\/fr\/wp-json\/wp\/v2\/types\/page"}],"author":[{"embeddable":true,"href":"https:\/\/www.skillscompetencescanada.com\/fr\/wp-json\/wp\/v2\/users\/5"}],"replies":[{"embeddable":true,"href":"https:\/\/www.skillscompetencescanada.com\/fr\/wp-json\/wp\/v2\/comments?post=85637"}],"version-history":[{"count":0,"href":"https:\/\/www.skillscompetencescanada.com\/fr\/wp-json\/wp\/v2\/pages\/85637\/revisions"}],"wp:featuredmedia":[{"embeddable":true,"href":"https:\/\/www.skillscompetencescanada.com\/fr\/wp-json\/wp\/v2\/media\/77775"}],"wp:attachment":[{"href":"https:\/\/www.skillscompetencescanada.com\/fr\/wp-json\/wp\/v2\/media?parent=85637"}],"curies":[{"name":"wp","href":"https:\/\/api.w.org\/{rel}","templated":true}]}}